{"id":370,"date":"2017-10-09T15:24:51","date_gmt":"2017-10-09T15:24:51","guid":{"rendered":"http:\/\/face.unt.edu.ar\/web\/ieconomia\/?page_id=370"},"modified":"2024-10-23T13:34:46","modified_gmt":"2024-10-23T13:34:46","slug":"maria-jose-granado","status":"publish","type":"page","link":"https:\/\/face.unt.edu.ar\/web\/ieconomia\/profesores\/maria-jose-granado\/","title":{"rendered":"GRANADO MAR\u00cdA JOS\u00c9"},"content":{"rendered":"<p><strong>T\u00edtulos acad\u00e9micos\u00a0<\/strong><\/p>\n<div class=\"td-paragraph-padding-4\">\n<ul>\n<li><em>Licenciada en Econom\u00eda &#8211; Universidad Nacional de Tucum\u00e1n. Facultad de Ciencias Econ\u00f3micas, Junio 2003.<\/em><\/li>\n<li><em>Mag\u00edster en Econom\u00eda (\u00c1rea: Pol\u00edticas Econ\u00f3micas y Sociales) &#8211; Universidad Nacional de Tucum\u00e1n. Facultad de Ciencias Econ\u00f3micas, Diciembre 2008.<\/em><\/li>\n<li><em>Doctora en Econom\u00eda &#8211; Universidad de San Andr\u00e9s &#8211; Julio 2022\u00a0 <\/em><\/li>\n<\/ul>\n<p><em>Tesis Doctoral: \u00abDeterminantes de la conducta c\u00edclica de la pol\u00edtica fiscal: Un enfoque din\u00e1mico de econom\u00eda pol\u00edtica aplicado a pa\u00edses latinoamericanos\u00bb<\/em><\/p>\n<\/div>\n<p><b>Cargos en Investigaci\u00f3n y Docencia<\/b><\/p>\n<div class=\"td-paragraph-padding-4\">\n<ul>\n<li><em>Profesora Titular Interina, Dedicaci\u00f3n Exclusiva, con asignaci\u00f3n a la C\u00e1tedra de Comercio Internacional<\/em><\/li>\n<li><em>Directora <a href=\"https:\/\/face.unt.edu.ar\/web\/posgrados\/especializacion-en-comercio-internacional\/\" target=\"_blank\" rel=\"noopener\">Especializaci\u00f3n en Comercio Internacional<\/a> (ECI) <\/em><\/li>\n<li><em><span class=\"gmail_default\"><em>Directora Proyecto PIUNT (<span lang=\"ES\">Pol\u00edticas econ\u00f3micas \u00f3ptimas en el ciclo y en el desarrollo sustentable de Am\u00e9rica Latina<\/span>)<\/em><\/span><\/em><\/li>\n<li><em>Docente de Posgrado<\/em><\/li>\n<\/ul>\n<\/div>\n<div><b>Asignatura en las que interviene<\/b><\/div>\n<div><\/div>\n<div class=\"td-paragraph-padding-4\">\n<p><em>Comercio Internacional\u00a0<\/em><\/p>\n<p><em> Econom\u00eda Aplicada<\/em><\/p>\n<p><em>Econom\u00eda del Medio Ambiente\u00a0<\/em><\/p>\n<\/div>\n<p><strong>\u00c1reas de Investigaci\u00f3n<\/strong><\/p>\n<div class=\"td-paragraph-padding-4\">\n<p>Pol\u00edtica Fiscal, Comercio Internacional, Pol\u00edticas Econ\u00f3micas\u00a0 para el Desarrollo Sustentable, Ciclo Econ\u00f3mico, Series de Tiempo.<\/p>\n<\/div>\n<p><strong>Contacto<\/strong><\/p>\n<div class=\"td-paragraph-padding-4\">\n<p>E-mail: mjgranado@gmail.com<br \/>\nBox: 55<\/p>\n<\/div>\n<div class=\"td-paragraph-padding-0\">\n<p><strong>Publicaciones Relevantes<\/strong><\/p>\n<ul>\n<li><span lang=\"ES\"><i>REGLA FISCAL Y FONDO ANTIC\u00cdCLICO EN BASE AL PIB Y PRECIOS DE LOS COMMODITIES EN UN PA\u00cdS FEDERAL\u201d.\u00a0Revista Estudios Econ\u00f3micos.\u00a0Vol. 42 No. 84 \u2013 Enero \u2013 Junio 2025.\u00a0(forthcoming).<\/i><\/span><span lang=\"ES\">\u00a0Print ISSN: 0425-368X, E-ISSN: 2525-1295. Editada por Departamento de Econom\u00eda, Universidad Nacional del Sur (UNS), and Instituto de Investigaciones Econ\u00f3micas y Sociales del Sur (IIESS, UNS-CONICET).\u00a0<a href=\"http:\/\/www.estudioseconomicos.uns.edu.ar\/\" target=\"_blank\" rel=\"noopener\" data-saferedirecturl=\"https:\/\/www.google.com\/url?q=http:\/\/www.estudioseconomicos.uns.edu.ar\/&amp;source=gmail&amp;ust=1710327291122000&amp;usg=AOvVaw2_h9u5v6G5pjW-JeO1835B\">http:\/\/www.estudioseconomicos.uns.edu.ar\/<\/a><\/span><\/li>\n<li>\u201cPol\u00edtica fiscal \u00f3ptima sobre recursos no renovables y commodities agr\u00edcolas en un modelo con pol\u00edticos\u00a0<i>self- interested<\/i>\u201d. Anales de la LVII Reuni\u00f3n Anual de la Asociaci\u00f3n Argentina de Econom\u00eda Pol\u00edtica. C\u00f3rdoba, Noviembre 2022.\u00a0\u00a0<a href=\"https:\/\/aaep.org.ar\/works\/works2022\/4569.pdf\" target=\"_blank\" rel=\"noopener\" data-saferedirecturl=\"https:\/\/www.google.com\/url?q=https:\/\/aaep.org.ar\/works\/works2022\/4569.pdf&amp;source=gmail&amp;ust=1710327291123000&amp;usg=AOvVaw27FB5NEYFyiR7ZS63dr5gh\">https:\/\/aaep.org.ar\/works\/works2022\/4569.pdf<\/a><\/li>\n<li>\u201cPropuesta de Fondo Antic\u00edclico en base al PIB y Precios de los Commodities en un Pa\u00eds Federal\u201d. Publicado en las Actas del XXII Seminario de Federalismo Fiscal, Universidad Torcuato Di Tella, Buenos Aires, 26 de Junio de 2019.<\/li>\n<li>\u201cUn \u00edndice de performance log\u00edstica para Tucum\u00e1n y la regi\u00f3n del NOA\u201d. Coautoras: Corina M. Paz Ter\u00e1n y Lourdes M. R\u00edos Avellaneda. Actas del Segundo Congreso Regional de Econom\u00eda del Norte Grande \u2013 Pre Congreso Internacional de la Sociedad Argentina de Econom\u00eda Regional (SAER). Resistencia, Chaco, Octubre 2018.<\/li>\n<li>\u201cEvaluaci\u00f3n del desempe\u00f1o de establecimientos productivos dentro y fuera de parques industriales\u201d. Coautores: Juan Mario Jorrat, Viviana B. Lencina, Jorgelina Mena. Anales de la LI Reuni\u00f3n Anual de la Asociaci\u00f3n Argentina de Econom\u00eda Pol\u00edtica. ISSN 1852-0022, ISBN 978-987-28590-4-6. Universidad Nacional de Tucum\u00e1n, Tucum\u00e1n, Noviembre de 2016.<\/li>\n<li>\u00a0\u201cIngresos estructurales y ahorro desaprovechado ante la ausencia de reglas fiscales: Argentina 1993-2015\u201d. Coautores: Alejandro Marchiaro Gola y Guillermo Neme. Anales de las 49 Jornadas Internacionales de Finanzas P\u00fablicas. C\u00f3rdoba, 21 al 23 de Septiembre de 2016.<\/li>\n<li>\u00a0\u201cComportamiento c\u00edclico de la pol\u00edtica fiscal en Argentina: \u00bfD\u00e9cada ganada o d\u00e9cada perdida?\u201d. <strong>Revista de Econom\u00eda y Estad\u00edstica<\/strong>, Vol. LI, N\u00ba 1 (2013), pp.119-156. ISSN 0034-8066, e-ISSN 2451-7321. Editada por el Instituto de Econom\u00eda y Finanzas de la Facultad de Ciencias Econ\u00f3micas, Universidad Nacional de C\u00f3rdoba.<\/li>\n<li>\u201cImpacts of Argentine Economic Development Model Year 1990 in Commercial Relationship with Brazil\u201d. Coautores: Adriana G. F. Diniz, Osvaldo M. Callegari, Cesar E. A. Limas, Joice H. de Oliveira. <strong>Business and Management Review<\/strong>, Special Issue \u2013 VII-4-N-12, Mayo 2015. ISSN 2047-0398.<\/li>\n<li>\u201dPrimer abordaje de la Encuesta Productiva Industrial \u2013 Provincia de Salta\u201d. Coautores: Juan Mario Jorrat, Viviana B. Lencina, Jorgelina Mena. Serie de Cuadernos INIE, N\u00ba 126, Instituto de Investigaciones Estad\u00edsticas, Facultad de Ciencias Econ\u00f3micas, Universidad Nacional de Tucum\u00e1n, Diciembre 2015. ISSN: 1853-3329.<\/li>\n<\/ul>\n<p><strong>Informes T\u00e9cnicos:<\/strong><\/p>\n<ul>\n<li>PRUEBAS DE HIP\u00d3TESIS DEL PROGRAMA DE AJUSTE ESTACIONAL X13-ARIMA-SEATS. En coautor\u00eda con Juan Mario Jorrat.\u00a0Informe T\u00e9cnico.\u00a0Agosto 2023.<\/li>\n<li>SEGUIMIENTO DE LA PANDEMIA. En coautor\u00eda con alumnos de Econom\u00eda Aplicada. Tres informes publicados destinados a la comunidad acad\u00e9mica y p\u00fablico en general. Abril, Mayo y Septiembre 2020.<\/li>\n<li>\u201cSoberan\u00eda y sustentabilidad de la Provincia del Neuqu\u00e9n &#8211; Informe Global\u201d\u00a0 (Propuesta de Fondo Antic\u00edclico a partir de los recursos de Vaca Muerta). Diciembre de 2019. (176 p\u00e1ginas). En Coautor\u00eda \u2013 a trav\u00e9s de Consultora Privada Analytica &#8211; Buenos Aires. Destinatarios: Gobierno de la Provincia de Neuqu\u00e9n.<\/li>\n<li>\u201cInforme de Resultados de la Encuesta sobre Log\u00edstica del Comercio Internacional a Empresas Tucumanas\u201d. Producto del Convenio entre el Instituto de Desarrollo Productivo de la Provincia de Tucum\u00e1n (IDEP) y la Facultad de Ciencias Econ\u00f3micas de la Universidad Nacional de Tucum\u00e1n (C\u00e1tedra de Comercio Internacional). 19 de Febrero de 2018. (16 p\u00e1ginas). Destinatarios: IDEP, Ministerio de Desarrollo Productivo de Tucum\u00e1n, Empresarios.<\/li>\n<li>\u201cEncuesta Productiva Industrial &#8211; Salta\u201d. Coautores: Juan Mario Jorrat, Viviana Lencina y Jorgelina Mena. Noviembre 2015 (201 p\u00e1ginas). Destinatarios: Secretar\u00eda de Industria, Comercio y Financiamiento del Ministerio de Ambiente y Producci\u00f3n Sustentable de la Provincia de Salta.<\/li>\n<\/ul>\n<p><strong>Cap\u00edtulos de Libros:<\/strong><\/p>\n<ul>\n<li>\u00a0\u201cLa Nueva Teor\u00eda del Comercio Internacional\u201d. En <strong>Principios y Regulaci\u00f3n<\/strong> <strong>del Comercio Internacional<\/strong>. Coautores: Carlos Mariano Ortiz y Romina del Valle Prados, Advocatus Ediciones. ISBN: 9789875513082.<\/li>\n<li>\u201cLas empresas en el comercio internacional: Un nuevo enfoque\u201d. En <strong>Principios y Regulaci\u00f3n<\/strong> <strong>del Comercio Internacional<\/strong>. Coautores: Carlos Mariano Ortiz y Romina del Valle Prados, Advocatus Ediciones. ISBN: 9789875513082.<\/li>\n<li>\u201cAn\u00e1lisis de Empresas Exportadoras frente a las no exportadoras\u201d. En <strong>Encuesta Productiva Industrial<\/strong> (Informe Final de la Encuesta Productiva Industrial realizada en la Provincia de Salta en 2015), Cap\u00edtulo 4, pp. 69-77. Tucum\u00e1n, Noviembre 2015.<\/li>\n<li>\u201cAn\u00e1lisis de los Parques Industriales en relaci\u00f3n al \u00c1rea de Influencia\u201d. En <strong>Encuesta Productiva Industrial<\/strong> (Informe Final de la Encuesta Productiva Industrial realizada en la Provincia de Salta en 2015), Cap\u00edtulo 5, pp. 79-102. Tucum\u00e1n, Noviembre 2015.<\/li>\n<\/ul>\n<\/div>\n<p>&nbsp;<\/p>\n<p>&nbsp;<\/p>\n","protected":false},"excerpt":{"rendered":"<p>T\u00edtulos acad\u00e9micos\u00a0 Licenciada en Econom\u00eda &#8211; Universidad Nacional de Tucum\u00e1n. Facultad de Ciencias Econ\u00f3micas, Junio 2003. Mag\u00edster en Econom\u00eda (\u00c1rea: Pol\u00edticas Econ\u00f3micas y Sociales) &#8211; Universidad Nacional de Tucum\u00e1n. Facultad de Ciencias Econ\u00f3micas, Diciembre 2008. Doctora en Econom\u00eda &#8211; Universidad de San Andr\u00e9s &#8211; Julio 2022\u00a0 Tesis Doctoral: \u00abDeterminantes de la conducta c\u00edclica de la [&hellip;]<\/p>\n","protected":false},"author":10,"featured_media":0,"parent":135,"menu_order":0,"comment_status":"closed","ping_status":"closed","template":"","meta":{"footnotes":""},"_links":{"self":[{"href":"https:\/\/face.unt.edu.ar\/web\/ieconomia\/wp-json\/wp\/v2\/pages\/370"}],"collection":[{"href":"https:\/\/face.unt.edu.ar\/web\/ieconomia\/wp-json\/wp\/v2\/pages"}],"about":[{"href":"https:\/\/face.unt.edu.ar\/web\/ieconomia\/wp-json\/wp\/v2\/types\/page"}],"author":[{"embeddable":true,"href":"https:\/\/face.unt.edu.ar\/web\/ieconomia\/wp-json\/wp\/v2\/users\/10"}],"replies":[{"embeddable":true,"href":"https:\/\/face.unt.edu.ar\/web\/ieconomia\/wp-json\/wp\/v2\/comments?post=370"}],"version-history":[{"count":10,"href":"https:\/\/face.unt.edu.ar\/web\/ieconomia\/wp-json\/wp\/v2\/pages\/370\/revisions"}],"predecessor-version":[{"id":1317,"href":"https:\/\/face.unt.edu.ar\/web\/ieconomia\/wp-json\/wp\/v2\/pages\/370\/revisions\/1317"}],"up":[{"embeddable":true,"href":"https:\/\/face.unt.edu.ar\/web\/ieconomia\/wp-json\/wp\/v2\/pages\/135"}],"wp:attachment":[{"href":"https:\/\/face.unt.edu.ar\/web\/ieconomia\/wp-json\/wp\/v2\/media?parent=370"}],"curies":[{"name":"wp","href":"https:\/\/api.w.org\/{rel}","templated":true}]}}