{"id":401,"date":"2017-10-17T13:42:46","date_gmt":"2017-10-17T13:42:46","guid":{"rendered":"http:\/\/face.unt.edu.ar\/web\/ieconomia\/?page_id=401"},"modified":"2021-10-14T15:56:15","modified_gmt":"2021-10-14T15:56:15","slug":"iajya-victor","status":"publish","type":"page","link":"https:\/\/face.unt.edu.ar\/web\/ieconomia\/profesores\/iajya-victor\/","title":{"rendered":"V\u00cdCTOR DANIEL IAJYA"},"content":{"rendered":"<p><strong>T\u00edtulos acad\u00e9micos\u00a0<\/strong><\/p>\n<div class=\"td-paragraph-padding-4\">\n<ul>\n<li><em>Master of Science in Economics &#8211; University of Wisconsin \u2013 Madison<\/em><\/li>\n<li><em>Licenciado en Econom\u00eda &#8211; Universidad Nacional de Tucum\u00e1n<\/em><\/li>\n<\/ul>\n<\/div>\n<p><b>Cargos en Investigaci\u00f3n y Docencia<\/b><\/p>\n<div class=\"td-paragraph-padding-4\">\n<ul>\n<li><em>Profesor Asociado<\/em><\/li>\n<\/ul>\n<\/div>\n<div><b>Asignatura en las que interviene<\/b><\/div>\n<div><\/div>\n<div class=\"td-paragraph-padding-4\">\n<ul>\n<li><em>Finanzas P\u00fablicas I<\/em><\/li>\n<li><em>Evaluaci\u00f3n Econ\u00f3mica y Financiera de Proyectos<\/em><\/li>\n<li><em>Econom\u00eda del Medio Ambiente<\/em><\/li>\n<\/ul>\n<\/div>\n<p><strong>Contacto<\/strong><\/p>\n<div class=\"td-paragraph-padding-4\">\n<p>E-mail: viajya@herrera.unt.edu.ar<br \/>\nBox: 61<\/p>\n<\/div>\n<div class=\"td-paragraph-padding-0\">\n<p><strong>Publicaciones Relevantes<\/strong><\/p>\n<p>Cap\u00edtulo de Libro: \u201cInvestigaciones sobre Econom\u00eda de la Delincuencia en Argentina\u201d. Compiladores Ana Mar\u00eda Cerro y Osvaldo Meloni.<\/p>\n<p>Publicaciones:<\/p>\n<ul>\n<li>\u201cThe effects of information, social and \ufb01nancial incentives on voluntary undirected blood donations: Evidence from a \ufb01eld experiment in Argentina\u201d Journal of Social Science and Medicine. <em>en coautor\u00eda con Mario Macis, Nicola Lacetera y Robert Slonim.<\/em><\/li>\n<li>\u201cVictimizaci\u00f3n y Percepci\u00f3n de Inseguridad en el NOA\u201d en coautor\u00eda con Andr\u00e9s Ramasco.<\/li>\n<\/ul>\n<\/div>\n","protected":false},"excerpt":{"rendered":"<p>T\u00edtulos acad\u00e9micos\u00a0 Master of Science in Economics &#8211; University of Wisconsin \u2013 Madison Licenciado en Econom\u00eda &#8211; Universidad Nacional de Tucum\u00e1n Cargos en Investigaci\u00f3n y Docencia Profesor Asociado Asignatura en las que interviene Finanzas P\u00fablicas I Evaluaci\u00f3n Econ\u00f3mica y Financiera de Proyectos Econom\u00eda del Medio Ambiente Contacto E-mail: viajya@herrera.unt.edu.ar Box: 61 Publicaciones Relevantes Cap\u00edtulo de [&hellip;]<\/p>\n","protected":false},"author":10,"featured_media":0,"parent":135,"menu_order":0,"comment_status":"closed","ping_status":"closed","template":"","meta":{"footnotes":""},"_links":{"self":[{"href":"https:\/\/face.unt.edu.ar\/web\/ieconomia\/wp-json\/wp\/v2\/pages\/401"}],"collection":[{"href":"https:\/\/face.unt.edu.ar\/web\/ieconomia\/wp-json\/wp\/v2\/pages"}],"about":[{"href":"https:\/\/face.unt.edu.ar\/web\/ieconomia\/wp-json\/wp\/v2\/types\/page"}],"author":[{"embeddable":true,"href":"https:\/\/face.unt.edu.ar\/web\/ieconomia\/wp-json\/wp\/v2\/users\/10"}],"replies":[{"embeddable":true,"href":"https:\/\/face.unt.edu.ar\/web\/ieconomia\/wp-json\/wp\/v2\/comments?post=401"}],"version-history":[{"count":7,"href":"https:\/\/face.unt.edu.ar\/web\/ieconomia\/wp-json\/wp\/v2\/pages\/401\/revisions"}],"predecessor-version":[{"id":689,"href":"https:\/\/face.unt.edu.ar\/web\/ieconomia\/wp-json\/wp\/v2\/pages\/401\/revisions\/689"}],"up":[{"embeddable":true,"href":"https:\/\/face.unt.edu.ar\/web\/ieconomia\/wp-json\/wp\/v2\/pages\/135"}],"wp:attachment":[{"href":"https:\/\/face.unt.edu.ar\/web\/ieconomia\/wp-json\/wp\/v2\/media?parent=401"}],"curies":[{"name":"wp","href":"https:\/\/api.w.org\/{rel}","templated":true}]}}