{"id":422,"date":"2017-11-05T22:21:26","date_gmt":"2017-11-05T22:21:26","guid":{"rendered":"http:\/\/face.unt.edu.ar\/web\/ieconomia\/?page_id=422"},"modified":"2021-10-19T14:08:23","modified_gmt":"2021-10-19T14:08:23","slug":"nougues-jorge-pablo","status":"publish","type":"page","link":"https:\/\/face.unt.edu.ar\/web\/ieconomia\/profesores\/nougues-jorge-pablo\/","title":{"rendered":"JORGE PABLO NOUGU\u00c9S"},"content":{"rendered":"<p><strong>T\u00edtulos acad\u00e9micos\u00a0<\/strong><\/p>\n<div class=\"td-paragraph-padding-4\">\n<ul>\n<li><em>Licenciado en Econom\u00eda \u2013 Universidad Nacional De Tucum\u00e1n<\/em><\/li>\n<li><em>Magister en Econom\u00eda &#8211; Universidad del CEMA<\/em><\/li>\n<\/ul>\n<\/div>\n<p><b>Cargos en Investigaci\u00f3n y Docencia<\/b><\/p>\n<div class=\"td-paragraph-padding-4\">\n<ul>\n<li><em>Jefe de trabajos pr\u00e1cticos<\/em><\/li>\n<\/ul>\n<\/div>\n<div><b>Asignatura en las que interviene<\/b><\/div>\n<div><\/div>\n<div class=\"td-paragraph-padding-4\">\n<ul>\n<li><em>Macroeconom\u00eda II <\/em><\/li>\n<li><em>Econom\u00eda Pol\u00edtica.<\/em><\/li>\n<\/ul>\n<\/div>\n<p><strong>\u00c1reas de Investigaci\u00f3n<\/strong><\/p>\n<div class=\"td-paragraph-padding-4\">\n<div class=\"td-paragraph-padding-4\">\n<p>Econom\u00eda Pol\u00edtica, Teor\u00eda de Juegos<\/p>\n<\/div>\n<p><b><strong>Contacto<\/strong><\/b><\/p>\n<\/div>\n<p style=\"padding-left: 40px\">E-mail: <a href=\"mailto:jorgepablonougues@hotmail.com\" target=\"_blank\" rel=\"noopener\">jorgepablonougues@hotmail.com<\/a><\/p>\n<p>&nbsp;<\/p>\n","protected":false},"excerpt":{"rendered":"<p>T\u00edtulos acad\u00e9micos\u00a0 Licenciado en Econom\u00eda \u2013 Universidad Nacional De Tucum\u00e1n Magister en Econom\u00eda &#8211; Universidad del CEMA Cargos en Investigaci\u00f3n y Docencia Jefe de trabajos pr\u00e1cticos Asignatura en las que interviene Macroeconom\u00eda II Econom\u00eda Pol\u00edtica. \u00c1reas de Investigaci\u00f3n Econom\u00eda Pol\u00edtica, Teor\u00eda de Juegos Contacto E-mail: jorgepablonougues@hotmail.com &nbsp;<\/p>\n","protected":false},"author":10,"featured_media":0,"parent":135,"menu_order":0,"comment_status":"closed","ping_status":"closed","template":"","meta":{"footnotes":""},"_links":{"self":[{"href":"https:\/\/face.unt.edu.ar\/web\/ieconomia\/wp-json\/wp\/v2\/pages\/422"}],"collection":[{"href":"https:\/\/face.unt.edu.ar\/web\/ieconomia\/wp-json\/wp\/v2\/pages"}],"about":[{"href":"https:\/\/face.unt.edu.ar\/web\/ieconomia\/wp-json\/wp\/v2\/types\/page"}],"author":[{"embeddable":true,"href":"https:\/\/face.unt.edu.ar\/web\/ieconomia\/wp-json\/wp\/v2\/users\/10"}],"replies":[{"embeddable":true,"href":"https:\/\/face.unt.edu.ar\/web\/ieconomia\/wp-json\/wp\/v2\/comments?post=422"}],"version-history":[{"count":4,"href":"https:\/\/face.unt.edu.ar\/web\/ieconomia\/wp-json\/wp\/v2\/pages\/422\/revisions"}],"predecessor-version":[{"id":748,"href":"https:\/\/face.unt.edu.ar\/web\/ieconomia\/wp-json\/wp\/v2\/pages\/422\/revisions\/748"}],"up":[{"embeddable":true,"href":"https:\/\/face.unt.edu.ar\/web\/ieconomia\/wp-json\/wp\/v2\/pages\/135"}],"wp:attachment":[{"href":"https:\/\/face.unt.edu.ar\/web\/ieconomia\/wp-json\/wp\/v2\/media?parent=422"}],"curies":[{"name":"wp","href":"https:\/\/api.w.org\/{rel}","templated":true}]}}