{"id":424,"date":"2017-11-05T22:26:32","date_gmt":"2017-11-05T22:26:32","guid":{"rendered":"http:\/\/face.unt.edu.ar\/web\/ieconomia\/?page_id=424"},"modified":"2021-10-19T13:49:30","modified_gmt":"2021-10-19T13:49:30","slug":"torres-maria-cecilia","status":"publish","type":"page","link":"https:\/\/face.unt.edu.ar\/web\/ieconomia\/profesores\/torres-maria-cecilia\/","title":{"rendered":"MAR\u00cdA CECILIA TORRES"},"content":{"rendered":"<div>\n<p><strong>T\u00edtulos acad\u00e9micos\u00a0<\/strong><\/p>\n<ul>\n<li><em>Licenciado en Econom\u00eda \u2013 Universidad Nacional de Tucum\u00e1n<\/em><\/li>\n<\/ul>\n<p><b>Cargos en Investigaci\u00f3n y Docencia<\/b><\/p>\n<div class=\"td-paragraph-padding-4\">\n<ul>\n<li><em>Profesora Asociado<\/em><\/li>\n<\/ul>\n<\/div>\n<div><b>Asignatura en las que interviene<\/b><\/div>\n<div><\/div>\n<div class=\"td-paragraph-padding-4\">\n<ul>\n<li><em>Principios de Econom\u00eda I<\/em><\/li>\n<\/ul>\n<\/div>\n<p><strong>\u00c1reas de Investigaci\u00f3n<\/strong><\/p>\n<div class=\"td-paragraph-padding-4\">\n<p>Microeconom\u00eda, Econom\u00eda Internacional<\/p>\n<\/div>\n<p><strong>Contacto<\/strong><\/p>\n<p>E-mail:<a href=\"mailto:jbercoff@face.unt.edu.ar\" target=\"_blank\" rel=\"noopener\">mctorres@face.unt.edu.ar<\/a><\/p>\n<p>Box: 64<\/p>\n<\/div>\n","protected":false},"excerpt":{"rendered":"<p>T\u00edtulos acad\u00e9micos\u00a0 Licenciado en Econom\u00eda \u2013 Universidad Nacional de Tucum\u00e1n Cargos en Investigaci\u00f3n y Docencia Profesora Asociado Asignatura en las que interviene Principios de Econom\u00eda I \u00c1reas de Investigaci\u00f3n Microeconom\u00eda, Econom\u00eda Internacional Contacto E-mail:mctorres@face.unt.edu.ar Box: 64<\/p>\n","protected":false},"author":10,"featured_media":0,"parent":135,"menu_order":0,"comment_status":"closed","ping_status":"closed","template":"","meta":{"footnotes":""},"_links":{"self":[{"href":"https:\/\/face.unt.edu.ar\/web\/ieconomia\/wp-json\/wp\/v2\/pages\/424"}],"collection":[{"href":"https:\/\/face.unt.edu.ar\/web\/ieconomia\/wp-json\/wp\/v2\/pages"}],"about":[{"href":"https:\/\/face.unt.edu.ar\/web\/ieconomia\/wp-json\/wp\/v2\/types\/page"}],"author":[{"embeddable":true,"href":"https:\/\/face.unt.edu.ar\/web\/ieconomia\/wp-json\/wp\/v2\/users\/10"}],"replies":[{"embeddable":true,"href":"https:\/\/face.unt.edu.ar\/web\/ieconomia\/wp-json\/wp\/v2\/comments?post=424"}],"version-history":[{"count":3,"href":"https:\/\/face.unt.edu.ar\/web\/ieconomia\/wp-json\/wp\/v2\/pages\/424\/revisions"}],"predecessor-version":[{"id":745,"href":"https:\/\/face.unt.edu.ar\/web\/ieconomia\/wp-json\/wp\/v2\/pages\/424\/revisions\/745"}],"up":[{"embeddable":true,"href":"https:\/\/face.unt.edu.ar\/web\/ieconomia\/wp-json\/wp\/v2\/pages\/135"}],"wp:attachment":[{"href":"https:\/\/face.unt.edu.ar\/web\/ieconomia\/wp-json\/wp\/v2\/media?parent=424"}],"curies":[{"name":"wp","href":"https:\/\/api.w.org\/{rel}","templated":true}]}}