{"id":426,"date":"2017-11-05T22:32:15","date_gmt":"2017-11-05T22:32:15","guid":{"rendered":"http:\/\/face.unt.edu.ar\/web\/ieconomia\/?page_id=426"},"modified":"2021-10-19T14:18:51","modified_gmt":"2021-10-19T14:18:51","slug":"juan-jose-merlo","status":"publish","type":"page","link":"https:\/\/face.unt.edu.ar\/web\/ieconomia\/profesores\/juan-jose-merlo\/","title":{"rendered":"JUAN JOS\u00c9 MERLO"},"content":{"rendered":"<div>\n<p><strong>T\u00edtulos acad\u00e9micos\u00a0<\/strong><\/p>\n<div class=\"td-paragraph-padding-4\">\n<ul>\n<li><em>Licenciado en Econom\u00eda \u2013 Universidad Nacional de R\u00edo Cuarto<\/em><\/li>\n<li>\n<div><em>Maestr\u00eda en Econom\u00eda: Menci\u00f3n Pol\u00edticas P\u00fablicas y Sociales, Universidad Nacional de Tucum\u00e1n.<\/em><\/div>\n<\/li>\n<li>\n<div><em><span style=\"font-family: tahoma, sans-serif\">Maestr\u00eda en Econom\u00eda: Menci\u00f3n Macroeconom\u00eda, Pontificia Universidad Cat\u00f3lica de Chile.<\/span><\/em><\/div>\n<\/li>\n<\/ul>\n<\/div>\n<p><b>Cargos en Investigaci\u00f3n y Docencia<\/b><\/p>\n<div class=\"td-paragraph-padding-4\">\n<ul>\n<li><i>Jefe de Trabajos Pr\u00e1cticos<\/i><\/li>\n<\/ul>\n<\/div>\n<div><b>Asignatura en las que interviene<\/b><\/div>\n<div><\/div>\n<div class=\"td-paragraph-padding-4\">\n<ul>\n<li><em>Principios de Econom\u00eda I<\/em><\/li>\n<\/ul>\n<\/div>\n<p><strong>\u00c1reas de Investigaci\u00f3n<\/strong><\/p>\n<div class=\"td-paragraph-padding-4\">\n<p>Pol\u00edticas P\u00fablicas, Econom\u00eda Laboral, Econometr\u00eda.<\/p>\n<\/div>\n<p><strong>Contacto<\/strong><\/p>\n<div class=\"td-paragraph-padding-4\">\n<p>E-mail: jjmerlo@gmail.com<br \/>\nBox: 71<\/p>\n<\/div>\n<\/div>\n<div><\/div>\n","protected":false},"excerpt":{"rendered":"<p>T\u00edtulos acad\u00e9micos\u00a0 Licenciado en Econom\u00eda \u2013 Universidad Nacional de R\u00edo Cuarto Maestr\u00eda en Econom\u00eda: Menci\u00f3n Pol\u00edticas P\u00fablicas y Sociales, Universidad Nacional de Tucum\u00e1n. Maestr\u00eda en Econom\u00eda: Menci\u00f3n Macroeconom\u00eda, Pontificia Universidad Cat\u00f3lica de Chile. Cargos en Investigaci\u00f3n y Docencia Jefe de Trabajos Pr\u00e1cticos Asignatura en las que interviene Principios de Econom\u00eda I \u00c1reas de Investigaci\u00f3n Pol\u00edticas [&hellip;]<\/p>\n","protected":false},"author":10,"featured_media":0,"parent":135,"menu_order":0,"comment_status":"closed","ping_status":"closed","template":"","meta":{"footnotes":""},"_links":{"self":[{"href":"https:\/\/face.unt.edu.ar\/web\/ieconomia\/wp-json\/wp\/v2\/pages\/426"}],"collection":[{"href":"https:\/\/face.unt.edu.ar\/web\/ieconomia\/wp-json\/wp\/v2\/pages"}],"about":[{"href":"https:\/\/face.unt.edu.ar\/web\/ieconomia\/wp-json\/wp\/v2\/types\/page"}],"author":[{"embeddable":true,"href":"https:\/\/face.unt.edu.ar\/web\/ieconomia\/wp-json\/wp\/v2\/users\/10"}],"replies":[{"embeddable":true,"href":"https:\/\/face.unt.edu.ar\/web\/ieconomia\/wp-json\/wp\/v2\/comments?post=426"}],"version-history":[{"count":4,"href":"https:\/\/face.unt.edu.ar\/web\/ieconomia\/wp-json\/wp\/v2\/pages\/426\/revisions"}],"predecessor-version":[{"id":750,"href":"https:\/\/face.unt.edu.ar\/web\/ieconomia\/wp-json\/wp\/v2\/pages\/426\/revisions\/750"}],"up":[{"embeddable":true,"href":"https:\/\/face.unt.edu.ar\/web\/ieconomia\/wp-json\/wp\/v2\/pages\/135"}],"wp:attachment":[{"href":"https:\/\/face.unt.edu.ar\/web\/ieconomia\/wp-json\/wp\/v2\/media?parent=426"}],"curies":[{"name":"wp","href":"https:\/\/api.w.org\/{rel}","templated":true}]}}