{"id":429,"date":"2017-11-05T22:36:11","date_gmt":"2017-11-05T22:36:11","guid":{"rendered":"http:\/\/face.unt.edu.ar\/web\/ieconomia\/?page_id=429"},"modified":"2017-11-05T22:36:51","modified_gmt":"2017-11-05T22:36:51","slug":"cerro-ana-maria","status":"publish","type":"page","link":"https:\/\/face.unt.edu.ar\/web\/ieconomia\/profesores\/cerro-ana-maria\/","title":{"rendered":"CERRO DE OMODEO ANA MAR\u00cdA"},"content":{"rendered":"<div>Prof Titular<\/div>\n<div>Lic en Econom\u00eda (UNT).<br \/>\nDoctorada en Econom\u00eda (UNT)<\/div>\n<ul>\n<li>Temas de Inter\u00e9s: Econometr\u00eda, Econom\u00eda Internacional, Ciclos y Crisis, Econom\u00eda de la delincuencia<\/li>\n<li>Cursos a cargo: Econometr\u00eda I,\u00a0 Macroeconom\u00eda III.<\/li>\n<li>N\u00famero de oficina: 60<\/li>\n<li>Correo electr\u00f3nico de contacto:\u00a0<a href=\"mailto:jbercoff@face.unt.edu.ar\" target=\"_blank\" rel=\"noopener\">acerro@herrera.unt.edu.ar<\/a><\/li>\n<\/ul>\n","protected":false},"excerpt":{"rendered":"<p>Prof Titular Lic en Econom\u00eda (UNT). Doctorada en Econom\u00eda (UNT) Temas de Inter\u00e9s: Econometr\u00eda, Econom\u00eda Internacional, Ciclos y Crisis, Econom\u00eda de la delincuencia Cursos a cargo: Econometr\u00eda I,\u00a0 Macroeconom\u00eda III. N\u00famero de oficina: 60 Correo electr\u00f3nico de contacto:\u00a0acerro@herrera.unt.edu.ar<\/p>\n","protected":false},"author":10,"featured_media":0,"parent":135,"menu_order":0,"comment_status":"closed","ping_status":"closed","template":"","meta":{"footnotes":""},"_links":{"self":[{"href":"https:\/\/face.unt.edu.ar\/web\/ieconomia\/wp-json\/wp\/v2\/pages\/429"}],"collection":[{"href":"https:\/\/face.unt.edu.ar\/web\/ieconomia\/wp-json\/wp\/v2\/pages"}],"about":[{"href":"https:\/\/face.unt.edu.ar\/web\/ieconomia\/wp-json\/wp\/v2\/types\/page"}],"author":[{"embeddable":true,"href":"https:\/\/face.unt.edu.ar\/web\/ieconomia\/wp-json\/wp\/v2\/users\/10"}],"replies":[{"embeddable":true,"href":"https:\/\/face.unt.edu.ar\/web\/ieconomia\/wp-json\/wp\/v2\/comments?post=429"}],"version-history":[{"count":2,"href":"https:\/\/face.unt.edu.ar\/web\/ieconomia\/wp-json\/wp\/v2\/pages\/429\/revisions"}],"predecessor-version":[{"id":431,"href":"https:\/\/face.unt.edu.ar\/web\/ieconomia\/wp-json\/wp\/v2\/pages\/429\/revisions\/431"}],"up":[{"embeddable":true,"href":"https:\/\/face.unt.edu.ar\/web\/ieconomia\/wp-json\/wp\/v2\/pages\/135"}],"wp:attachment":[{"href":"https:\/\/face.unt.edu.ar\/web\/ieconomia\/wp-json\/wp\/v2\/media?parent=429"}],"curies":[{"name":"wp","href":"https:\/\/api.w.org\/{rel}","templated":true}]}}