{"id":433,"date":"2017-11-05T22:38:07","date_gmt":"2017-11-05T22:38:07","guid":{"rendered":"http:\/\/face.unt.edu.ar\/web\/ieconomia\/?page_id=433"},"modified":"2021-10-01T13:29:41","modified_gmt":"2021-10-01T13:29:41","slug":"ortega-masague-ana-carolina","status":"publish","type":"page","link":"https:\/\/face.unt.edu.ar\/web\/ieconomia\/profesores\/ortega-masague-ana-carolina\/","title":{"rendered":"ORTEGA MASAGUE, ANA CAROLINA"},"content":{"rendered":"<p><strong>T\u00edtulos acad\u00e9micos\u00a0<\/strong><\/p>\n<div class=\"td-paragraph-padding-4\">\n<ul>\n<li>Doctor en Econom\u00eda<\/li>\n<\/ul>\n<\/div>\n<p><b>Cargos en Investigaci\u00f3n y Docencia<\/b><\/p>\n<div class=\"td-paragraph-padding-4\">\n<ul>\n<li>Profesor Adjunto Econometr\u00eda I<\/li>\n<\/ul>\n<\/div>\n<div><b>Asignatura en las que interviene<\/b><\/div>\n<div><\/div>\n<div class=\"td-paragraph-padding-4\">\n<ul>\n<li>Econometr\u00eda I<\/li>\n<li>Macroeconom\u00eda III<\/li>\n<\/ul>\n<\/div>\n<p><strong>\u00c1reas de Investigaci\u00f3n<\/strong><\/p>\n<div class=\"td-paragraph-padding-4\">\n<p>Econom\u00eda Laboral, Econom\u00eda Industrial, Econom\u00eda de la Salud<\/p>\n<\/div>\n<p><strong>Contacto<\/strong><\/p>\n<div class=\"td-paragraph-padding-4\">\n<p>E-mail: acortegamasague@face.unt.edu.ar<br \/>\nBox: 62<\/p>\n<\/div>\n<div class=\"td-paragraph-padding-0\">\n<p><strong>Publicaciones Relevantes<\/strong><\/p>\n<ul>\n<li>Carrasco, R; Jimeno, J. F. and Ortega, A. C. (2015), \u201cReturns to skills and the distribution of wages: Spain 1995-2010\u201d, \u00a0<em>Oxford Bulletin of Economics and Statistics<\/em>, vol. 77(4), p\u00e1g. 542-565, August.<\/li>\n<li>Carrasco, R; Jimeno, J. F. and Ortega, A. C. (2008), \u201cThe Effect of Immigration on the Labor Market Performance of Native-Born Workers: Some Evidence for Spain\u201d, <em>Journal of Population Economics<\/em>, vol. 21, p\u00e1gs 637-648.<\/li>\n<li>Fern\u00e1ndez, C. and Ortega, A. C. (2008, \u201cLabor Market Assimilation of Immigrants in Spain: Employment at the expense of Bad Job-Matches?\u201d, <em>Spanish Economic Review<\/em>, vol. 10, nro. 2.<\/li>\n<\/ul>\n<\/div>\n","protected":false},"excerpt":{"rendered":"<p>T\u00edtulos acad\u00e9micos\u00a0 Doctor en Econom\u00eda Cargos en Investigaci\u00f3n y Docencia Profesor Adjunto Econometr\u00eda I Asignatura en las que interviene Econometr\u00eda I Macroeconom\u00eda III \u00c1reas de Investigaci\u00f3n Econom\u00eda Laboral, Econom\u00eda Industrial, Econom\u00eda de la Salud Contacto E-mail: acortegamasague@face.unt.edu.ar Box: 62 Publicaciones Relevantes Carrasco, R; Jimeno, J. F. and Ortega, A. C. (2015), \u201cReturns to skills and [&hellip;]<\/p>\n","protected":false},"author":10,"featured_media":0,"parent":135,"menu_order":0,"comment_status":"closed","ping_status":"closed","template":"","meta":{"footnotes":""},"_links":{"self":[{"href":"https:\/\/face.unt.edu.ar\/web\/ieconomia\/wp-json\/wp\/v2\/pages\/433"}],"collection":[{"href":"https:\/\/face.unt.edu.ar\/web\/ieconomia\/wp-json\/wp\/v2\/pages"}],"about":[{"href":"https:\/\/face.unt.edu.ar\/web\/ieconomia\/wp-json\/wp\/v2\/types\/page"}],"author":[{"embeddable":true,"href":"https:\/\/face.unt.edu.ar\/web\/ieconomia\/wp-json\/wp\/v2\/users\/10"}],"replies":[{"embeddable":true,"href":"https:\/\/face.unt.edu.ar\/web\/ieconomia\/wp-json\/wp\/v2\/comments?post=433"}],"version-history":[{"count":3,"href":"https:\/\/face.unt.edu.ar\/web\/ieconomia\/wp-json\/wp\/v2\/pages\/433\/revisions"}],"predecessor-version":[{"id":638,"href":"https:\/\/face.unt.edu.ar\/web\/ieconomia\/wp-json\/wp\/v2\/pages\/433\/revisions\/638"}],"up":[{"embeddable":true,"href":"https:\/\/face.unt.edu.ar\/web\/ieconomia\/wp-json\/wp\/v2\/pages\/135"}],"wp:attachment":[{"href":"https:\/\/face.unt.edu.ar\/web\/ieconomia\/wp-json\/wp\/v2\/media?parent=433"}],"curies":[{"name":"wp","href":"https:\/\/api.w.org\/{rel}","templated":true}]}}