{"id":439,"date":"2017-11-05T23:09:27","date_gmt":"2017-11-05T23:09:27","guid":{"rendered":"http:\/\/face.unt.edu.ar\/web\/ieconomia\/?page_id=439"},"modified":"2017-11-05T23:16:16","modified_gmt":"2017-11-05T23:16:16","slug":"foguet-santiago","status":"publish","type":"page","link":"https:\/\/face.unt.edu.ar\/web\/ieconomia\/profesores\/foguet-santiago\/","title":{"rendered":"FOGUET SANTIAGO"},"content":{"rendered":"<div>Profesor Asociado<\/div>\n<div>Licenciado en Econom\u00eda (UNT).<br \/>\nMaster of Arts in Economics (Boston University)<\/div>\n<ul>\n<li>Cursos a cargo:\u00a0 Microeconom\u00eda I, Finanzas de Empresas<\/li>\n<li>N\u00famero de oficina: 74<\/li>\n<li>Correo electr\u00f3nico de contacto: sfoguet@face.unt.edu.ar<\/li>\n<\/ul>\n","protected":false},"excerpt":{"rendered":"<p>Profesor Asociado Licenciado en Econom\u00eda (UNT). Master of Arts in Economics (Boston University) Cursos a cargo:\u00a0 Microeconom\u00eda I, Finanzas de Empresas N\u00famero de oficina: 74 Correo electr\u00f3nico de contacto: sfoguet@face.unt.edu.ar<\/p>\n","protected":false},"author":10,"featured_media":0,"parent":135,"menu_order":0,"comment_status":"closed","ping_status":"closed","template":"","meta":{"footnotes":""},"_links":{"self":[{"href":"https:\/\/face.unt.edu.ar\/web\/ieconomia\/wp-json\/wp\/v2\/pages\/439"}],"collection":[{"href":"https:\/\/face.unt.edu.ar\/web\/ieconomia\/wp-json\/wp\/v2\/pages"}],"about":[{"href":"https:\/\/face.unt.edu.ar\/web\/ieconomia\/wp-json\/wp\/v2\/types\/page"}],"author":[{"embeddable":true,"href":"https:\/\/face.unt.edu.ar\/web\/ieconomia\/wp-json\/wp\/v2\/users\/10"}],"replies":[{"embeddable":true,"href":"https:\/\/face.unt.edu.ar\/web\/ieconomia\/wp-json\/wp\/v2\/comments?post=439"}],"version-history":[{"count":1,"href":"https:\/\/face.unt.edu.ar\/web\/ieconomia\/wp-json\/wp\/v2\/pages\/439\/revisions"}],"predecessor-version":[{"id":440,"href":"https:\/\/face.unt.edu.ar\/web\/ieconomia\/wp-json\/wp\/v2\/pages\/439\/revisions\/440"}],"up":[{"embeddable":true,"href":"https:\/\/face.unt.edu.ar\/web\/ieconomia\/wp-json\/wp\/v2\/pages\/135"}],"wp:attachment":[{"href":"https:\/\/face.unt.edu.ar\/web\/ieconomia\/wp-json\/wp\/v2\/media?parent=439"}],"curies":[{"name":"wp","href":"https:\/\/api.w.org\/{rel}","templated":true}]}}