{"id":525,"date":"2018-05-17T18:23:06","date_gmt":"2018-05-17T18:23:06","guid":{"rendered":"http:\/\/face.unt.edu.ar\/web\/ieconomia\/?page_id=525"},"modified":"2018-05-17T18:25:01","modified_gmt":"2018-05-17T18:25:01","slug":"pagina-principal","status":"publish","type":"page","link":"https:\/\/face.unt.edu.ar\/web\/ieconomia\/","title":{"rendered":"Pagina Principal"},"content":{"rendered":"<p>[vc_row][vc_column width=\u00bb2\/3&#8243;]<div class=\"td_block_wrap td_block_6 td_uid_1_69dff0ef14d45_rand td-pb-border-top\"  data-td-block-uid=\"td_uid_1_69dff0ef14d45\" ><script>var block_td_uid_1_69dff0ef14d45 = new tdBlock();\nblock_td_uid_1_69dff0ef14d45.id = \"td_uid_1_69dff0ef14d45\";\nblock_td_uid_1_69dff0ef14d45.atts = '{\"limit\":\"8\",\"sort\":\"\",\"post_ids\":\"\",\"tag_slug\":\"\",\"autors_id\":\"\",\"installed_post_types\":\"\",\"category_id\":\"\",\"category_ids\":\"\",\"custom_title\":\"\",\"custom_url\":\"\",\"show_child_cat\":\"\",\"sub_cat_ajax\":\"\",\"ajax_pagination\":\"\",\"header_color\":\"\",\"header_text_color\":\"\",\"ajax_pagination_infinite_stop\":\"\",\"td_column_number\":1,\"td_ajax_preloading\":\"\",\"td_ajax_filter_type\":\"\",\"td_ajax_filter_ids\":\"\",\"td_filter_default_txt\":\"Todo\",\"color_preset\":\"\",\"border_top\":\"\",\"class\":\"td_uid_1_69dff0ef14d45_rand\",\"offset\":\"\",\"css\":\"\",\"live_filter\":\"\",\"live_filter_cur_post_id\":\"\",\"live_filter_cur_post_author\":\"\"}';\nblock_td_uid_1_69dff0ef14d45.td_column_number = \"1\";\nblock_td_uid_1_69dff0ef14d45.block_type = \"td_block_6\";\nblock_td_uid_1_69dff0ef14d45.post_count = \"8\";\nblock_td_uid_1_69dff0ef14d45.found_posts = \"127\";\nblock_td_uid_1_69dff0ef14d45.header_color = \"\";\nblock_td_uid_1_69dff0ef14d45.ajax_pagination_infinite_stop = \"\";\nblock_td_uid_1_69dff0ef14d45.max_num_pages = \"16\";\ntdBlocksArray.push(block_td_uid_1_69dff0ef14d45);\n<\/script><div id=td_uid_1_69dff0ef14d45 class=\"td_block_inner\">\n\n\t<div class=\"td-block-span12\">\n\r\n        <div class=\"td_module_5 td_module_wrap td-animation-stack\">\r\n\r\n            <h3 class=\"entry-title td-module-title\"><a href=\"https:\/\/face.unt.edu.ar\/web\/ieconomia\/complementarity-rather-than-substitution-the-impact-on-argentine-agriculture-of-the-transition-on-transport-infrastructure-between-1960-and-1988\/\" rel=\"bookmark\" title=\"Complementarity Rather Than Substitution: The impact on Argentine agriculture of the transition on transport infrastructure between 1960 and 1988.\">Complementarity Rather Than Substitution: The impact on Argentine agriculture of the...<\/a><\/h3>\r\n            <div class=\"td-module-meta-info\">\r\n                                <span class=\"td-post-date\"><time class=\"entry-date updated td-module-date\" datetime=\"2026-04-15T16:00:45+00:00\" >15 abril, 2026<\/time><\/span>                            <\/div>\r\n\r\n            <div class=\"td-module-image\">\r\n                <div class=\"td-module-thumb\"><a href=\"https:\/\/face.unt.edu.ar\/web\/ieconomia\/complementarity-rather-than-substitution-the-impact-on-argentine-agriculture-of-the-transition-on-transport-infrastructure-between-1960-and-1988\/\" rel=\"bookmark\" title=\"Complementarity Rather Than Substitution: The impact on Argentine agriculture of the transition on transport infrastructure between 1960 and 1988.\"><img width=\"324\" height=\"235\" class=\"entry-thumb\" src=\"https:\/\/face.unt.edu.ar\/web\/ieconomia\/wp-content\/uploads\/sites\/4\/2026\/04\/iNSTITUTO-DE-INVESTIGACIONES-ECONOMICAS-1-324x235.png\" alt=\"\" title=\"Complementarity Rather Than Substitution: The impact on Argentine agriculture of the transition on transport infrastructure between 1960 and 1988.\"\/><\/a><\/div>                            <\/div>\r\n\r\n            <div class=\"td-excerpt\">\r\n                The academic consensus on the positive impact of the expansion of the Argentine railway network on its agriculture led economic development between 1890 and...            <\/div>\r\n\r\n            \r\n        <\/div>\r\n\r\n        \n\t<\/div> <!-- .\/td-block-span12 -->\n\n\t<div class=\"td-block-span12\">\n\r\n        <div class=\"td_module_5 td_module_wrap td-animation-stack\">\r\n\r\n            <h3 class=\"entry-title td-module-title\"><a href=\"https:\/\/face.unt.edu.ar\/web\/ieconomia\/efecto-sheepskin-en-la-educacion-evaluacion-empirica-de-senalizacion-en-los-distintos-sectores-del-mercado-laboral-argentino\/\" rel=\"bookmark\" title=\"Efecto \u201cSheepskin\u201d en la Educaci\u00f3n Evaluaci\u00f3n Emp\u00edrica de se\u00f1alizaci\u00f3n en los distintos sectores del mercado laboral argentino\">Efecto \u201cSheepskin\u201d en la Educaci\u00f3n Evaluaci\u00f3n Emp\u00edrica de se\u00f1alizaci\u00f3n en los...<\/a><\/h3>\r\n            <div class=\"td-module-meta-info\">\r\n                                <span class=\"td-post-date\"><time class=\"entry-date updated td-module-date\" datetime=\"2026-04-15T15:17:50+00:00\" >15 abril, 2026<\/time><\/span>                            <\/div>\r\n\r\n            <div class=\"td-module-image\">\r\n                <div class=\"td-module-thumb\"><a href=\"https:\/\/face.unt.edu.ar\/web\/ieconomia\/efecto-sheepskin-en-la-educacion-evaluacion-empirica-de-senalizacion-en-los-distintos-sectores-del-mercado-laboral-argentino\/\" rel=\"bookmark\" title=\"Efecto \u201cSheepskin\u201d en la Educaci\u00f3n Evaluaci\u00f3n Emp\u00edrica de se\u00f1alizaci\u00f3n en los distintos sectores del mercado laboral argentino\"><img width=\"324\" height=\"235\" class=\"entry-thumb\" src=\"https:\/\/face.unt.edu.ar\/web\/ieconomia\/wp-content\/uploads\/sites\/4\/2026\/04\/iNSTITUTO-DE-INVESTIGACIONES-ECONOMICAS-324x235.png\" alt=\"\" title=\"Efecto \u201cSheepskin\u201d en la Educaci\u00f3n Evaluaci\u00f3n Emp\u00edrica de se\u00f1alizaci\u00f3n en los distintos sectores del mercado laboral argentino\"\/><\/a><\/div>                            <\/div>\r\n\r\n            <div class=\"td-excerpt\">\r\n                La literatura existente ha abordado ampliamente la tem\u00e1tica del retorno de la educaci\u00f3n, proponiendo diversas teor\u00edas, entre las cuales destaca la Ecuaci\u00f3n de Mincer...            <\/div>\r\n\r\n            \r\n        <\/div>\r\n\r\n        \n\t<\/div> <!-- .\/td-block-span12 -->\n\n\t<div class=\"td-block-span12\">\n\r\n        <div class=\"td_module_5 td_module_wrap td-animation-stack\">\r\n\r\n            <h3 class=\"entry-title td-module-title\"><a href=\"https:\/\/face.unt.edu.ar\/web\/ieconomia\/estudiantes-de-la-licenciatura-en-economia-participaron-en-la-55-reunion-anual-de-la-asociacion-argentina-de-economia-agraria-aaea\/\" rel=\"bookmark\" title=\"Estudiantes de la Licenciatura en Econom\u00eda participaron en la 55\u00b0 Reuni\u00f3n Anual de la Asociaci\u00f3n Argentina de Econom\u00eda Agraria (AAEA)\">Estudiantes de la Licenciatura en Econom\u00eda participaron en la 55\u00b0 Reuni\u00f3n...<\/a><\/h3>\r\n            <div class=\"td-module-meta-info\">\r\n                                <span class=\"td-post-date\"><time class=\"entry-date updated td-module-date\" datetime=\"2025-11-06T13:29:24+00:00\" >6 noviembre, 2025<\/time><\/span>                            <\/div>\r\n\r\n            <div class=\"td-module-image\">\r\n                <div class=\"td-module-thumb\"><a href=\"https:\/\/face.unt.edu.ar\/web\/ieconomia\/estudiantes-de-la-licenciatura-en-economia-participaron-en-la-55-reunion-anual-de-la-asociacion-argentina-de-economia-agraria-aaea\/\" rel=\"bookmark\" title=\"Estudiantes de la Licenciatura en Econom\u00eda participaron en la 55\u00b0 Reuni\u00f3n Anual de la Asociaci\u00f3n Argentina de Econom\u00eda Agraria (AAEA)\"><img width=\"324\" height=\"235\" class=\"entry-thumb\" src=\"https:\/\/face.unt.edu.ar\/web\/ieconomia\/wp-content\/uploads\/sites\/4\/2025\/11\/AAEA-2025Foto-general.docx_-324x235.png\" alt=\"\" title=\"Estudiantes de la Licenciatura en Econom\u00eda participaron en la 55\u00b0 Reuni\u00f3n Anual de la Asociaci\u00f3n Argentina de Econom\u00eda Agraria (AAEA)\"\/><\/a><\/div>                            <\/div>\r\n\r\n            <div class=\"td-excerpt\">\r\n                \r\n\r\n\r\n\r\n\r\n\r\n\r\nLos estudiantes de la carrera de Licenciatura en Econom\u00eda de la Facultad de Ciencias Econ\u00f3micas de la UNT, Franco Emanuel Quiroga, Ana Sof\u00eda Orellana,...            <\/div>\r\n\r\n            \r\n        <\/div>\r\n\r\n        \n\t<\/div> <!-- .\/td-block-span12 -->\n\n\t<div class=\"td-block-span12\">\n\r\n        <div class=\"td_module_5 td_module_wrap td-animation-stack\">\r\n\r\n            <h3 class=\"entry-title td-module-title\"><a href=\"https:\/\/face.unt.edu.ar\/web\/ieconomia\/gustavo-wallberg-presento-su-libro\/\" rel=\"bookmark\" title=\"Gustavo Wallberg present\u00f3 su libro\">Gustavo Wallberg present\u00f3 su libro<\/a><\/h3>\r\n            <div class=\"td-module-meta-info\">\r\n                                <span class=\"td-post-date\"><time class=\"entry-date updated td-module-date\" datetime=\"2025-10-17T14:22:24+00:00\" >17 octubre, 2025<\/time><\/span>                            <\/div>\r\n\r\n            <div class=\"td-module-image\">\r\n                <div class=\"td-module-thumb\"><a href=\"https:\/\/face.unt.edu.ar\/web\/ieconomia\/gustavo-wallberg-presento-su-libro\/\" rel=\"bookmark\" title=\"Gustavo Wallberg present\u00f3 su libro\"><img width=\"324\" height=\"235\" class=\"entry-thumb\" src=\"https:\/\/face.unt.edu.ar\/web\/ieconomia\/wp-content\/uploads\/sites\/4\/2025\/10\/WhatsApp-Image-2025-10-13-at-17.55.49-324x235.jpeg\" alt=\"\" title=\"Gustavo Wallberg present\u00f3 su libro\"\/><\/a><\/div>                            <\/div>\r\n\r\n            <div class=\"td-excerpt\">\r\n                El profesor Gustavo F. Wallberg ofici\u00f3 de expositor principal en la reciente presentaci\u00f3n de su libro \u201cCambio de R\u00e9gimen. La econom\u00eda argentina 2022-2025 desde...            <\/div>\r\n\r\n            \r\n        <\/div>\r\n\r\n        \n\t<\/div> <!-- .\/td-block-span12 -->\n\n\t<div class=\"td-block-span12\">\n\r\n        <div class=\"td_module_5 td_module_wrap td-animation-stack\">\r\n\r\n            <h3 class=\"entry-title td-module-title\"><a href=\"https:\/\/face.unt.edu.ar\/web\/ieconomia\/profesora-del-inveco-participo-en-conferencia-internacional-en-chile\/\" rel=\"bookmark\" title=\"Profesora del INVECO particip\u00f3 en Conferencia Internacional en Chile\">Profesora del INVECO particip\u00f3 en Conferencia Internacional en Chile<\/a><\/h3>\r\n            <div class=\"td-module-meta-info\">\r\n                                <span class=\"td-post-date\"><time class=\"entry-date updated td-module-date\" datetime=\"2025-08-22T13:07:28+00:00\" >22 agosto, 2025<\/time><\/span>                            <\/div>\r\n\r\n            <div class=\"td-module-image\">\r\n                <div class=\"td-module-thumb\"><a href=\"https:\/\/face.unt.edu.ar\/web\/ieconomia\/profesora-del-inveco-participo-en-conferencia-internacional-en-chile\/\" rel=\"bookmark\" title=\"Profesora del INVECO particip\u00f3 en Conferencia Internacional en Chile\"><img width=\"324\" height=\"235\" class=\"entry-thumb\" src=\"https:\/\/face.unt.edu.ar\/web\/ieconomia\/wp-content\/uploads\/sites\/4\/2025\/08\/1740051203679-324x235.jpg\" alt=\"\" title=\"Profesora del INVECO particip\u00f3 en Conferencia Internacional en Chile\"\/><\/a><\/div>                            <\/div>\r\n\r\n            <div class=\"td-excerpt\">\r\n                Durante el receso invernal, la Dra. Mar\u00eda Jos\u00e9 Granado, \u00a0represent\u00f3 a la instituci\u00f3n en la 31st International Conference on Computing in Economics and Finance...            <\/div>\r\n\r\n            \r\n        <\/div>\r\n\r\n        \n\t<\/div> <!-- .\/td-block-span12 -->\n\n\t<div class=\"td-block-span12\">\n\r\n        <div class=\"td_module_5 td_module_wrap td-animation-stack\">\r\n\r\n            <h3 class=\"entry-title td-module-title\"><a href=\"https:\/\/face.unt.edu.ar\/web\/ieconomia\/premio-a-la-mejor-tesina-2024-de-la-licenciatura-en-economia\/\" rel=\"bookmark\" title=\"Premio a la Mejor Tesina 2024 de la Licenciatura en Econom\u00eda\">Premio a la Mejor Tesina 2024 de la Licenciatura en Econom\u00eda<\/a><\/h3>\r\n            <div class=\"td-module-meta-info\">\r\n                                <span class=\"td-post-date\"><time class=\"entry-date updated td-module-date\" datetime=\"2025-06-17T13:39:34+00:00\" >17 junio, 2025<\/time><\/span>                            <\/div>\r\n\r\n            <div class=\"td-module-image\">\r\n                <div class=\"td-module-thumb\"><a href=\"https:\/\/face.unt.edu.ar\/web\/ieconomia\/premio-a-la-mejor-tesina-2024-de-la-licenciatura-en-economia\/\" rel=\"bookmark\" title=\"Premio a la Mejor Tesina 2024 de la Licenciatura en Econom\u00eda\"><img width=\"324\" height=\"235\" class=\"entry-thumb\" src=\"https:\/\/face.unt.edu.ar\/web\/ieconomia\/wp-content\/uploads\/sites\/4\/2025\/06\/IMG_3420-3-324x235.jpg\" alt=\"\" title=\"Premio a la Mejor Tesina 2024 de la Licenciatura en Econom\u00eda\"\/><\/a><\/div>                            <\/div>\r\n\r\n            <div class=\"td-excerpt\">\r\n                El Instituto de Investigaciones Econ\u00f3micas (INVECO) de la Facultad de Ciencias Econ\u00f3micas de la UNT entreg\u00f3 el Premio \u201cDr. Manuel Luis Cordom\u00ed\u201d a la...            <\/div>\r\n\r\n            \r\n        <\/div>\r\n\r\n        \n\t<\/div> <!-- .\/td-block-span12 -->\n\n\t<div class=\"td-block-span12\">\n\r\n        <div class=\"td_module_5 td_module_wrap td-animation-stack\">\r\n\r\n            <h3 class=\"entry-title td-module-title\"><a href=\"https:\/\/face.unt.edu.ar\/web\/ieconomia\/inveco-celebro-su-65o-aniversario\/\" rel=\"bookmark\" title=\"INVECO celebr\u00f3 su 65\u00ba aniversario\">INVECO celebr\u00f3 su 65\u00ba aniversario<\/a><\/h3>\r\n            <div class=\"td-module-meta-info\">\r\n                                <span class=\"td-post-date\"><time class=\"entry-date updated td-module-date\" datetime=\"2025-06-13T14:09:09+00:00\" >13 junio, 2025<\/time><\/span>                            <\/div>\r\n\r\n            <div class=\"td-module-image\">\r\n                <div class=\"td-module-thumb\"><a href=\"https:\/\/face.unt.edu.ar\/web\/ieconomia\/inveco-celebro-su-65o-aniversario\/\" rel=\"bookmark\" title=\"INVECO celebr\u00f3 su 65\u00ba aniversario\"><img width=\"324\" height=\"235\" class=\"entry-thumb\" src=\"https:\/\/face.unt.edu.ar\/web\/ieconomia\/wp-content\/uploads\/sites\/4\/2025\/06\/IMG_3420-3-324x235.jpg\" alt=\"\" title=\"INVECO celebr\u00f3 su 65\u00ba aniversario\"\/><\/a><\/div>                            <\/div>\r\n\r\n            <div class=\"td-excerpt\">\r\n                La jornada reuni\u00f3 a docentes, estudiantes, graduados, no docentes y jubilados para conmemorar un nuevo a\u00f1o de trayectoria del Instituto de Investigaciones Econ\u00f3micas. \r\nEl...            <\/div>\r\n\r\n            \r\n        <\/div>\r\n\r\n        \n\t<\/div> <!-- .\/td-block-span12 -->\n\n\t<div class=\"td-block-span12\">\n\r\n        <div class=\"td_module_5 td_module_wrap td-animation-stack\">\r\n\r\n            <h3 class=\"entry-title td-module-title\"><a href=\"https:\/\/face.unt.edu.ar\/web\/ieconomia\/short-and-long-term-price-elasticity-of-residential-energy-consumption-evidence-from-a-natural-experiment-with-social-tariff\/\" rel=\"bookmark\" title=\"Short- and long-term price elasticity of residential energy consumption: Evidence from a natural experiment with  social tariff\">Short- and long-term price elasticity of residential energy consumption: Evidence from...<\/a><\/h3>\r\n            <div class=\"td-module-meta-info\">\r\n                                <span class=\"td-post-date\"><time class=\"entry-date updated td-module-date\" datetime=\"2025-06-03T14:42:34+00:00\" >3 junio, 2025<\/time><\/span>                            <\/div>\r\n\r\n            <div class=\"td-module-image\">\r\n                <div class=\"td-module-thumb\"><a href=\"https:\/\/face.unt.edu.ar\/web\/ieconomia\/short-and-long-term-price-elasticity-of-residential-energy-consumption-evidence-from-a-natural-experiment-with-social-tariff\/\" rel=\"bookmark\" title=\"Short- and long-term price elasticity of residential energy consumption: Evidence from a natural experiment with  social tariff\"><img width=\"324\" height=\"235\" class=\"entry-thumb\" src=\"https:\/\/face.unt.edu.ar\/web\/ieconomia\/wp-content\/uploads\/sites\/4\/2025\/06\/iNSTITUTO-DE-INVESTIGACIONES-ECONOMICAS-5-324x235.png\" alt=\"\" title=\"Short- and long-term price elasticity of residential energy consumption: Evidence from a natural experiment with  social tariff\"\/><\/a><\/div>                            <\/div>\r\n\r\n            <div class=\"td-excerpt\">\r\n                Energy price elasticities for residential consumers is probably the most important variable to define policies regarding concerns about sustainability, efficiency and equitability.\r\n\r\nHowever, estimating consumer...            <\/div>\r\n\r\n            \r\n        <\/div>\r\n\r\n        \n\t<\/div> <!-- .\/td-block-span12 --><\/div><\/div> <!-- .\/block -->[\/vc_column][vc_column width=\u00bb1\/3&#8243;][vc_widget_sidebar sidebar_id=\u00bbtd-default\u00bb][\/vc_column][\/vc_row]<\/p>\n","protected":false},"excerpt":{"rendered":"<p>[vc_row][vc_column width=\u00bb2\/3&#8243;][\/vc_column][vc_column width=\u00bb1\/3&#8243;][vc_widget_sidebar sidebar_id=\u00bbtd-default\u00bb][\/vc_column][\/vc_row]<\/p>\n","protected":false},"author":1,"featured_media":0,"parent":0,"menu_order":0,"comment_status":"closed","ping_status":"closed","template":"","meta":{"footnotes":""},"_links":{"self":[{"href":"https:\/\/face.unt.edu.ar\/web\/ieconomia\/wp-json\/wp\/v2\/pages\/525"}],"collection":[{"href":"https:\/\/face.unt.edu.ar\/web\/ieconomia\/wp-json\/wp\/v2\/pages"}],"about":[{"href":"https:\/\/face.unt.edu.ar\/web\/ieconomia\/wp-json\/wp\/v2\/types\/page"}],"author":[{"embeddable":true,"href":"https:\/\/face.unt.edu.ar\/web\/ieconomia\/wp-json\/wp\/v2\/users\/1"}],"replies":[{"embeddable":true,"href":"https:\/\/face.unt.edu.ar\/web\/ieconomia\/wp-json\/wp\/v2\/comments?post=525"}],"version-history":[{"count":5,"href":"https:\/\/face.unt.edu.ar\/web\/ieconomia\/wp-json\/wp\/v2\/pages\/525\/revisions"}],"predecessor-version":[{"id":592,"href":"https:\/\/face.unt.edu.ar\/web\/ieconomia\/wp-json\/wp\/v2\/pages\/525\/revisions\/592"}],"wp:attachment":[{"href":"https:\/\/face.unt.edu.ar\/web\/ieconomia\/wp-json\/wp\/v2\/media?parent=525"}],"curies":[{"name":"wp","href":"https:\/\/api.w.org\/{rel}","templated":true}]}}