{"id":584,"date":"2021-09-29T15:17:59","date_gmt":"2021-09-29T15:17:59","guid":{"rendered":"https:\/\/face.unt.edu.ar\/web\/ieconomia\/?page_id=584"},"modified":"2022-09-27T12:49:43","modified_gmt":"2022-09-27T12:49:43","slug":"danon-alejandro-martin","status":"publish","type":"page","link":"https:\/\/face.unt.edu.ar\/web\/ieconomia\/profesores\/danon-alejandro-martin\/","title":{"rendered":"ALEJANDRO MART\u00cdN DAN\u00d3N"},"content":{"rendered":"<p><strong>T\u00edtulos acad\u00e9micos\u00a0<\/strong><\/p>\n<div class=\"td-paragraph-padding-4\">\n<ul>\n<li style=\"clear: both\"><em>Licenciado en Econom\u00eda &#8211; Universidad Nacional De Tucum\u00e1n<\/em><\/li>\n<li style=\"clear: both\"><em>Master en Econom\u00eda &#8211; Universidad De San Andr\u00e9s<\/em><\/li>\n<li style=\"clear: both\"><em>Master in Social Science in Economics &#8211; London School of Economics and Political Science (LSE)<\/em><\/li>\n<\/ul>\n<\/div>\n<p style=\"clear: both\"><b>Cargos en Investigaci\u00f3n y Docencia<\/b><\/p>\n<div class=\"td-paragraph-padding-4\">\n<ul>\n<li><em>Profesor Adjunto\u2013 Desarrollo Econ\u00f3mico<\/em><\/li>\n<li><em>Codirector Maestr\u00eda en Econom\u00eda<\/em><\/li>\n<li><em>Director Acad\u00e9mico <a href=\"https:\/\/www.lapde.unt.edu.ar\/\" target=\"_blank\" rel=\"noopener\">LAPDE<\/a><\/em><\/li>\n<\/ul>\n<\/div>\n<div style=\"clear: both\"><b>Asignatura en las que interviene<\/b><\/div>\n<div style=\"clear: both\"><\/div>\n<div class=\"td-paragraph-padding-4\">\n<ul>\n<li>Desarrollo Econ\u00f3mico (Licenciatura)<\/li>\n<li>Microeconometr\u00eda (Maestr\u00eda en Econom\u00eda)<\/li>\n<\/ul>\n<\/div>\n<p style=\"clear: both\"><strong>\u00c1reas de Investigaci\u00f3n<\/strong><\/p>\n<div class=\"td-paragraph-padding-4\">\n<p>Desarrollo econ\u00f3mico, microeconometr\u00eda<\/p>\n<\/div>\n<p style=\"clear: both\"><strong>Contacto<\/strong><\/p>\n<div class=\"td-paragraph-padding-4\">\n<p style=\"clear: both\">E-mail: ale.m.danon@gmail.com<br \/>\nBox: 65<\/p>\n<\/div>\n<div class=\"td-paragraph-padding-0\">\n<p><strong>Publicaciones Relevantes<\/strong><\/p>\n<div class=\"td-paragraph-padding-4\">\n<ul>\n<li>Dan\u00f3n, A., S. Mena y A. Ramasco (forthcoming). COVID-19 en Tucum\u00e1n: Proyecciones sobre el efecto esperado de las pol\u00edticas de aislamiento en la curva epidemiol\u00f3gica y cantidad de hospitalizados.\u00a0 Revista Ensayos de Politica Economica.<\/li>\n<li>Danon, A., Marto, P., Chiappelo, A., Pinto, D. N. (2019). Tell me what you Export Today and I will Tell you what you will Export Tomorrow: The Product Space and the Evolution of Country Pattern of Specialization. Anales de la Asociaci\u00f3n Argentina de Econom\u00eda Pol\u00edtica (AAEP).<\/li>\n<li>Dan\u00f3n, A., Pinto, N., Laham, S. y Rios Avellaneda, L. (2018), The Product Space: Descubriendo caminos para la diversificaci\u00f3n de las exportaciones en Tucum\u00e1n. 2\u00aa Conferencia de la Red Latinoamericana de Econom\u00eda de la Innovaci\u00f3n y el Emprendimiento organizado por La Divisi\u00f3n de Competitividad, Tecnolog\u00eda e Innovaci\u00f3n del Banco Interamericano de Desarrollo (BID) y el Centro Interdisciplinario de Estudios en Ciencia, Tecnolog\u00eda e Innovaci\u00f3n de Argentina (CIECTI)<\/li>\n<li>Danon, A, G. Stisman, M. Kestelman Borges, A. Martinez (2016). New evidence on the efficiency gap: Developing Accounting using a dual approach and a focus on educational quality. Anales de la Asociaci\u00f3n Argentina de Econom\u00eda Pol\u00edtica (AAEP).<\/li>\n<li>Danon, A., Alvarez A. y Bonacina A. (2015). Easterly Revisited: Exploring the Causation from Inequality to Development at the Local Level, Latin American and Caribbean Economic Association (2015) y Anales de la Asociaci\u00f3n Argentina de Econom\u00eda Pol\u00edtica (AAEP).<\/li>\n<li>Danon, A. (2013). Inequality, Talent Allocation, Mobility and Growth: An Extension to Galor and Zeira Model, Anales de la Asociaci\u00f3n Argentina de Econom\u00eda Pol\u00edtica (AAEP).<\/li>\n<li>Danon, A. y Jorge, Y. (2013). Determinants of Exceptional Export Performance of Argentinean SME, Anales de la Asociaci\u00f3n Argentina de Econom\u00eda Pol\u00edtica (AAEP).<\/li>\n<li>Danon, A. (2009). Parametric Estimation of Productivity Gains through Stochastic Distance Functions, Anales de la Asociacion Argentina de Econom\u00eda Pol\u00edtica (AAEP).<\/li>\n<\/ul>\n<\/div>\n<p>&nbsp;<\/p>\n<\/div>\n","protected":false},"excerpt":{"rendered":"<p>T\u00edtulos acad\u00e9micos\u00a0 Licenciado en Econom\u00eda &#8211; Universidad Nacional De Tucum\u00e1n Master en Econom\u00eda &#8211; Universidad De San Andr\u00e9s Master in Social Science in Economics &#8211; London School of Economics and Political Science (LSE) Cargos en Investigaci\u00f3n y Docencia Profesor Adjunto\u2013 Desarrollo Econ\u00f3mico Codirector Maestr\u00eda en Econom\u00eda Director Acad\u00e9mico LAPDE Asignatura en las que interviene Desarrollo [&hellip;]<\/p>\n","protected":false},"author":123458,"featured_media":0,"parent":135,"menu_order":0,"comment_status":"closed","ping_status":"closed","template":"","meta":{"footnotes":""},"_links":{"self":[{"href":"https:\/\/face.unt.edu.ar\/web\/ieconomia\/wp-json\/wp\/v2\/pages\/584"}],"collection":[{"href":"https:\/\/face.unt.edu.ar\/web\/ieconomia\/wp-json\/wp\/v2\/pages"}],"about":[{"href":"https:\/\/face.unt.edu.ar\/web\/ieconomia\/wp-json\/wp\/v2\/types\/page"}],"author":[{"embeddable":true,"href":"https:\/\/face.unt.edu.ar\/web\/ieconomia\/wp-json\/wp\/v2\/users\/123458"}],"replies":[{"embeddable":true,"href":"https:\/\/face.unt.edu.ar\/web\/ieconomia\/wp-json\/wp\/v2\/comments?post=584"}],"version-history":[{"count":5,"href":"https:\/\/face.unt.edu.ar\/web\/ieconomia\/wp-json\/wp\/v2\/pages\/584\/revisions"}],"predecessor-version":[{"id":1024,"href":"https:\/\/face.unt.edu.ar\/web\/ieconomia\/wp-json\/wp\/v2\/pages\/584\/revisions\/1024"}],"up":[{"embeddable":true,"href":"https:\/\/face.unt.edu.ar\/web\/ieconomia\/wp-json\/wp\/v2\/pages\/135"}],"wp:attachment":[{"href":"https:\/\/face.unt.edu.ar\/web\/ieconomia\/wp-json\/wp\/v2\/media?parent=584"}],"curies":[{"name":"wp","href":"https:\/\/api.w.org\/{rel}","templated":true}]}}