{"id":595,"date":"2021-09-30T12:42:58","date_gmt":"2021-09-30T12:42:58","guid":{"rendered":"https:\/\/face.unt.edu.ar\/web\/ieconomia\/?page_id=595"},"modified":"2023-10-11T15:19:33","modified_gmt":"2023-10-11T15:19:33","slug":"alvarez-beatriz","status":"publish","type":"page","link":"https:\/\/face.unt.edu.ar\/web\/ieconomia\/profesores\/alvarez-beatriz\/","title":{"rendered":"BEATRIZ \u00c1LVAREZ"},"content":{"rendered":"<p><strong>T\u00edtulos acad\u00e9micos\u00a0<\/strong><\/p>\n<p>Lic. en Econom\u00eda &#8211; Universidad Nacional de Tucum\u00e1n<\/p>\n<p>Mg. en Econom\u00eda &#8211; Universidad Nacional de La Plata<\/p>\n<p>Dra. en Historia Econ\u00f3mica &#8211; Universidad Carlos III de Madrid<\/p>\n<p><b>Cargos en Investigaci\u00f3n y Docencia<\/b><\/p>\n<p>JTP Principios de Econom\u00eda I<\/p>\n<p>Coordinadora del \u00c1rea de Pobreza y Desigualdad LAPDE<\/p>\n<div><b>Asignatura en las que interviene<\/b><\/div>\n<div>Principios de Econom\u00eda I.<\/div>\n<div>Econom\u00eda del Medioambiente<\/div>\n<p>&nbsp;<\/p>\n<p><strong>Contacto<\/strong><br \/>\nE-mail: balvarez@face.unt.edu.ar<br \/>\nBox: 71<\/p>\n<p>&nbsp;<\/p>\n","protected":false},"excerpt":{"rendered":"<p>T\u00edtulos acad\u00e9micos\u00a0 Lic. en Econom\u00eda &#8211; Universidad Nacional de Tucum\u00e1n Mg. en Econom\u00eda &#8211; Universidad Nacional de La Plata Dra. en Historia Econ\u00f3mica &#8211; Universidad Carlos III de Madrid Cargos en Investigaci\u00f3n y Docencia JTP Principios de Econom\u00eda I Coordinadora del \u00c1rea de Pobreza y Desigualdad LAPDE Asignatura en las que interviene Principios de Econom\u00eda [&hellip;]<\/p>\n","protected":false},"author":123458,"featured_media":0,"parent":135,"menu_order":0,"comment_status":"closed","ping_status":"closed","template":"","meta":{"footnotes":""},"_links":{"self":[{"href":"https:\/\/face.unt.edu.ar\/web\/ieconomia\/wp-json\/wp\/v2\/pages\/595"}],"collection":[{"href":"https:\/\/face.unt.edu.ar\/web\/ieconomia\/wp-json\/wp\/v2\/pages"}],"about":[{"href":"https:\/\/face.unt.edu.ar\/web\/ieconomia\/wp-json\/wp\/v2\/types\/page"}],"author":[{"embeddable":true,"href":"https:\/\/face.unt.edu.ar\/web\/ieconomia\/wp-json\/wp\/v2\/users\/123458"}],"replies":[{"embeddable":true,"href":"https:\/\/face.unt.edu.ar\/web\/ieconomia\/wp-json\/wp\/v2\/comments?post=595"}],"version-history":[{"count":6,"href":"https:\/\/face.unt.edu.ar\/web\/ieconomia\/wp-json\/wp\/v2\/pages\/595\/revisions"}],"predecessor-version":[{"id":1197,"href":"https:\/\/face.unt.edu.ar\/web\/ieconomia\/wp-json\/wp\/v2\/pages\/595\/revisions\/1197"}],"up":[{"embeddable":true,"href":"https:\/\/face.unt.edu.ar\/web\/ieconomia\/wp-json\/wp\/v2\/pages\/135"}],"wp:attachment":[{"href":"https:\/\/face.unt.edu.ar\/web\/ieconomia\/wp-json\/wp\/v2\/media?parent=595"}],"curies":[{"name":"wp","href":"https:\/\/api.w.org\/{rel}","templated":true}]}}