{"id":639,"date":"2021-10-01T14:04:22","date_gmt":"2021-10-01T14:04:22","guid":{"rendered":"https:\/\/face.unt.edu.ar\/web\/ieconomia\/?page_id=639"},"modified":"2021-10-01T14:04:22","modified_gmt":"2021-10-01T14:04:22","slug":"tenuta-ciale-maria-florencia","status":"publish","type":"page","link":"https:\/\/face.unt.edu.ar\/web\/ieconomia\/profesores\/tenuta-ciale-maria-florencia\/","title":{"rendered":"TENUTA CIALE, MAR\u00cdA FLORENCIA"},"content":{"rendered":"<p><strong>T\u00edtulos acad\u00e9micos\u00a0<\/strong><\/p>\n<div class=\"td-paragraph-padding-4\">\n<ul>\n<li>Magister en Administraci\u00f3n<\/li>\n<li>Licenciada en Econom\u00eda<\/li>\n<\/ul>\n<\/div>\n<p><b>Cargos en Investigaci\u00f3n y Docencia<\/b><\/p>\n<div class=\"td-paragraph-padding-4\">\n<ul>\n<li><em>Jefe de Trabajos Pr\u00e1cticos &#8211; Finanzas P\u00fablicas <\/em><\/li>\n<\/ul>\n<\/div>\n<div><b>Asignatura en las que interviene<\/b><\/div>\n<div><\/div>\n<div class=\"td-paragraph-padding-4\">\n<ul>\n<li><em>Finanzas P\u00fablicas<\/em><\/li>\n<li><em>Evaluaci\u00f3n Econ\u00f3mica Y Financiera De Proyectos<\/em><\/li>\n<\/ul>\n<\/div>\n<p><strong>\u00c1reas de Investigaci\u00f3n<\/strong><\/p>\n<div class=\"td-paragraph-padding-4\">\n<p>Finanzas Publicas, Gasto P\u00fablico, Gasto social en ni\u00f1ez y adolescencia<\/p>\n<\/div>\n<p><strong>Contacto<\/strong><\/p>\n<div class=\"td-paragraph-padding-4\">\n<p>E-mail: ftenutaciale@face.unt.edu.ar<br \/>\nBox: 61<\/p>\n<\/div>\n<div class=\"td-paragraph-padding-0\">\n<p><strong>Publicaciones Relevantes<\/strong><\/p>\n<ul>\n<li>La Inversi\u00f3n en Ni\u00f1ez y Adolescencia en Tucum\u00e1n: Gasto P\u00fablico Social dirigido a La Ni\u00f1ez y Adolescencia en la Provincia de Tucum\u00e1n. A\u00f1os 2017-2019 (Documento ONAT).<\/li>\n<\/ul>\n<\/div>\n","protected":false},"excerpt":{"rendered":"<p>T\u00edtulos acad\u00e9micos\u00a0 Magister en Administraci\u00f3n Licenciada en Econom\u00eda Cargos en Investigaci\u00f3n y Docencia Jefe de Trabajos Pr\u00e1cticos &#8211; Finanzas P\u00fablicas Asignatura en las que interviene Finanzas P\u00fablicas Evaluaci\u00f3n Econ\u00f3mica Y Financiera De Proyectos \u00c1reas de Investigaci\u00f3n Finanzas Publicas, Gasto P\u00fablico, Gasto social en ni\u00f1ez y adolescencia Contacto E-mail: ftenutaciale@face.unt.edu.ar Box: 61 Publicaciones Relevantes La Inversi\u00f3n [&hellip;]<\/p>\n","protected":false},"author":123458,"featured_media":0,"parent":135,"menu_order":0,"comment_status":"closed","ping_status":"closed","template":"","meta":{"footnotes":""},"_links":{"self":[{"href":"https:\/\/face.unt.edu.ar\/web\/ieconomia\/wp-json\/wp\/v2\/pages\/639"}],"collection":[{"href":"https:\/\/face.unt.edu.ar\/web\/ieconomia\/wp-json\/wp\/v2\/pages"}],"about":[{"href":"https:\/\/face.unt.edu.ar\/web\/ieconomia\/wp-json\/wp\/v2\/types\/page"}],"author":[{"embeddable":true,"href":"https:\/\/face.unt.edu.ar\/web\/ieconomia\/wp-json\/wp\/v2\/users\/123458"}],"replies":[{"embeddable":true,"href":"https:\/\/face.unt.edu.ar\/web\/ieconomia\/wp-json\/wp\/v2\/comments?post=639"}],"version-history":[{"count":1,"href":"https:\/\/face.unt.edu.ar\/web\/ieconomia\/wp-json\/wp\/v2\/pages\/639\/revisions"}],"predecessor-version":[{"id":640,"href":"https:\/\/face.unt.edu.ar\/web\/ieconomia\/wp-json\/wp\/v2\/pages\/639\/revisions\/640"}],"up":[{"embeddable":true,"href":"https:\/\/face.unt.edu.ar\/web\/ieconomia\/wp-json\/wp\/v2\/pages\/135"}],"wp:attachment":[{"href":"https:\/\/face.unt.edu.ar\/web\/ieconomia\/wp-json\/wp\/v2\/media?parent=639"}],"curies":[{"name":"wp","href":"https:\/\/api.w.org\/{rel}","templated":true}]}}