{"id":681,"date":"2021-10-14T12:57:50","date_gmt":"2021-10-14T12:57:50","guid":{"rendered":"https:\/\/face.unt.edu.ar\/web\/ieconomia\/?page_id=681"},"modified":"2025-10-14T14:58:30","modified_gmt":"2025-10-14T14:58:30","slug":"araoz-maria-florencia","status":"publish","type":"page","link":"https:\/\/face.unt.edu.ar\/web\/ieconomia\/araoz-maria-florencia\/","title":{"rendered":"MARIA FLORENCIA ARAOZ"},"content":{"rendered":"<p><strong>T\u00edtulos acad\u00e9micos\u00a0<\/strong><\/p>\n<div class=\"td-paragraph-padding-4\">\n<ul>\n<li><em>Doctora en Historia Econ\u00f3mica, Universidad de Barcelona, 2025<\/em><\/li>\n<li><em>Magister en Econom\u00eda, Universidad Nacional de Tucum\u00e1n, 2014<\/em><\/li>\n<li><em>Licenciada en Econom\u00eda, Universidad Nacional de Tucum\u00e1n, 2004<\/em><\/li>\n<\/ul>\n<\/div>\n<p><b>Cargos en Investigaci\u00f3n y Docencia<\/b><\/p>\n<div class=\"td-paragraph-padding-4\">\n<ul>\n<li><em>Jefe de Trabajos Pr\u00e1cticos \u2013 Teor\u00eda Econ\u00f3mica Aplicada<\/em><\/li>\n<\/ul>\n<\/div>\n<div><b>Asignatura en las que interviene<\/b><\/div>\n<div><\/div>\n<div class=\"td-paragraph-padding-4\">\n<ul>\n<li><em>Teor\u00eda Econ\u00f3mica Aplicada<\/em><\/li>\n<\/ul>\n<\/div>\n<div class=\"td-paragraph-padding-4\">\n<p><strong>Contacto<\/strong><\/p>\n<\/div>\n<div class=\"td-paragraph-padding-4\">\n<p>Box 78<br \/>\nE-mail: <a href=\"mailto:faraoz@face.unt.edu.ar\" target=\"_blank\" rel=\"noopener\"><span dir=\"ltr\" data-tooltip=\"Enviar correo\">faraoz@face.unt.edu.ar<\/span><\/a><\/p>\n<p><strong>\u00c1reas de investigaci\u00f3n<\/strong><\/p>\n<p>Mi trabajo aborda la historia econ\u00f3mica de Argentina, combinando el an\u00e1lisis de las desigualdades regionales con una mirada m\u00e1s amplia sobre el desarrollo econ\u00f3mico del pa\u00eds. Mis investigaciones incluyen la construcci\u00f3n de \u00edndices hist\u00f3ricos de calidad institucional y su relaci\u00f3n con la vulnerabilidad macroecon\u00f3mica, as\u00ed como el desarrollo de bases de datos in\u00e9ditas que han permitido estudiar el crecimiento econ\u00f3mico provincial desde fines del siglo XIX. Este enfoque combina perspectivas nacionales y subnacionales para explorar los determinantes del crecimiento y la desigualdad en el largo plazo.<\/p>\n<p><strong>Publicaciones Relevantes<\/strong><\/p>\n<p><em>Cap\u00edtulos de Libros<\/em><\/p>\n<ul>\n<li>Ar\u00e1oz, F., Nicolini, E., &amp;amp; Talassino, M. (2020). Growth and convergence among Argentine provinces since 1895. En Bad\u00eda-Mir\u00f3, M., Tirado, D., &amp;amp; Willebald, H. (Eds.), Time and Space: Latin American Regional Development in Historical Perspective (Cap. 4). Palgrave Macmillan.<br \/>\nAr\u00e1oz, F., Cerro, A. M., Meloni, O., &amp;amp; Soria Genta, T. (2008). Fiscal sustainability and crises: The case of Argentina. En Dhandapani, A. (Ed.), Fiscal Imbalances and Sustainability &#8211; Concepts and Country Experiences (Cap. 10). ISBN: 978-81-314-1718-8.<\/li>\n<\/ul>\n<p><em>Revistas cient\u00edficas con referato<\/em><\/p>\n<ul>\n<li>Ar\u00e1oz, M. F., &amp;amp; Nicolini, E. A. (2020). Regional growth and the persistence of regional income inequality in Argentina in the first half of the twentieth century. Journal of Latin American Studies, 52(2), 1\u201324. https:\/\/doi.org\/10.1017\/S0022216X19001299<br \/>\nAraoz, M. F. (2013). La Calidad Institucional En Argentina En El Largo Plazo. Revista de Historia Econ\u00f3mica \/ Journal of Iberian and Latin American Economic History, 31 (01), 73\u2013109.<br \/>\nhttps:\/\/doi.org\/10.1017\/S0212610913000037<\/li>\n<li>Ar\u00e1oz, M.F., Cerro, A. M., Meloni, O. and Soria Genta, T., Empirical Evidence on Fiscal Policy Sustainability in Argentina (August 25, 2009). The IUP Journal of Monetary Economics, Vol. VII, Nos. 3 &amp;amp; 4, pp. 116-127, August &amp;amp; November 2009, Available at SSRN:<br \/>\nhttps:\/\/ssrn.com\/abstract=1461355<\/li>\n<\/ul>\n<\/div>\n","protected":false},"excerpt":{"rendered":"<p>T\u00edtulos acad\u00e9micos\u00a0 Doctora en Historia Econ\u00f3mica, Universidad de Barcelona, 2025 Magister en Econom\u00eda, Universidad Nacional de Tucum\u00e1n, 2014 Licenciada en Econom\u00eda, Universidad Nacional de Tucum\u00e1n, 2004 Cargos en Investigaci\u00f3n y Docencia Jefe de Trabajos Pr\u00e1cticos \u2013 Teor\u00eda Econ\u00f3mica Aplicada Asignatura en las que interviene Teor\u00eda Econ\u00f3mica Aplicada Contacto Box 78 E-mail: faraoz@face.unt.edu.ar \u00c1reas de investigaci\u00f3n [&hellip;]<\/p>\n","protected":false},"author":123458,"featured_media":0,"parent":0,"menu_order":0,"comment_status":"closed","ping_status":"closed","template":"","meta":{"footnotes":""},"_links":{"self":[{"href":"https:\/\/face.unt.edu.ar\/web\/ieconomia\/wp-json\/wp\/v2\/pages\/681"}],"collection":[{"href":"https:\/\/face.unt.edu.ar\/web\/ieconomia\/wp-json\/wp\/v2\/pages"}],"about":[{"href":"https:\/\/face.unt.edu.ar\/web\/ieconomia\/wp-json\/wp\/v2\/types\/page"}],"author":[{"embeddable":true,"href":"https:\/\/face.unt.edu.ar\/web\/ieconomia\/wp-json\/wp\/v2\/users\/123458"}],"replies":[{"embeddable":true,"href":"https:\/\/face.unt.edu.ar\/web\/ieconomia\/wp-json\/wp\/v2\/comments?post=681"}],"version-history":[{"count":4,"href":"https:\/\/face.unt.edu.ar\/web\/ieconomia\/wp-json\/wp\/v2\/pages\/681\/revisions"}],"predecessor-version":[{"id":1400,"href":"https:\/\/face.unt.edu.ar\/web\/ieconomia\/wp-json\/wp\/v2\/pages\/681\/revisions\/1400"}],"wp:attachment":[{"href":"https:\/\/face.unt.edu.ar\/web\/ieconomia\/wp-json\/wp\/v2\/media?parent=681"}],"curies":[{"name":"wp","href":"https:\/\/api.w.org\/{rel}","templated":true}]}}