{"id":701,"date":"2021-10-15T12:27:27","date_gmt":"2021-10-15T12:27:27","guid":{"rendered":"https:\/\/face.unt.edu.ar\/web\/ieconomia\/?page_id=701"},"modified":"2021-10-15T12:27:27","modified_gmt":"2021-10-15T12:27:27","slug":"lilia-alcira-mohanna","status":"publish","type":"page","link":"https:\/\/face.unt.edu.ar\/web\/ieconomia\/lilia-alcira-mohanna\/","title":{"rendered":"LILIA ALCIRA MOHANNA"},"content":{"rendered":"<p><strong>T\u00edtulos acad\u00e9micos\u00a0<\/strong><\/p>\n<div class=\"td-paragraph-padding-4\">\n<ul>\n<li><em>Licenciada en Econom\u00eda \u2013 Universidad Nacional De Tucum\u00e1n<\/em><\/li>\n<\/ul>\n<\/div>\n<p><b>Cargos en Investigaci\u00f3n y Docencia<\/b><\/p>\n<div class=\"td-paragraph-padding-4\">\n<ul>\n<li><em>Jefe de Trabajos Pr\u00e1cticos \u2013 Principios de Econom\u00eda I<\/em><\/li>\n<\/ul>\n<\/div>\n<div><b>Asignatura en las que interviene<\/b><\/div>\n<div><\/div>\n<div class=\"td-paragraph-padding-4\">\n<ul>\n<li><em>Principios de Econom\u00eda I<\/em><\/li>\n<\/ul>\n<\/div>\n<p><strong>Contacto<\/strong><\/p>\n<div class=\"td-paragraph-padding-4\">\n<p>E-mail: lmohanna@face.unt.edu.ar<\/p>\n<\/div>\n<div class=\"td-paragraph-padding-0\">\n<p>&nbsp;<\/p>\n<\/div>\n","protected":false},"excerpt":{"rendered":"<p>T\u00edtulos acad\u00e9micos\u00a0 Licenciada en Econom\u00eda \u2013 Universidad Nacional De Tucum\u00e1n Cargos en Investigaci\u00f3n y Docencia Jefe de Trabajos Pr\u00e1cticos \u2013 Principios de Econom\u00eda I Asignatura en las que interviene Principios de Econom\u00eda I Contacto E-mail: lmohanna@face.unt.edu.ar &nbsp;<\/p>\n","protected":false},"author":123458,"featured_media":0,"parent":0,"menu_order":0,"comment_status":"closed","ping_status":"closed","template":"","meta":{"footnotes":""},"_links":{"self":[{"href":"https:\/\/face.unt.edu.ar\/web\/ieconomia\/wp-json\/wp\/v2\/pages\/701"}],"collection":[{"href":"https:\/\/face.unt.edu.ar\/web\/ieconomia\/wp-json\/wp\/v2\/pages"}],"about":[{"href":"https:\/\/face.unt.edu.ar\/web\/ieconomia\/wp-json\/wp\/v2\/types\/page"}],"author":[{"embeddable":true,"href":"https:\/\/face.unt.edu.ar\/web\/ieconomia\/wp-json\/wp\/v2\/users\/123458"}],"replies":[{"embeddable":true,"href":"https:\/\/face.unt.edu.ar\/web\/ieconomia\/wp-json\/wp\/v2\/comments?post=701"}],"version-history":[{"count":1,"href":"https:\/\/face.unt.edu.ar\/web\/ieconomia\/wp-json\/wp\/v2\/pages\/701\/revisions"}],"predecessor-version":[{"id":702,"href":"https:\/\/face.unt.edu.ar\/web\/ieconomia\/wp-json\/wp\/v2\/pages\/701\/revisions\/702"}],"wp:attachment":[{"href":"https:\/\/face.unt.edu.ar\/web\/ieconomia\/wp-json\/wp\/v2\/media?parent=701"}],"curies":[{"name":"wp","href":"https:\/\/api.w.org\/{rel}","templated":true}]}}