{"id":714,"date":"2021-10-18T13:32:57","date_gmt":"2021-10-18T13:32:57","guid":{"rendered":"https:\/\/face.unt.edu.ar\/web\/ieconomia\/?page_id=714"},"modified":"2022-09-27T12:54:37","modified_gmt":"2022-09-27T12:54:37","slug":"florencia-correa-deza","status":"publish","type":"page","link":"https:\/\/face.unt.edu.ar\/web\/ieconomia\/florencia-correa-deza\/","title":{"rendered":"MARIA FLORENCIA CORREA DEZA"},"content":{"rendered":"<p><strong>T\u00edtulos acad\u00e9micos\u00a0<\/strong><\/p>\n<div class=\"td-paragraph-padding-4\">\n<ul>\n<li><em>Licenciada en Econom\u00eda \u2013 Universidad Nacional De Tucum\u00e1n<\/em><\/li>\n<li><em>Doctoranda en Humanidades \u2013 Universidad Nacional De Tucum\u00e1n<\/em><\/li>\n<\/ul>\n<\/div>\n<p><b>Cargos en Investigaci\u00f3n y Docencia<\/b><\/p>\n<div class=\"td-paragraph-padding-4\">\n<ul>\n<li><em>Jefe de Trabajos Pr\u00e1cticos<\/em><\/li>\n<li><em>Directora Ejecutiva <a href=\"https:\/\/www.lapde.unt.edu.ar\/\" target=\"_blank\" rel=\"noopener\">LAPDE<\/a><\/em><\/li>\n<\/ul>\n<\/div>\n<div><b>Asignatura en las que interviene<\/b><\/div>\n<div class=\"td-paragraph-padding-4\">\n<ul>\n<li><em>Historia Econ\u00f3mica<\/em><\/li>\n<\/ul>\n<\/div>\n<div class=\"td-paragraph-padding-4\">\n<p><strong>Contacto<\/strong><\/p>\n<\/div>\n<div class=\"td-paragraph-padding-4\">\n<p>E-mail: fcorreadeza@gmail.com<\/p>\n<\/div>\n","protected":false},"excerpt":{"rendered":"<p>T\u00edtulos acad\u00e9micos\u00a0 Licenciada en Econom\u00eda \u2013 Universidad Nacional De Tucum\u00e1n Doctoranda en Humanidades \u2013 Universidad Nacional De Tucum\u00e1n Cargos en Investigaci\u00f3n y Docencia Jefe de Trabajos Pr\u00e1cticos Directora Ejecutiva LAPDE Asignatura en las que interviene Historia Econ\u00f3mica Contacto E-mail: fcorreadeza@gmail.com<\/p>\n","protected":false},"author":123458,"featured_media":0,"parent":0,"menu_order":0,"comment_status":"closed","ping_status":"closed","template":"","meta":{"footnotes":""},"_links":{"self":[{"href":"https:\/\/face.unt.edu.ar\/web\/ieconomia\/wp-json\/wp\/v2\/pages\/714"}],"collection":[{"href":"https:\/\/face.unt.edu.ar\/web\/ieconomia\/wp-json\/wp\/v2\/pages"}],"about":[{"href":"https:\/\/face.unt.edu.ar\/web\/ieconomia\/wp-json\/wp\/v2\/types\/page"}],"author":[{"embeddable":true,"href":"https:\/\/face.unt.edu.ar\/web\/ieconomia\/wp-json\/wp\/v2\/users\/123458"}],"replies":[{"embeddable":true,"href":"https:\/\/face.unt.edu.ar\/web\/ieconomia\/wp-json\/wp\/v2\/comments?post=714"}],"version-history":[{"count":4,"href":"https:\/\/face.unt.edu.ar\/web\/ieconomia\/wp-json\/wp\/v2\/pages\/714\/revisions"}],"predecessor-version":[{"id":1025,"href":"https:\/\/face.unt.edu.ar\/web\/ieconomia\/wp-json\/wp\/v2\/pages\/714\/revisions\/1025"}],"wp:attachment":[{"href":"https:\/\/face.unt.edu.ar\/web\/ieconomia\/wp-json\/wp\/v2\/media?parent=714"}],"curies":[{"name":"wp","href":"https:\/\/api.w.org\/{rel}","templated":true}]}}