{"id":726,"date":"2021-10-18T14:18:58","date_gmt":"2021-10-18T14:18:58","guid":{"rendered":"https:\/\/face.unt.edu.ar\/web\/ieconomia\/?page_id=726"},"modified":"2022-09-27T12:44:16","modified_gmt":"2022-09-27T12:44:16","slug":"mariana-delgado-cordomi","status":"publish","type":"page","link":"https:\/\/face.unt.edu.ar\/web\/ieconomia\/mariana-delgado-cordomi\/","title":{"rendered":"MARIANA DELGADO CORDOM\u00cd"},"content":{"rendered":"<p><strong>T\u00edtulos acad\u00e9micos\u00a0<\/strong><\/p>\n<div class=\"td-paragraph-padding-4\">\n<ul>\n<li><em>Licenciada en Econom\u00eda \u2013 Universidad Nacional De Tucum\u00e1n<\/em><\/li>\n<li><em>Magister en Administraci\u00f3n \u2013 Universidad Nacional De Tucum\u00e1n<\/em><\/li>\n<\/ul>\n<\/div>\n<p><b>Cargos en Investigaci\u00f3n y Docencia<\/b><\/p>\n<div class=\"td-paragraph-padding-4\">\n<ul>\n<li><em>Profesora Adjunta\u00a0<\/em><\/li>\n<li><em>Docente investigador categorizado en el programa de incentivos a docentes investigadores UNT<\/em><\/li>\n<li><em>Coordinadora \u00c1rea de Ambiente <a href=\"https:\/\/www.lapde.unt.edu.ar\/\" target=\"_blank\" rel=\"noopener\">LAPDE<\/a><\/em><\/li>\n<\/ul>\n<\/div>\n<div><b>Asignatura en las que interviene<\/b><\/div>\n<div><\/div>\n<div class=\"td-paragraph-padding-4\">\n<ul>\n<li><em>Microeconom\u00eda I <\/em><\/li>\n<li><em>Econom\u00eda del Medioambiente<\/em><\/li>\n<\/ul>\n<\/div>\n<p><strong>\u00c1reas de Investigaci\u00f3n<\/strong><\/p>\n<ul>\n<li style=\"list-style-type: none\">\n<ul>\n<li>Investigaci\u00f3n de Mercados<\/li>\n<li>Cadenas productivas<\/li>\n<li>Econom\u00eda Ambiental<\/li>\n<\/ul>\n<\/li>\n<\/ul>\n<p><strong>Contacto<\/strong><\/p>\n<div class=\"td-paragraph-padding-4\">\n<p>E-mail: mdcordomi@face.unt.edu.ar<\/p>\n<\/div>\n","protected":false},"excerpt":{"rendered":"<p>T\u00edtulos acad\u00e9micos\u00a0 Licenciada en Econom\u00eda \u2013 Universidad Nacional De Tucum\u00e1n Magister en Administraci\u00f3n \u2013 Universidad Nacional De Tucum\u00e1n Cargos en Investigaci\u00f3n y Docencia Profesora Adjunta\u00a0 Docente investigador categorizado en el programa de incentivos a docentes investigadores UNT Coordinadora \u00c1rea de Ambiente LAPDE Asignatura en las que interviene Microeconom\u00eda I Econom\u00eda del Medioambiente \u00c1reas de Investigaci\u00f3n [&hellip;]<\/p>\n","protected":false},"author":123458,"featured_media":0,"parent":0,"menu_order":0,"comment_status":"closed","ping_status":"closed","template":"","meta":{"footnotes":""},"_links":{"self":[{"href":"https:\/\/face.unt.edu.ar\/web\/ieconomia\/wp-json\/wp\/v2\/pages\/726"}],"collection":[{"href":"https:\/\/face.unt.edu.ar\/web\/ieconomia\/wp-json\/wp\/v2\/pages"}],"about":[{"href":"https:\/\/face.unt.edu.ar\/web\/ieconomia\/wp-json\/wp\/v2\/types\/page"}],"author":[{"embeddable":true,"href":"https:\/\/face.unt.edu.ar\/web\/ieconomia\/wp-json\/wp\/v2\/users\/123458"}],"replies":[{"embeddable":true,"href":"https:\/\/face.unt.edu.ar\/web\/ieconomia\/wp-json\/wp\/v2\/comments?post=726"}],"version-history":[{"count":4,"href":"https:\/\/face.unt.edu.ar\/web\/ieconomia\/wp-json\/wp\/v2\/pages\/726\/revisions"}],"predecessor-version":[{"id":1023,"href":"https:\/\/face.unt.edu.ar\/web\/ieconomia\/wp-json\/wp\/v2\/pages\/726\/revisions\/1023"}],"wp:attachment":[{"href":"https:\/\/face.unt.edu.ar\/web\/ieconomia\/wp-json\/wp\/v2\/media?parent=726"}],"curies":[{"name":"wp","href":"https:\/\/api.w.org\/{rel}","templated":true}]}}