{"id":808,"date":"2021-11-04T16:00:18","date_gmt":"2021-11-04T16:00:18","guid":{"rendered":"https:\/\/face.unt.edu.ar\/web\/ieconomia\/?page_id=808"},"modified":"2021-11-04T16:00:18","modified_gmt":"2021-11-04T16:00:18","slug":"estadistica","status":"publish","type":"page","link":"https:\/\/face.unt.edu.ar\/web\/ieconomia\/estadistica\/","title":{"rendered":"Estad\u00edstica"},"content":{"rendered":"<p><strong>Descripci\u00f3n:<\/strong><\/p>\n<p>la asignatura se ofrece con un punto de vista predominantemente aplicado. Aunque los modelos estad\u00edsticos tienen su origen y fundamento en la Matem\u00e1tica, los requerimientos matem\u00e1ticos necesarios para cursar la materia son adquiridos en las materias pre-correlativas que detalla el Pan de Estudios de las carreras de grado (Matem\u00e1tica i y Matem\u00e1tica II)<\/p>\n<p>En la actualidad diferentes autores proponen el trabajo combinado de estudio y dise\u00f1o de metodolog\u00edas e instrumentos de recolecci\u00f3n y del an\u00e1lisis de informaci\u00f3n (cuantitativa y cualitativa). El uso de m\u00e9todos, fuentes y t\u00e9cnicas de recolecci\u00f3n de datos resulta de gran relevancia entre las actividades de los profesionales en Ciencias Econ\u00f3micas.<\/p>\n<p>El conocimiento, dise\u00f1o y aplicaci\u00f3n de metodolog\u00eda y t\u00e9cnicas estad\u00edsticas a datos de econom\u00eda, administraci\u00f3n de negocios y al sistema contable permite desarrollar aptitudes y habilidades para la obtenci\u00f3n de informaci\u00f3n pertinente en el proceso de toma de decisiones en diferentes campos de actuaci\u00f3n profesional, incluidas la docencia y la investigaci\u00f3n disciplinaria e interdisciplinaria.<\/p>\n<p><a href=\"https:\/\/face.unt.edu.ar\/web\/programas\/nuevosprogramas\/404-HCD-16%20Programa%20Estadistica%20para%20LE.pdf\" target=\"_blank\" rel=\"noopener\"><strong>Programa completo<\/strong><\/a><\/p>\n<h5><strong>Staff docente:\u00a0<\/strong><\/h5>\n<ul>\n<li>AMOROSO DE MAZA, MARIA TERESA &#8211; Prof. Adjunta<\/li>\n<li>HUERTA MENDOZA DE LABASTIDA, MONICA INES &#8211; Prof. Adjunta<\/li>\n<li>JULIANO, VICTOR EDUARDO &#8211; Prof. Adjunto<\/li>\n<li>ALCAIDE, ALEJANDRO JOSE &#8211; JTP<\/li>\n<li>AUGIER, ROLANDO MATIAS &#8211; JTP<\/li>\n<li>CASTILLO, LUCIANA RAQUEL &#8211; JTP<\/li>\n<li>FERNANDEZ, JUAN MANUEL &#8211; JTP<\/li>\n<li>FRANCO DE BERDUC, SANDRA NOEM\u00cd &#8211; JTP<\/li>\n<li>LOPEZ CLEIP DE SOSA, AIDA BEATRIZ DEL HUERTO &#8211; JTP<\/li>\n<li>LOPEZ DE CORBALAN, FELISA MARINA &#8211; JTP<\/li>\n<li>ROLLAN, PEDRO &#8211; JTP<\/li>\n<li>TALASSINO, MAURICIO RODRIGO &#8211; JTP<\/li>\n<\/ul>\n","protected":false},"excerpt":{"rendered":"<p>Descripci\u00f3n: la asignatura se ofrece con un punto de vista predominantemente aplicado. Aunque los modelos estad\u00edsticos tienen su origen y fundamento en la Matem\u00e1tica, los requerimientos matem\u00e1ticos necesarios para cursar la materia son adquiridos en las materias pre-correlativas que detalla el Pan de Estudios de las carreras de grado (Matem\u00e1tica i y Matem\u00e1tica II) En [&hellip;]<\/p>\n","protected":false},"author":123458,"featured_media":0,"parent":0,"menu_order":0,"comment_status":"closed","ping_status":"closed","template":"","meta":{"footnotes":""},"_links":{"self":[{"href":"https:\/\/face.unt.edu.ar\/web\/ieconomia\/wp-json\/wp\/v2\/pages\/808"}],"collection":[{"href":"https:\/\/face.unt.edu.ar\/web\/ieconomia\/wp-json\/wp\/v2\/pages"}],"about":[{"href":"https:\/\/face.unt.edu.ar\/web\/ieconomia\/wp-json\/wp\/v2\/types\/page"}],"author":[{"embeddable":true,"href":"https:\/\/face.unt.edu.ar\/web\/ieconomia\/wp-json\/wp\/v2\/users\/123458"}],"replies":[{"embeddable":true,"href":"https:\/\/face.unt.edu.ar\/web\/ieconomia\/wp-json\/wp\/v2\/comments?post=808"}],"version-history":[{"count":1,"href":"https:\/\/face.unt.edu.ar\/web\/ieconomia\/wp-json\/wp\/v2\/pages\/808\/revisions"}],"predecessor-version":[{"id":809,"href":"https:\/\/face.unt.edu.ar\/web\/ieconomia\/wp-json\/wp\/v2\/pages\/808\/revisions\/809"}],"wp:attachment":[{"href":"https:\/\/face.unt.edu.ar\/web\/ieconomia\/wp-json\/wp\/v2\/media?parent=808"}],"curies":[{"name":"wp","href":"https:\/\/api.w.org\/{rel}","templated":true}]}}