{"id":893,"date":"2022-03-29T13:06:37","date_gmt":"2022-03-29T13:06:37","guid":{"rendered":"https:\/\/face.unt.edu.ar\/web\/ieconomia\/?page_id=893"},"modified":"2022-03-29T13:06:37","modified_gmt":"2022-03-29T13:06:37","slug":"hugo-daniel-ferullo","status":"publish","type":"page","link":"https:\/\/face.unt.edu.ar\/web\/ieconomia\/hugo-daniel-ferullo\/","title":{"rendered":"HUGO DANIEL FERULLO"},"content":{"rendered":"<p><strong>T\u00edtulos acad\u00e9micos\u00a0<\/strong><\/p>\n<ul>\n<li><em>Doctor en Econom\u00eda. Universite Lumiere Lyon 2. Francia<\/em><\/li>\n<li><em>Diplome D\u2019Etudes Approfondies. Universite Lumiere Lyon 2 (Ucbl) Francia.<\/em><\/li>\n<li><em> en Econom\u00eda\u00a0(UNT)<\/em>.<\/li>\n<li><em>Contador P\u00fablico Nacional (UNT)<\/em><\/li>\n<\/ul>\n<p><strong>Cargos en Investigaci\u00f3n y Docencia<\/strong><\/p>\n<ul>\n<li><em>Profesor Titular<\/em><\/li>\n<li><em>Docente Investigadora Categor\u00eda I<\/em><\/li>\n<li><em>Director Proyecto PIUNT La Cuesti\u00f3n de la Desigualdad en el Pensamiento Econ\u00f3mico Moderno. Situaci\u00f3n Actual en Argentina y en el NOA. Secretar\u00eda de Ciencia Arte e Innovaci\u00f3n Tecnol\u00f3gica UNT.<\/em><\/li>\n<li><em>Director Proyecto PICT 2018 4605 Los Derechos Econ\u00f3micos Sociales y Culturales en el NOA. AGENCIA (Agencia Nacional de Promoci\u00f3n de la Investigaci\u00f3n, el Desarrollo Tecnol\u00f3gico y la Innovaci\u00f3n. Ministerio de Ciencia Tecnolog\u00eda e Innovaci\u00f3n).<\/em><\/li>\n<\/ul>\n<p><strong>Asignatura en las que interviene<\/strong><\/p>\n<ul>\n<li>Principios De Econom\u00eda II<\/li>\n<li>Macroeconom\u00eda I<\/li>\n<li>Econom\u00eda Y Sociedad<\/li>\n<li>Seminario Metodolog\u00eda de la Econom\u00eda<\/li>\n<\/ul>\n<p><strong>\u00c1reas de Investigaci\u00f3n<\/strong><\/p>\n<p>Ciencias Sociales Interdisciplinarias<\/p>\n<p><strong>Contacto<\/strong><\/p>\n<p>E-mail: hferullo@herrera.unt.edu.ar<br \/>\nBox: 75<\/p>\n<p><strong>Publicaciones Relevantes<\/strong><\/p>\n<p><em><strong>Libros<\/strong><\/em><\/p>\n<p>Lecciones Preliminares de la Macroeconom\u00eda. (En prensa)<\/p>\n<p>La Complejidad Social del Pensamiento Econ\u00f3mico.\u00a0 Editorial UNSTA (Universidad del Norte Santo Tom\u00e1s de Aquino). 2010. ISBN 978-987-1662-14-2.<\/p>\n<p>Luces y Sombras del Pensamiento Econ\u00f3mico Moderno. Universidad Nacional de Tucum\u00e1n. 2006. ISBN 978-950-554-494-3<\/p>\n<p>El Malestar en las Modernas Econom\u00edas de Mercado. Sobre la Econom\u00eda Social, el Tercer Sector y la Sociedad Civil. Buenos Aires: Ediciones Macchi. 2000. ISBN 950-537-512-3<\/p>\n<p><em><strong>Cap\u00edtulos en libros<\/strong><\/em><\/p>\n<p>El Noroeste Argentino (NOA): Notas desde la Perspectiva de la Econom\u00eda Pol\u00edtica del Desarrollo. El Norte Grande Argentino. Cultura y Regi\u00f3n. (Comp M\u00f3nica Ruffino). Ciudad Aut\u00f3noma de Buenos Aires. Ediciones CICCUS. 2017. p281 &#8211; 300. isbn 978-987-693-717-7.<\/p>\n<p>La Dimensi\u00f3n Econ\u00f3mica de la Pobreza. Pensar la Patria desde el Umbral de la Tercera Centuria. COMISI\u00d3N ARQUIDIOCESANA PARA EL BICENTENARIO DE LA INDEPENDENCIA. Educaci\u00f3n-Flagelos Sociales- Ciudadan\u00eda y Bien Com\u00fan. Salta: Artes Gr\u00e1ficas Crivelli. 2016. p109 &#8211; 131. isbn 978-987-46404-0-6<\/p>\n<p>Sobre los Conceptos de Pobreza y Subdesarrollo en el Pensamiento Econ\u00f3mico Tradicional. Geograf\u00eda de la Pobreza en el Norte Grande Argentino. Tucum\u00e1n. EDUNT Ediciones del Rectorado UNT Programa de las Naciones Unidas para el Desarrollo &#8211; Conicet &#8211; Universidad Nacional de Tucum\u00e1n. 2009. p42 &#8211; 58. isbn 978-987-05-7010-3<\/p>\n<p>&nbsp;<\/p>\n","protected":false},"excerpt":{"rendered":"<p>T\u00edtulos acad\u00e9micos\u00a0 Doctor en Econom\u00eda. Universite Lumiere Lyon 2. Francia Diplome D\u2019Etudes Approfondies. Universite Lumiere Lyon 2 (Ucbl) Francia. en Econom\u00eda\u00a0(UNT). Contador P\u00fablico Nacional (UNT) Cargos en Investigaci\u00f3n y Docencia Profesor Titular Docente Investigadora Categor\u00eda I Director Proyecto PIUNT La Cuesti\u00f3n de la Desigualdad en el Pensamiento Econ\u00f3mico Moderno. Situaci\u00f3n Actual en Argentina y en [&hellip;]<\/p>\n","protected":false},"author":123458,"featured_media":0,"parent":0,"menu_order":0,"comment_status":"closed","ping_status":"closed","template":"","meta":{"footnotes":""},"_links":{"self":[{"href":"https:\/\/face.unt.edu.ar\/web\/ieconomia\/wp-json\/wp\/v2\/pages\/893"}],"collection":[{"href":"https:\/\/face.unt.edu.ar\/web\/ieconomia\/wp-json\/wp\/v2\/pages"}],"about":[{"href":"https:\/\/face.unt.edu.ar\/web\/ieconomia\/wp-json\/wp\/v2\/types\/page"}],"author":[{"embeddable":true,"href":"https:\/\/face.unt.edu.ar\/web\/ieconomia\/wp-json\/wp\/v2\/users\/123458"}],"replies":[{"embeddable":true,"href":"https:\/\/face.unt.edu.ar\/web\/ieconomia\/wp-json\/wp\/v2\/comments?post=893"}],"version-history":[{"count":1,"href":"https:\/\/face.unt.edu.ar\/web\/ieconomia\/wp-json\/wp\/v2\/pages\/893\/revisions"}],"predecessor-version":[{"id":894,"href":"https:\/\/face.unt.edu.ar\/web\/ieconomia\/wp-json\/wp\/v2\/pages\/893\/revisions\/894"}],"wp:attachment":[{"href":"https:\/\/face.unt.edu.ar\/web\/ieconomia\/wp-json\/wp\/v2\/media?parent=893"}],"curies":[{"name":"wp","href":"https:\/\/api.w.org\/{rel}","templated":true}]}}