{"id":974,"date":"2022-07-06T12:53:17","date_gmt":"2022-07-06T12:53:17","guid":{"rendered":"https:\/\/face.unt.edu.ar\/web\/ieconomia\/?page_id=974"},"modified":"2022-07-06T12:53:17","modified_gmt":"2022-07-06T12:53:17","slug":"maria-jose-leguizamon","status":"publish","type":"page","link":"https:\/\/face.unt.edu.ar\/web\/ieconomia\/maria-jose-leguizamon\/","title":{"rendered":"MAR\u00cdA JOS\u00c9 LEGUIZAM\u00d3N"},"content":{"rendered":"<p><strong>T\u00edtulos acad\u00e9micos\u00a0<\/strong><\/p>\n<div class=\"td-paragraph-padding-4\">\n<ul>\n<li><em>Lic. en Econom\u00eda\u00a0(UNT)<\/em><\/li>\n<li><em>Doctoranda en Humanidades (UNT)<\/em><\/li>\n<\/ul>\n<\/div>\n<p><b>Cargos en Investigaci\u00f3n y Docencia<\/b><\/p>\n<div class=\"td-paragraph-padding-4\">\n<ul>\n<li><em>Profesora Adjunta<\/em><\/li>\n<li><em>Docente Investigadora Categor\u00eda IV<\/em><\/li>\n<\/ul>\n<\/div>\n<div><b>Asignatura en las que interviene<\/b><\/div>\n<div><\/div>\n<div class=\"td-paragraph-padding-4\">\n<ul>\n<li>Principios De Econom\u00eda II<\/li>\n<li>Macroeconom\u00eda I<\/li>\n<li>Econom\u00eda Y Sociedad<\/li>\n<\/ul>\n<\/div>\n<p><strong>\u00c1reas de Investigaci\u00f3n<\/strong><\/p>\n<div class=\"td-paragraph-padding-4\">\n<p>Ciencias Sociales Interdisciplinarias<\/p>\n<\/div>\n<p><strong>Contacto<\/strong><\/p>\n<div class=\"td-paragraph-padding-4\">\n<p>E-mail: mjleguizamon@face.unt.edu.ar<br \/>\nBox: 73<\/p>\n<\/div>\n","protected":false},"excerpt":{"rendered":"<p>T\u00edtulos acad\u00e9micos\u00a0 Lic. en Econom\u00eda\u00a0(UNT) Doctoranda en Humanidades (UNT) Cargos en Investigaci\u00f3n y Docencia Profesora Adjunta Docente Investigadora Categor\u00eda IV Asignatura en las que interviene Principios De Econom\u00eda II Macroeconom\u00eda I Econom\u00eda Y Sociedad \u00c1reas de Investigaci\u00f3n Ciencias Sociales Interdisciplinarias Contacto E-mail: mjleguizamon@face.unt.edu.ar Box: 73<\/p>\n","protected":false},"author":123458,"featured_media":0,"parent":0,"menu_order":0,"comment_status":"closed","ping_status":"closed","template":"","meta":{"footnotes":""},"_links":{"self":[{"href":"https:\/\/face.unt.edu.ar\/web\/ieconomia\/wp-json\/wp\/v2\/pages\/974"}],"collection":[{"href":"https:\/\/face.unt.edu.ar\/web\/ieconomia\/wp-json\/wp\/v2\/pages"}],"about":[{"href":"https:\/\/face.unt.edu.ar\/web\/ieconomia\/wp-json\/wp\/v2\/types\/page"}],"author":[{"embeddable":true,"href":"https:\/\/face.unt.edu.ar\/web\/ieconomia\/wp-json\/wp\/v2\/users\/123458"}],"replies":[{"embeddable":true,"href":"https:\/\/face.unt.edu.ar\/web\/ieconomia\/wp-json\/wp\/v2\/comments?post=974"}],"version-history":[{"count":1,"href":"https:\/\/face.unt.edu.ar\/web\/ieconomia\/wp-json\/wp\/v2\/pages\/974\/revisions"}],"predecessor-version":[{"id":975,"href":"https:\/\/face.unt.edu.ar\/web\/ieconomia\/wp-json\/wp\/v2\/pages\/974\/revisions\/975"}],"wp:attachment":[{"href":"https:\/\/face.unt.edu.ar\/web\/ieconomia\/wp-json\/wp\/v2\/media?parent=974"}],"curies":[{"name":"wp","href":"https:\/\/api.w.org\/{rel}","templated":true}]}}