{"id":980,"date":"2022-07-06T14:43:09","date_gmt":"2022-07-06T14:43:09","guid":{"rendered":"https:\/\/face.unt.edu.ar\/web\/ieconomia\/?page_id=980"},"modified":"2022-07-06T14:43:09","modified_gmt":"2022-07-06T14:43:09","slug":"gabriel-amos-fridrij","status":"publish","type":"page","link":"https:\/\/face.unt.edu.ar\/web\/ieconomia\/gabriel-amos-fridrij\/","title":{"rendered":"GABRIEL AMOS FRIDRIJ"},"content":{"rendered":"<p><strong>T\u00edtulos acad\u00e9micos\u00a0<\/strong><\/p>\n<ul>\n<li><em>Licenciado en Econom\u00eda \u2013 Universidad Nacional de Tucum\u00e1n<\/em><\/li>\n<li>Diploma de Graduado en Pol\u00edtica de Modelado de Comercio ( 2000 UFSIA University Antwerp B\u00e9lgica)<\/li>\n<\/ul>\n<p><b>Cargos en Investigaci\u00f3n y Docencia<\/b><\/p>\n<div class=\"td-paragraph-padding-4\">\n<ul>\n<li><em>Jefe de Trabajos Pr\u00e1cticos\u00a0<\/em><\/li>\n<\/ul>\n<\/div>\n<div><b>Asignatura en las que interviene<\/b><\/div>\n<div class=\"td-paragraph-padding-4\">\n<ul>\n<li><em>Principios de Econom\u00eda I<\/em><\/li>\n<\/ul>\n<\/div>\n<p><strong>Contacto<\/strong><\/p>\n<p style=\"padding-left: 40px\">E-mail: <a class=\"VL8GHd\" href=\"mailto:gfridrij@face.unt.edu.ar\" target=\"_blank\" rel=\"noopener\"><span dir=\"ltr\" data-tooltip=\"Enviar correo\">gfridrij@face.unt.edu.ar<\/span><\/a><br \/>\nBox: 71<\/p>\n","protected":false},"excerpt":{"rendered":"<p>T\u00edtulos acad\u00e9micos\u00a0 Licenciado en Econom\u00eda \u2013 Universidad Nacional de Tucum\u00e1n Diploma de Graduado en Pol\u00edtica de Modelado de Comercio ( 2000 UFSIA University Antwerp B\u00e9lgica) Cargos en Investigaci\u00f3n y Docencia Jefe de Trabajos Pr\u00e1cticos\u00a0 Asignatura en las que interviene Principios de Econom\u00eda I Contacto E-mail: gfridrij@face.unt.edu.ar Box: 71<\/p>\n","protected":false},"author":123458,"featured_media":0,"parent":0,"menu_order":0,"comment_status":"closed","ping_status":"closed","template":"","meta":{"footnotes":""},"_links":{"self":[{"href":"https:\/\/face.unt.edu.ar\/web\/ieconomia\/wp-json\/wp\/v2\/pages\/980"}],"collection":[{"href":"https:\/\/face.unt.edu.ar\/web\/ieconomia\/wp-json\/wp\/v2\/pages"}],"about":[{"href":"https:\/\/face.unt.edu.ar\/web\/ieconomia\/wp-json\/wp\/v2\/types\/page"}],"author":[{"embeddable":true,"href":"https:\/\/face.unt.edu.ar\/web\/ieconomia\/wp-json\/wp\/v2\/users\/123458"}],"replies":[{"embeddable":true,"href":"https:\/\/face.unt.edu.ar\/web\/ieconomia\/wp-json\/wp\/v2\/comments?post=980"}],"version-history":[{"count":1,"href":"https:\/\/face.unt.edu.ar\/web\/ieconomia\/wp-json\/wp\/v2\/pages\/980\/revisions"}],"predecessor-version":[{"id":981,"href":"https:\/\/face.unt.edu.ar\/web\/ieconomia\/wp-json\/wp\/v2\/pages\/980\/revisions\/981"}],"wp:attachment":[{"href":"https:\/\/face.unt.edu.ar\/web\/ieconomia\/wp-json\/wp\/v2\/media?parent=980"}],"curies":[{"name":"wp","href":"https:\/\/api.w.org\/{rel}","templated":true}]}}