{"id":157,"date":"2014-09-09T12:45:34","date_gmt":"2014-09-09T12:45:34","guid":{"rendered":"http:\/\/face.unt.edu.ar\/web\/iestadisticas\/?page_id=157"},"modified":"2018-11-08T15:54:23","modified_gmt":"2018-11-08T15:54:23","slug":"magister-en-estadistica-aplicada","status":"publish","type":"page","link":"https:\/\/face.unt.edu.ar\/web\/iestadisticas\/magister-en-estadistica-aplicada\/","title":{"rendered":"Magister en Estad\u00edstica Aplicada."},"content":{"rendered":"<p>&nbsp;<\/p>\n<p style=\"text-align: center\"><a href=\"http:\/\/face.unt.edu.ar\/web\/iestadisticas\/wp-content\/uploads\/sites\/5\/2018\/11\/logo-MAE-definitivo.jpg\"><img decoding=\"async\" loading=\"lazy\" class=\"alignnone  wp-image-364\" src=\"http:\/\/face.unt.edu.ar\/web\/iestadisticas\/wp-content\/uploads\/sites\/5\/2018\/11\/logo-MAE-definitivo-300x230.jpg\" alt=\"\" width=\"393\" height=\"301\" srcset=\"https:\/\/face.unt.edu.ar\/web\/iestadisticas\/wp-content\/uploads\/sites\/5\/2018\/11\/logo-MAE-definitivo-300x230.jpg 300w, https:\/\/face.unt.edu.ar\/web\/iestadisticas\/wp-content\/uploads\/sites\/5\/2018\/11\/logo-MAE-definitivo-768x589.jpg 768w, https:\/\/face.unt.edu.ar\/web\/iestadisticas\/wp-content\/uploads\/sites\/5\/2018\/11\/logo-MAE-definitivo.jpg 906w\" sizes=\"(max-width: 393px) 100vw, 393px\" \/><\/a><\/p>\n<p style=\"text-align: center\">\u00a0<strong>INSCRIPCI\u00d3N PARA EL CICLO 2019-2020: HASTA EL 18 DE FEBRERO DE 2019<\/strong><\/p>\n<p><strong>Informes e Inscripciones:\u00a0<\/strong>Instituto de Investigaciones Estad\u00edsticas (INIE)\u00a0Facultad de Ciencias Econ\u00f3micas.\u00a0Av. Independencia 1900.\u00a0San Miguel de Tucum\u00e1n. CP:\u00a04000 \u2013 Tucum\u00e1n<\/p>\n<p><strong>Tel\u00e9fonos:\u00a0<\/strong>+54 (381) 4107548 &#8211;\u00a0+54 (381) 4364093. Internos\u00a0 7548, 7612, 7667<\/p>\n<p><strong>Fax:\u00a0<\/strong>+54 (381) 4364105<\/p>\n<p><strong>email<\/strong>: inie@herrera.edu.ar<br \/>\n<strong>Horarios:\u00a0<\/strong>9:00hs a 13:00hs y 17:00hs a 19:00hs<\/p>\n<p><a href=\"https:\/\/drive.google.com\/drive\/u\/0\/folders\/1MgpGHwhoz2iud7NA3wv5bV23kN6JPGVu\">Descargar Solicitud de Admisi\u00f3n A\u00f1o 2019<\/a><br \/>\n<a href=\"https:\/\/drive.google.com\/drive\/u\/0\/folders\/1MgpGHwhoz2iud7NA3wv5bV23kN6JPGVu\">Descargar Solicitud de Beca A\u00f1o 2019<\/a><\/p>\n<p><strong>Direcci\u00f3n Acad\u00e9mica:<\/strong><\/p>\n<p><strong>Director:<\/strong> Dra. Viviana B. Lencina<\/p>\n<p><strong>Objetivos:<br \/>\n<\/strong>El Mag\u00edster en Estad\u00edstica Aplicada ofrece a graduados universitarios de distintas disciplinas, un programa intensivo de cursos, pr\u00e1cticas, trabajos e investigaciones que los capacite en el uso sistem\u00e1tico de m\u00e9todos estad\u00edsticos aplicados. Los profesionales que adquieran la formaci\u00f3n prevista podr\u00e1n incorporarse a grupos de trabajo en distintas \u00e1reas y tomar a su cargo el dise\u00f1o y la ejecuci\u00f3n de los aspectos estad\u00edsticos.<\/p>\n<p style=\"text-align: justify\">Objetivos espec\u00edficos del programa:<\/p>\n<ul>\n<li style=\"text-align: justify\">Proveer una visi\u00f3n global del alcance de los m\u00e9todos estad\u00edsticos modernos en el an\u00e1lisis de problemas en diversas disciplinas.<\/li>\n<li style=\"text-align: justify\">Favorecer el desarrollo del pensamiento cr\u00edtico para el procesamiento y an\u00e1lisis estad\u00edstico de datos.<\/li>\n<li style=\"text-align: justify\">Despertar inter\u00e9s por la investigaci\u00f3n cient\u00edfica en el \u00e1rea de estad\u00edstica.<\/li>\n<li style=\"text-align: justify\">Desarrollar en el profesional las competencias necesarias para participar como consultor estad\u00edstico en equipos de investigaci\u00f3n multidisciplinarios.<\/li>\n<\/ul>\n<p style=\"text-align: justify\"><span style=\"font-size: 13px\"><strong>Descripci\u00f3n General:<\/strong><br \/>\n<\/span>El programa del Mag\u00edster en Estad\u00edstica Aplicada est\u00e1 compuesto por dos ciclos que incluyen teor\u00eda y pr\u00e1ctica estad\u00edstica y concluye con la elaboraci\u00f3n de una Tesis. Los ciclos son:<\/p>\n<ul>\n<li>A\u00f1o 2019: Capacitaci\u00f3n de Posgrado en Estad\u00edstica Aplicada (CPEA).<\/li>\n<li>A\u00f1o 2020: Ciclo Superior en Estad\u00edstica Aplicada (CSEA).<br \/>\nEl CPEA comprende tres per\u00edodos lectivos: un primer per\u00edodo de 6 semanas, seguido de dos per\u00edodos de 14 semanas cada uno.<br \/>\nEl CSEA comprende dos per\u00edodos: uno de 6 semanas y otro de 14 semanas.<\/li>\n<\/ul>\n<p>Al finalizar los cursos el estudiante podr\u00e1 elegir un director de Tesis, definir el tema de trabajo y cumplimentar los requisitos previstos para su inscripci\u00f3n en el Magister, de acuerdo a lo establecido en el Reglamento General de la Universidad Nacional de Tucum\u00e1n (UNT). La carga horaria m\u00ednima de cursos es de 575 horas: 425 horas en materias obligatorias y 150 horas en materias electivas.<br \/>\nLa carrera est\u00e1 prevista para estudiantes con dedicaci\u00f3n exclusiva o parcial y el pedido de admisi\u00f3n se deber\u00e1 tramitar el a\u00f1o anterior al inicio del Primer Ciclo.<\/p>\n<p style=\"text-align: justify\"><strong>T\u00edtulo que otorga<\/strong>: MAGISTER EN ESTAD\u00cdSTICA APLICADA,\u00a0de validez nacional por Resoluci\u00f3n Ministerial N\u00ba 1.252\/12. Carrera acreditada por Resoluci\u00f3n N\u00ba 445\/10 de la Comisi\u00f3n Nacional de Evaluaci\u00f3n y Acreditaci\u00f3n Universitaria (CONEAU).<\/p>\n<p style=\"text-align: justify\"><strong>Estructura del Programa:<br \/>\n<\/strong><strong>Capacitaci\u00f3n de Posgrado en Estad\u00edstica Aplicada (CPEA 2019)<br \/>\n<\/strong><strong>1er. Per\u00edodo (6 semanas)<br \/>\n<\/strong>Algebra (25hs, Nivelaci\u00f3n)<br \/>\n<span style=\"font-size: 13px\">C\u00e1lculo (25hs, Nivelaci\u00f3n)<br \/>\n<\/span><span style=\"font-size: 13px\">Estad\u00edstica Descriptiva (25hs, Obligatoria)<br \/>\n<\/span><span style=\"font-size: 13px\">Programaci\u00f3n (25hs, Nivelaci\u00f3n)<\/span><\/p>\n<p><strong>2do. Per\u00edodo (14 semanas)<br \/>\n<\/strong>Algebra Lineal (50hs, Nivelaci\u00f3n)<br \/>\nC\u00e1lculo Avanzado y Elementos del Algebra Matricial\u00a0(50hs,\u00a0 Nivelaci\u00f3n)<br \/>\nInferencia Estad\u00edstica I (50hs, Obligatoria)<br \/>\nProbabilidades I (50hs, Obligatoria)<br \/>\nTemas de Estad\u00edstica Aplicada I (50hs, Obligatoria)<br \/>\nSeminario I (Reuniones de Discusi\u00f3n)<\/p>\n<p><strong>3er. Per\u00edodo (14 semanas)<br \/>\n<\/strong>Econometr\u00eda I (50hs, Obligatoria)<br \/>\nInferencia Estad\u00edstica II (50hs, Obligatoria)<br \/>\nIntroducci\u00f3n a la Demograf\u00eda (50hs, Optativa) <sup>(*)<br \/>\n<\/sup>Probabilidades II (50hs, Obligatoria)<br \/>\nTemas de Estad\u00edstica Aplicada II (50hs, Obligatoria)<br \/>\nSeminario II (Reuniones de Discusi\u00f3n)<\/p>\n<p><strong>Ciclo Superior en Estad\u00edstica Aplicada (CSEA 2020)<br \/>\n<\/strong><strong>1er. Per\u00edodo (6 semanas)<br \/>\n<\/strong>Computaci\u00f3n para Estad\u00edstica (50hs, Obligatoria)<br \/>\nInvestigaci\u00f3n Operativa (50hs, Optativa) <sup>(*)<br \/>\n<\/sup>Seminario III (Reuniones de Discusi\u00f3n)<\/p>\n<p><strong>2do. Per\u00edodo (14 semanas)<br \/>\n<\/strong>An\u00e1lisis Estad\u00edstico Multivariado (50hs, Optativa) <sup>(**)<br \/>\n<\/sup>Econometr\u00eda II (50hs, Optativa) <sup>(**)<br \/>\n<\/sup>M\u00e9todos Estad\u00edsticos (50hs, Optativa) <sup>(**)<br \/>\n<\/sup>Series Cronol\u00f3gicas (50hs, Optativa) <sup>(**)<br \/>\n<\/sup>Seminario IV (Reuniones de Discusi\u00f3n)<\/p>\n<p style=\"text-align: justify\">(*) Es obligatorio el cursado de al menos una optativa elegida entre Introducci\u00f3n a la Demograf\u00eda (50hs) e Investigaci\u00f3n Operativa (50hs).<br \/>\n(**) Es obligatorio el cursado de al menos\u00a0 dos optativas elegidas entre An\u00e1lisis Estad\u00edstico Multivariado (50hs), Econometr\u00eda II (50hs), M\u00e9todos Estad\u00edsticos (50hs) y\u00a0 Series Cronol\u00f3gicas (50hs).<br \/>\nLos cursos de nivelaci\u00f3n est\u00e1n dirigidos a alumnos que los necesiten con el objeto de reafirmar o incorporar conocimientos en esos temas. Ellos ofrecen la base matem\u00e1tica y computacional necesaria para el cursado de las materias obligatorias del programa. Para ser exceptuados de los cursos de nivelaci\u00f3n se deber\u00e1 aprobar ex\u00e1menes pertinentes que acrediten el\u00a0 dominio de los temas requeridos.<br \/>\nAl inicio del CPEA se designar\u00e1 a cada graduado un tutor que lo orientar\u00e1 en la elecci\u00f3n de las materias a cursar, m\u00e1s adecuadas para su perfil y \u00e1rea de inter\u00e9s. Es recomendable poseer conocimiento del idioma ingl\u00e9s (lectura y comprensi\u00f3n de textos).<\/p>\n<p style=\"text-align: justify\"><strong>Requisitos de Admisi\u00f3n:<br \/>\n<\/strong>El postulante \u00a0deber\u00e1\u00a0 ser:<\/p>\n<ul>\n<li>Egresado universitario con t\u00edtulo expedido por una Universidad Argentina o Extranjera.<\/li>\n<\/ul>\n<p>Documentaci\u00f3n a presentar:<\/p>\n<ul>\n<li>Solicitud de admisi\u00f3n.<\/li>\n<li>Copia autenticada del t\u00edtulo y certificado anal\u00edtico de estudios universitarios.<\/li>\n<li>Curriculum Vitae.<\/li>\n<li>Dos cartas de recomendaci\u00f3n.<\/li>\n<\/ul>\n<p>Las solicitudes ser\u00e1n analizadas en forma individual por el Comit\u00e9 de Admisi\u00f3n.<\/p>\n<p><strong>R\u00e9gimen de Cursado:<\/strong><br \/>\nPresencial.<\/p>\n<p><strong>Aranceles:<br \/>\n<\/strong>El programa de cursos es arancelado. Se prev\u00e9 la financiaci\u00f3n a alumnos y a empresas y la adjudicaci\u00f3n de becas totales o parciales para los mejores postulantes que las soliciten.<\/p>\n<p style=\"text-align: justify\"><strong>Presentaci\u00f3n de Solicitudes de Admisi\u00f3n:<\/strong><br \/>\nA partir del 3 de Diciembre de 2018 y hasta el 18 de febrero de 2019.<\/p>\n<p><strong style=\"font-size: 13px\">Inicio de Clases:<br \/>\n<\/strong>1 de marzo de 2019.<\/p>\n<p><strong>Otros datos de inter\u00e9s:<br \/>\n<\/strong>Este posgrado se ha dictado sin interrupciones desde 1987 hasta la fecha en la Facultad de Ciencias Econ\u00f3micas, UNT, con la participaci\u00f3n de alumnos de Universidades Argentinas y Extranjeras. Ha generado profesionales estad\u00edsticos de excelente formaci\u00f3n que se desempe\u00f1an actualmente en Universidades Nacionales y Extranjeras, Centros de Investigaciones Provinciales y Nacionales, Organismos P\u00fablicos y Privados y en otros \u00e1mbitos de inter\u00e9s en Estad\u00edstica.<br \/>\nLos miembros del cuerpo acad\u00e9mico del posgrado integran grupos de investigaci\u00f3n en diversas \u00e1reas de la Estad\u00edstica e incentivan a los alumnos del posgrado a participar de esas investigaciones. Estas actividades generan publicaciones, participaciones en congresos y nuevos temas de tesis, en beneficio de la formaci\u00f3n de los posgraduandos.<br \/>\nPosterior a su graduaci\u00f3n el egresado podr\u00e1 mantener un sistema de consultas permanente con el cuerpo de docentes e investigadores del Magister cada vez que lo necesite.<\/p>\n<p><strong style=\"font-size: 13px\">Cuerpo Acad\u00e9mico:<br \/>\n<\/strong><em>Profesores\u00a0 Estables<\/em><\/p>\n<ul>\n<li><strong>Abril, Juan Carlos.<\/strong>\u00a0Dr. en Estad\u00edstica\u00a0 (London School of Economics, Inglaterra)<\/li>\n<li><strong>Abril, Mar\u00eda de las Mercedes.<\/strong>\u00a0Dr. en Estad\u00edstica (UNT)<\/li>\n<li><strong>Augier, Rolando Mat\u00edas<\/strong>.\u00a0Cont. P\u00fablico Nacional con Formaci\u00f3n en Estad\u00edstica (UNT)<\/li>\n<li><strong>Cerro, Ana Mar\u00eda<\/strong>.\u00a0Dr. en Econom\u00eda (UNT)<\/li>\n<li><strong>El\u00edas, V\u00edctor Jorge.\u00a0<\/strong>Dr. en Econom\u00eda (Universidad de Chicago, USA)<\/li>\n<li><strong>Fern\u00e1ndez,\u00a0 Patricia M\u00f3nica.<\/strong>\u00a0Mg. en Administraci\u00f3n de Empresas (CAFEN, Tucum\u00e1n)<\/li>\n<li><strong>Garc\u00eda Mart\u00ednez,\u00a0 Roxana.<\/strong>\u00a0\u00a0Profesora y Traductora de Ingl\u00e9s (UNT)<\/li>\n<li><strong>Isgro,\u00a0 Christine Adriane.\u00a0<\/strong>Mg. en Estad\u00edstica Aplicada (UNT)<\/li>\n<li><strong>Jarma, Nora M\u00f3nica<\/strong>.\u00a0Mg. en Demograf\u00eda (UNC)<\/li>\n<li><strong>Lencina, Viviana Beatriz.\u00a0<\/strong>Dr. en Estad\u00edstica (Universidad de San\u00a0 Pablo, Brasil)<\/li>\n<li><strong>Mart\u00ednez, Carlos Ismael.\u00a0<\/strong>Ing. Qu\u00edmico con Formaci\u00f3n en Estad\u00edstica (UNT)<\/li>\n<li><strong>Medina Galv\u00e1n, Enrique Marcelo.<\/strong>\u00a0Lic. en Adm. de Empresas con Formaci\u00f3n en Estad\u00edstica (UNT)<\/li>\n<li><strong>Mena, Jorgelina.<\/strong>\u00a0Lic. en\u00a0 Econom\u00eda con Formaci\u00f3n en Estad\u00edstica (UNT)<\/li>\n<li><strong>Panico, Adriana F\u00e1tima.\u00a0<\/strong>Mg. en Estad\u00edstica Aplicada (UNT)<\/li>\n<li><strong>P\u00e9rez, Adriana In\u00e9s.\u00a0<\/strong>Mg. en Estad\u00edstica Aplicada (UNT)<\/li>\n<li><strong>Perez, Maria Ang\u00e9lica.<\/strong> Mg. en Estad\u00edstica Aplicada (UNT)<\/li>\n<li><strong>P\u00e9rez Zamora, Luciana In\u00e9s.\u00a0<\/strong>Mg. en Estad\u00edstica Aplicada (UNT)<\/li>\n<li><strong>Santill\u00e1n, Mar\u00eda Rosa.\u00a0<\/strong>Mg. en Estad\u00edstica Aplicada (UNT)<\/li>\n<li><strong>Vosahlo, Guillermina Emilia.<\/strong>\u00a0Mg. en Estad\u00edstica Aplicada (UNT)<\/li>\n<\/ul>\n<p><em>Profesores Invitados<\/em><\/p>\n<ul>\n<li><strong>Arce, Osvaldo Ernesto<\/strong>.\u00a0Mg. en Estad\u00edstica Aplicada (UNT)<\/li>\n<li><strong>Bangdiwala, Shrikant I<\/strong>.\u00a0Dr. en Bioestad\u00edstica (Universidad de Carolina del Norte, USA)<\/li>\n<li><strong>Martin, Mar\u00eda Cristina.<\/strong>\u00a0Dr. en Estad\u00edstica (Universidad de Osaka, Jap\u00f3n)<\/li>\n<li><strong>Santana, Mirta Sara<\/strong>.\u00a0Dr. en Estad\u00edstica (UNT)<\/li>\n<li><strong>Sfer, Ana Mar\u00eda.<\/strong>\u00a0Dr. en Estad\u00edstica (UNT)<\/li>\n<li><strong>Torrente, Carmen Mercedes<\/strong>.\u00a0Mg. en Sociolog\u00eda Aplicada<\/li>\n<\/ul>\n","protected":false},"excerpt":{"rendered":"<p>&nbsp; \u00a0INSCRIPCI\u00d3N PARA EL CICLO 2019-2020: HASTA EL 18 DE FEBRERO DE 2019 Informes e Inscripciones:\u00a0Instituto de Investigaciones Estad\u00edsticas (INIE)\u00a0Facultad de Ciencias Econ\u00f3micas.\u00a0Av. Independencia 1900.\u00a0San Miguel de Tucum\u00e1n. CP:\u00a04000 \u2013 Tucum\u00e1n Tel\u00e9fonos:\u00a0+54 (381) 4107548 &#8211;\u00a0+54 (381) 4364093. Internos\u00a0 7548, 7612, 7667 Fax:\u00a0+54 (381) 4364105 email: inie@herrera.edu.ar Horarios:\u00a09:00hs a 13:00hs y 17:00hs a 19:00hs Descargar Solicitud [&hellip;]<\/p>\n","protected":false},"author":13,"featured_media":0,"parent":0,"menu_order":0,"comment_status":"open","ping_status":"open","template":"","meta":{"footnotes":""},"_links":{"self":[{"href":"https:\/\/face.unt.edu.ar\/web\/iestadisticas\/wp-json\/wp\/v2\/pages\/157"}],"collection":[{"href":"https:\/\/face.unt.edu.ar\/web\/iestadisticas\/wp-json\/wp\/v2\/pages"}],"about":[{"href":"https:\/\/face.unt.edu.ar\/web\/iestadisticas\/wp-json\/wp\/v2\/types\/page"}],"author":[{"embeddable":true,"href":"https:\/\/face.unt.edu.ar\/web\/iestadisticas\/wp-json\/wp\/v2\/users\/13"}],"replies":[{"embeddable":true,"href":"https:\/\/face.unt.edu.ar\/web\/iestadisticas\/wp-json\/wp\/v2\/comments?post=157"}],"version-history":[{"count":32,"href":"https:\/\/face.unt.edu.ar\/web\/iestadisticas\/wp-json\/wp\/v2\/pages\/157\/revisions"}],"predecessor-version":[{"id":368,"href":"https:\/\/face.unt.edu.ar\/web\/iestadisticas\/wp-json\/wp\/v2\/pages\/157\/revisions\/368"}],"wp:attachment":[{"href":"https:\/\/face.unt.edu.ar\/web\/iestadisticas\/wp-json\/wp\/v2\/media?parent=157"}],"curies":[{"name":"wp","href":"https:\/\/api.w.org\/{rel}","templated":true}]}}