{"id":57,"date":"2014-08-28T11:31:27","date_gmt":"2014-08-28T11:31:27","guid":{"rendered":"http:\/\/www.face.unt.edu.ar\/face\/face\/inie\/?page_id=57"},"modified":"2014-09-09T18:01:05","modified_gmt":"2014-09-09T18:01:05","slug":"haciendo-historia","status":"publish","type":"page","link":"https:\/\/face.unt.edu.ar\/web\/iestadisticas\/historia\/haciendo-historia\/","title":{"rendered":"Haciendo Historia"},"content":{"rendered":"<p style=\"text-align: justify\"><a href=\"http:\/\/face.unt.edu.ar\/web\/iestadisticas\/wp-content\/uploads\/sites\/5\/2014\/08\/591781_201405232013540000001.jpg\"><img decoding=\"async\" loading=\"lazy\" class=\"alignleft wp-image-253\" src=\"http:\/\/face.unt.edu.ar\/web\/iestadisticas\/wp-content\/uploads\/sites\/5\/2014\/08\/591781_201405232013540000001-221x300.jpg\" alt=\"591781_201405232013540000001\" width=\"164\" height=\"223\" srcset=\"https:\/\/face.unt.edu.ar\/web\/iestadisticas\/wp-content\/uploads\/sites\/5\/2014\/08\/591781_201405232013540000001-221x300.jpg 221w, https:\/\/face.unt.edu.ar\/web\/iestadisticas\/wp-content\/uploads\/sites\/5\/2014\/08\/591781_201405232013540000001-756x1024.jpg 756w, https:\/\/face.unt.edu.ar\/web\/iestadisticas\/wp-content\/uploads\/sites\/5\/2014\/08\/591781_201405232013540000001.jpg 798w\" sizes=\"(max-width: 164px) 100vw, 164px\" \/><\/a>El primer director del INIE fue el Ing. Jos\u00e9 Sortheix, una distinguida personalidad tucumana que vivi\u00f3 entre los a\u00f1os 1873-1954. Educado en Francia, sum\u00f3 a su actividad acad\u00e9mica un intenso trabajo en el medio empresario y pol\u00edtico, llegando a ejercer la Gobernaci\u00f3n de la Provincia entre los a\u00f1os 1928-1929. Se lo reconoce como uno de los precursores de la ense\u00f1anza de Estad\u00edstica, asignatura que tom\u00f3 a su cargo en los cursos nocturnos de Contadores P\u00fablicos en la Escuela Nacional de Comercio, desde 1938 hasta 1949. Por este a\u00f1o esos cursos se trasladaron a la reci\u00e9n creada Facultad de Ciencias Econ\u00f3micas, dependiente de la Universidad Nacional de Tucum\u00e1n.<\/p>\n<p style=\"text-align: justify\">La direcci\u00f3n del Ing. Sortheix se prolong\u00f3 desde 1946 hasta 1952; como se menciona en la cita anterior, dictaba \u201c\u2026en dos semestres el curso de ESTADISTICA que deb\u00edan tomar los alumnos que cursaban entonces la carrera de Contador P\u00fablico-Licenciado en Ciencias Econ\u00f3micas\u00bb.<\/p>\n<p style=\"text-align: justify\">Esta tarea fue continuada por el Dr. Jos\u00e9 Antonio Olmos, hasta que en 1959 se inici\u00f3 el dictado de un curso de <em>\u00abInferencia Estad\u00edstica\u00bb<\/em>. Este curso fue tomado por varios de los docentes de la Facultad que a corto plazo iniciar\u00edan sus estudios de master o doctorados en exterior, especialmente en Econom\u00eda. Fue repetido en varias oportunidades y fue el antecedente inmediato de los cursos estructurados de postgrado en estad\u00edstica que luego se dictar\u00edan en la Facultad. Se trataba de un curso que enfatizaba los aspectos claves de la inferencia probabil\u00edstica, en la l\u00ednea que actualmente sigue el INIE.<\/p>\n<p style=\"text-align: justify\">Por el a\u00f1o 1965, el Prof. Ra\u00fal Pedro Mentz regresaba a la Facultad luego de haber completado sus estudios de Master en Estad\u00edstica en la Universidad de Stanford, Estados Unidos. Exist\u00eda ya un grupo de docentes, en general al nivel de Jefe de Trabajos Pr\u00e1cticos, que por inclinaci\u00f3n personal y por inquietudes que se orientaban al \u00e1rea cuantitativa, adicionales a las que se ofrec\u00edan en la carrera de Contador P\u00fablico, hab\u00edan tomado aquel curso de <em>Inferencia<\/em> y trabajaban en \u00e1rea.<\/p>\n<p style=\"text-align: justify\">Las actividades docentes y de investigaci\u00f3n se ampliaron y comenz\u00f3 un proceso de formaci\u00f3n superior en el exterior. A partir de 1970 comienzan a regresar los profesores que se hab\u00edan involucrado en ese proceso; as\u00ed, dos obtienen su Master en el Centro Interamericano de Ense\u00f1anza de Estad\u00edstica (CIENES) en Chile y uno en la Universidad de California (Berkeley), Estados Unidos.<\/p>\n","protected":false},"excerpt":{"rendered":"<p>El primer director del INIE fue el Ing. Jos\u00e9 Sortheix, una distinguida personalidad tucumana que vivi\u00f3 entre los a\u00f1os 1873-1954. Educado en Francia, sum\u00f3 a su actividad acad\u00e9mica un intenso trabajo en el medio empresario y pol\u00edtico, llegando a ejercer la Gobernaci\u00f3n de la Provincia entre los a\u00f1os 1928-1929. Se lo reconoce como uno de [&hellip;]<\/p>\n","protected":false},"author":1,"featured_media":0,"parent":67,"menu_order":0,"comment_status":"closed","ping_status":"closed","template":"","meta":{"footnotes":""},"_links":{"self":[{"href":"https:\/\/face.unt.edu.ar\/web\/iestadisticas\/wp-json\/wp\/v2\/pages\/57"}],"collection":[{"href":"https:\/\/face.unt.edu.ar\/web\/iestadisticas\/wp-json\/wp\/v2\/pages"}],"about":[{"href":"https:\/\/face.unt.edu.ar\/web\/iestadisticas\/wp-json\/wp\/v2\/types\/page"}],"author":[{"embeddable":true,"href":"https:\/\/face.unt.edu.ar\/web\/iestadisticas\/wp-json\/wp\/v2\/users\/1"}],"replies":[{"embeddable":true,"href":"https:\/\/face.unt.edu.ar\/web\/iestadisticas\/wp-json\/wp\/v2\/comments?post=57"}],"version-history":[{"count":7,"href":"https:\/\/face.unt.edu.ar\/web\/iestadisticas\/wp-json\/wp\/v2\/pages\/57\/revisions"}],"predecessor-version":[{"id":255,"href":"https:\/\/face.unt.edu.ar\/web\/iestadisticas\/wp-json\/wp\/v2\/pages\/57\/revisions\/255"}],"up":[{"embeddable":true,"href":"https:\/\/face.unt.edu.ar\/web\/iestadisticas\/wp-json\/wp\/v2\/pages\/67"}],"wp:attachment":[{"href":"https:\/\/face.unt.edu.ar\/web\/iestadisticas\/wp-json\/wp\/v2\/media?parent=57"}],"curies":[{"name":"wp","href":"https:\/\/api.w.org\/{rel}","templated":true}]}}