{"id":59,"date":"2014-08-28T11:32:37","date_gmt":"2014-08-28T11:32:37","guid":{"rendered":"http:\/\/www.face.unt.edu.ar\/face\/face\/inie\/?page_id=59"},"modified":"2014-09-08T11:18:56","modified_gmt":"2014-09-08T11:18:56","slug":"los-primeros-cursos-de-postgrado","status":"publish","type":"page","link":"https:\/\/face.unt.edu.ar\/web\/iestadisticas\/historia\/los-primeros-cursos-de-postgrado\/","title":{"rendered":"Los primeros cursos de posgrado"},"content":{"rendered":"<p style=\"text-align: justify;\">En 1972 ese peque\u00f1o y entusiasta grupo comienza a pensar en ofrecer un programa organizado de materias del \u00e1rea estad\u00edstica. Se contaba adem\u00e1s con el apoyo de profesores en matem\u00e1ticas, econometr\u00eda y econom\u00eda que conformaba una capacidad docente muy importante.<\/p>\n<p style=\"text-align: justify;\">Ese programa se lanza por primera vez en 1973 con el nombre de <strong>Especializaci\u00f3n de Postgrado en Estad\u00edstica Aplicada (EPEA)<\/strong>, de un a\u00f1o acad\u00e9mico de duraci\u00f3n, el que cont\u00f3 con una inscripci\u00f3n de 43 interesados. Aquella idea del programa organizado se completaba con un segundo grupo de materias y seminarios, el <strong>Ciclo Superior en Estad\u00edstica Aplicada (CSEA)<\/strong>, tambi\u00e9n de un a\u00f1o de extensi\u00f3n, dictado por primera vez en 1974 y al que se inscriben 10 personas.<\/p>\n<p style=\"text-align: justify;\">El primer EPEA se desarroll\u00f3 en tres per\u00edodos lectivos:<\/p>\n<table>\n<tbody>\n<tr>\n<td width=\"156\"><strong>1\u00ba per\u00edodo <\/strong>(19 de febrero al 10 de abril)<\/td>\n<td width=\"198\"><strong>2\u00ba per\u00edodo <\/strong>(16 de Abril al 24 de Julio)<\/td>\n<td width=\"184\"><strong>3\u00ba per\u00edodo <\/strong>(13 de Agosto al 23 de noviembre)<\/td>\n<\/tr>\n<tr>\n<td width=\"156\">\n<ul>\n<li><em>Algebra<\/em><\/li>\n<li><em>C\u00e1lculo<\/em><\/li>\n<li><em>Estad\u00edstica Descriptiva<\/em><\/li>\n<li><em>Programaci\u00f3n<\/em><\/li>\n<li><em>Geometr\u00eda Anal\u00edtica y C\u00e1lculo<\/em><\/li>\n<li><em>C\u00e1lculo Avanzado y Elementos de Albebra Matricia.<\/em><\/li>\n<li><em>Inferencia Estad\u00edstica I<\/em><\/li>\n<li><em>Probabilidades y Procesos Estoc\u00e1sticos<\/em><\/li>\n<li><em>Investigaci\u00f3n de Operaciones<\/em><\/li>\n<li><em>Dese\u00f1os Muestrales<\/em><\/li>\n<li><em>Inferencia Estad\u00edstica I<\/em><\/li>\n<li><em>An\u00e1lisis de la Varianza y Dise\u00f1o de Experimentos<\/em><\/li>\n<li><em>Series Cronol\u00f3gicas<\/em><\/li>\n<li><em>Econometr\u00eda I<\/em><\/li>\n<\/ul>\n<\/td>\n<td width=\"198\">\u00a0<\/td>\n<td width=\"184\"><em>\u00a0<\/em><\/td>\n<\/tr>\n<\/tbody>\n<\/table>\n<p style=\"text-align: justify;\">Los docentes a cargo de los distintos cursos fueron Luis R. Acosta, Clelia E. B. de Viollaz, Jorge L. Cortigiani (fallecido), Santiago M. Di Lullo, Ra\u00fal Pedro Mentz y Aldo J. Viollaz.<\/p>\n<p style=\"text-align: justify;\">Un listado de los primeros participantes que obtuvieron Certificados Finales del primer Ciclo EPEA, son los siguientes:<\/p>\n<ul>\n<li>Abril, Juan Carlos<\/li>\n<li>Arredondo, Mar\u00eda Emilia<\/li>\n<li>Auvieux, Alberto Jos\u00e9<\/li>\n<li>Bockl de Mart\u00edn, Ana Mar\u00eda<\/li>\n<li>Bru de Labanda, Elena M.<\/li>\n<li>Cabrera, Miguel Mario<\/li>\n<li>Cadario de Piscitelli, Mar\u00eda C.<\/li>\n<li>Caldelari, H\u00e9ctor Horacio<\/li>\n<li>Cerisola, Juan Alberto<\/li>\n<li>De Angeli de Pando, Mar\u00eda A.<\/li>\n<li>Dezalot, Olga<\/li>\n<li>Dip, Ra\u00fal Alberto<\/li>\n<li>Dragh, Fani<\/li>\n<li>Fern\u00e1ndez, Mar\u00eda Emilia<\/li>\n<li>Fern\u00e1ndez, V\u00edctoria del C.<\/li>\n<li>Grinblat, Luis Alberto<\/li>\n<li>Guerrero de Puppio, Marta I.<\/li>\n<li>Jim\u00e9nez, Dora<\/li>\n<li>Jorrat, Jorge Ra\u00fal<\/li>\n<li>Katz, MarcosLevi, Carlos ErnestoLiberti, Salvador F.<\/li>\n<li>Mansilla, Julio Edgardo<\/li>\n<li>Manzur, Blanca Elena<\/li>\n<li>Marquez Ruarte, Luis David<\/li>\n<li>Mart\u00ednez, Rafael Enrique<\/li>\n<li>Mart\u00edniez, Roberto Mario<\/li>\n<li>Mitre, Rosa Stella<\/li>\n<li>Olmos, Jorge Eduardo<\/li>\n<li>Piscitelli, Francisco R.<\/li>\n<li>Puparelli de Iba\u00f1ez, Silvia<\/li>\n<li>Risso, Amalia Rosa<\/li>\n<li>Rivadeneira, Cristina del V.<\/li>\n<li>Scandaliaris, Jorge<\/li>\n<li>Solbes de Hern\u00e1ndez, Dolores<\/li>\n<li>Soria de Chavez, Angela M.<\/li>\n<li>Ternavasio de Lamadrid, A\u00edda J.<\/li>\n<li>Turk, Sonia<\/li>\n<li>Yazlle, Lucio L.<\/li>\n<\/ul>\n<p style=\"text-align: justify;\">El Dr. Juan Carlos Abril obtuvo el mejor promedio, actualmente es Profesor Titular de <em>\u00abEstad\u00edstica\u00bb<\/em> en la Facultad de Ciencias Econ\u00f3micas de la Universidad Nacional de Tucum\u00e1n (U.N.T.) y alcanz\u00f3 el t\u00edtulo de Master en Estad\u00edstica (1977) y Doctor en Estad\u00edstica (Ph.D) (1985), ambos en la London School of Economics, Londres, Inglatera. Tambi\u00e9n alcanz\u00f3 Marca de distinci\u00f3n (mejor promedio) en los estudios en Inglaterra.<\/p>\n","protected":false},"excerpt":{"rendered":"<p>En 1972 ese peque\u00f1o y entusiasta grupo comienza a pensar en ofrecer un programa organizado de materias del \u00e1rea estad\u00edstica. Se contaba adem\u00e1s con el apoyo de profesores en matem\u00e1ticas, econometr\u00eda y econom\u00eda que conformaba una capacidad docente muy importante. Ese programa se lanza por primera vez en 1973 con el nombre de Especializaci\u00f3n de [&hellip;]<\/p>\n","protected":false},"author":1,"featured_media":0,"parent":67,"menu_order":0,"comment_status":"closed","ping_status":"closed","template":"","meta":{"footnotes":""},"_links":{"self":[{"href":"https:\/\/face.unt.edu.ar\/web\/iestadisticas\/wp-json\/wp\/v2\/pages\/59"}],"collection":[{"href":"https:\/\/face.unt.edu.ar\/web\/iestadisticas\/wp-json\/wp\/v2\/pages"}],"about":[{"href":"https:\/\/face.unt.edu.ar\/web\/iestadisticas\/wp-json\/wp\/v2\/types\/page"}],"author":[{"embeddable":true,"href":"https:\/\/face.unt.edu.ar\/web\/iestadisticas\/wp-json\/wp\/v2\/users\/1"}],"replies":[{"embeddable":true,"href":"https:\/\/face.unt.edu.ar\/web\/iestadisticas\/wp-json\/wp\/v2\/comments?post=59"}],"version-history":[{"count":4,"href":"https:\/\/face.unt.edu.ar\/web\/iestadisticas\/wp-json\/wp\/v2\/pages\/59\/revisions"}],"predecessor-version":[{"id":126,"href":"https:\/\/face.unt.edu.ar\/web\/iestadisticas\/wp-json\/wp\/v2\/pages\/59\/revisions\/126"}],"up":[{"embeddable":true,"href":"https:\/\/face.unt.edu.ar\/web\/iestadisticas\/wp-json\/wp\/v2\/pages\/67"}],"wp:attachment":[{"href":"https:\/\/face.unt.edu.ar\/web\/iestadisticas\/wp-json\/wp\/v2\/media?parent=59"}],"curies":[{"name":"wp","href":"https:\/\/api.w.org\/{rel}","templated":true}]}}