{"id":61,"date":"2014-08-28T11:33:40","date_gmt":"2014-08-28T11:33:40","guid":{"rendered":"http:\/\/www.face.unt.edu.ar\/face\/face\/inie\/?page_id=61"},"modified":"2014-09-05T13:31:17","modified_gmt":"2014-09-05T13:31:17","slug":"el-camino-recorrido","status":"publish","type":"page","link":"https:\/\/face.unt.edu.ar\/web\/iestadisticas\/historia\/el-camino-recorrido\/","title":{"rendered":"El camino recorrido"},"content":{"rendered":"<p style=\"text-align: justify;\">A partir de 1978 el INIE form\u00f3 parte del Sistema de Institutos del Consejo Nacional de Investigaciones Cient\u00edficas y T\u00e9cnicas (CONICET), del cual recibi\u00f3 apoyo regular, en el marco del convenio con la Universidad.<\/p>\n<p style=\"text-align: justify;\">Los cursos del EPEA se reiteraron en el a\u00f1o 1975; por distintas razones se abre un par\u00e9ntesis hasta el a\u00f1o 1983, cuando se reinician hasta la actualidad. Los ciclos EPEA se dictaron en los a\u00f1os 1973, 1975, 1983, 1985, y desde all\u00ed todos los impares hasta el a\u00f1o 2011. A partir del a\u00f1o 2013, el EPEA cambi\u00f3 de nombre, denomin\u00e1ndose en la actualidad \u201cCapacitaci\u00f3n de Postgrado en Estad\u00edstica Aplicada\u201d (CPEA).<\/p>\n<p style=\"text-align: justify;\">A su vez, los ciclos CSEA se desarrollaron en los a\u00f1os 1974, 1976, 1978, 1986 y desde all\u00ed en los a\u00f1os pares hasta el de 2012; diecisiete reiteraciones, que sumadas a las dieciocho mencionadas anteriormente totalizan treinta y cinco experiencias, todas nuevas, cada una diferente a la otra, fueron llevadas adelante con mucha entrega y dedicaci\u00f3n por parte de todos los involucrados.<\/p>\n<p style=\"text-align: justify;\">Como se mencion\u00f3 anteriormente, varios de estos ciclos se realizaron con el apoyo (no solo econ\u00f3mico) de otras instituciones, adem\u00e1s de la Facultad y la Universidad. Un listado no exhaustivo incluye a la Organizaci\u00f3n de Estados Americanos (OEA), Banco Central de la Rep\u00fablica Argentina, INTA, Estaci\u00f3n Experimental Agroindustrial Obispo Colombres de Tucum\u00e1n, Universidad de Sao Paulo (Brasil), Universidad de Valencia (Espa\u00f1a), Ministerio de Econom\u00eda de la Provincia de Tucum\u00e1n.<\/p>\n","protected":false},"excerpt":{"rendered":"<p>A partir de 1978 el INIE form\u00f3 parte del Sistema de Institutos del Consejo Nacional de Investigaciones Cient\u00edficas y T\u00e9cnicas (CONICET), del cual recibi\u00f3 apoyo regular, en el marco del convenio con la Universidad. Los cursos del EPEA se reiteraron en el a\u00f1o 1975; por distintas razones se abre un par\u00e9ntesis hasta el a\u00f1o 1983, [&hellip;]<\/p>\n","protected":false},"author":1,"featured_media":0,"parent":67,"menu_order":0,"comment_status":"closed","ping_status":"closed","template":"","meta":{"footnotes":""},"_links":{"self":[{"href":"https:\/\/face.unt.edu.ar\/web\/iestadisticas\/wp-json\/wp\/v2\/pages\/61"}],"collection":[{"href":"https:\/\/face.unt.edu.ar\/web\/iestadisticas\/wp-json\/wp\/v2\/pages"}],"about":[{"href":"https:\/\/face.unt.edu.ar\/web\/iestadisticas\/wp-json\/wp\/v2\/types\/page"}],"author":[{"embeddable":true,"href":"https:\/\/face.unt.edu.ar\/web\/iestadisticas\/wp-json\/wp\/v2\/users\/1"}],"replies":[{"embeddable":true,"href":"https:\/\/face.unt.edu.ar\/web\/iestadisticas\/wp-json\/wp\/v2\/comments?post=61"}],"version-history":[{"count":2,"href":"https:\/\/face.unt.edu.ar\/web\/iestadisticas\/wp-json\/wp\/v2\/pages\/61\/revisions"}],"predecessor-version":[{"id":116,"href":"https:\/\/face.unt.edu.ar\/web\/iestadisticas\/wp-json\/wp\/v2\/pages\/61\/revisions\/116"}],"up":[{"embeddable":true,"href":"https:\/\/face.unt.edu.ar\/web\/iestadisticas\/wp-json\/wp\/v2\/pages\/67"}],"wp:attachment":[{"href":"https:\/\/face.unt.edu.ar\/web\/iestadisticas\/wp-json\/wp\/v2\/media?parent=61"}],"curies":[{"name":"wp","href":"https:\/\/api.w.org\/{rel}","templated":true}]}}