{"id":63,"date":"2014-08-28T11:34:29","date_gmt":"2014-08-28T11:34:29","guid":{"rendered":"http:\/\/www.face.unt.edu.ar\/face\/face\/inie\/?page_id=63"},"modified":"2014-09-05T13:31:49","modified_gmt":"2014-09-05T13:31:49","slug":"magister-en-estadistica-aplicada","status":"publish","type":"page","link":"https:\/\/face.unt.edu.ar\/web\/iestadisticas\/historia\/magister-en-estadistica-aplicada\/","title":{"rendered":"Magister en Estad\u00edstica Aplicada"},"content":{"rendered":"<p style=\"text-align: justify;\">El a\u00f1o 1987 marca un hito importante en la vida del INIE; por Resoluci\u00f3n N\u00ba 553\/987 del Honorable Consejo Superior de la Universidad Nacional de Tucum\u00e1n se dispone la realizaci\u00f3n de la Carrera de Postgrado en Estad\u00edstica Aplicada conducente a obtener el grado de Magister en Estad\u00edstica Aplicada.<\/p>\n<p style=\"text-align: justify;\">Los cursos ofrecidos totalizan 900 horas de clase, entre materias espec\u00edficas, complementarias y electivas. El grado se alcanza completando requisitos tales como residencia con dedicaci\u00f3n exclusiva al programa por no menos de un a\u00f1o acad\u00e9mico completo, aprobaci\u00f3n de materias del plan de estudios por un total de 575 horas de clases y realizaci\u00f3n de un trabajo de tesis referido a temas estad\u00edsticos modernos, vinculados al contenido de los cursos, seminarios y otras actividades del INIE.<\/p>\n<p style=\"text-align: justify;\">Los dos a\u00f1os acad\u00e9micos que comprende el programa estaban, hasta el a\u00f1o 1994, divididos en 3 per\u00edodos el primero y 2 el segundo. A partir de 1995, se modifican la fecha de inicio y duraci\u00f3n de los per\u00edodos del segundo a\u00f1o, para facilitar el trabajo de los alumnos en la tesis, salvando algunos problemas que se fueron detectando. Con este nuevo esquema, un alumno regular puede completar los cursos requeridos para el grado dentro del primer cuatrimestre del segundo a\u00f1o de su actividad en el Magister.<\/p>\n<p style=\"text-align: justify;\">Este programa se encuentra acreditado por la Comisi\u00f3n de Acreditaci\u00f3n de Postgrado del Ministerio de Cultura y Educaci\u00f3n de la Naci\u00f3n.<\/p>\n<p style=\"text-align: justify;\">En este momento, un importante n\u00famero de postulantes ya defendieron su Tesis de Magister y alcanzaron el t\u00edtulo correspondiente.<\/p>\n","protected":false},"excerpt":{"rendered":"<p>El a\u00f1o 1987 marca un hito importante en la vida del INIE; por Resoluci\u00f3n N\u00ba 553\/987 del Honorable Consejo Superior de la Universidad Nacional de Tucum\u00e1n se dispone la realizaci\u00f3n de la Carrera de Postgrado en Estad\u00edstica Aplicada conducente a obtener el grado de Magister en Estad\u00edstica Aplicada. Los cursos ofrecidos totalizan 900 horas de [&hellip;]<\/p>\n","protected":false},"author":1,"featured_media":0,"parent":67,"menu_order":0,"comment_status":"closed","ping_status":"closed","template":"","meta":{"footnotes":""},"_links":{"self":[{"href":"https:\/\/face.unt.edu.ar\/web\/iestadisticas\/wp-json\/wp\/v2\/pages\/63"}],"collection":[{"href":"https:\/\/face.unt.edu.ar\/web\/iestadisticas\/wp-json\/wp\/v2\/pages"}],"about":[{"href":"https:\/\/face.unt.edu.ar\/web\/iestadisticas\/wp-json\/wp\/v2\/types\/page"}],"author":[{"embeddable":true,"href":"https:\/\/face.unt.edu.ar\/web\/iestadisticas\/wp-json\/wp\/v2\/users\/1"}],"replies":[{"embeddable":true,"href":"https:\/\/face.unt.edu.ar\/web\/iestadisticas\/wp-json\/wp\/v2\/comments?post=63"}],"version-history":[{"count":2,"href":"https:\/\/face.unt.edu.ar\/web\/iestadisticas\/wp-json\/wp\/v2\/pages\/63\/revisions"}],"predecessor-version":[{"id":118,"href":"https:\/\/face.unt.edu.ar\/web\/iestadisticas\/wp-json\/wp\/v2\/pages\/63\/revisions\/118"}],"up":[{"embeddable":true,"href":"https:\/\/face.unt.edu.ar\/web\/iestadisticas\/wp-json\/wp\/v2\/pages\/67"}],"wp:attachment":[{"href":"https:\/\/face.unt.edu.ar\/web\/iestadisticas\/wp-json\/wp\/v2\/media?parent=63"}],"curies":[{"name":"wp","href":"https:\/\/api.w.org\/{rel}","templated":true}]}}