{"id":96,"date":"2014-08-28T12:36:11","date_gmt":"2014-08-28T12:36:11","guid":{"rendered":"http:\/\/www.face.unt.edu.ar\/face\/face\/inie\/?page_id=96"},"modified":"2022-01-31T19:38:37","modified_gmt":"2022-01-31T19:38:37","slug":"autoridades","status":"publish","type":"page","link":"https:\/\/face.unt.edu.ar\/web\/iestadisticas\/autoridades\/","title":{"rendered":"Autoridades"},"content":{"rendered":"<p style=\"font-weight: 400\"><strong>Consejo Consultivo del Instituto de Investigaciones Estad\u00edsticas (INIE)<\/strong><\/p>\n<p style=\"font-weight: 400\"><strong>Directora: <\/strong>Lic. Mena, Jorgelina<\/p>\n<p style=\"font-weight: 400\"><strong>Por los profesores Titulares, Asociados y Adjuntos:<\/strong><\/p>\n<p style=\"font-weight: 400\">Isgro, Christine Adriane<\/p>\n<p>Medina Galv\u00e1n, Marcelo Enrique<\/p>\n<p style=\"font-weight: 400\">Lencina, Viviana Beatriz<\/p>\n<p style=\"font-weight: 400\"><strong>Por los Auxiliares Regulares de la Docencia (Jefes de Trabajos Pr\u00e1cticos y Auxiliares de la Docencia Graduados)<\/strong><\/p>\n<p style=\"font-weight: 400\">P\u00e9rez Zamora, Luciana In\u00e9s<\/p>\n<p>Ter\u00e1n Pe\u00f1aloza, Josefina Br\u00edgida Mar\u00eda<\/p>\n<p>&nbsp;<\/p>\n","protected":false},"excerpt":{"rendered":"<p>Consejo Consultivo del Instituto de Investigaciones Estad\u00edsticas (INIE) Directora: Lic. Mena, Jorgelina Por los profesores Titulares, Asociados y Adjuntos: Isgro, Christine Adriane Medina Galv\u00e1n, Marcelo Enrique Lencina, Viviana Beatriz Por los Auxiliares Regulares de la Docencia (Jefes de Trabajos Pr\u00e1cticos y Auxiliares de la Docencia Graduados) P\u00e9rez Zamora, Luciana In\u00e9s Ter\u00e1n Pe\u00f1aloza, Josefina Br\u00edgida Mar\u00eda [&hellip;]<\/p>\n","protected":false},"author":1,"featured_media":0,"parent":0,"menu_order":0,"comment_status":"closed","ping_status":"closed","template":"","meta":{"footnotes":""},"_links":{"self":[{"href":"https:\/\/face.unt.edu.ar\/web\/iestadisticas\/wp-json\/wp\/v2\/pages\/96"}],"collection":[{"href":"https:\/\/face.unt.edu.ar\/web\/iestadisticas\/wp-json\/wp\/v2\/pages"}],"about":[{"href":"https:\/\/face.unt.edu.ar\/web\/iestadisticas\/wp-json\/wp\/v2\/types\/page"}],"author":[{"embeddable":true,"href":"https:\/\/face.unt.edu.ar\/web\/iestadisticas\/wp-json\/wp\/v2\/users\/1"}],"replies":[{"embeddable":true,"href":"https:\/\/face.unt.edu.ar\/web\/iestadisticas\/wp-json\/wp\/v2\/comments?post=96"}],"version-history":[{"count":12,"href":"https:\/\/face.unt.edu.ar\/web\/iestadisticas\/wp-json\/wp\/v2\/pages\/96\/revisions"}],"predecessor-version":[{"id":380,"href":"https:\/\/face.unt.edu.ar\/web\/iestadisticas\/wp-json\/wp\/v2\/pages\/96\/revisions\/380"}],"wp:attachment":[{"href":"https:\/\/face.unt.edu.ar\/web\/iestadisticas\/wp-json\/wp\/v2\/media?parent=96"}],"curies":[{"name":"wp","href":"https:\/\/api.w.org\/{rel}","templated":true}]}}