{"id":113,"date":"2016-12-06T12:36:23","date_gmt":"2016-12-06T12:36:23","guid":{"rendered":"http:\/\/face.unt.edu.ar\/web\/imatematica\/?page_id=113"},"modified":"2019-05-21T14:46:14","modified_gmt":"2019-05-21T14:46:14","slug":"introduccion-al-analisis-matematico-1983matematica-ii-2010","status":"publish","type":"page","link":"https:\/\/face.unt.edu.ar\/web\/imatematica\/introduccion-al-analisis-matematico-1983matematica-ii-2010\/","title":{"rendered":"Introducci\u00f3n al An\u00e1lisis Matem\u00e1tico (1983)\/Matem\u00e1tica II (2010)"},"content":{"rendered":"<p><img decoding=\"async\" loading=\"lazy\" class=\"alignnone size-full wp-image-131\" src=\"http:\/\/face.unt.edu.ar\/web\/imatematica\/wp-content\/uploads\/sites\/14\/2016\/12\/PEREZ-DE-DEL-NEGRO-MARIA-ANGELICA1-e1481029182115.jpg\" alt=\"PEREZ-DE-DEL-NEGRO-MARIA-ANGELICA1\" width=\"172\" height=\"209\" \/>\u00a0 \u00a0 \u00a0 \u00a0\u00a0<img decoding=\"async\" loading=\"lazy\" class=\"alignnone size-full wp-image-277\" src=\"http:\/\/face.unt.edu.ar\/web\/imatematica\/wp-content\/uploads\/sites\/14\/2019\/05\/margarita-veliz.png\" alt=\"\" width=\"174\" height=\"212\" \/>\u00a0 \u00a0 \u00a0 \u00a0 \u00a0 \u00a0 \u00a0<img decoding=\"async\" loading=\"lazy\" class=\"alignnone size-full wp-image-132\" src=\"http:\/\/face.unt.edu.ar\/web\/imatematica\/wp-content\/uploads\/sites\/14\/2016\/12\/RODRIGUEZ-AREAL-DE-TORINO1-e1481029237729.jpg\" alt=\"RODRIGUEZ-AREAL-DE-TORINO1\" width=\"172\" height=\"209\" \/><\/p>\n<p>Prof. Titular\u00a0 \u00a0 \u00a0 \u00a0 \u00a0 \u00a0 \u00a0 \u00a0 \u00a0 \u00a0 \u00a0 \u00a0 \u00a0 \u00a0Prof. Titular\u00a0 \u00a0 \u00a0 \u00a0 \u00a0 \u00a0 \u00a0 \u00a0 \u00a0 \u00a0 \u00a0 \u00a0 \u00a0 \u00a0 \u00a0 \u00a0Prof. Asociada<\/p>\n<p><img decoding=\"async\" loading=\"lazy\" class=\"alignnone size-full wp-image-161\" src=\"http:\/\/face.unt.edu.ar\/web\/imatematica\/wp-content\/uploads\/sites\/14\/2016\/12\/elisa-e1482153678618.jpg\" alt=\"\" width=\"177\" height=\"210\" \/>\u00a0 \u00a0 \u00a0 \u00a0 \u00a0<img decoding=\"async\" loading=\"lazy\" class=\"alignnone wp-image-133\" src=\"http:\/\/face.unt.edu.ar\/web\/imatematica\/wp-content\/uploads\/sites\/14\/2016\/12\/FERNANDEZ-AIDA1-e1481029506314.jpg\" alt=\"FERNANDEZ-AIDA1\" width=\"170\" height=\"212\" \/>\u00a0 \u00a0 \u00a0 \u00a0 \u00a0 \u00a0<img decoding=\"async\" loading=\"lazy\" class=\"alignnone wp-image-127\" src=\"http:\/\/face.unt.edu.ar\/web\/imatematica\/wp-content\/uploads\/sites\/14\/2016\/12\/PIRCHI-OSVALDO-ALFREDO1-e1481028685198.jpg\" alt=\"PIRCHI-OSVALDO-ALFREDO1\" width=\"172\" height=\"210\" \/><\/p>\n<p>Prof. Adjunta\u00a0 \u00a0 \u00a0 \u00a0 \u00a0 \u00a0 \u00a0 \u00a0 \u00a0 \u00a0 \u00a0 \u00a0 JTP\u00a0 \u00a0 \u00a0 \u00a0 \u00a0 \u00a0 \u00a0 \u00a0 \u00a0 \u00a0 \u00a0 \u00a0 \u00a0 \u00a0 \u00a0 \u00a0 \u00a0 \u00a0 \u00a0 \u00a0 JTP<\/p>\n<p><img decoding=\"async\" loading=\"lazy\" class=\"alignnone size-full wp-image-139\" src=\"http:\/\/face.unt.edu.ar\/web\/imatematica\/wp-content\/uploads\/sites\/14\/2016\/12\/MACA-FOTO-e1481547523964.jpg\" alt=\"MACA FOTO\" width=\"171\" height=\"211\" \/>\u00a0 \u00a0 \u00a0 \u00a0 \u00a0 \u00a0<img decoding=\"async\" loading=\"lazy\" class=\"alignnone size-full wp-image-162\" src=\"http:\/\/face.unt.edu.ar\/web\/imatematica\/wp-content\/uploads\/sites\/14\/2016\/12\/sonia-e1482153809846.jpg\" alt=\"sonia\" width=\"172\" height=\"208\" \/>\u00a0 \u00a0 \u00a0 \u00a0 \u00a0 \u00a0\u00a0<img decoding=\"async\" loading=\"lazy\" class=\"alignnone size-full wp-image-278\" src=\"http:\/\/face.unt.edu.ar\/web\/imatematica\/wp-content\/uploads\/sites\/14\/2019\/05\/andrea.png\" alt=\"\" width=\"174\" height=\"212\" \/><\/p>\n<p>JTP \u00a0 \u00a0 \u00a0 \u00a0 \u00a0 \u00a0 \u00a0 \u00a0 \u00a0 \u00a0 \u00a0 \u00a0 \u00a0 \u00a0 \u00a0 \u00a0 \u00a0 \u00a0 \u00a0 \u00a0 \u00a0 JTP\u00a0 \u00a0 \u00a0 \u00a0 \u00a0 \u00a0 \u00a0 \u00a0 \u00a0 \u00a0 \u00a0 \u00a0 \u00a0 \u00a0 \u00a0 \u00a0 \u00a0 \u00a0 \u00a0 \u00a0 JTP<\/p>\n<p><img decoding=\"async\" loading=\"lazy\" class=\"alignnone size-full wp-image-276\" src=\"http:\/\/face.unt.edu.ar\/web\/imatematica\/wp-content\/uploads\/sites\/14\/2019\/05\/noelia.png\" alt=\"\" width=\"174\" height=\"212\" \/><\/p>\n<p>JTP<\/p>\n<p>Ayudantes Estudiantiles:<\/p>\n<ul>\n<li>Natalia Luciana Mansilla<\/li>\n<li>Facundo Tannur\u00e9<\/li>\n<\/ul>\n","protected":false},"excerpt":{"rendered":"<p>\u00a0 \u00a0 \u00a0 \u00a0\u00a0\u00a0 \u00a0 \u00a0 \u00a0 \u00a0 \u00a0 \u00a0 Prof. Titular\u00a0 \u00a0 \u00a0 \u00a0 \u00a0 \u00a0 \u00a0 \u00a0 \u00a0 \u00a0 \u00a0 \u00a0 \u00a0 \u00a0Prof. Titular\u00a0 \u00a0 \u00a0 \u00a0 \u00a0 \u00a0 \u00a0 \u00a0 \u00a0 \u00a0 \u00a0 \u00a0 \u00a0 \u00a0 \u00a0 \u00a0Prof. Asociada \u00a0 \u00a0 \u00a0 \u00a0 \u00a0\u00a0 \u00a0 \u00a0 \u00a0 \u00a0 \u00a0 Prof. Adjunta\u00a0 \u00a0 [&hellip;]<\/p>\n","protected":false},"author":101013,"featured_media":0,"parent":0,"menu_order":0,"comment_status":"closed","ping_status":"closed","template":"","meta":{"footnotes":""},"_links":{"self":[{"href":"https:\/\/face.unt.edu.ar\/web\/imatematica\/wp-json\/wp\/v2\/pages\/113"}],"collection":[{"href":"https:\/\/face.unt.edu.ar\/web\/imatematica\/wp-json\/wp\/v2\/pages"}],"about":[{"href":"https:\/\/face.unt.edu.ar\/web\/imatematica\/wp-json\/wp\/v2\/types\/page"}],"author":[{"embeddable":true,"href":"https:\/\/face.unt.edu.ar\/web\/imatematica\/wp-json\/wp\/v2\/users\/101013"}],"replies":[{"embeddable":true,"href":"https:\/\/face.unt.edu.ar\/web\/imatematica\/wp-json\/wp\/v2\/comments?post=113"}],"version-history":[{"count":8,"href":"https:\/\/face.unt.edu.ar\/web\/imatematica\/wp-json\/wp\/v2\/pages\/113\/revisions"}],"predecessor-version":[{"id":279,"href":"https:\/\/face.unt.edu.ar\/web\/imatematica\/wp-json\/wp\/v2\/pages\/113\/revisions\/279"}],"wp:attachment":[{"href":"https:\/\/face.unt.edu.ar\/web\/imatematica\/wp-json\/wp\/v2\/media?parent=113"}],"curies":[{"name":"wp","href":"https:\/\/api.w.org\/{rel}","templated":true}]}}