{"id":119,"date":"2016-12-06T12:39:26","date_gmt":"2016-12-06T12:39:26","guid":{"rendered":"http:\/\/face.unt.edu.ar\/web\/imatematica\/?page_id=119"},"modified":"2019-05-21T15:06:07","modified_gmt":"2019-05-21T15:06:07","slug":"logica-y-metodologia-de-la-investigacion","status":"publish","type":"page","link":"https:\/\/face.unt.edu.ar\/web\/imatematica\/logica-y-metodologia-de-la-investigacion\/","title":{"rendered":"L\u00f3gica y Metodolog\u00eda de la Investigaci\u00f3n"},"content":{"rendered":"<p><img decoding=\"async\" loading=\"lazy\" class=\"alignnone size-full wp-image-187\" src=\"http:\/\/face.unt.edu.ar\/web\/imatematica\/wp-content\/uploads\/sites\/14\/2016\/12\/gatti-e1486042815587.jpg\" alt=\"gatti\" width=\"175\" height=\"212\" \/>\u00a0 \u00a0 \u00a0 \u00a0 \u00a0<img decoding=\"async\" loading=\"lazy\" class=\"alignnone size-full wp-image-189\" src=\"http:\/\/face.unt.edu.ar\/web\/imatematica\/wp-content\/uploads\/sites\/14\/2016\/12\/risco-e1486043234226.jpg\" alt=\"risco\" width=\"180\" height=\"214\" \/>\u00a0 \u00a0 \u00a0 \u00a0 \u00a0\u00a0<img decoding=\"async\" loading=\"lazy\" class=\"alignnone size-full wp-image-190\" src=\"http:\/\/face.unt.edu.ar\/web\/imatematica\/wp-content\/uploads\/sites\/14\/2016\/12\/mariel-e1486043609555.jpg\" alt=\"mariel\" width=\"174\" height=\"211\" \/><\/p>\n<p>Prof Adjunta\u00a0 \u00a0 \u00a0 \u00a0 \u00a0 \u00a0 \u00a0 \u00a0 \u00a0 \u00a0 \u00a0 \u00a0 \u00a0 \u00a0 JTP\u00a0 \u00a0 \u00a0 \u00a0 \u00a0 \u00a0 \u00a0 \u00a0 \u00a0 \u00a0 \u00a0 \u00a0 \u00a0 \u00a0 \u00a0 \u00a0 \u00a0 \u00a0 \u00a0 \u00a0 \u00a0 JTP<\/p>\n<p><img decoding=\"async\" loading=\"lazy\" class=\"alignnone size-full wp-image-191\" src=\"http:\/\/face.unt.edu.ar\/web\/imatematica\/wp-content\/uploads\/sites\/14\/2016\/12\/aguilar-e1486044291654.jpg\" alt=\"aguilar\" width=\"173\" height=\"217\" \/><\/p>\n<p>JTP<\/p>\n<p>Ayudante de C\u00e1tedra:<\/p>\n<ul>\n<li>Marina Rodriguez<\/li>\n<\/ul>\n","protected":false},"excerpt":{"rendered":"<p>\u00a0 \u00a0 \u00a0 \u00a0 \u00a0\u00a0 \u00a0 \u00a0 \u00a0 \u00a0\u00a0 Prof Adjunta\u00a0 \u00a0 \u00a0 \u00a0 \u00a0 \u00a0 \u00a0 \u00a0 \u00a0 \u00a0 \u00a0 \u00a0 \u00a0 \u00a0 JTP\u00a0 \u00a0 \u00a0 \u00a0 \u00a0 \u00a0 \u00a0 \u00a0 \u00a0 \u00a0 \u00a0 \u00a0 \u00a0 \u00a0 \u00a0 \u00a0 \u00a0 \u00a0 \u00a0 \u00a0 \u00a0 JTP JTP Ayudante de C\u00e1tedra: Marina Rodriguez<\/p>\n","protected":false},"author":101013,"featured_media":0,"parent":0,"menu_order":0,"comment_status":"closed","ping_status":"closed","template":"","meta":{"footnotes":""},"_links":{"self":[{"href":"https:\/\/face.unt.edu.ar\/web\/imatematica\/wp-json\/wp\/v2\/pages\/119"}],"collection":[{"href":"https:\/\/face.unt.edu.ar\/web\/imatematica\/wp-json\/wp\/v2\/pages"}],"about":[{"href":"https:\/\/face.unt.edu.ar\/web\/imatematica\/wp-json\/wp\/v2\/types\/page"}],"author":[{"embeddable":true,"href":"https:\/\/face.unt.edu.ar\/web\/imatematica\/wp-json\/wp\/v2\/users\/101013"}],"replies":[{"embeddable":true,"href":"https:\/\/face.unt.edu.ar\/web\/imatematica\/wp-json\/wp\/v2\/comments?post=119"}],"version-history":[{"count":5,"href":"https:\/\/face.unt.edu.ar\/web\/imatematica\/wp-json\/wp\/v2\/pages\/119\/revisions"}],"predecessor-version":[{"id":285,"href":"https:\/\/face.unt.edu.ar\/web\/imatematica\/wp-json\/wp\/v2\/pages\/119\/revisions\/285"}],"wp:attachment":[{"href":"https:\/\/face.unt.edu.ar\/web\/imatematica\/wp-json\/wp\/v2\/media?parent=119"}],"curies":[{"name":"wp","href":"https:\/\/api.w.org\/{rel}","templated":true}]}}