{"id":12,"date":"2016-08-02T23:37:25","date_gmt":"2016-08-02T23:37:25","guid":{"rendered":"http:\/\/face.unt.edu.ar\/web\/imatematica\/?page_id=12"},"modified":"2016-12-06T12:45:19","modified_gmt":"2016-12-06T12:45:19","slug":"integrantes-de-catedras","status":"publish","type":"page","link":"https:\/\/face.unt.edu.ar\/web\/imatematica\/integrantes-de-catedras\/","title":{"rendered":"C\u00e1tedras"},"content":{"rendered":"<ul>\n<li><a href=\"http:\/\/face.unt.edu.ar\/web\/imatematica\/algebra-1983matematica-i-2010\/\">\u00c1lgebra (1983)\/Matem\u00e1tica I (2010)<\/a><\/li>\n<li><a href=\"http:\/\/face.unt.edu.ar\/web\/imatematica\/introduccion-al-analisis-matematico-1983matematica-ii-2010\/\">Introducci\u00f3n al An\u00e1lisis Matem\u00e1tico (1983)\/Matem\u00e1tica II (2010)<\/a><\/li>\n<li><a href=\"http:\/\/face.unt.edu.ar\/web\/imatematica\/analisis-matematico-1983matematica-iii-2010\/\">An\u00e1lisis Matem\u00e1tico (1983)\/Matem\u00e1tica III (2010)<\/a><\/li>\n<li><a href=\"http:\/\/face.unt.edu.ar\/web\/imatematica\/analisis-matematico-1983matematica-financiera-2010\/\">An\u00e1lisis Matem\u00e1tico (1983)\/Matem\u00e1tica Financiera (2010)<\/a><\/li>\n<li><a href=\"http:\/\/face.unt.edu.ar\/web\/imatematica\/logica-y-metodologia-de-la-investigacion\/\">L\u00f3gica y Metodolog\u00eda de la Investigaci\u00f3n (2010)<\/a><\/li>\n<\/ul>\n","protected":false},"excerpt":{"rendered":"<p>\u00c1lgebra (1983)\/Matem\u00e1tica I (2010) Introducci\u00f3n al An\u00e1lisis Matem\u00e1tico (1983)\/Matem\u00e1tica II (2010) An\u00e1lisis Matem\u00e1tico (1983)\/Matem\u00e1tica III (2010) An\u00e1lisis Matem\u00e1tico (1983)\/Matem\u00e1tica Financiera (2010) L\u00f3gica y Metodolog\u00eda de la Investigaci\u00f3n (2010)<\/p>\n","protected":false},"author":1,"featured_media":0,"parent":0,"menu_order":0,"comment_status":"closed","ping_status":"closed","template":"","meta":{"footnotes":""},"_links":{"self":[{"href":"https:\/\/face.unt.edu.ar\/web\/imatematica\/wp-json\/wp\/v2\/pages\/12"}],"collection":[{"href":"https:\/\/face.unt.edu.ar\/web\/imatematica\/wp-json\/wp\/v2\/pages"}],"about":[{"href":"https:\/\/face.unt.edu.ar\/web\/imatematica\/wp-json\/wp\/v2\/types\/page"}],"author":[{"embeddable":true,"href":"https:\/\/face.unt.edu.ar\/web\/imatematica\/wp-json\/wp\/v2\/users\/1"}],"replies":[{"embeddable":true,"href":"https:\/\/face.unt.edu.ar\/web\/imatematica\/wp-json\/wp\/v2\/comments?post=12"}],"version-history":[{"count":11,"href":"https:\/\/face.unt.edu.ar\/web\/imatematica\/wp-json\/wp\/v2\/pages\/12\/revisions"}],"predecessor-version":[{"id":126,"href":"https:\/\/face.unt.edu.ar\/web\/imatematica\/wp-json\/wp\/v2\/pages\/12\/revisions\/126"}],"wp:attachment":[{"href":"https:\/\/face.unt.edu.ar\/web\/imatematica\/wp-json\/wp\/v2\/media?parent=12"}],"curies":[{"name":"wp","href":"https:\/\/api.w.org\/{rel}","templated":true}]}}