{"id":32,"date":"2016-08-02T23:45:36","date_gmt":"2016-08-02T23:45:36","guid":{"rendered":"http:\/\/face.unt.edu.ar\/web\/imatematica\/?page_id=32"},"modified":"2016-11-17T22:15:16","modified_gmt":"2016-11-17T22:15:16","slug":"pagina-principal","status":"publish","type":"page","link":"https:\/\/face.unt.edu.ar\/web\/imatematica\/","title":{"rendered":"PAGINA PRINCIPAL"},"content":{"rendered":"<p>[vc_row][vc_column width=\u00bb2\/3&#8243;][vc_column_text]Con proyectos de investigaci\u00f3n en tres c\u00e1tedras, se plantea la posibilidad de extenderse a la sociedad con cursos y seminarios de actualizaci\u00f3n docente.<br \/>\nSe piensa adem\u00e1s, organizar alg\u00fan tipo de carrera en especializaci\u00f3n profesional de la matem\u00e1tica como herramienta para las Ciencias Econ\u00f3micas.<br \/>\nTodo ello con el \u00fanico fin de propender a la formaci\u00f3n y perfeccionamiento de recursos humanos, tanto para la docencia como para la investigaci\u00f3n.[\/vc_column_text]<div class=\"td_block_wrap td_block_11 td_uid_1_69dbc51e3baa3_rand td-pb-border-top\"  data-td-block-uid=\"td_uid_1_69dbc51e3baa3\" ><script>var block_td_uid_1_69dbc51e3baa3 = new tdBlock();\nblock_td_uid_1_69dbc51e3baa3.id = \"td_uid_1_69dbc51e3baa3\";\nblock_td_uid_1_69dbc51e3baa3.atts = '{\"limit\":5,\"sort\":\"\",\"post_ids\":\"\",\"tag_slug\":\"\",\"autors_id\":\"\",\"installed_post_types\":\"\",\"category_id\":\"1\",\"category_ids\":\"\",\"custom_title\":\"Novedades\",\"custom_url\":\"\",\"show_child_cat\":\"\",\"sub_cat_ajax\":\"\",\"ajax_pagination\":\"\",\"header_color\":\"\",\"header_text_color\":\"\",\"ajax_pagination_infinite_stop\":\"\",\"td_column_number\":1,\"td_ajax_preloading\":\"\",\"td_ajax_filter_type\":\"\",\"td_ajax_filter_ids\":\"\",\"td_filter_default_txt\":\"Todo\",\"color_preset\":\"\",\"border_top\":\"\",\"class\":\"td_uid_1_69dbc51e3baa3_rand\",\"offset\":\"\",\"css\":\"\",\"live_filter\":\"\",\"live_filter_cur_post_id\":\"\",\"live_filter_cur_post_author\":\"\"}';\nblock_td_uid_1_69dbc51e3baa3.td_column_number = \"1\";\nblock_td_uid_1_69dbc51e3baa3.block_type = \"td_block_11\";\nblock_td_uid_1_69dbc51e3baa3.post_count = \"4\";\nblock_td_uid_1_69dbc51e3baa3.found_posts = \"4\";\nblock_td_uid_1_69dbc51e3baa3.header_color = \"\";\nblock_td_uid_1_69dbc51e3baa3.ajax_pagination_infinite_stop = \"\";\nblock_td_uid_1_69dbc51e3baa3.max_num_pages = \"1\";\ntdBlocksArray.push(block_td_uid_1_69dbc51e3baa3);\n<\/script><h4 class=\"block-title\"><span>Novedades<\/span><\/h4><div id=td_uid_1_69dbc51e3baa3 class=\"td_block_inner\">\n\n\t<div class=\"td-block-span12\">\n\r\n        <div class=\"td_module_10 td_module_wrap td-animation-stack\">\r\n            <div class=\"td-module-thumb\"><a href=\"https:\/\/face.unt.edu.ar\/web\/imatematica\/2017\/11\/09\/curso-latex-con-textstudio\/\" rel=\"bookmark\" title=\"Curso: \u00abLatex con Textstudio\u00bb\"><img width=\"218\" height=\"150\" class=\"entry-thumb\" src=\"https:\/\/face.unt.edu.ar\/web\/imatematica\/wp-content\/themes\/nuevaface\/images\/no-thumb\/td_218x150.png\" alt=\"\"\/><\/a><\/div>\r\n            <div class=\"item-details\">\r\n            <h3 class=\"entry-title td-module-title\"><a href=\"https:\/\/face.unt.edu.ar\/web\/imatematica\/2017\/11\/09\/curso-latex-con-textstudio\/\" rel=\"bookmark\" title=\"Curso: \u00abLatex con Textstudio\u00bb\">Curso: \u00abLatex con Textstudio\u00bb<\/a><\/h3>\r\n                <div class=\"td-module-meta-info\">\r\n                                            <span class=\"td-post-author-name\"><a href=\"https:\/\/face.unt.edu.ar\/web\/imatematica\/author\/jmtorino\/\">jmtorino<\/a> <span>-<\/span> <\/span>                        <span class=\"td-post-date\"><time class=\"entry-date updated td-module-date\" datetime=\"2017-11-09T14:43:02+00:00\" >9 noviembre, 2017<\/time><\/span>                        <div class=\"td-module-comments\"><a href=\"https:\/\/face.unt.edu.ar\/web\/imatematica\/2017\/11\/09\/curso-latex-con-textstudio\/#respond\">0<\/a><\/div>                <\/div>\r\n\r\n                <div class=\"td-excerpt\">\r\n                    \r\n\r\n&nbsp;\r\n\r\nDesde el Instituto de Matem\u00e1tica se les ofrece a los docentes, alumnos y publico en general, el curso de extensi\u00f3n &quot;Latex con Textstudio&quot; a...                <\/div>\r\n            <\/div>\r\n\r\n        <\/div>\r\n\r\n        \n\t<\/div> <!-- .\/td-block-span12 -->\n\n\t<div class=\"td-block-span12\">\n\r\n        <div class=\"td_module_10 td_module_wrap td-animation-stack\">\r\n            <div class=\"td-module-thumb\"><a href=\"https:\/\/face.unt.edu.ar\/web\/imatematica\/2017\/11\/09\/charla-historia-del-interes\/\" rel=\"bookmark\" title=\"Charla: \u00abHistoria del Inter\u00e9s\u00bb\"><img width=\"218\" height=\"150\" class=\"entry-thumb\" src=\"https:\/\/face.unt.edu.ar\/web\/imatematica\/wp-content\/themes\/nuevaface\/images\/no-thumb\/td_218x150.png\" alt=\"\"\/><\/a><\/div>\r\n            <div class=\"item-details\">\r\n            <h3 class=\"entry-title td-module-title\"><a href=\"https:\/\/face.unt.edu.ar\/web\/imatematica\/2017\/11\/09\/charla-historia-del-interes\/\" rel=\"bookmark\" title=\"Charla: \u00abHistoria del Inter\u00e9s\u00bb\">Charla: \u00abHistoria del Inter\u00e9s\u00bb<\/a><\/h3>\r\n                <div class=\"td-module-meta-info\">\r\n                                            <span class=\"td-post-author-name\"><a href=\"https:\/\/face.unt.edu.ar\/web\/imatematica\/author\/jmtorino\/\">jmtorino<\/a> <span>-<\/span> <\/span>                        <span class=\"td-post-date\"><time class=\"entry-date updated td-module-date\" datetime=\"2017-11-09T14:41:41+00:00\" >9 noviembre, 2017<\/time><\/span>                        <div class=\"td-module-comments\"><a href=\"https:\/\/face.unt.edu.ar\/web\/imatematica\/2017\/11\/09\/charla-historia-del-interes\/#respond\">0<\/a><\/div>                <\/div>\r\n\r\n                <div class=\"td-excerpt\">\r\n                    \r\n\r\n&nbsp;\r\n\r\nLos invitamos a participar de la charla abierta: &quot;Historia del Inter\u00e9s&quot;.\r\n\r\nLa misma se llevar\u00e1 a cabo el d\u00eda Lunes 13 de noviembre del corriente...                <\/div>\r\n            <\/div>\r\n\r\n        <\/div>\r\n\r\n        \n\t<\/div> <!-- .\/td-block-span12 -->\n\n\t<div class=\"td-block-span12\">\n\r\n        <div class=\"td_module_10 td_module_wrap td-animation-stack\">\r\n            <div class=\"td-module-thumb\"><a href=\"https:\/\/face.unt.edu.ar\/web\/imatematica\/2017\/11\/09\/taller-cuestiones-relativas-a-la-aritmetizacion-y-equivalencia-de-las-proposiciones-categoricas-de-la-logica-aristotelica\/\" rel=\"bookmark\" title=\"Taller: \u00abCuestiones relativas a la aritmetizaci\u00f3n y equivalencia de las proposiciones categ\u00f3ricas de la l\u00f3gica aristot\u00e9lica\"><img width=\"218\" height=\"150\" class=\"entry-thumb\" src=\"https:\/\/face.unt.edu.ar\/web\/imatematica\/wp-content\/themes\/nuevaface\/images\/no-thumb\/td_218x150.png\" alt=\"\"\/><\/a><\/div>\r\n            <div class=\"item-details\">\r\n            <h3 class=\"entry-title td-module-title\"><a href=\"https:\/\/face.unt.edu.ar\/web\/imatematica\/2017\/11\/09\/taller-cuestiones-relativas-a-la-aritmetizacion-y-equivalencia-de-las-proposiciones-categoricas-de-la-logica-aristotelica\/\" rel=\"bookmark\" title=\"Taller: \u00abCuestiones relativas a la aritmetizaci\u00f3n y equivalencia de las proposiciones categ\u00f3ricas de la l\u00f3gica aristot\u00e9lica\">Taller: \u00abCuestiones relativas a la aritmetizaci\u00f3n y equivalencia de las proposiciones categ\u00f3ricas de la...<\/a><\/h3>\r\n                <div class=\"td-module-meta-info\">\r\n                                            <span class=\"td-post-author-name\"><a href=\"https:\/\/face.unt.edu.ar\/web\/imatematica\/author\/jmtorino\/\">jmtorino<\/a> <span>-<\/span> <\/span>                        <span class=\"td-post-date\"><time class=\"entry-date updated td-module-date\" datetime=\"2017-11-09T14:41:04+00:00\" >9 noviembre, 2017<\/time><\/span>                        <div class=\"td-module-comments\"><a href=\"https:\/\/face.unt.edu.ar\/web\/imatematica\/2017\/11\/09\/taller-cuestiones-relativas-a-la-aritmetizacion-y-equivalencia-de-las-proposiciones-categoricas-de-la-logica-aristotelica\/#respond\">0<\/a><\/div>                <\/div>\r\n\r\n                <div class=\"td-excerpt\">\r\n                    \r\n\r\nDesde la C\u00e1tedra de L\u00f3gica y Metodolog\u00eda de la Ciencia, se est\u00e1 llevando a cabo el taller: &quot;Cuestiones relativas a la aritmetizaci\u00f3n y equivalencia...                <\/div>\r\n            <\/div>\r\n\r\n        <\/div>\r\n\r\n        \n\t<\/div> <!-- .\/td-block-span12 -->\n\n\t<div class=\"td-block-span12\">\n\r\n        <div class=\"td_module_10 td_module_wrap td-animation-stack\">\r\n            <div class=\"td-module-thumb\"><a href=\"https:\/\/face.unt.edu.ar\/web\/imatematica\/2016\/08\/03\/especializacion-y-extension-en-el-instituto-de-matematica\/\" rel=\"bookmark\" title=\"Especializaci\u00f3n y extensi\u00f3n en el Instituto de Matem\u00e1tica\"><img width=\"218\" height=\"150\" class=\"entry-thumb\" src=\"https:\/\/face.unt.edu.ar\/web\/imatematica\/wp-content\/uploads\/sites\/14\/2016\/08\/imat-218x150.jpg\" alt=\"\" title=\"Especializaci\u00f3n y extensi\u00f3n en el Instituto de Matem\u00e1tica\"\/><\/a><\/div>\r\n            <div class=\"item-details\">\r\n            <h3 class=\"entry-title td-module-title\"><a href=\"https:\/\/face.unt.edu.ar\/web\/imatematica\/2016\/08\/03\/especializacion-y-extension-en-el-instituto-de-matematica\/\" rel=\"bookmark\" title=\"Especializaci\u00f3n y extensi\u00f3n en el Instituto de Matem\u00e1tica\">Especializaci\u00f3n y extensi\u00f3n en el Instituto de Matem\u00e1tica<\/a><\/h3>\r\n                <div class=\"td-module-meta-info\">\r\n                                            <span class=\"td-post-author-name\"><a href=\"https:\/\/face.unt.edu.ar\/web\/imatematica\/author\/jmarin\/\">Administrador<\/a> <span>-<\/span> <\/span>                        <span class=\"td-post-date\"><time class=\"entry-date updated td-module-date\" datetime=\"2016-08-03T00:03:24+00:00\" >3 agosto, 2016<\/time><\/span>                        <div class=\"td-module-comments\"><a href=\"https:\/\/face.unt.edu.ar\/web\/imatematica\/2016\/08\/03\/especializacion-y-extension-en-el-instituto-de-matematica\/#respond\">0<\/a><\/div>                <\/div>\r\n\r\n                <div class=\"td-excerpt\">\r\n                    Luego de llevado a cabo el proceso de eleccionario, en el Instituto de Matem\u00e1ticas se constituyeron las nuevas autoridades que ejercer\u00e1n sus funciones durante...                <\/div>\r\n            <\/div>\r\n\r\n        <\/div>\r\n\r\n        \n\t<\/div> <!-- .\/td-block-span12 --><\/div><\/div> <!-- .\/block --><div class=\"td_block_wrap td_block_21 td_uid_2_69dbc51e424af_rand td-pb-border-top\"  data-td-block-uid=\"td_uid_2_69dbc51e424af\" ><script>var block_td_uid_2_69dbc51e424af = new tdBlock();\nblock_td_uid_2_69dbc51e424af.id = \"td_uid_2_69dbc51e424af\";\nblock_td_uid_2_69dbc51e424af.atts = '{\"limit\":5,\"sort\":\"\",\"post_ids\":\"\",\"tag_slug\":\"\",\"autors_id\":\"\",\"installed_post_types\":\"\",\"category_id\":\"5\",\"category_ids\":\"\",\"custom_title\":\"Noticias\",\"custom_url\":\"\",\"show_child_cat\":\"\",\"sub_cat_ajax\":\"\",\"ajax_pagination\":\"\",\"header_color\":\"\",\"header_text_color\":\"\",\"ajax_pagination_infinite_stop\":\"\",\"td_column_number\":1,\"td_ajax_preloading\":\"\",\"td_ajax_filter_type\":\"\",\"td_ajax_filter_ids\":\"\",\"td_filter_default_txt\":\"Todo\",\"color_preset\":\"\",\"border_top\":\"\",\"class\":\"td_uid_2_69dbc51e424af_rand\",\"offset\":\"\",\"css\":\"\",\"live_filter\":\"\",\"live_filter_cur_post_id\":\"\",\"live_filter_cur_post_author\":\"\"}';\nblock_td_uid_2_69dbc51e424af.td_column_number = \"1\";\nblock_td_uid_2_69dbc51e424af.block_type = \"td_block_21\";\nblock_td_uid_2_69dbc51e424af.post_count = \"1\";\nblock_td_uid_2_69dbc51e424af.found_posts = \"1\";\nblock_td_uid_2_69dbc51e424af.header_color = \"\";\nblock_td_uid_2_69dbc51e424af.ajax_pagination_infinite_stop = \"\";\nblock_td_uid_2_69dbc51e424af.max_num_pages = \"1\";\ntdBlocksArray.push(block_td_uid_2_69dbc51e424af);\n<\/script><h4 class=\"block-title\"><span>Noticias<\/span><\/h4><div id=td_uid_2_69dbc51e424af class=\"td_block_inner\">\r\n        <div class=\"td_module_16 td_module_wrap td-animation-stack\">\r\n            <div class=\"td-module-thumb\"><a href=\"https:\/\/face.unt.edu.ar\/web\/imatematica\/2017\/08\/04\/olimpiadas-matematicas-face-unt\/\" rel=\"bookmark\" title=\"Olimp\u00edadas Matem\u00e1ticas FACE-UNT\"><img width=\"150\" height=\"150\" class=\"entry-thumb\" src=\"https:\/\/face.unt.edu.ar\/web\/imatematica\/wp-content\/uploads\/sites\/14\/2017\/08\/olimpiadas-de-matematicas-150x150.jpg\" alt=\"\" title=\"Olimp\u00edadas Matem\u00e1ticas FACE-UNT\"\/><\/a><\/div>\r\n            <div class=\"item-details\">\r\n                <h3 class=\"entry-title td-module-title\"><a href=\"https:\/\/face.unt.edu.ar\/web\/imatematica\/2017\/08\/04\/olimpiadas-matematicas-face-unt\/\" rel=\"bookmark\" title=\"Olimp\u00edadas Matem\u00e1ticas FACE-UNT\">Olimp\u00edadas Matem\u00e1ticas FACE-UNT<\/a><\/h3>\r\n                <div class=\"td-module-meta-info\">\r\n                                        <span class=\"td-post-author-name\"><a href=\"https:\/\/face.unt.edu.ar\/web\/imatematica\/author\/jmtorino\/\">jmtorino<\/a> <span>-<\/span> <\/span>                    <span class=\"td-post-date\"><time class=\"entry-date updated td-module-date\" datetime=\"2017-08-04T15:06:32+00:00\" >4 agosto, 2017<\/time><\/span>                    <div class=\"td-module-comments\"><a href=\"https:\/\/face.unt.edu.ar\/web\/imatematica\/2017\/08\/04\/olimpiadas-matematicas-face-unt\/#respond\">0<\/a><\/div>                <\/div>\r\n\r\n                <div class=\"td-excerpt\">\r\n                    \u00a0\u00a0\u00a0\u00a0\u00a0\u00a0\u00a0\u00a0\u00a0 La Matem\u00e1tica es fundamental para el desarrollo intelectual del ser humano debido a su incalculable valor formativo. El conocimiento de esta disciplina se...                <\/div>\r\n            <\/div>\r\n\r\n        <\/div>\r\n\r\n        <\/div><\/div> <!-- .\/block --><div class=\"td_block_wrap td_block_7 td_uid_3_69dbc51e43a84_rand td-pb-border-top\"  data-td-block-uid=\"td_uid_3_69dbc51e43a84\" ><script>var block_td_uid_3_69dbc51e43a84 = new tdBlock();\nblock_td_uid_3_69dbc51e43a84.id = \"td_uid_3_69dbc51e43a84\";\nblock_td_uid_3_69dbc51e43a84.atts = '{\"limit\":5,\"sort\":\"\",\"post_ids\":\"\",\"tag_slug\":\"\",\"autors_id\":\"\",\"installed_post_types\":\"\",\"category_id\":\"6\",\"category_ids\":\"\",\"custom_title\":\"Informaci\\u00f3n para Alumnos\",\"custom_url\":\"\",\"show_child_cat\":\"\",\"sub_cat_ajax\":\"\",\"ajax_pagination\":\"\",\"header_color\":\"\",\"header_text_color\":\"\",\"ajax_pagination_infinite_stop\":\"\",\"td_column_number\":1,\"td_ajax_preloading\":\"\",\"td_ajax_filter_type\":\"\",\"td_ajax_filter_ids\":\"\",\"td_filter_default_txt\":\"Todo\",\"color_preset\":\"\",\"border_top\":\"\",\"class\":\"td_uid_3_69dbc51e43a84_rand\",\"offset\":\"\",\"css\":\"\",\"live_filter\":\"\",\"live_filter_cur_post_id\":\"\",\"live_filter_cur_post_author\":\"\"}';\nblock_td_uid_3_69dbc51e43a84.td_column_number = \"1\";\nblock_td_uid_3_69dbc51e43a84.block_type = \"td_block_7\";\nblock_td_uid_3_69dbc51e43a84.post_count = \"0\";\nblock_td_uid_3_69dbc51e43a84.found_posts = \"0\";\nblock_td_uid_3_69dbc51e43a84.header_color = \"\";\nblock_td_uid_3_69dbc51e43a84.ajax_pagination_infinite_stop = \"\";\nblock_td_uid_3_69dbc51e43a84.max_num_pages = \"0\";\ntdBlocksArray.push(block_td_uid_3_69dbc51e43a84);\n<\/script><h4 class=\"block-title\"><span>Informaci\u00f3n para Alumnos<\/span><\/h4><div id=td_uid_3_69dbc51e43a84 class=\"td_block_inner\"><\/div><\/div> <!-- .\/block -->[\/vc_column][vc_column width=\u00bb1\/3&#8243;][vc_single_image image=\u00bb84&#8243; img_size=\u00bbfull\u00bb onclick=\u00bbcustom_link\u00bb link=\u00bbhttp:\/\/face.unt.edu.ar\/web\/olimpiadas-academicas-de-ciencias-economicas\/\u00bb][vc_single_image image=\u00bb36&#8243; img_size=\u00bbfull\u00bb onclick=\u00bbcustom_link\u00bb img_link_target=\u00bb_blank\u00bb link=\u00bbhttp:\/\/www.campusvirtual.unt.edu.ar\/course\/category.php?id=14&#8243;][\/vc_column][\/vc_row]<\/p>\n","protected":false},"excerpt":{"rendered":"<p>[vc_row][vc_column width=\u00bb2\/3&#8243;][vc_column_text]Con proyectos de investigaci\u00f3n en tres c\u00e1tedras, se plantea la posibilidad de extenderse a la sociedad con cursos y seminarios de actualizaci\u00f3n docente. Se piensa adem\u00e1s, organizar alg\u00fan tipo de carrera en especializaci\u00f3n profesional de la matem\u00e1tica como herramienta para las Ciencias Econ\u00f3micas. Todo ello con el \u00fanico fin de propender a la formaci\u00f3n [&hellip;]<\/p>\n","protected":false},"author":1,"featured_media":0,"parent":0,"menu_order":0,"comment_status":"closed","ping_status":"closed","template":"","meta":{"footnotes":""},"_links":{"self":[{"href":"https:\/\/face.unt.edu.ar\/web\/imatematica\/wp-json\/wp\/v2\/pages\/32"}],"collection":[{"href":"https:\/\/face.unt.edu.ar\/web\/imatematica\/wp-json\/wp\/v2\/pages"}],"about":[{"href":"https:\/\/face.unt.edu.ar\/web\/imatematica\/wp-json\/wp\/v2\/types\/page"}],"author":[{"embeddable":true,"href":"https:\/\/face.unt.edu.ar\/web\/imatematica\/wp-json\/wp\/v2\/users\/1"}],"replies":[{"embeddable":true,"href":"https:\/\/face.unt.edu.ar\/web\/imatematica\/wp-json\/wp\/v2\/comments?post=32"}],"version-history":[{"count":22,"href":"https:\/\/face.unt.edu.ar\/web\/imatematica\/wp-json\/wp\/v2\/pages\/32\/revisions"}],"predecessor-version":[{"id":286,"href":"https:\/\/face.unt.edu.ar\/web\/imatematica\/wp-json\/wp\/v2\/pages\/32\/revisions\/286"}],"wp:attachment":[{"href":"https:\/\/face.unt.edu.ar\/web\/imatematica\/wp-json\/wp\/v2\/media?parent=32"}],"curies":[{"name":"wp","href":"https:\/\/api.w.org\/{rel}","templated":true}]}}