{"id":8,"date":"2016-08-02T23:36:43","date_gmt":"2016-08-02T23:36:43","guid":{"rendered":"http:\/\/face.unt.edu.ar\/web\/imatematica\/?page_id=8"},"modified":"2023-06-01T13:49:33","modified_gmt":"2023-06-01T13:49:33","slug":"autoridades","status":"publish","type":"page","link":"https:\/\/face.unt.edu.ar\/web\/imatematica\/autoridades\/","title":{"rendered":"Autoridades"},"content":{"rendered":"<p style=\"text-align: center\">Directora<br \/>\n<strong><span style=\"font-size: 11.5pt;line-height: 150%;font-family: 'Verdana','sans-serif';color: #222222\"><span style=\"font-family: 'Verdana','sans-serif'\">Mg. Elsa Rodr\u00edguez Areal<\/span><\/span><\/strong><\/p>\n<p style=\"text-align: center\">Consejo Consultivo<br \/>\nProfesores Titulares, Asociados y Adjuntos<br \/>\n<strong><span style=\"font-size: 11.5pt;line-height: 150%;font-family: 'Verdana','sans-serif';color: #222222\">C.P.N Elisa de Rosa<br \/>\nMG. Alberto Sfer<\/span><\/strong><span style=\"font-size: 11.5pt;line-height: 150%;font-family: 'Verdana','sans-serif';color: #222222\"><br \/>\n<\/span><strong><span style=\"font-size: 11.5pt;line-height: 150%;font-family: 'Verdana','sans-serif';color: #222222\">Mg. Anal\u00eda Mena<\/span><\/strong><\/p>\n<p style=\"margin: 0cm;margin-bottom: .0001pt;text-align: center;line-height: 150%\" align=\"center\"><span style=\"font-size: 11.5pt;line-height: 150%;font-family: 'Verdana','sans-serif';color: #222222\">Jefes de Trabajos Pr\u00e1cticos<br \/>\n<strong>C.P.N Noelia Anal\u00eda Monteros<\/strong><br \/>\n<strong>Lic. A\u00edda Evangelina Fern\u00e1ndez<\/strong><\/span><\/p>\n<p align=\"center\">\n<p style=\"text-align: center\">Suplentes JTP<br \/>\n<strong>Dra. Mar\u00eda Emilia Castillo<\/strong><br \/>\n<strong>C.P.N Mar\u00eda Victoria Garc\u00eda Venegas<\/strong><\/p>\n<p style=\"margin: 0cm;margin-bottom: .0001pt;text-align: center;line-height: 150%\" align=\"center\">\n","protected":false},"excerpt":{"rendered":"<p>Directora Mg. Elsa Rodr\u00edguez Areal Consejo Consultivo Profesores Titulares, Asociados y Adjuntos C.P.N Elisa de Rosa MG. Alberto Sfer Mg. Anal\u00eda Mena Jefes de Trabajos Pr\u00e1cticos C.P.N Noelia Anal\u00eda Monteros Lic. A\u00edda Evangelina Fern\u00e1ndez Suplentes JTP Dra. Mar\u00eda Emilia Castillo C.P.N Mar\u00eda Victoria Garc\u00eda Venegas<\/p>\n","protected":false},"author":1,"featured_media":0,"parent":0,"menu_order":0,"comment_status":"closed","ping_status":"closed","template":"","meta":{"footnotes":""},"_links":{"self":[{"href":"https:\/\/face.unt.edu.ar\/web\/imatematica\/wp-json\/wp\/v2\/pages\/8"}],"collection":[{"href":"https:\/\/face.unt.edu.ar\/web\/imatematica\/wp-json\/wp\/v2\/pages"}],"about":[{"href":"https:\/\/face.unt.edu.ar\/web\/imatematica\/wp-json\/wp\/v2\/types\/page"}],"author":[{"embeddable":true,"href":"https:\/\/face.unt.edu.ar\/web\/imatematica\/wp-json\/wp\/v2\/users\/1"}],"replies":[{"embeddable":true,"href":"https:\/\/face.unt.edu.ar\/web\/imatematica\/wp-json\/wp\/v2\/comments?post=8"}],"version-history":[{"count":22,"href":"https:\/\/face.unt.edu.ar\/web\/imatematica\/wp-json\/wp\/v2\/pages\/8\/revisions"}],"predecessor-version":[{"id":309,"href":"https:\/\/face.unt.edu.ar\/web\/imatematica\/wp-json\/wp\/v2\/pages\/8\/revisions\/309"}],"wp:attachment":[{"href":"https:\/\/face.unt.edu.ar\/web\/imatematica\/wp-json\/wp\/v2\/media?parent=8"}],"curies":[{"name":"wp","href":"https:\/\/api.w.org\/{rel}","templated":true}]}}