{"id":1020,"date":"2019-11-03T01:00:25","date_gmt":"2019-11-03T01:00:25","guid":{"rendered":"http:\/\/face.unt.edu.ar\/web\/posgrados\/?page_id=1020"},"modified":"2025-11-13T14:23:43","modified_gmt":"2025-11-13T14:23:43","slug":"especializacion-en-auditoria-y-contabilidad","status":"publish","type":"page","link":"https:\/\/face.unt.edu.ar\/web\/posgrados\/especializacion-en-auditoria-y-contabilidad\/","title":{"rendered":"ESPECIALIZACI\u00d3N EN AUDITOR\u00cdA Y CONTABILIDAD"},"content":{"rendered":"<p><a href=\"http:\/\/face.unt.edu.ar\/web\/posgrados\/wp-content\/uploads\/sites\/3\/2019\/11\/auditoria.png\"><img decoding=\"async\" loading=\"lazy\" class=\"aligncenter wp-image-1023\" src=\"http:\/\/face.unt.edu.ar\/web\/posgrados\/wp-content\/uploads\/sites\/3\/2019\/11\/auditoria-300x206.png\" alt=\"\" width=\"444\" height=\"305\" srcset=\"https:\/\/face.unt.edu.ar\/web\/posgrados\/wp-content\/uploads\/sites\/3\/2019\/11\/auditoria-300x206.png 300w, https:\/\/face.unt.edu.ar\/web\/posgrados\/wp-content\/uploads\/sites\/3\/2019\/11\/auditoria.png 730w\" sizes=\"(max-width: 444px) 100vw, 444px\" \/><\/a><\/p>\n<p style=\"text-align: center\">Acreditada por la CONEAU EX-<a href=\"https:\/\/face.unt.edu.ar\/web\/posgrados\/wp-content\/uploads\/sites\/3\/2025\/11\/Auditoria-y-contabilidad-coneau_compressed.pdf\">2018-19522887<\/a>-APN-DAC#CONEAU\u00a0 el 27 de mayo de 2019<br \/>\n<strong>Reconocimiento Oficial y Validez Nacional<\/strong> <strong>del Titulo<\/strong> &#8211;<strong><a href=\"https:\/\/face.unt.edu.ar\/web\/posgrados\/wp-content\/uploads\/sites\/3\/2020\/08\/RES-4243-19-ME-ESP.-EN-AUDITORIA-Y-CONTABILIDAD.pdf\">RESOL- 4243\/19\u00a0 VALIDEZ NACIONAL\u00a0DEL TITULO<\/a><\/strong><\/p>\n<p style=\"text-align: left\"><strong>Director: Mg. Luis Antonio Godoy<\/strong><br \/>\n<strong>Co Directora: Mg. Mar\u00eda Liliana Pacheco<\/strong><\/p>\n<p style=\"text-align: left\"><strong>Informes e Inscripciones<\/strong><\/p>\n<p style=\"text-align: left\">Facultad de Ciencias Econ\u00f3micas de la UNT<br \/>\n<strong>Tel\u00e9fono:<\/strong> 0381-154954428<br \/>\n<strong>E-mail:<\/strong> espauditoriaycontabilidad@face.unt.edu.ar \/ \u00a0fherrando@face.unt.edu.ar \/ lagodoy@satlink.com<\/p>\n<p><strong><a href=\"https:\/\/face.unt.edu.ar\/web\/posgrados\/wp-content\/uploads\/sites\/3\/2021\/11\/Solicitud-Individual-de-Admision-Auditoria.pdf\">Solicitud de Admisi\u00f3n<\/a><\/strong><br \/>\n<strong><a href=\"https:\/\/face.unt.edu.ar\/web\/posgrados\/wp-content\/uploads\/sites\/3\/2021\/11\/Carta-de-Recomendacion-Auditoria.pdf\">Carta de Recomendaci\u00f3n<\/a><\/strong><\/p>\n<p style=\"text-align: left\"><strong>Objetivos<\/strong><br \/>\nLos objetivos de la presente carrera, est\u00e1n orientados a la actualizaci\u00f3n, mejoramiento y especializaci\u00f3n de la pr\u00e1ctica del profesional que act\u00faa en el campo de la Auditor\u00eda y la Contabilidad , presentando, desarrollando y poniendo bajo an\u00e1lisis las modernas metodolog\u00edas aplicadas, la utilizaci\u00f3n de las herramientas incorporadas por las innovaciones tecnol\u00f3gicas, el marco de Normas Nacionales e Internacionales, el marco \u00e9tico profesional, la responsabilidad legal y los aspectos contables relevantes. Se persigue tambi\u00e9n como fin la formaci\u00f3n de recursos humanos para la docencia universitaria y la investigaci\u00f3n cient\u00edfica. Para el cumplimiento de los objetivos se\u00f1alados, luego de analizar los lineamientos generales de la Auditor\u00eda y de la Contabilidad, de la actuaci\u00f3n del profesional en estas especialidades y el rol que \u00e9ste debe cumplir en una organizaci\u00f3n, se presentar\u00e1n y discutir\u00e1n procedimientos para el conocimiento y desarrollo de las disposiciones normativas y metodol\u00f3gicas. Se analizar\u00e1n los conceptos y disposiciones de m\u00e1s reciente adopci\u00f3n, incorporados en las Normas Contables y en las de Auditor\u00eda, los m\u00e1s relevantes tratados en las Normas Nacionales e Internacionales y los que se encuentran bajo an\u00e1lisis para ser reformados. Para el logro de los objetivos propuestos, los docentes a cargo de cada m\u00f3dulo indicar\u00e1n las fuentes de informaci\u00f3n, entregando gu\u00edas y material y se generar\u00e1n los ambientes de discusi\u00f3n aconsejables para el desarrollo acad\u00e9mico &#8211; tem\u00e1tico. Durante el desarrollo de la carrera se incursionar\u00e1 en contextos privados y p\u00fablicos.<\/p>\n<p><strong>T\u00edtulo que otorga: <\/strong><\/p>\n<p>ESPECIALISTA EN AUDITOR\u00cdA Y CONTABILIDAD<\/p>\n<p><strong>Requisitos de Admisi\u00f3n <\/strong><\/p>\n<p>Podr\u00e1n postularse a la presente Carrera de Especializaci\u00f3n, aquellos profesionales, graduados en Universidades Argentinas o Extranjeras, en cualquiera de las especialidades de las Ciencias Econ\u00f3micas, con un plan de estudios de una duraci\u00f3n m\u00ednima de cuatro a\u00f1os. Cada uno de los profesionales que se inscriban, cuando se considere conveniente, deber\u00e1 nivelar sus conocimientos conforme a las exigencias del desarrollo de los temas propuestos en los programas de cada m\u00f3dulo. Para ello contar\u00e1 con la asistencia del Comit\u00e9 Acad\u00e9mico de la Carrera y los docentes a cargo de las actividades de nivelaci\u00f3n.<\/p>\n<p><strong>Plan de Estudios\u00a0\u00a0<\/strong><\/p>\n<p>La Especializaci\u00f3n tiene una carga horaria de 390 hs. Los m\u00f3dulos se desarrollan en clases semanales de 10 hs.<\/p>\n<p>. Nivelaci\u00f3n Contabilidad<br \/>\n. Auditoria<br \/>\n. Inform\u00e1tica<\/p>\n<p><strong>Primer A\u00f1o<\/strong><br \/>\n<strong> Primer Cuatrimestre<\/strong><\/p>\n<p>1. \u00c9tica y Deontolog\u00eda<br \/>\n2. Fundamentos de la Contabilidad y Sistemas de Informaci\u00f3n Contable<\/p>\n<p><strong>Segundo cuatrimestre<\/strong><\/p>\n<p>3. Normas Argentinas de Contabilidad I<br \/>\n4. Normas Argentinas de Contabilidad II<br \/>\n5. Normas Internacionales de Contabilidad I<br \/>\n6. Normas Internacionales de Contabilidad II<\/p>\n<p><strong>Segundo a\u00f1o <\/strong><br \/>\n<strong>Primer cuatrimestre <\/strong><\/p>\n<p>7. Modelos de control<br \/>\n8. Auditoria Interna y Operativa<br \/>\n9. Normas de Auditoria, Revisi\u00f3n, Aseguramientos y Servicios Relacionados Contenidas en la RT37<br \/>\n10. Normas Internacionales de Auditoria Adoptadas por las Normas Argentinas de Auditoria, RT 32, 33, 34,35<\/p>\n<p><strong>Segundo cuatrimestre<\/strong><\/p>\n<p>11. Auditoria de Sistemas<br \/>\n12. Seguridad Inform\u00e1tica<br \/>\n13. Auditor\u00eda y Control Fiscal<br \/>\n14. Lavado de Activo<\/p>\n<p>TRABAJO FINAL INTEGRADOR<\/p>\n","protected":false},"excerpt":{"rendered":"<p>Acreditada por la CONEAU EX-2018-19522887-APN-DAC#CONEAU\u00a0 el 27 de mayo de 2019 Reconocimiento Oficial y Validez Nacional del Titulo &#8211;RESOL- 4243\/19\u00a0 VALIDEZ NACIONAL\u00a0DEL TITULO Director: Mg. Luis Antonio Godoy Co Directora: Mg. Mar\u00eda Liliana Pacheco Informes e Inscripciones Facultad de Ciencias Econ\u00f3micas de la UNT Tel\u00e9fono: 0381-154954428 E-mail: espauditoriaycontabilidad@face.unt.edu.ar \/ \u00a0fherrando@face.unt.edu.ar \/ lagodoy@satlink.com Solicitud de Admisi\u00f3n [&hellip;]<\/p>\n","protected":false},"author":9,"featured_media":0,"parent":0,"menu_order":0,"comment_status":"closed","ping_status":"closed","template":"","meta":{"footnotes":""},"_links":{"self":[{"href":"https:\/\/face.unt.edu.ar\/web\/posgrados\/wp-json\/wp\/v2\/pages\/1020"}],"collection":[{"href":"https:\/\/face.unt.edu.ar\/web\/posgrados\/wp-json\/wp\/v2\/pages"}],"about":[{"href":"https:\/\/face.unt.edu.ar\/web\/posgrados\/wp-json\/wp\/v2\/types\/page"}],"author":[{"embeddable":true,"href":"https:\/\/face.unt.edu.ar\/web\/posgrados\/wp-json\/wp\/v2\/users\/9"}],"replies":[{"embeddable":true,"href":"https:\/\/face.unt.edu.ar\/web\/posgrados\/wp-json\/wp\/v2\/comments?post=1020"}],"version-history":[{"count":26,"href":"https:\/\/face.unt.edu.ar\/web\/posgrados\/wp-json\/wp\/v2\/pages\/1020\/revisions"}],"predecessor-version":[{"id":3695,"href":"https:\/\/face.unt.edu.ar\/web\/posgrados\/wp-json\/wp\/v2\/pages\/1020\/revisions\/3695"}],"wp:attachment":[{"href":"https:\/\/face.unt.edu.ar\/web\/posgrados\/wp-json\/wp\/v2\/media?parent=1020"}],"curies":[{"name":"wp","href":"https:\/\/api.w.org\/{rel}","templated":true}]}}