{"id":1501,"date":"2021-11-26T22:55:25","date_gmt":"2021-11-26T22:55:25","guid":{"rendered":"https:\/\/face.unt.edu.ar\/web\/posgrados\/?page_id=1501"},"modified":"2025-10-24T15:19:55","modified_gmt":"2025-10-24T15:19:55","slug":"doctorado-en-ciencias-economicas-menciones-economia-politica-administracion-estadistica","status":"publish","type":"page","link":"https:\/\/face.unt.edu.ar\/web\/posgrados\/doctorado-en-ciencias-economicas-menciones-economia-politica-administracion-estadistica\/","title":{"rendered":"Doctorado en Ciencias Econ\u00f3micas Menciones: Econom\u00eda Pol\u00edtica &#8211; Administraci\u00f3n \u2013 Estad\u00edstica"},"content":{"rendered":"<div style=\"text-align: center\">\n<p><strong><a href=\"https:\/\/face.unt.edu.ar\/web\/posgrados\/wp-content\/uploads\/sites\/3\/2025\/05\/Expe.-2021-103855373-Doctorado-en-Cs.-Economicas.pdf\">Acreditado por CONEAU con Res. 2021-103855373-APN-DAC#CONEAU<\/a><br \/>\n<a href=\"https:\/\/face.unt.edu.ar\/web\/posgrados\/wp-content\/uploads\/sites\/3\/2025\/05\/RM-N\u00b0-3439-22-DOCTORA-EN-CIENCIAS-ECONOMICAS.pdf\">Resoluci\u00f3n Ministerial N\u00b0 3439-22-DOCTORADO EN CIENCIAS ECONO\u0301MICAS<\/a><br \/>\n<\/strong><\/p>\n<\/div>\n<div><strong>Directora: Dra Myriam Lilian Cecilia De Marco<\/strong><\/div>\n<div class=\"gmail_default\"><strong>\u00a0<\/strong><br \/>\n<strong>I<b>nformes<\/b><br \/>\nEmail:<\/strong> posgrado@face.unt.edu.ar<\/div>\n<div class=\"gmail_default\">\n<p><strong>Facultad de Ciencias Econ\u00f3micas:<\/strong> Av. Independencia 1900<\/p>\n<p>La Carrera de Doctorado en Ciencias Econ\u00f3micas y sus Menciones en Econom\u00eda Pol\u00edtica, en Estad\u00edstica y en Administraci\u00f3n, busca completar formalmente la oferta institucional de carreras de posgrado, frente a una demanda regional creciente de formaci\u00f3n de docentes e investigadores en un marco de excelencia acad\u00e9mica.<br \/>\nEl presente doctorado se orienta hacia la formaci\u00f3n de graduados universitarios de m\u00e1ximo nivel acad\u00e9mico en tres ramas largamente transitadas en la historia de nuestra Facultad, en el marco regional definido por la creaci\u00f3n, en Junio de 2017, de la \u201cRed de Facultades de Ciencias Econ\u00f3micas del Norte Argentino \u2013 REDFACE\u201d, cuyos docentes-investigadores y profesionales constituyen el p\u00fablico al que, principalmente, se dirige la oferta de este Doctorado.<br \/>\nEl fundamento b\u00e1sico de la presentaci\u00f3n del presente doctorado se encuentra, en definitiva, en la clara necesidad que tiene nuestra regi\u00f3n NOA de contar con un marco adecuado para la generaci\u00f3n y transmisi\u00f3n de los avances cient\u00edficos en las ramas que esta carrera abarca, ofreciendo una formaci\u00f3n acad\u00e9mica del m\u00e1s alto nivel a nuestros graduados universitarios. La rica trayectoria de nuestra Facultad en el campo de las ciencias econ\u00f3micas y las estad\u00edsticas la posicionan decididamente como la Instituci\u00f3n mejor posicionada para realizar esta tarea.<\/p>\n<\/div>\n<div><\/div>\n<div><strong>Objetivos<\/strong><\/div>\n<div>\n<p>El Doctorado tiene como objetivo posibilitar el perfeccionamiento y la formaci\u00f3n acad\u00e9mica superior de los graduados universitarios en el \u00e1rea de las Ciencias Econ\u00f3micas, brindando la formaci\u00f3n necesaria en los campos te\u00f3ricos, epistemol\u00f3gicos y metodol\u00f3gicos para el desarrollo de investigaciones que culminen en tesis doctorales que constituyan aportes originales en el \u00e1rea de conocimiento econ\u00f3mico-social.<br \/>\nSe propone adem\u00e1s contribuir al mejoramiento de la calidad de la docencia superior universitaria, mediante la transferencia de conocimientos y competencias acad\u00e9micas.<\/p>\n<\/div>\n<div><strong>T\u00edtulos que otorga<\/strong><\/div>\n<div>\n<ol>\n<li>Doctor en Ciencias Econ\u00f3micas: Menci\u00f3n Econom\u00eda Pol\u00edtica o<\/li>\n<li>Doctor en Ciencias Econ\u00f3micas: \u00a0Menci\u00f3n \u00a0Administraci\u00f3n o<\/li>\n<li>Doctor en Ciencias Econ\u00f3micas: Menci\u00f3n Estad\u00edstica<\/li>\n<\/ol>\n<\/div>\n<div><strong>Perfil del Especialista<\/strong><\/div>\n<div>\n<p>Se espera que los egresados:<br \/>\n. Consoliden su formaci\u00f3n en sus \u00e1reas disciplinares y en las metodolog\u00edas de la investigaci\u00f3n propias de las Ciencias Econ\u00f3micas;<br \/>\n. Lideren sus respectivos grupos de investigaci\u00f3n, as\u00ed como los equipos de sus c\u00e1tedras cuando corresponda;<br \/>\n. Transfieran los resultados de sus investigaciones a la docencia de grado y posgrado cuando corresponda;<br \/>\n. Formen equipos de investigaci\u00f3n interdisciplinarios dedicados especialmente a \u00e1reas de vacancia y a estudiar problemas de inter\u00e9s socioecon\u00f3mico en la Regi\u00f3n del Noroeste Argentino;<br \/>\n. Fomenten la investigaci\u00f3n y formen nuevos investigadores en el \u00e1rea de las Ciencias Econ\u00f3micas;<br \/>\n. Desempe\u00f1en roles de liderazgo en instituciones, organizaciones y actividades de gesti\u00f3n p\u00fablica y privada.<\/p>\n<p><strong>Requisitos de Admisi\u00f3n<br \/>\n<\/strong>Los aspirantes a ingresar a la Carrera de Doctorado en Ciencias Econ\u00f3micas con menci\u00f3n en: Econom\u00eda Pol\u00edtica, Administraci\u00f3n o Estad\u00edstica, deber\u00e1n poseer t\u00edtulo de grado de Contador P\u00fablico, Licenciado en Administraci\u00f3n, Licenciado en Econom\u00eda o carreras universitarias afines (otorgados por universidades argentinas o extranjeras). Asimismo, podr\u00e1n ser admitidos egresados de programas de Maestr\u00edas o Especializaciones de carreras afines a las Ciencias Econ\u00f3micas, de universidades argentinas o extranjeras.<\/p>\n<\/div>\n<div><strong>Plan de estudios<\/strong><\/div>\n<div>\n<p>La modalidad que se elige para el Doctorado es Semiestructurado que tiene como caracter\u00edstica que el plan de estudios ofrece actividades curriculares predeterminadas y comunes a todos los estudiantes y un trayecto o trayectos que selecciona la comisi\u00f3n de supervisi\u00f3n, consistente con la tem\u00e1tica de trabajo final propuesto. Las actividades curriculares previstas para cada doctorando \u2013 cursos, m\u00f3dulos, seminarios, talleres u otros espacios acad\u00e9micos &#8211; deber\u00e1n ser presenciales.<\/p>\n<\/div>\n<div>\n<p>El grado de Doctor en Ciencias Econ\u00f3micas bajo cualquiera de las tres menciones, requiere la aprobaci\u00f3n de 400 (cuatrocientas) horas correspondientes a actividades acad\u00e9micas (cursos, talleres, seminarios, pasant\u00edas u otras actividades). Por lo menos el 70% de las actividades acad\u00e9micas deben ser de formaci\u00f3n espec\u00edfica en el \u00e1rea disciplinar, es decir, corresponder a tem\u00e1ticas relacionadas al tema de trabajo de tesis. El 30 % restante pueden corresponder a temas de formaci\u00f3n general y atender\u00e1n aspectos metodol\u00f3gicos y otros que sean de utilidad para integrar y completar los estudios.<br \/>\nEl Comit\u00e9 Acad\u00e9mico de la carrera, atento a las normas vigentes, establecer\u00e1 las condiciones de inscripci\u00f3n y exigencias a satisfacer para la aprobaci\u00f3n de certificados que acrediten las horas correspondientes a las actividades acad\u00e9micas.<\/p>\n<p><strong>ESTRUCTURA DEL PLAN DE ESTUDIOS<\/strong><br \/>\nASIGNATURAS OBLIGATORIAS PARA LAS TRES MENCIONES<\/p>\n<p>. Epistemolog\u00eda y Metodolog\u00eda de las Ciencias Econ\u00f3micas<br \/>\n. Estad\u00edstica Aplicada a la Investigaci\u00f3n<br \/>\n. Seminario Elaboraci\u00f3n del Plan de Tesis<\/p>\n<p>ASIGNATURAS ELECTIVAS<\/p>\n<p><strong><em>Menci\u00f3n Econom\u00eda Pol\u00edtica<\/em><\/strong><br \/>\nEconom\u00eda Pol\u00edtica<br \/>\nT\u00e9cnicas Econom\u00e9tricas<br \/>\nDistribuci\u00f3n del Ingreso y Pobreza<br \/>\nHistoria Econ\u00f3mica Regional Argentina<\/p>\n<p><strong><em>Menci\u00f3n Estad\u00edstica<\/em><\/strong><br \/>\nEstad\u00edstica Avanzada<br \/>\nCiencia de Datos y An\u00e1lisis \u201cBig Data\u201d<br \/>\nModelos Lineales generalizados<br \/>\nSeries de Tiempo<\/p>\n<p><em><strong>Menci\u00f3n Administraci\u00f3n<\/strong><\/em><br \/>\nLiderazgo corporativo y cultura de Innovaci\u00f3n<br \/>\nTeor\u00eda de la Empresa y Dise\u00f1o Organizacional avanzado<br \/>\nManagement y Gesti\u00f3n de Servicios<br \/>\nTeor\u00eda avanzada de la Financiaci\u00f3n de la Empresa<\/p>\n<p><strong>TRABAJO FINAL<\/strong><\/p>\n<\/div>\n<div><\/div>\n<div><\/div>\n","protected":false},"excerpt":{"rendered":"<p>Acreditado por CONEAU con Res. 2021-103855373-APN-DAC#CONEAU Resoluci\u00f3n Ministerial N\u00b0 3439-22-DOCTORADO EN CIENCIAS ECONO\u0301MICAS Directora: Dra Myriam Lilian Cecilia De Marco \u00a0 Informes Email: posgrado@face.unt.edu.ar Facultad de Ciencias Econ\u00f3micas: Av. Independencia 1900 La Carrera de Doctorado en Ciencias Econ\u00f3micas y sus Menciones en Econom\u00eda Pol\u00edtica, en Estad\u00edstica y en Administraci\u00f3n, busca completar formalmente la oferta institucional [&hellip;]<\/p>\n","protected":false},"author":9,"featured_media":0,"parent":0,"menu_order":0,"comment_status":"closed","ping_status":"closed","template":"","meta":{"footnotes":""},"_links":{"self":[{"href":"https:\/\/face.unt.edu.ar\/web\/posgrados\/wp-json\/wp\/v2\/pages\/1501"}],"collection":[{"href":"https:\/\/face.unt.edu.ar\/web\/posgrados\/wp-json\/wp\/v2\/pages"}],"about":[{"href":"https:\/\/face.unt.edu.ar\/web\/posgrados\/wp-json\/wp\/v2\/types\/page"}],"author":[{"embeddable":true,"href":"https:\/\/face.unt.edu.ar\/web\/posgrados\/wp-json\/wp\/v2\/users\/9"}],"replies":[{"embeddable":true,"href":"https:\/\/face.unt.edu.ar\/web\/posgrados\/wp-json\/wp\/v2\/comments?post=1501"}],"version-history":[{"count":28,"href":"https:\/\/face.unt.edu.ar\/web\/posgrados\/wp-json\/wp\/v2\/pages\/1501\/revisions"}],"predecessor-version":[{"id":3623,"href":"https:\/\/face.unt.edu.ar\/web\/posgrados\/wp-json\/wp\/v2\/pages\/1501\/revisions\/3623"}],"wp:attachment":[{"href":"https:\/\/face.unt.edu.ar\/web\/posgrados\/wp-json\/wp\/v2\/media?parent=1501"}],"curies":[{"name":"wp","href":"https:\/\/api.w.org\/{rel}","templated":true}]}}