{"id":1758,"date":"2022-11-01T22:34:08","date_gmt":"2022-11-01T22:34:08","guid":{"rendered":"https:\/\/face.unt.edu.ar\/web\/posgrados\/?page_id=1758"},"modified":"2024-07-31T12:49:33","modified_gmt":"2024-07-31T12:49:33","slug":"economica-investiga","status":"publish","type":"page","link":"https:\/\/face.unt.edu.ar\/web\/posgrados\/economica-investiga\/","title":{"rendered":"Investigaci\u00f3n Facultad de Ciencias Econ\u00f3micas UNT"},"content":{"rendered":"<p>La investigaci\u00f3n es una funci\u00f3n central de la vida universitaria, sus aportes contribuyen a la generaci\u00f3n de conocimiento, a la renovaci\u00f3n de la docencia y a la vinculaci\u00f3n con la sociedad.<\/p>\n<p>Los proyectos <strong>PIUNT-CIUNT<\/strong> son proyectos aprobados por la Secretar\u00eda de Ciencia, Arte e Innovaci\u00f3n Tecnol\u00f3gica (SCAIT &#8211; UNT) en sus convocatorias, cuyo paradigma es vincular el conocimiento cient\u00edfico generado en las universidades con el sector productivo, promoviendo la innovaci\u00f3n capaz de crear riqueza de base tecnol\u00f3gica.<\/p>\n<p>Los proyectos <strong>Econ\u00f3micas Investiga<\/strong> son una pol\u00edtica de gesti\u00f3n de las autoridades de nuestra Facultad de Ciencias Econ\u00f3micas de la UNT, y tiene como objetivo principal fortalecer la funci\u00f3n de investigaci\u00f3n en la carrera de Contador P\u00fablico de la Facultad de Ciencias Econ\u00f3micas de la UNT, consolidar las capacidades de los grupos y proyectos de investigaci\u00f3n vigente, identificar \u00e1reas tem\u00e1ticas de vacancia, promover la participaci\u00f3n de alumnos y docentes en proyectos de investigaci\u00f3n, sostener la efectividad de las acciones para el fortalecimiento de la funci\u00f3n de investigaci\u00f3n y la formaci\u00f3n de investigadores en las Ciencias Econ\u00f3micas.<\/p>\n<h4><span style=\"color: #003366\"><strong>Proyectos de Investigaci\u00f3n de la Facultad de Ciencias Econ\u00f3micas<\/strong><\/span><\/h4>\n<p><a href=\"https:\/\/face.unt.edu.ar\/web\/posgrados\/economicainvestiga\/\">Econ\u00f3micas Investiga<\/a><\/p>\n<p><a href=\"https:\/\/face.unt.edu.ar\/web\/posgrados\/proyectos-ciunt-y-face-2013-a-2021\/\">Proyectos CIUNT y FACE 2018-2022<\/a><\/p>\n<p><strong>Proyectos PIUNT 2023<\/strong><\/p>\n<p><a href=\"https:\/\/drive.google.com\/file\/d\/1lugQEZrcbdkSJflCELuPUI3Z4LS9daWL\/view?usp=drive_link\" target=\"_blank\" rel=\"noopener\">Proyectos PIUNT 2023\u00a0<\/a><\/p>\n<p>&nbsp;<\/p>\n<p>&nbsp;<\/p>\n<p>&nbsp;<\/p>\n<p><iframe loading=\"lazy\" title=\"2da Jornada de J\u00f3venes Investigadores - Econ\u00f3micas Investiga - FACE UNT\" width=\"696\" height=\"392\" src=\"https:\/\/www.youtube.com\/embed\/h0z-_JDjuMM?feature=oembed\" frameborder=\"0\" allow=\"accelerometer; autoplay; clipboard-write; encrypted-media; gyroscope; picture-in-picture; web-share\" referrerpolicy=\"strict-origin-when-cross-origin\" allowfullscreen><\/iframe><\/p>\n<p><iframe loading=\"lazy\" title=\"Econ\u00f3micas Investiga -  La voz de nuestros j\u00f3venes investigadores- FACE UNT\" width=\"696\" height=\"392\" src=\"https:\/\/www.youtube.com\/embed\/BVUReufUA2E?feature=oembed\" frameborder=\"0\" allow=\"accelerometer; autoplay; clipboard-write; encrypted-media; gyroscope; picture-in-picture; web-share\" referrerpolicy=\"strict-origin-when-cross-origin\" allowfullscreen><\/iframe><\/p>\n","protected":false},"excerpt":{"rendered":"<p>La investigaci\u00f3n es una funci\u00f3n central de la vida universitaria, sus aportes contribuyen a la generaci\u00f3n de conocimiento, a la renovaci\u00f3n de la docencia y a la vinculaci\u00f3n con la sociedad. Los proyectos PIUNT-CIUNT son proyectos aprobados por la Secretar\u00eda de Ciencia, Arte e Innovaci\u00f3n Tecnol\u00f3gica (SCAIT &#8211; UNT) en sus convocatorias, cuyo paradigma es [&hellip;]<\/p>\n","protected":false},"author":9,"featured_media":0,"parent":0,"menu_order":0,"comment_status":"closed","ping_status":"closed","template":"","meta":{"footnotes":""},"_links":{"self":[{"href":"https:\/\/face.unt.edu.ar\/web\/posgrados\/wp-json\/wp\/v2\/pages\/1758"}],"collection":[{"href":"https:\/\/face.unt.edu.ar\/web\/posgrados\/wp-json\/wp\/v2\/pages"}],"about":[{"href":"https:\/\/face.unt.edu.ar\/web\/posgrados\/wp-json\/wp\/v2\/types\/page"}],"author":[{"embeddable":true,"href":"https:\/\/face.unt.edu.ar\/web\/posgrados\/wp-json\/wp\/v2\/users\/9"}],"replies":[{"embeddable":true,"href":"https:\/\/face.unt.edu.ar\/web\/posgrados\/wp-json\/wp\/v2\/comments?post=1758"}],"version-history":[{"count":27,"href":"https:\/\/face.unt.edu.ar\/web\/posgrados\/wp-json\/wp\/v2\/pages\/1758\/revisions"}],"predecessor-version":[{"id":2839,"href":"https:\/\/face.unt.edu.ar\/web\/posgrados\/wp-json\/wp\/v2\/pages\/1758\/revisions\/2839"}],"wp:attachment":[{"href":"https:\/\/face.unt.edu.ar\/web\/posgrados\/wp-json\/wp\/v2\/media?parent=1758"}],"curies":[{"name":"wp","href":"https:\/\/api.w.org\/{rel}","templated":true}]}}