{"id":1777,"date":"2022-11-01T23:32:48","date_gmt":"2022-11-01T23:32:48","guid":{"rendered":"https:\/\/face.unt.edu.ar\/web\/posgrados\/?page_id=1777"},"modified":"2025-08-20T20:42:05","modified_gmt":"2025-08-20T20:42:05","slug":"economica-investiga-2022","status":"publish","type":"page","link":"https:\/\/face.unt.edu.ar\/web\/posgrados\/economica-investiga-2022\/","title":{"rendered":"Econ\u00f3mica Investiga 2023"},"content":{"rendered":"<h2>Proyectos Econ\u00f3mica Investiga<\/h2>\n<p class=\"entry-title td-page-title\"><a href=\"https:\/\/face.unt.edu.ar\/web\/posgrados\/congreso-2023\/\" target=\"_blank\" rel=\"noopener\">Encuentro de Cierre Econ\u00f3micas Investiga 2023<\/a><\/p>\n<p>Resoluci\u00f3n: <a href=\"https:\/\/face.unt.edu.ar\/web\/posgrados\/wp-content\/uploads\/sites\/3\/2023\/02\/351-HCD-22-ECONOMICAS-INVESTIGA-2022-BASE-DE-CONVOCATORIA_compressed.pdf\">351HCD22<\/a><\/p>\n<table width=\"954\">\n<tbody>\n<tr>\n<td width=\"24\"><strong>N\u00b0<\/strong><\/td>\n<td width=\"410\"><strong>Nombre del Proyecto<\/strong><\/td>\n<td width=\"141\"><strong>Director<\/strong><\/td>\n<td width=\"379\"><strong>Integrantes<\/strong><\/td>\n<\/tr>\n<tr>\n<td width=\"24\">1<\/td>\n<td width=\"410\">An\u00e1lisis de cumplimiento y eficacia de las normativas administrativo-financieras de los Municipios de Tucum\u00e1n &#8211; Caso Yerba Buena<\/td>\n<td width=\"141\">Albaca Petersen, Marcelo Edmundo<\/td>\n<td width=\"379\">Investigador Docente: Isa, Marcelo Leonardo &#8211; Estudiante de Grado: G\u00f3mez Suriani, Natalia Lorena<\/td>\n<\/tr>\n<tr>\n<td width=\"24\">2<\/td>\n<td width=\"410\">Resiliencia en la Educaci\u00f3n Universitaria. Un cambio profundo del paradigma ense\u00f1anza-aprendizaje.<\/td>\n<td width=\"141\">Brunello, Eliana del Huerto<\/td>\n<td width=\"379\">Investigador Docente: Moyano Wagner, Josefina; Ruiz Toscano, Mariana; De Rosa, Elisa &#8211; Estudiante de Grado: Paz, Martina Mar\u00eda y Mansilla, Natalia Luciana<\/td>\n<\/tr>\n<tr>\n<td width=\"24\">3<\/td>\n<td width=\"410\">Estrategias para potenciar la comunicaci\u00f3n y la interacci\u00f3n docente-alumno en la carrera de Contador P\u00fablico de la FACE-UNT<\/td>\n<td width=\"141\">Castillo, Luciana Raquel<\/td>\n<td width=\"379\">Investigador Docente: Rodr\u00edguez Areal, Elsa; Chrestia, Mar\u00eda del Carmen &#8211; Egresado: Blassetti Garc\u00eda, Francisco Javier<\/td>\n<\/tr>\n<tr>\n<td width=\"24\">4<\/td>\n<td width=\"410\">Factores Ex\u00f3genos y End\u00f3genos que influyen en la Calidad del Aprendizaje de los alumnos de Matem\u00e1tica I de la Carrera de Contador P\u00fablico. Dise\u00f1o e Implementaci\u00f3n de una Metodolog\u00eda Superadora.<\/td>\n<td width=\"141\">Castillo, Mar\u00eda Emilia<\/td>\n<td width=\"379\">Investigador Docente: Delgado, Melina; Plaza, Florencia Mar\u00eda; S\u00e1nchez, Ver\u00f3nica Vanesa; Zuleta, Rosalinda Silvana &#8211; Estudiante de Grado: Guti\u00e9rrez, Ana Sof\u00eda<\/td>\n<\/tr>\n<tr>\n<td width=\"24\">5<\/td>\n<td width=\"410\">Ensayo sobre el balance del Banco Central en relaci\u00f3n a las crisis econ\u00f3micas. Caso de Argentina<\/td>\n<td width=\"141\">Catal\u00e1n, Mar\u00eda Jos\u00e9<\/td>\n<td width=\"379\">Investigador Docente: Ar\u00e1oz, Mar\u00eda Florencia; Merlo, Juan Jos\u00e9 &#8211; Egresado: Bianco, Federico Santiago &#8211; Estudiante de Grado: Quir\u00f3s, Nicandro y Quiquinto, Carlos<\/td>\n<\/tr>\n<tr>\n<td width=\"24\">6<\/td>\n<td width=\"410\">Las relaciones laborales post Pandemia<\/td>\n<td width=\"141\">Cekada, Patricia Katia<\/td>\n<td width=\"379\">Investigador Docente: Sacca, Luis Fernando &#8211; Egresado: Cuevas, V\u00edctor Miguel<\/td>\n<\/tr>\n<tr>\n<td width=\"24\">7<\/td>\n<td width=\"410\">An\u00e1lisis de aspectos controvertidos en el Impuesto a las Ganancias y en el Impuesto sobre los Bienes Personales para su ense\u00f1anza en la Facultad de Ciencias Econ\u00f3micas de la UNT<\/td>\n<td width=\"141\">Comba, Luis Alberto<\/td>\n<td width=\"379\">Investigador Docente: Nuova, Mar\u00eda Florencia; Saieg, Edmundo &#8211; Egresado: Rojas Correa, D\u00e9bora Noem\u00ed<\/td>\n<\/tr>\n<tr>\n<td width=\"24\">8<\/td>\n<td width=\"410\">Diagn\u00f3stico socioecon\u00f3mico de la pandemia. Interpretaciones sobre la performance tucumana y evaluaci\u00f3n del impacto distributivo del IFE. Tucum\u00e1n, 2020.<\/td>\n<td width=\"141\">Correa Deza, Mar\u00eda Florencia<\/td>\n<td width=\"379\">Investigador Docente: Talassino, Mauricio &#8211; Estudiante de Grado: Flores, Lourdes<\/td>\n<\/tr>\n<tr>\n<td width=\"24\">9<\/td>\n<td width=\"410\">El problema de la deserci\u00f3n y rendimiento acad\u00e9mico en las carreras de Ciencias Econ\u00f3micas: dise\u00f1o de indicadores de gesti\u00f3n.<\/td>\n<td width=\"141\">Cossio, Patricio<\/td>\n<td width=\"379\">Investigador Docente: Isgro, Christine Adriane &#8211; Estudiante de Grado: Villafa\u00f1e, Luz Micaela<\/td>\n<\/tr>\n<tr>\n<td width=\"24\">10<\/td>\n<td width=\"410\">El comercio electr\u00f3nico, ventajas y desventajas, en relaci\u00f3n con la promoci\u00f3n de los micro emprendimientos en Tucum\u00e1n<\/td>\n<td width=\"141\">Crespo, Caty Yamile<\/td>\n<td width=\"379\">Investigador docente: Ventura, Rosa; Gonz\u00e1lez, Juan Mart\u00edn Estudiante: Garc\u00eda, Micaela<\/td>\n<\/tr>\n<tr>\n<td width=\"24\">11<\/td>\n<td width=\"410\">Estimaci\u00f3n de Elasticidad Precio de Demanda de Energ\u00eda El\u00e9ctrica mediante m\u00e9todo de Regresi\u00f3n Discontinua<\/td>\n<td width=\"141\">Dan\u00f3n, Alejandro Mart\u00edn<\/td>\n<td width=\"379\">Investigador Docente: Kestelman Borges, Mariana &#8211; Egresado: D\u00edaz Campo, Cecilia; Formoso, Eugenia &#8211; Estudiante de Grado: Zulli, Lourdes Mar\u00eda y Salas, Isolda<\/td>\n<\/tr>\n<tr>\n<td width=\"24\">12<\/td>\n<td width=\"410\">Dise\u00f1o de un Sistema de Informaci\u00f3n Contable para la gesti\u00f3n de hospitales en San Miguel de Tucum\u00e1n<\/td>\n<td width=\"141\">De Marco, Myriam Lilian Cecilia<\/td>\n<td width=\"379\">Estudiante de grado: Castillo, Maira Judith<\/td>\n<\/tr>\n<tr>\n<td width=\"24\">13<\/td>\n<td width=\"410\">Valoraci\u00f3n econ\u00f3mica de servicios ambientales de recreaci\u00f3n en el Parque Sierra San Javier (UNT)<\/td>\n<td width=\"141\">Delgado Cordom\u00ed, Mariana<\/td>\n<td width=\"379\">Investigador Docente: Quinteros Fern\u00e1ndez, Mar\u00eda de Lourdes &#8211; Egresado: P\u00e9rez, Gonzalo Antonio; Zamora, Lucila &#8211; Estudiante de Grado: Santolaya, Augusto y Molins Larrabure, Mateo<\/td>\n<\/tr>\n<tr>\n<td width=\"24\">14<\/td>\n<td width=\"410\">An\u00e1lisis Causal sobre la Discontinuidad, Ausentismo y Deserci\u00f3n en la Asignatura \u00abIntroducci\u00f3n a los Sistemas de Informaci\u00f3n Contable\u00bb, Ciclo Lectivo 2022, FACE UNT<\/td>\n<td width=\"141\">Escandar, Eduardo Enrique<\/td>\n<td width=\"379\">Investigador Docente: Alcaide, Alejandro Jos\u00e9; Augier, Rolando Mat\u00edas &#8211; Estudiante de Grado: De Boeck, Carolina y Nougu\u00e9s, Mat\u00edas<\/td>\n<\/tr>\n<tr>\n<td width=\"24\">15<\/td>\n<td width=\"410\">Indicadores claves de desempe\u00f1o como apoyo a la estrategia de negocios con criterios ESG &#8211; Ambiente, social y gobernanza.<\/td>\n<td width=\"141\">Feldman, Gabriel Rub\u00e9n<\/td>\n<td width=\"379\">Investigador Docente: Ortiz, Mar\u00eda de las Mercedes; Sfer, Alberto &#8211; Egresado: Cortez, Macarena Solange; I\u00f1igo D\u00edaz, Jos\u00e9 Ignacio y Torres Vega, Mat\u00edas Agust\u00edn<\/td>\n<\/tr>\n<tr>\n<td width=\"24\">16<\/td>\n<td width=\"410\">&nbsp;<\/p>\n<p>Dispositivo de Acompa\u00f1amiento educativo en el aprendizaje del C\u00e1lculo para alumnos de la carrera de Contador P\u00fablico<\/td>\n<td width=\"141\">Fern\u00e1ndez, A\u00edda Evangelina<\/td>\n<td width=\"379\">Investigador Docente: Ledesma, Andrea Vanesa; Monteros, Noelia; Dibi, Mar\u00eda Lucia &#8211; Egresado: Torino, Enrique Jos\u00e9 Mar\u00eda &#8211; Estudiante de Grado: Chrestia, Santiago<\/td>\n<\/tr>\n<tr>\n<td width=\"24\">17<\/td>\n<td width=\"410\">Competencias de Empleabilidad de los alumnos pr\u00f3ximos a<br \/>\ngraduarse y j\u00f3venes egresados de la Facultad de Ciencias Econ\u00f3micas de la U.N.T. ante los<br \/>\ncambios en el mercado laboral.<\/td>\n<td width=\"141\">Ferreyra, Teresa Carolina<\/td>\n<td width=\"379\">Investigador Docente: Pulido, M\u00f3nica del Valle &#8211; Egresado: Luna, Silvia Alicia; Chocobares, Silvia Roxana &#8211; Estudiante de Grado: V\u00e9liz, Mar\u00eda Fernanda y Sabeh, Nicol\u00e1s Esteban<\/td>\n<\/tr>\n<tr>\n<td width=\"24\">18<\/td>\n<td width=\"410\">An\u00e1lisis del desempe\u00f1o del Profesional en Ciencias Econ\u00f3micas en el Sector P\u00fablico<\/td>\n<td width=\"141\">Garc\u00eda Kalat, Enrique<\/td>\n<td width=\"379\">Investigador Docente: M\u00e9ndez, Sergio Manuel &#8211; Estudiante de Grado: Derwidue\u00e9, Mar\u00eda Florencia<\/td>\n<\/tr>\n<tr>\n<td width=\"24\">19<\/td>\n<td width=\"410\">Desarrollo de habilidades directivas en profesionales de Ciencias Econ\u00f3micas<\/td>\n<td width=\"141\">Garc\u00eda, Javier Antonio<\/td>\n<td width=\"379\">Investigador Docente: C\u00f3rdoba, Marta Alejandra; Ramos Fara, Franco Augusto &#8211; Egresado: Ponce, Luciana Ayel\u00e9n &#8211; Estudiante de Grado: Jim\u00e9nez Paz, Mar\u00eda Milagros y Palacios, Mar\u00eda Sof\u00eda<\/td>\n<\/tr>\n<tr>\n<td width=\"24\">20<\/td>\n<td width=\"410\">Evaluaci\u00f3n del Impacto ambiental de la pr\u00e1ctica de triturado de restos de poda y de la sustentabilidad a nivel predial, en una finca citr\u00edcola.<\/td>\n<td width=\"141\">Gor, Natalia<\/td>\n<td width=\"379\">Estudiante de grado: Tapia, Andr\u00e9s Ignacio; Deza, Mat\u00edas; Agusti, Juan Benjam\u00edn; Ayala, Florencia y Su\u00e1rez, Micaela del Valle<\/td>\n<\/tr>\n<tr>\n<td width=\"24\">21<\/td>\n<td width=\"410\">El an\u00e1lisis de datos de estudiantes, y su repercusi\u00f3n en la ense\u00f1anza universitaria &#8211; Caso: ISIC-FACE 2022\/2023<\/td>\n<td width=\"141\">Herrando, Mar\u00eda Florencia<\/td>\n<td width=\"379\">Investigador Docente: Naufe Romano Norri, Mat\u00edas Mart\u00edn; Nacusse Navarro, Mar\u00eda de los Milagros; P\u00e9rez Vides, Luis Fernando &#8211; Estudiante de Grado: Cabrera, Celina<\/td>\n<\/tr>\n<tr>\n<td width=\"24\">22<\/td>\n<td width=\"410\">El Balance Social como instrumento de gesti\u00f3n y difusi\u00f3n de la responsabilidad social. Caso: Asociaci\u00f3n Cooperadora de la Facultad de Ciencias Econ\u00f3micas<\/td>\n<td width=\"141\">Jim\u00e9nez, Jos\u00e9 Luis Antonio<\/td>\n<td width=\"379\">Investigador Docente: Rearte, Susana Beatriz; Abdelnur, Juan Pablo &#8211; Egresado: Jim\u00e9nez, Mar\u00eda del Milagro &#8211; Estudiante de Grado: Gonz\u00e1lez Ruiz, Lucas Gabriel<\/td>\n<\/tr>\n<tr>\n<td width=\"24\">23<\/td>\n<td width=\"410\">An\u00e1lisis de Estrategias de cobertura con derivados en PYMES del Sector Agr\u00edcola de la Provincia de Tucum\u00e1n<\/td>\n<td width=\"141\">Mariscal Heredia, Lautaro Patricio<\/td>\n<td width=\"379\">Investigador Docente: C\u00f3rdoba, Stella Maris; Castellanos, Vanessa &#8211; Egresados: Castellanos, Jorge Humberto; Guanuco, Luciana &#8211; Estudiante de Grado: Molina, Mateo Sebasti\u00e1n<\/td>\n<\/tr>\n<tr>\n<td width=\"24\">24<\/td>\n<td width=\"410\">PYMES y Empresas de Familia<\/td>\n<td width=\"141\">Mart\u00ednez, V\u00edctor Francisco<\/td>\n<td width=\"379\">Investigador: Soto, Patricia Mirtha; Aguilar, Pablo Mart\u00edn; Alul, Jorge Eduardo &#8211; Egresado: Mart\u00ednez, V\u00edctor<\/td>\n<\/tr>\n<tr>\n<td width=\"24\">25<\/td>\n<td width=\"410\">An\u00e1lisis del nivel de Madurez de Seguridad de la Informaci\u00f3n en procesos cr\u00edticos de una instituci\u00f3n de educaci\u00f3n superior<\/td>\n<td width=\"141\">Masclef, Mar\u00eda Alejandra<\/td>\n<td width=\"379\">Investigador Docente: Garc\u00eda, Marcelo Adri\u00e1n; Barboza, Eduardo Luis; Scro, Claudia Susana &#8211; Estudiante de Grado: Pedraza, \u00c1ngela Camila y Far\u00edas, Mar\u00eda Victoria<\/td>\n<\/tr>\n<tr>\n<td width=\"24\">26<\/td>\n<td width=\"410\">Ciencia de Datos Aplicada a la Gesti\u00f3n de las PyMES: Estudios de Caso y Aplicaciones<\/td>\n<td width=\"141\">Medina Galv\u00e1n, Marcelo Enrique<\/td>\n<td width=\"379\">Investigador Docente: Ser\u00f3n, Ingrid Daiana &#8211; Egresado: Morales, V\u00edctor Yaser &#8211; Estudiante de Grado: Koch, Emiliano; Cuozzo, Mauricio y Schabas, David<\/td>\n<\/tr>\n<tr>\n<td width=\"24\">27<\/td>\n<td width=\"410\">Posibles causas de la deserci\u00f3n de los alumnos de las carreras de la Fac de Cs Econ\u00f3micas &#8211; UNT<\/td>\n<td width=\"141\">Mena, Jorgelina<\/td>\n<td width=\"379\">Investigador Docente: Ter\u00e1n Pe\u00f1aloza, Josefina B. M.;\u00a0 Villaverde, Florencia &#8211; Estudiante de Grado: S\u00e1nchez De Boeck, Amparo y Urpi, Francisco Jos\u00e9<\/td>\n<\/tr>\n<tr>\n<td width=\"24\">28<\/td>\n<td width=\"410\">Criterio de imputaci\u00f3n en el impuesto sobre los ingresos brutos. Devengado vs Percibido. Ausencia de definici\u00f3n del criterio de devengado-agravamiento a ra\u00edz de las \u00faltimas reformas. Deficiencia en las definiciones normativas.<\/td>\n<td width=\"141\">Navarro, Ra\u00fal Alfredo<\/td>\n<td width=\"379\">Investigador Docente: Dag\u00fam Mariano F.; Llanos, Vanesa &#8211; \u00a0Estudiante: Budeguer, Gustavo Francisco<\/td>\n<\/tr>\n<tr>\n<td width=\"24\">29<\/td>\n<td width=\"410\">Indicadores de alerta temprana para Cajas de Previsi\u00f3n para Profesionales<\/td>\n<td width=\"141\">Ortiz Soler, Carlos Francisco<\/td>\n<td width=\"379\">Investigador Docente: Bravo, C\u00e9sar Dar\u00edo &#8211; Egresado: Correa, Yanina Soledad &#8211; Estudiante de Grado: Amaya, Marcelo Jord\u00e1n<\/td>\n<\/tr>\n<tr>\n<td width=\"24\">30<\/td>\n<td width=\"410\">Gesti\u00f3n y fortalecimiento institucional local hacia el trabajo decente. El caso de la feria de Artesanos en San Miguel de Tucum\u00e1n<\/td>\n<td width=\"141\">Panico, Adriana F\u00e1tima<\/td>\n<td width=\"379\">Egresado: Medina, Mar\u00eda Valentina; Palavecino, Ana Ines &#8211; Estudiante de Grado: Casanovas, Teresita<\/td>\n<\/tr>\n<tr>\n<td width=\"24\">31<\/td>\n<td width=\"410\">Modelo de Gesti\u00f3n Innovador en el Sector P\u00fablico<\/td>\n<td width=\"141\">Ragone, Patricia<\/td>\n<td width=\"379\">Egresado: Velasco, Juan Horacio; Rodr\u00edguez Garay, Jonathan Javier &#8211; Estudiante de Grado: Soto, Lucas Maximiliano<\/td>\n<\/tr>\n<tr>\n<td width=\"24\">32<\/td>\n<td width=\"410\">Plan estrat\u00e9gico de marketing para el desarrollo tur\u00edstico en la provincia de Tucum\u00e1n. Fase 1: Diagn\u00f3stico del posicionamiento actual de la provincia en la mente del consumidor local y nacional.<\/td>\n<td width=\"141\">R\u00edos, Ra\u00fal Ernesto<\/td>\n<td width=\"379\">Investigador Docente: Tomsic, Sergio &#8211; Estudiante de Grado: Bulacio Bascary, Mar\u00eda Josefina; Haskour, Ariana Mar\u00eda; Cuartero, Nazarena Cecilia y Testa, Mat\u00edas<\/td>\n<\/tr>\n<tr>\n<td width=\"24\">33<\/td>\n<td width=\"410\">Planificaci\u00f3n, crecimiento y control en PyMES Tucumanas: Enfoque en sostenibilidad ambiental<\/td>\n<td width=\"141\">Rocha, Cristian Emanuel<\/td>\n<td width=\"379\">Egresado: Ju\u00e1rez, Federico Juli\u00e1n &#8211; Estudiante de Grado: Ant\u00fanez, Diego<\/td>\n<\/tr>\n<tr>\n<td width=\"24\">34<\/td>\n<td width=\"410\">Estrategias de Mejoramiento de Indicadores de Permanencia, Deserci\u00f3n y Rendimiento de Alumno de la FACE UNT<\/td>\n<td width=\"141\">Roll\u00e1n, Pedro<\/td>\n<td width=\"379\">Investigador Docente: Huerta Mendoza, M\u00f3nica In\u00e9s; Juliano, V\u00edctor Eduardo; L\u00f3pez, Felisa Marina &#8211; Estudiante de Grado: Dom\u00ednguez, Juan Ignacio<\/td>\n<\/tr>\n<tr>\n<td width=\"24\">35<\/td>\n<td width=\"410\">An\u00e1lisis y Evaluaci\u00f3n de la Evoluci\u00f3n del Presupuesto Universitario<\/td>\n<td width=\"141\">S\u00e1nchez, Gabriela Alejandra<\/td>\n<td width=\"379\">Investigador Docente: Rabini, Nora Liz del Valle &#8211; Estudiante de Grado: Aguilera, Julia Carolina<\/td>\n<\/tr>\n<tr>\n<td width=\"24\">36<\/td>\n<td width=\"410\">Inserci\u00f3n laboral de personas con discapacidad en empresas del \u00e1mbito privado<\/td>\n<td width=\"141\">S\u00e1nchez, Jos\u00e9 Emilio<\/td>\n<td width=\"379\">Investigador Docente: P\u00e9rez, Mariana; Forns, Mar\u00eda Paula, Vera, Francisco Javier &#8211; Egresado: Mateos, Josefina<\/td>\n<\/tr>\n<tr>\n<td width=\"24\">37<\/td>\n<td width=\"410\">Impacto de la Formaci\u00f3n Pedag\u00f3gica en las pr\u00e1cticas docentes de la Carrera de CPN de la FACE UNT<\/td>\n<td width=\"141\">Torres, Ana Clara<\/td>\n<td width=\"379\">Investigador Docente: Chazarreta Cruz, Hugo &#8211; Egresado: Guanco, Eduardo &#8211; Estudiante de Grado: Bustos Albornoz, Ana Luz; Maza Zurita, Agustina Betsab\u00e9 y Nasca, Santiago<\/td>\n<\/tr>\n<tr>\n<td width=\"24\">38<\/td>\n<td width=\"410\">Evaluaci\u00f3n del Impacto de la implementaci\u00f3n del Micro Flip Teaching en los resultados acad\u00e9micos de los estudiantes de la C\u00e1tedra de Principios de Econom\u00eda I<\/td>\n<td width=\"141\">Torres, Mar\u00eda Cecilia<\/td>\n<td width=\"379\">Investigador Docente: \u00c1lvarez Beatriz &#8211; Estudiante de Grado: Faviana, Lara y Medina, Daiana Liseth<\/td>\n<\/tr>\n<\/tbody>\n<\/table>\n<p>&nbsp;<\/p>\n<p>&nbsp;<\/p>\n","protected":false},"excerpt":{"rendered":"<p>Proyectos Econ\u00f3mica Investiga Encuentro de Cierre Econ\u00f3micas Investiga 2023 Resoluci\u00f3n: 351HCD22 N\u00b0 Nombre del Proyecto Director Integrantes 1 An\u00e1lisis de cumplimiento y eficacia de las normativas administrativo-financieras de los Municipios de Tucum\u00e1n &#8211; Caso Yerba Buena Albaca Petersen, Marcelo Edmundo Investigador Docente: Isa, Marcelo Leonardo &#8211; Estudiante de Grado: G\u00f3mez Suriani, Natalia Lorena 2 Resiliencia [&hellip;]<\/p>\n","protected":false},"author":9,"featured_media":0,"parent":0,"menu_order":0,"comment_status":"closed","ping_status":"closed","template":"","meta":{"footnotes":""},"_links":{"self":[{"href":"https:\/\/face.unt.edu.ar\/web\/posgrados\/wp-json\/wp\/v2\/pages\/1777"}],"collection":[{"href":"https:\/\/face.unt.edu.ar\/web\/posgrados\/wp-json\/wp\/v2\/pages"}],"about":[{"href":"https:\/\/face.unt.edu.ar\/web\/posgrados\/wp-json\/wp\/v2\/types\/page"}],"author":[{"embeddable":true,"href":"https:\/\/face.unt.edu.ar\/web\/posgrados\/wp-json\/wp\/v2\/users\/9"}],"replies":[{"embeddable":true,"href":"https:\/\/face.unt.edu.ar\/web\/posgrados\/wp-json\/wp\/v2\/comments?post=1777"}],"version-history":[{"count":14,"href":"https:\/\/face.unt.edu.ar\/web\/posgrados\/wp-json\/wp\/v2\/pages\/1777\/revisions"}],"predecessor-version":[{"id":3532,"href":"https:\/\/face.unt.edu.ar\/web\/posgrados\/wp-json\/wp\/v2\/pages\/1777\/revisions\/3532"}],"wp:attachment":[{"href":"https:\/\/face.unt.edu.ar\/web\/posgrados\/wp-json\/wp\/v2\/media?parent=1777"}],"curies":[{"name":"wp","href":"https:\/\/api.w.org\/{rel}","templated":true}]}}