{"id":2167,"date":"2023-08-16T00:52:07","date_gmt":"2023-08-16T00:52:07","guid":{"rendered":"https:\/\/face.unt.edu.ar\/web\/posgrados\/?page_id=2167"},"modified":"2024-07-31T13:14:50","modified_gmt":"2024-07-31T13:14:50","slug":"tramite-de-titulo","status":"publish","type":"page","link":"https:\/\/face.unt.edu.ar\/web\/posgrados\/tramite-de-titulo\/","title":{"rendered":"Tr\u00e1mite de T\u00edtulo"},"content":{"rendered":"<p><a href=\"https:\/\/face.unt.edu.ar\/web\/posgrados\/wp-content\/uploads\/sites\/3\/2022\/06\/titulos-324x160-1.jpg\"><img decoding=\"async\" loading=\"lazy\" class=\"wp-image-1578 aligncenter\" src=\"https:\/\/face.unt.edu.ar\/web\/posgrados\/wp-content\/uploads\/sites\/3\/2022\/06\/titulos-324x160-1-300x148.jpg\" alt=\"\" width=\"496\" height=\"245\" srcset=\"https:\/\/face.unt.edu.ar\/web\/posgrados\/wp-content\/uploads\/sites\/3\/2022\/06\/titulos-324x160-1-300x148.jpg 300w, https:\/\/face.unt.edu.ar\/web\/posgrados\/wp-content\/uploads\/sites\/3\/2022\/06\/titulos-324x160-1.jpg 324w\" sizes=\"(max-width: 496px) 100vw, 496px\" \/><\/a><\/p>\n<p>Una vez que aprobaste la totalidad de las materias del Plan de Estudios de la carrera que cursaste en la Facultad de Ciencias Econ\u00f3micas debes proceder de la siguiente manera:<\/p>\n<p>1.- Enviar un correo electr\u00f3nico a posgrado.alumnos@face.unt.edu.ar\u00a0\u00a0\u00a0informando que completaste el 1OO % de carrera. En asunto, indicar \u00abT\u00edtulo en tr\u00e1mite\u00bb; y en el cuerpo del mensaje debes consignar: apellido,\u00a0 nombre completo, D.N.I., carrera, cohorte, e-mail y tel\u00e9fono.<\/p>\n<p>2.- Desde la Secretar\u00eda de Ciencia, T\u00e9cnica y Posgrado, una vez controlada tu actuaci\u00f3n acad\u00e9mica, te responder\u00e1n mediante correo electr\u00f3nico asign\u00e1ndote una fecha y hora para presentar la documentaci\u00f3n completa en esta Secretar\u00eda.<\/p>\n<p>Documentaci\u00f3n necesaria:<\/p>\n<ul>\n<li>Fotocopia DNI. (Frente y dorso a color, ampliada al 150%)<\/li>\n<li>Acta de nacimiento legalizada y actualizada. (M\u00e1ximo 6 meses de antig\u00fcedad)<\/li>\n<li>Fotocopia del t\u00edtulo de grado con su correspondiente legalizaci\u00f3n.<\/li>\n<li>Constancia o copia autenticada del certificado del curso lecto-comprensi\u00f3n idioma Ingl\u00e9s para graduados expedida por universidades nacionales.<\/li>\n<li>Dos (2) fotos 4X4\u00a0 actual y a color. (Tipo carnet)<\/li>\n<li>Libre deuda de bibliotecas con c\u00f3digo de barras\u00a0<strong>(Impreso)<\/strong>. Se genera el certificado en el link habilitado para su tramitaci\u00f3n\u00a0\u00a0<a href=\"http:\/\/w4.unt.edu.ar\/ldBib\/\">http:\/\/w4.unt.edu.ar\/ldBib\/<\/a> usted recibir\u00e1 un mail con el libre deuda dentro de las 48 horas.<\/li>\n<li>Constancia de env\u00edo de Tesis\/Tesina y\/o Trabajo final para ser incorporado en el Repositorio FACE \u2013\u00a0<a href=\"https:\/\/face.unt.edu.ar\/web\/posgrados\/procedimiento-para-solicitar-constancia-de-envio-de-tesis-tesina-y-o-trabajo-final-al-repositorio-ridface\/\">Procedimiento para obtener la constancia<\/a><\/li>\n<\/ul>\n<p>El solicitante del T\u00edtulo debe presentar la documentaci\u00f3n indicada y completar los formularios de SOLICITUD DE DIPLOMA Y SOLICITUD DE INSCRIPCION que le proporcionar\u00e1 esta Secretar\u00eda (Oficina 88 -Tel: 381-4107559). <strong>Previo acuerdo de d\u00eda y hora.<\/strong><\/p>\n","protected":false},"excerpt":{"rendered":"<p>Una vez que aprobaste la totalidad de las materias del Plan de Estudios de la carrera que cursaste en la Facultad de Ciencias Econ\u00f3micas debes proceder de la siguiente manera: 1.- Enviar un correo electr\u00f3nico a posgrado.alumnos@face.unt.edu.ar\u00a0\u00a0\u00a0informando que completaste el 1OO % de carrera. En asunto, indicar \u00abT\u00edtulo en tr\u00e1mite\u00bb; y en el cuerpo del [&hellip;]<\/p>\n","protected":false},"author":2,"featured_media":0,"parent":0,"menu_order":0,"comment_status":"closed","ping_status":"closed","template":"","meta":{"footnotes":""},"_links":{"self":[{"href":"https:\/\/face.unt.edu.ar\/web\/posgrados\/wp-json\/wp\/v2\/pages\/2167"}],"collection":[{"href":"https:\/\/face.unt.edu.ar\/web\/posgrados\/wp-json\/wp\/v2\/pages"}],"about":[{"href":"https:\/\/face.unt.edu.ar\/web\/posgrados\/wp-json\/wp\/v2\/types\/page"}],"author":[{"embeddable":true,"href":"https:\/\/face.unt.edu.ar\/web\/posgrados\/wp-json\/wp\/v2\/users\/2"}],"replies":[{"embeddable":true,"href":"https:\/\/face.unt.edu.ar\/web\/posgrados\/wp-json\/wp\/v2\/comments?post=2167"}],"version-history":[{"count":6,"href":"https:\/\/face.unt.edu.ar\/web\/posgrados\/wp-json\/wp\/v2\/pages\/2167\/revisions"}],"predecessor-version":[{"id":2842,"href":"https:\/\/face.unt.edu.ar\/web\/posgrados\/wp-json\/wp\/v2\/pages\/2167\/revisions\/2842"}],"wp:attachment":[{"href":"https:\/\/face.unt.edu.ar\/web\/posgrados\/wp-json\/wp\/v2\/media?parent=2167"}],"curies":[{"name":"wp","href":"https:\/\/api.w.org\/{rel}","templated":true}]}}