{"id":220,"date":"2014-10-21T23:12:30","date_gmt":"2014-10-21T23:12:30","guid":{"rendered":"http:\/\/face.unt.edu.ar\/web\/posgrados\/?page_id=220"},"modified":"2014-10-30T01:38:51","modified_gmt":"2014-10-30T01:38:51","slug":"doctorado-en-estadistica","status":"publish","type":"page","link":"https:\/\/face.unt.edu.ar\/web\/posgrados\/posgrados\/doctorado-en-estadistica\/","title":{"rendered":"Doctorado en Estad\u00edstica"},"content":{"rendered":"<p style=\"text-align: justify;\">El principal objetivo es subsanar un d\u00e9ficit existente en nuestro pa\u00eds, donde pocas universidades han logrado organizar y mantener programas de postgrado en estad\u00edstica. Argentina, que fue pionera en la ense\u00f1anza de estad\u00edstica en Am\u00e9rica Latina, ha visto como otros pa\u00edses han sido mucho mas activos en el nivel de postgrado, sobre todo en los \u00faltimos a\u00f1os.<\/p>\n<p style=\"text-align: justify;\">La necesidad de tener en el pa\u00eds programas avanzados de ense\u00f1anza de la estad\u00edstica contempor\u00e1nea, teor\u00eda y aplicaciones, proviene del importante rol que han adquirido los conceptos y los m\u00e9todos estad\u00edsticos en diversos \u00e1mbitos: en el gobierno, la investigaci\u00f3n cient\u00edfica, el desarrollo tecnol\u00f3gico, en la conducci\u00f3n de las empresas y las instituciones. El ciudadano de los estados modernos consume estad\u00edstica cada vez en mayor cantidad y de mejor calidad.<\/p>\n<p style=\"text-align: justify;\">La estad\u00edstica ense\u00f1ada al nivel de postgrado, resulta ser una culminaci\u00f3n muy oportuna para la formaci\u00f3n universitaria de diversos especialistas. En muchos campos se advierte la conveniencia de disponer de los servicios de estad\u00edsticos bien formados, tanto en el apoyo de tipo cient\u00edfico como en el aporte profesional.<\/p>\n<p style=\"text-align: justify;\">La experiencia de la Universidad Nacional de Tucum\u00e1n en la ense\u00f1anza de estad\u00edstica en las dos Facultades intervinientes, ha sido muy positiva y avala de una manera clara el nuevo programa que se organiza. El nivel doctoral que se considera en este programa, es el superior de la formaci\u00f3n acad\u00e9mica, y est\u00e1 destinado a quienes aspiran a desarrollar una carrera de ense\u00f1anza, investigaci\u00f3n, consultoria o apoyo, al nivel mas avanzado.<\/p>\n<p style=\"text-align: justify;\"><strong>Requisitos de Admisi\u00f3n:<\/strong><\/p>\n<p style=\"text-align: justify;\">Para ser admitido al Doctorado se requiere tener t\u00edtulo de Magister o Master en Estad\u00edstica o en Estad\u00edstica Aplicada, o una formaci\u00f3n equivalente.<\/p>\n<p style=\"text-align: justify;\">Los postulantes a ingresar al Doctorado deber\u00e1n presentar un informe detallado de la formaci\u00f3n acad\u00e9mica que alcanzaron, utilizando un formulario preparado especialmente para este fin. Cada pedido de admisi\u00f3n ser\u00e1 analizado por un \u201cComit\u00e9 de Admisiones al Doctorado\u201d, que podr\u00e1 calificarlo como aceptado, rechazado o sujeto a condiciones complementarias. En el \u00faltimo caso, el Comit\u00e9 fijar\u00e1 las condiciones que se requieren al postulante para considerar una nueva solicitud de admisi\u00f3n.<\/p>\n<p style=\"text-align: justify;\">Para m\u00e1s informaci\u00f3n, visitar el <a href=\"http:\/\/face.unt.edu.ar\/web\/iestadisticas\/\">Sitio web del Instituto de Estad\u00edsticas<\/a><\/p>\n","protected":false},"excerpt":{"rendered":"<p>El principal objetivo es subsanar un d\u00e9ficit existente en nuestro pa\u00eds, donde pocas universidades han logrado organizar y mantener programas de postgrado en estad\u00edstica. Argentina, que fue pionera en la ense\u00f1anza de estad\u00edstica en Am\u00e9rica Latina, ha visto como otros pa\u00edses han sido mucho mas activos en el nivel de postgrado, sobre todo en los [&hellip;]<\/p>\n","protected":false},"author":1,"featured_media":0,"parent":12,"menu_order":0,"comment_status":"open","ping_status":"open","template":"","meta":{"footnotes":""},"_links":{"self":[{"href":"https:\/\/face.unt.edu.ar\/web\/posgrados\/wp-json\/wp\/v2\/pages\/220"}],"collection":[{"href":"https:\/\/face.unt.edu.ar\/web\/posgrados\/wp-json\/wp\/v2\/pages"}],"about":[{"href":"https:\/\/face.unt.edu.ar\/web\/posgrados\/wp-json\/wp\/v2\/types\/page"}],"author":[{"embeddable":true,"href":"https:\/\/face.unt.edu.ar\/web\/posgrados\/wp-json\/wp\/v2\/users\/1"}],"replies":[{"embeddable":true,"href":"https:\/\/face.unt.edu.ar\/web\/posgrados\/wp-json\/wp\/v2\/comments?post=220"}],"version-history":[{"count":4,"href":"https:\/\/face.unt.edu.ar\/web\/posgrados\/wp-json\/wp\/v2\/pages\/220\/revisions"}],"predecessor-version":[{"id":233,"href":"https:\/\/face.unt.edu.ar\/web\/posgrados\/wp-json\/wp\/v2\/pages\/220\/revisions\/233"}],"up":[{"embeddable":true,"href":"https:\/\/face.unt.edu.ar\/web\/posgrados\/wp-json\/wp\/v2\/pages\/12"}],"wp:attachment":[{"href":"https:\/\/face.unt.edu.ar\/web\/posgrados\/wp-json\/wp\/v2\/media?parent=220"}],"curies":[{"name":"wp","href":"https:\/\/api.w.org\/{rel}","templated":true}]}}