{"id":2329,"date":"2023-11-06T15:43:26","date_gmt":"2023-11-06T15:43:26","guid":{"rendered":"https:\/\/face.unt.edu.ar\/web\/posgrados\/?page_id=2329"},"modified":"2025-08-20T14:23:27","modified_gmt":"2025-08-20T14:23:27","slug":"congreso-2023","status":"publish","type":"page","link":"https:\/\/face.unt.edu.ar\/web\/posgrados\/congreso-2023\/","title":{"rendered":"Encuentro de Cierre Econ\u00f3micas Investiga 2023"},"content":{"rendered":"<ol>\n<li><a href=\"https:\/\/drive.google.com\/file\/d\/1GKJslVMmmTLVwUKVJzU7F65_dX4rFmrx\/view\" target=\"_blank\" rel=\"noopener\">An\u00e1lisis de Cumplimiento y Eficacia de la Normativas Administrativo-Financieras de los Municipios de Tucum\u00e1n &#8211; Caso Yerba Buena.<\/a><br \/>\n.<\/li>\n<li><a href=\"https:\/\/drive.google.com\/file\/d\/1_MR_M54NsaLoTBX6UTcB0Q5GBrAEPFEi\/view?usp=sharing\" target=\"_blank\" rel=\"noopener\">An\u00e1lisis del Nivel de Madurez de Seguridad de la Informaci\u00f3n en Procesos Cr\u00edticos de una Instituci\u00f3n de Educaci\u00f3n Superior.\u00a0\u00a0<\/a><br \/>\n.<\/li>\n<li><a href=\"https:\/\/drive.google.com\/file\/d\/1-BiSnmvO4r8O_q48r0omrqavDWygpjRm\/view?usp=sharing\" target=\"_blank\" rel=\"noopener\">Resiliencia en la Educaci\u00f3n Universitaria un cambio profundo del Paradigma Ense\u00f1anza- Aprendizaje.\u00a0<\/a><br \/>\n.<\/li>\n<li><a href=\"https:\/\/drive.google.com\/file\/d\/1wrsfuzWsa3xV3nKPr-FzH5cMZfO6Oxx0\/view?usp=sharing\" target=\"_blank\" rel=\"noopener\">Factores Ex\u00f3genos y End\u00f3genos que influyen en la Calidad del Aprendizaje de los alumnos de Matem\u00e1tica I de la Carrera de Contador P\u00fablico. Dise\u00f1o e Implementaci\u00f3n de una Metodolog\u00eda Superadora.\u00a0\u00a0<\/a><br \/>\n.<\/li>\n<li><a href=\"https:\/\/drive.google.com\/file\/d\/1JOCwt2PklnzvOwNRaD_BZHyWrcd5Yp8Q\/view?usp=sharing\" target=\"_blank\" rel=\"noopener\">An\u00e1lisis de aspectos controvertidos en el Impuesto a las Ganancias para su ense\u00f1anza en la Facultad de Ciencias Econ\u00f3micas de la Universidad Nacional de Tucum\u00e1n (UNT).\u00a0\u00a0<\/a><br \/>\n.<\/li>\n<li><a href=\"https:\/\/drive.google.com\/file\/d\/14zIHAVBr7D1xBlIT5xvbqIDGmznz8jEd\/view?usp=sharing\" target=\"_blank\" rel=\"noopener\">Valoraci\u00f3n Econ\u00f3mica de Servicios Ambientales de Recreaci\u00f3n en el Paque Sierra San Javier (UNT).\u00a0<\/a><br \/>\n.<\/li>\n<li><a href=\"https:\/\/drive.google.com\/file\/d\/1FeXbS_2Xs79XVHFprsKFO95Gx3gsfkpk\/view?usp=sharing\" target=\"_blank\" rel=\"noopener\">Problema de la deserci\u00f3n y rendimiento acad\u00e9mico en las carreras de ciencias econ\u00f3micas: dise\u00f1o de indicadores de gesti\u00f3n.\u00a0\u00a0<\/a><br \/>\n.<\/li>\n<li><a href=\"https:\/\/drive.google.com\/file\/d\/1XHCJ_QWyWTzUqAeJz4FE_rC3ajEAwqrq\/view?usp=sharing\" target=\"_blank\" rel=\"noopener\">El comercio electr\u00f3nico, ventajas y desventajas, en relaci\u00f3n con la promoci\u00f3n de los micro emprendimientos en Tucum\u00e1n.\u00a0\u00a0<\/a><br \/>\n.<\/li>\n<li><a href=\"https:\/\/drive.google.com\/file\/d\/1Li-qyYW2Vhkq-tsGj3CJvlh9l3LMOKc7\/view?usp=sharing\" target=\"_blank\" rel=\"noopener\">Elasticidad Precio de la energ\u00eda: explorando los efectos heterog\u00e9neos en el impacto de los shocks de precios.\u00a0\u00a0<\/a><br \/>\n.<\/li>\n<li><a href=\"https:\/\/drive.google.com\/file\/d\/1BofxLBe7y8IlsFdFd0Ask5Q5Uozqz20V\/view?usp=sharing\" target=\"_blank\" rel=\"noopener\">Dise\u00f1o de un Sistema de informaci\u00f3n contable para la gesti\u00f3n de hospitales en San Miguel de Tucum\u00e1n.\u00a0\u00a0<\/a><br \/>\n.<\/li>\n<li><a href=\"https:\/\/drive.google.com\/file\/d\/1JH3lvuX9pqfy8jAc8jh8IZFSJ3_9UiEG\/view?usp=sharing\" target=\"_blank\" rel=\"noopener\">An\u00e1lisis causal sobre la Discontinuidad, Ausentismo y Deserci\u00f3n en la Asignatura \u00abIntroducci\u00f3n a los Sistemas de Informaci\u00f3n Contable\u00bb, Ciclo Lectivo 2022, FACE UNT\u00a0\u00a0<\/a><br \/>\n.<\/li>\n<li><strong>\u00a0<\/strong><a href=\"https:\/\/drive.google.com\/file\/d\/1tnbVcUgpaw-DcAH39DzSnIh_eJiyKZT2\/view?usp=sharing\" target=\"_blank\" rel=\"noopener\">Indicadores claves de desempe\u00f1o como apoyo a la estrategia de negocios con criterios ESG \u2013 Ambiente, social y gobernanza.\u00a0<\/a><br \/>\n.<\/li>\n<li><a href=\"https:\/\/drive.google.com\/file\/d\/1TxHmWeBrYu63sc_gkVG9FDyAvtP5coak\/view?usp=sharing\" target=\"_blank\" rel=\"noopener\">Dispositivo de Acompa\u00f1amiento educativo en el aprendizaje del C\u00e1lculo para alumnos de la carrera de Contador P\u00fablico.\u00a0<\/a><br \/>\n.<\/li>\n<li><a href=\"https:\/\/drive.google.com\/file\/d\/1G9UOzAnKtV3pby9ljhJn54mokavvLSMo\/view?usp=sharing\" target=\"_blank\" rel=\"noopener\">Competencias de Empleabilidad de los alumnos pr\u00f3ximos a graduarse y j\u00f3venes egresados de la Facultad de Ciencias Econ\u00f3micas de la U.N.T. ante los cambios en el mercado laboral.\u00a0<\/a><br \/>\n.<\/li>\n<li><a href=\"https:\/\/drive.google.com\/file\/d\/1aDA_QVQCwz-jSeZgBx0wD2zSpK7aYzPU\/view?usp=sharing\" target=\"_blank\" rel=\"noopener\">Desarrollo de habilidades directivas en profesionales de Ciencias Econ\u00f3micas.\u00a0<\/a><br \/>\n.<\/li>\n<li><a href=\"https:\/\/drive.google.com\/file\/d\/1G7oORs8k2CYAQ81x4LrXoaSJBZhHhZxm\/view?usp=sharing\" target=\"_blank\" rel=\"noopener\">An\u00e1lisis del desempe\u00f1o del Profesional en Ciencias Econ\u00f3micas en el Sector P\u00fablico.\u00a0<\/a><br \/>\n.<\/li>\n<li><a href=\"https:\/\/drive.google.com\/file\/d\/1j0H74h7jCMdSZlmFYkVzdzqWsrLwSW5r\/view?usp=sharing\" target=\"_blank\" rel=\"noopener\">Evaluaci\u00f3n del Impacto ambiental de la pr\u00e1ctica de triturado de restos de poda y de la sustentabilidad a nivel predial, en una finca citr\u00edcola.\u00a0\u00a0<\/a><br \/>\n.<\/li>\n<li><a href=\"https:\/\/drive.google.com\/file\/d\/1FGW5VWX0U85mFuvQein0gTqySgagoOuU\/view?usp=sharing\" target=\"_blank\" rel=\"noopener\">El an\u00e1lisis de datos de estudiantes, y su repercusi\u00f3n en la ense\u00f1anza universitaria \u2013 Caso: ISIC-FACE 2022\/2023\u00a0<\/a><br \/>\n.<\/li>\n<li><a href=\"https:\/\/drive.google.com\/file\/d\/1PmJ_CSbicUHvVwdm7TD28CVxwobeiB6B\/view?usp=sharing\" target=\"_blank\" rel=\"noopener\">An\u00e1lisis del abandono estudiantil en la Facultad de Ciencias Econ\u00f3micas de la UNT, un estudio de seguimiento.\u00a0<\/a><br \/>\n.<\/li>\n<li><a href=\"https:\/\/drive.google.com\/file\/d\/1Q9wxqdNKBndGLgzLkYRU6uhcSZ658u0h\/view?usp=sharing\" target=\"_blank\" rel=\"noopener\">El Balance Social como instrumento de gesti\u00f3n y difusi\u00f3n de la responsabilidad social. Caso: Asociaci\u00f3n Cooperadora de la Facultad de Ciencias Econ\u00f3micas.\u00a0<\/a><br \/>\n.<\/li>\n<li><a href=\"https:\/\/drive.google.com\/file\/d\/1bxQZjRxl4nAPF33ciOswZgGGZQ_NEOJk\/view?usp=sharing\" target=\"_blank\" rel=\"noopener\">Ciencia de Datos Aplicada a la Gesti\u00f3n de las PyMES: Estudios de Caso y Aplicaciones.\u00a0<\/a><br \/>\n.<\/li>\n<li><a href=\"https:\/\/drive.google.com\/file\/d\/1J3FW64pFzSD5AFdi6t7xdgpsk9DLO3Ek\/view?usp=sharing\" target=\"_blank\" rel=\"noopener\">Ensayo sobre el balance del Banco Central en relaci\u00f3n a las crisis econ\u00f3micas. Caso de Argentina.\u00a0<\/a><br \/>\n.<\/li>\n<li><a href=\"https:\/\/drive.google.com\/file\/d\/1-_78MOzBlI8X89i-pWT7OiVM4Te0HmTr\/view?usp=sharing\" target=\"_blank\" rel=\"noopener\">An\u00e1lisis de Estrategias de cobertura con derivados en PYMES del Sector Agr\u00edcola de la Provincia de Tucum\u00e1n.\u00a0<\/a><br \/>\n.<\/li>\n<li><a href=\"https:\/\/drive.google.com\/file\/d\/1rziiF_MBqzuKLeJLLEYtTyPt0hXehyqc\/view?usp=sharing\" target=\"_blank\" rel=\"noopener\">PYMES y Empresas de Familia.\u00a0<\/a><br \/>\n.<\/li>\n<li><a href=\"https:\/\/drive.google.com\/file\/d\/1OZbqkhwFq3Wnc4nY4FGPky-iZcxum6qJ\/view?usp=sharing\" target=\"_blank\" rel=\"noopener\">Criterio de imputaci\u00f3n en el impuesto sobre los ingresos brutos. Devengado vs Percibido. Ausencia de definici\u00f3n del criterio de devengado-agravamiento a ra\u00edz de las \u00faltimas reformas. Deficiencia en las definiciones normativas.\u00a0<\/a><br \/>\n.<\/li>\n<li><a href=\"https:\/\/drive.google.com\/file\/d\/1DFVLq9lKVOQIaXZjjXSyGrYEvPc1ZYEc\/view?usp=sharing\" target=\"_blank\" rel=\"noopener\">Indicadores de alerta temprana para Cajas de Previsi\u00f3n para Profesionales.\u00a0<\/a><br \/>\n.<\/li>\n<li><a href=\"https:\/\/drive.google.com\/file\/d\/1ZV3ziQVCGAFIDdKSxNG3D9oFhtZNULCY\/view?usp=sharing\" target=\"_blank\" rel=\"noopener\">Gesti\u00f3n y fortalecimiento institucional local hacia el trabajo decente. El caso de la feria de Artesanos en San Miguel de Tucum\u00e1n.\u00a0\u00a0<\/a><br \/>\n.<\/li>\n<li><a href=\"https:\/\/drive.google.com\/file\/d\/1_3C_drGWEA3iLlxZyEiNzYRjpZZ_dNWO\/view?usp=sharing\" target=\"_blank\" rel=\"noopener\">Plan estrat\u00e9gico de marketing para el desarrollo tur\u00edstico en la provincia de Tucum\u00e1n. Fase 1: Diagn\u00f3stico del posicionamiento actual de la provincia en la mente del consumidor local y nacional.\u00a0<\/a><br \/>\n.<\/li>\n<li style=\"text-align: left\"><a href=\"https:\/\/drive.google.com\/file\/d\/1ENFn_RS4nVH5Hmo-iUY2Q0rABY2xOUAw\/view?usp=sharing\" target=\"_blank\" rel=\"noopener\">Planificaci\u00f3n, crecimiento y control en PyMES Tucumanas: Enfoque en sostenibilidad ambiental.\u00a0<\/a><\/li>\n<li><a href=\"https:\/\/drive.google.com\/file\/d\/1AknH9h-2WHgGnk62ssruPXxCSBM9u3dz\/view?usp=sharing\" target=\"_blank\" rel=\"noopener\">Estrategias de Mejoramiento de Indicadores de Permanencia, Deserci\u00f3n y Rendimiento de Alumnos de la FACE UNT.\u00a0<\/a><br \/>\n.<\/li>\n<li><a href=\"https:\/\/drive.google.com\/file\/d\/10kmoHcj6hUbDf1O0w6fDNrLul7ZaxfU9\/view?usp=sharing\" target=\"_blank\" rel=\"noopener\">An\u00e1lisis y Evaluaci\u00f3n de la Evoluci\u00f3n del Presupuesto Universitario.\u00a0<\/a><br \/>\n.<\/li>\n<li><a href=\"https:\/\/drive.google.com\/file\/d\/1zOH-9tEfrEK8hpBWjTyf0avVdk6KBmUs\/view?usp=sharing\" target=\"_blank\" rel=\"noopener\">Impacto de la Formaci\u00f3n Pedag\u00f3gica en las pr\u00e1cticas docentes de la Carrera de CPN de la FACE UNT.\u00a0\u00a0<\/a><br \/>\n.<\/li>\n<li><a href=\"https:\/\/drive.google.com\/file\/d\/16sRImcZL7Ool84EUCmYh5bcuOdojQC1B\/view?usp=drive_link\" target=\"_blank\" rel=\"noopener\">Evaluaci\u00f3n del Impacto de la implementaci\u00f3n del Micro Flip Teaching en los resultados acad\u00e9micos de los estudiantes de la C\u00e1tedra de Principios de Econom\u00eda I.\u00a0<\/a><\/li>\n<\/ol>\n","protected":false},"excerpt":{"rendered":"<p>An\u00e1lisis de Cumplimiento y Eficacia de la Normativas Administrativo-Financieras de los Municipios de Tucum\u00e1n &#8211; Caso Yerba Buena. . An\u00e1lisis del Nivel de Madurez de Seguridad de la Informaci\u00f3n en Procesos Cr\u00edticos de una Instituci\u00f3n de Educaci\u00f3n Superior.\u00a0\u00a0 . Resiliencia en la Educaci\u00f3n Universitaria un cambio profundo del Paradigma Ense\u00f1anza- Aprendizaje.\u00a0 . Factores Ex\u00f3genos y [&hellip;]<\/p>\n","protected":false},"author":1,"featured_media":0,"parent":0,"menu_order":0,"comment_status":"closed","ping_status":"closed","template":"","meta":{"footnotes":""},"_links":{"self":[{"href":"https:\/\/face.unt.edu.ar\/web\/posgrados\/wp-json\/wp\/v2\/pages\/2329"}],"collection":[{"href":"https:\/\/face.unt.edu.ar\/web\/posgrados\/wp-json\/wp\/v2\/pages"}],"about":[{"href":"https:\/\/face.unt.edu.ar\/web\/posgrados\/wp-json\/wp\/v2\/types\/page"}],"author":[{"embeddable":true,"href":"https:\/\/face.unt.edu.ar\/web\/posgrados\/wp-json\/wp\/v2\/users\/1"}],"replies":[{"embeddable":true,"href":"https:\/\/face.unt.edu.ar\/web\/posgrados\/wp-json\/wp\/v2\/comments?post=2329"}],"version-history":[{"count":39,"href":"https:\/\/face.unt.edu.ar\/web\/posgrados\/wp-json\/wp\/v2\/pages\/2329\/revisions"}],"predecessor-version":[{"id":3528,"href":"https:\/\/face.unt.edu.ar\/web\/posgrados\/wp-json\/wp\/v2\/pages\/2329\/revisions\/3528"}],"wp:attachment":[{"href":"https:\/\/face.unt.edu.ar\/web\/posgrados\/wp-json\/wp\/v2\/media?parent=2329"}],"curies":[{"name":"wp","href":"https:\/\/api.w.org\/{rel}","templated":true}]}}