{"id":3180,"date":"2025-03-06T00:01:28","date_gmt":"2025-03-06T00:01:28","guid":{"rendered":"https:\/\/face.unt.edu.ar\/web\/posgrados\/?page_id=3180"},"modified":"2025-10-24T15:22:16","modified_gmt":"2025-10-24T15:22:16","slug":"3180-2","status":"publish","type":"page","link":"https:\/\/face.unt.edu.ar\/web\/posgrados\/3180-2\/","title":{"rendered":"Doctorado en Ciencias Econ\u00f3micas con Orientaci\u00f3n en Contabilidad y con Orientaci\u00f3n en Gesti\u00f3n P\u00fablica"},"content":{"rendered":"<p style=\"text-align: center\"><a href=\"https:\/\/face.unt.edu.ar\/web\/posgrados\/wp-content\/uploads\/sites\/3\/2025\/05\/IF-2024-112504154-APN-CONEAUMCH-Doctorado-2024.pdf\">Acreditado por CONEAU con Res. IF-2024-112504154-APN-CONEAU#MCH<\/a><\/p>\n<p><strong>Director:Dr Ricardo Jos\u00e9 Mar\u00eda Pahlen<\/strong><\/p>\n<p><strong>Co-Directora: Dra Myriam Lilian Cecilia De Marco<\/strong><\/p>\n<p><strong>T\u00edtulos que otorga<\/strong><\/p>\n<p>&#8211; Doctor en Ciencias Econ\u00f3micas con Orientaci\u00f3n en Contabilidad.<\/p>\n<p>&#8211; Doctor en Ciencias Econ\u00f3micas con Orientaci\u00f3n en Gesti\u00f3n P\u00fablica.<\/p>\n<p>El impacto que la tecnolog\u00eda produce en la cultura, genera nuevas formas de comunicaci\u00f3n, nuevos estilos de trabajo, nuevas alternativas para la toma de decisiones y nuevas maneras de acceder y producir conocimiento.<\/p>\n<p>En el marco de estas consideraciones, las Facultades de Ciencias Econ\u00f3micas de la Regi\u00f3n NOA de las universidades nacionales en el marco de la Red FACE, ofrecen un Doctorado en Ciencias Econ\u00f3micas con Orientaci\u00f3n en Contabilidad y con Orientaci\u00f3n en Gesti\u00f3n P\u00fablica mediante una articulaci\u00f3n formal en red entre las distintas universidades de la regi\u00f3n que se plantea como objetivo generar, fomentar y fortalecer comunidades cient\u00edficas y\/o grupos de investigadores dedicados al desarrollo de las ciencias econ\u00f3micas en general en el NOA y espec\u00edficamente avocados a la investigaci\u00f3n de las problem\u00e1ticas m\u00e1s relevantes en la regi\u00f3n; fortalecer las capacidades de construir y desarrollar agendas de investigaci\u00f3n aut\u00f3nomas, m\u00e1s ligadas a criterios de priorizaci\u00f3n e intereses de investigaci\u00f3n definidos horizontal y regionalmente, y no desde directivas verticales del sistema nacional e internacional.<\/p>\n<p>El Doctorado es un programa orientado a la formaci\u00f3n de docentes, investigadores y profesionales altamente calificados, capaces de realizar aportes originales dentro de las ciencias econ\u00f3micas en las \u00e1reas de la contabilidad y gesti\u00f3n p\u00fablica de la regi\u00f3n, todo esto en un marco de excelencia acad\u00e9mica y trabajo interdisciplinario. Favorece la apropiaci\u00f3n cr\u00edtica de los componentes b\u00e1sicos de la cultura y la posibilidad, por lo tanto, de la participaci\u00f3n activa, responsable y solidaria en la comunidad en general y en la vida pol\u00edtica, acad\u00e9mica y laboral en particular.<\/p>\n<p>El objetivo es fortalecer en el Noroeste Argentino los lazos acad\u00e9micos institucionales entre las Universidades situadas en esta regi\u00f3n del pa\u00eds, en el \u00e1rea propia de este Doctorado, los Programas de investigaci\u00f3n en las ciencias econ\u00f3micas aplicados a las problem\u00e1ticas regionales del Noroeste Argentino atendiendo a sus procesos hist\u00f3ricos, econ\u00f3micos y culturales, mejorar la calidad de la ense\u00f1anza, la investigaci\u00f3n y la gesti\u00f3n en las \u00e1reas de la contabilidad y la gesti\u00f3n p\u00fablica en particular. Busca promover un enfoque interdisciplinario y comparado de las tem\u00e1ticas de estudio planteadas vinculadas a problemas concretos y con un alto impacto social produciendo conocimiento \u00fatil para la formulaci\u00f3n y an\u00e1lisis cr\u00edtico de pol\u00edticas p\u00fablicas en la regi\u00f3n y el pa\u00eds.<\/p>\n<p><strong>Objetivos<\/strong><\/p>\n<ol>\n<li>El Doctorado es un programa orientado a la formaci\u00f3n de docentes, investigadores y profesionales altamente calificados, capaces de realizar aportes originales dentro de las ciencias econ\u00f3micas en las \u00e1reas de la contabilidad y en el \u00e1rea de administraci\u00f3n y gesti\u00f3n p\u00fablica de la regi\u00f3n, todo esto en un marco de excelencia acad\u00e9mica y trabajo interdisciplinario.<\/li>\n<li>Favorecer la apropiaci\u00f3n cr\u00edtica de los componentes b\u00e1sicos de la cultura y la posibilidad, por lo tanto, de la participaci\u00f3n activa, responsable y solidaria en la comunidad en general y en la vida pol\u00edtica, acad\u00e9mica y laboral en particular.<\/li>\n<li>Fortalecer en el Noroeste Argentino los lazos acad\u00e9micos institucionales entre las Universidades situadas en esta regi\u00f3n del pa\u00eds, en el \u00e1rea propia de este Doctorado.<\/li>\n<li>Fortalecer los Programas de investigaci\u00f3n en las ciencias econ\u00f3micas aplicados a las problem\u00e1ticas regionales del Noroeste Argentino atendiendo a sus procesos hist\u00f3ricos, econ\u00f3micos y culturales.<\/li>\n<li>Mejorar la calidad de la ense\u00f1anza, la investigaci\u00f3n y la gesti\u00f3n en las \u00e1reas de la contabilidad y la gesti\u00f3n p\u00fablica en particular.<\/li>\n<li>Promover un enfoque interdisciplinario y comparado de las tem\u00e1ticas de estudio planteadas vinculadas a problemas concretos y con un alto impacto social produciendo conocimiento \u00fatil para la formulaci\u00f3n y an\u00e1lisis cr\u00edtico de pol\u00edticas p\u00fablicas en la regi\u00f3n y el pa\u00eds.<\/li>\n<\/ol>\n<p><strong>Perfil del Egresado.<\/strong><\/p>\n<p>El egresado del doctorado ser\u00e1 capaz de:<\/p>\n<ol>\n<li>a) Adquirir o profundizar el conocimiento y manejo de las herramientas relativas a la metodolog\u00eda de la investigaci\u00f3n en el \u00e1rea de las Ciencias Econ\u00f3micas, particularmente en las diversas teor\u00edas que fundamentan dichas metodolog\u00edas y a las posibilidades regionales de aplicaci\u00f3n e innovaci\u00f3n de las mismas.<\/li>\n<li>b) Aportar enfoques originales en la aplicaci\u00f3n de las teor\u00edas de metodolog\u00eda la investigaci\u00f3n en el \u00e1rea de las Ciencias Econ\u00f3micas, las posibilidades regionales y sus innovaciones.<\/li>\n<li>c) Liderar grupos de investigaci\u00f3n en el \u00e1rea de conocimientos propios del campo en el que se form\u00f3 vinculados a problemas relevantes o de gran impacto social.<\/li>\n<li>d) Generar estrategias y propuestas que apoyen el fortalecimiento de los programas de la regi\u00f3n NOA y proyectos colaborativos con otras universidades del pa\u00eds y del mundo en el \u00e1rea de las ciencias econ\u00f3micas.<\/li>\n<li>e) Desempe\u00f1ar roles de liderazgo en las organizaciones p\u00fablicas, estatales y privadas que promuevan el Desarrollo Humano en el marco de los Objetivos de Desarrollo del Milenio (ODS) propuestos por Naciones Unidas.<\/li>\n<\/ol>\n<p><strong>\u00a0<\/strong><strong>Requisitos de admisi\u00f3n<\/strong><\/p>\n<p>Para poder sumarse a este programa como alumnos del mismo los aspirantes deber\u00e1n poseer estudios de\u00a0 posgrado o antecedentes acad\u00e9micos y profesionales equivalentes y acreditar capacidad para comprender textos en ingl\u00e9s y\/o en otra lengua que resulte imprescindible en funci\u00f3n del tema escogido por el doctorando.<\/p>\n<p>Graduados de instituciones argentinas universitarias que posean t\u00edtulos correspondientes a carreras de cuatro a\u00f1os de duraci\u00f3n o m\u00e1s.<\/p>\n<p>Se aceptar\u00e1n tambi\u00e9n egresados de universidades del exterior que cumplan id\u00e9nticos requisitos.<\/p>\n<p>Seg\u00fan lo establecido por la Ley de Educaci\u00f3n Superior N\u00ba 24.521 tambi\u00e9n podr\u00e1n solicitar su inscripci\u00f3n los graduados de instituciones oficiales argentinas de educaci\u00f3n superior no universitaria que posean t\u00edtulos correspondientes a carreras de cuatro a\u00f1os de duraci\u00f3n o m\u00e1s.<\/p>\n<p>Todos los alumnos deber\u00e1n presentar su solicitud de inscripci\u00f3n que contendr\u00e1 una propuesta de Plan de Formaci\u00f3n provisorio en el \u00c1rea de Posgrado de la Facultad donde se inscriba, qui\u00e9n derivar\u00e1 la misma a una Comisi\u00f3n de Admisi\u00f3n, formada por el Coordinador Acad\u00e9mico de la sede y dos docentes de la carrera, que analizar\u00e1n la documentaci\u00f3n presentada por el postulante y lo entrevistar\u00e1.<\/p>\n<p>Una vez inscripto en el Doctorado, el Consejo Acad\u00e9mico del Doctorado asignar\u00e1 una Comisi\u00f3n de Supervisi\u00f3n con un Tutor de Doctorado con qui\u00e9n revisar\u00e1 y formular\u00e1 su Plan de Formaci\u00f3n definitivo a ser presentado al Comit\u00e9 de Acad\u00e9mico de Doctorado para su aprobaci\u00f3n, para obtener la inscripci\u00f3n definitiva; este Tutor acompa\u00f1ar\u00e1 al doctorando en su trayecto de formaci\u00f3n b\u00e1sica y especializada asistiendo en aquellos aspectos de su formaci\u00f3n hasta la elecci\u00f3n y aprobaci\u00f3n del Director y\u00a0 Codirector de la tesis.<\/p>\n<p><strong>\u00a0<\/strong><strong>Plan de Estudios<\/strong><\/p>\n<p>El plan de estudios es de tipo semiestructurado, organizado en 510 horas de cursado a desarrollarse en seis cuatrimestres distribuidos en tres a\u00f1os; la formaci\u00f3n b\u00e1sica es de 210 horas, la formaci\u00f3n especializada obligatoria es de 200 horas. Actividades de investigaci\u00f3n relacionadas con la tesis de 100 hs. La carrera concluye con una Tesis Doctoral.<\/p>\n<p>Al respecto, cabe aclarar que, a partir de los seis meses despu\u00e9s de aprobada el cien por ciento (100 %) de las actividades de cursado deber\u00e1 presentar al Comit\u00e9 de seguimiento un Avance de Tesis y a los dieciocho meses la segunda presentaci\u00f3n, el estudiante deber\u00e1 defender ante el Comit\u00e9, como requisito anterior a la presentaci\u00f3n de la Tesis Doctoral.<\/p>\n<p>La Tesis Doctoral la podr\u00e1 rendir luego de haber aprobado el segundo informe de avance.<\/p>\n<p><strong>\u00a0<\/strong><strong>Estructura del Plan de Estudios<\/strong><\/p>\n<p><strong>\u00a0<\/strong><strong>Ciclo de Formaci\u00f3n B\u00e1sica<\/strong><\/p>\n<p>Metodolog\u00eda de la investigaci\u00f3n I<\/p>\n<p>Metodolog\u00eda de la Investigaci\u00f3n II<\/p>\n<p>Historia y Estructura Econ\u00f3mica Regional.<\/p>\n<p>Taller de Tesis<\/p>\n<p><strong>Ciclo de Formaci\u00f3n Especializada<\/strong><\/p>\n<p>Electiva I<\/p>\n<p>Electiva II<\/p>\n<p>Electiva III<\/p>\n<p>Electiva IV<\/p>\n<p>Electiva V<\/p>\n<p><strong>Actividades de investigaci\u00f3n relacionadas con la tesis<\/strong><\/p>\n<p><strong>Tesis<\/strong><\/p>\n<p>Los seminarios y talleres se llevar\u00e1n a cabo de manera presencial en modalidad semestral, con una carga horaria total de diez horas semanales. La carrera consta de un total de 200 cr\u00e9ditos CRE, correspondiendo al ciclo de formaci\u00f3n b\u00e1sica 80 cr\u00e9ditos, mientras que el ciclo especializado le corresponder\u00e1 los 120 cr\u00e9ditos restantes. Las asignaturas electivas podr\u00e1n ser cursadas por lo doctorandos en las facultades de universidades miembros del convenio, as\u00ed como en otras universidades Nacionales y otras universidades reconocidas.<\/p>\n<p><strong>\u00a0<\/strong><strong>Electivas<\/strong><\/p>\n<p>ECONOM\u00cdA<\/p>\n<ul>\n<li>Pol\u00edticas Macroecon\u00f3micas en la Argentina<\/li>\n<li>T\u00f3picos de Econom\u00eda del sector P\u00fablico: Pol\u00edticas Macroecon\u00f3micas en la Argentina<\/li>\n<li>Desarrollo Econ\u00f3mico Regional y Promoci\u00f3n Industrial.<\/li>\n<li>Econom\u00eda social y solidaria<\/li>\n<\/ul>\n<p>ESTADO Y POL\u00cdTICAS P\u00daBLICAS<\/p>\n<ul>\n<li>Dise\u00f1o y gesti\u00f3n de pol\u00edticas p\u00fablicas.<\/li>\n<li>Administraci\u00f3n P\u00fablica y cuesti\u00f3n federo-regional en la Argentina.<\/li>\n<li>Debates alrededor del Estado y la Administraci\u00f3n P\u00fablica.<\/li>\n<li>Pol\u00edticas p\u00fablicas, Estado y mercado.<\/li>\n<li>Auditor\u00eda Gubernamental.<\/li>\n<\/ul>\n<p>Administraci\u00f3n estrat\u00e9gica.<\/p>\n<p>DEMOGRAFIA<\/p>\n<ul>\n<li>Gesti\u00f3n de Fuentes de Datos: El Potencial de los Registros Administrativos como Herramientas Anal\u00edticas.<\/li>\n<li>Procesamiento de datos: M\u00e9todos y Herramientas para el An\u00e1lisis de Informaci\u00f3n Estad\u00edstica.<\/li>\n<\/ul>\n<p>CONTABILIDAD<\/p>\n<ul>\n<li>Contabilidad Socio Ambiental.<\/li>\n<li>\u00c9tica Profesional en Ciencias Econ\u00f3micas.<\/li>\n<li>Pr\u00e1cticas contables aplicables a instrumentos financieros.<\/li>\n<li>Contabilidad para la Toma de Decisiones.<\/li>\n<li>Contabilidad de Gesti\u00f3n y Contabilidad de Costos. T\u00e9cnicas y enfoques para medidas de desempe\u00f1o.<\/li>\n<\/ul>\n<p><strong>Cuerpo acad\u00e9mico <\/strong><\/p>\n<table>\n<tbody>\n<tr>\n<td><strong>Docente<\/strong><\/td>\n<td><strong>Universidad<\/strong><\/td>\n<td><strong>\u00c1rea de especializaci\u00f3n<\/strong><\/td>\n<\/tr>\n<tr>\n<td colspan=\"3\"><strong>Profesores Estables<\/strong><\/td>\n<\/tr>\n<tr>\n<td>Dr. Cao, Horacio<\/td>\n<td>UBA &#8211; UNCA<\/td>\n<td>Estado y Pol\u00edticas P\u00fablicas<\/td>\n<\/tr>\n<tr>\n<td>Dra. Catal\u00e1n, Mar\u00eda Jos\u00e9<\/td>\n<td>UNT<\/td>\n<td>Econom\u00eda<\/td>\n<\/tr>\n<tr>\n<td>Dra. De Marco, Myrian L. C.<\/td>\n<td>UNT<\/td>\n<td>Contabilidad<\/td>\n<\/tr>\n<tr>\n<td>Dr. Graglia, Emilio<\/td>\n<td>UCC &#8211; UNCA<\/td>\n<td>Pol\u00edticas P\u00fablicas<\/td>\n<\/tr>\n<tr>\n<td>Dra. Guti\u00e9rrez, Marta<\/td>\n<td>UNSE<\/td>\n<td>Ciencias Sociales<\/td>\n<\/tr>\n<tr>\n<td>Dr. Hern\u00e1ndez Aparicio, Nicol\u00e1s<\/td>\n<td>UNJU<\/td>\n<td>Ciencias Sociales (Historia)<\/td>\n<\/tr>\n<tr>\n<td>Dr. M\u00e1rmol, Pablo Ernesto<\/td>\n<td>UNJU<\/td>\n<td>Derecho<\/td>\n<\/tr>\n<tr>\n<td>Dr. Molina, Efra\u00edn Vicente<\/td>\n<td>UNLAR<\/td>\n<td>Econom\u00eda Pol\u00edtica<\/td>\n<\/tr>\n<tr>\n<td>Dra. Pedraza, Mar\u00eda Antonia<\/td>\n<td>UNLAR<\/td>\n<td>Administraci\u00f3n<\/td>\n<\/tr>\n<tr>\n<td>Dra. Gurmendi, Noelia<\/td>\n<td>UNSE<\/td>\n<td>Ciencias Sociales<\/td>\n<\/tr>\n<tr>\n<td>Dr. Jara, Cristian<\/td>\n<td>UNSE<\/td>\n<td>Ciencias Sociales<\/td>\n<\/tr>\n<tr>\n<td>Dr. Ponzo Florimonte, Rafael<\/td>\n<td>UNCA<\/td>\n<td>Contabilidad<\/td>\n<\/tr>\n<tr>\n<td>Dr. Quiroga, Daniel Esteban<\/td>\n<td>UNCA<\/td>\n<td>Demograf\u00eda<\/td>\n<\/tr>\n<tr>\n<td>Dr. Rey, Maximiliano<\/td>\n<td>UNC &#8211; UNCA<\/td>\n<td>Pol\u00edticas P\u00fablicas<\/td>\n<\/tr>\n<tr>\n<td>Dra. Ruiz, Rosana Elizabeth<\/td>\n<td>UNSA<\/td>\n<td>Planificaci\u00f3n e Innovaci\u00f3n Educativa<\/td>\n<\/tr>\n<tr>\n<td>Dra. Salazar Acosta, Luisa Mar\u00eda<\/td>\n<td>UNSA<\/td>\n<td>Demograf\u00eda<\/td>\n<\/tr>\n<tr>\n<td>Dr. Silvetti, Jorge Luis<\/td>\n<td>UNSE<\/td>\n<td>Ciencias Sociales<\/td>\n<\/tr>\n<tr>\n<td>Dr. Mira Llamb\u00ed, Pablo Javier<\/td>\n<td>UNJU<\/td>\n<td>Econom\u00eda<\/td>\n<\/tr>\n<tr>\n<td>Dr. Osvaldo A. Peiretti<\/td>\n<td>UNSE<\/td>\n<td>Econom\u00eda Social<\/td>\n<\/tr>\n<tr>\n<td>Magister Macias, Norma<\/td>\n<td>UNCA<\/td>\n<td>Estad\u00edstica &#8211; Demograf\u00eda<\/td>\n<\/tr>\n<tr>\n<td>Magister Moreira, Javier<\/td>\n<td>UNC \u2013 UNCA<\/td>\n<td>Pol\u00edticas P\u00fablicas<\/td>\n<\/tr>\n<tr>\n<td>Magister Rospide, Jorge<\/td>\n<td>UNT<\/td>\n<td>Administraci\u00f3n Financiera<\/td>\n<\/tr>\n<tr>\n<td>Especialista S\u00e1nchez, Gabriela<\/td>\n<td>UNT<\/td>\n<td>Contabilidad<\/td>\n<\/tr>\n<tr>\n<td>Especialista Sota, Gustavo<\/td>\n<td>UNT<\/td>\n<td>Contabilidad de Gesti\u00f3n<\/td>\n<\/tr>\n<\/tbody>\n<\/table>\n<p>&nbsp;<\/p>\n","protected":false},"excerpt":{"rendered":"<p>Acreditado por CONEAU con Res. IF-2024-112504154-APN-CONEAU#MCH Director:Dr Ricardo Jos\u00e9 Mar\u00eda Pahlen Co-Directora: Dra Myriam Lilian Cecilia De Marco T\u00edtulos que otorga &#8211; Doctor en Ciencias Econ\u00f3micas con Orientaci\u00f3n en Contabilidad. &#8211; Doctor en Ciencias Econ\u00f3micas con Orientaci\u00f3n en Gesti\u00f3n P\u00fablica. El impacto que la tecnolog\u00eda produce en la cultura, genera nuevas formas de comunicaci\u00f3n, nuevos [&hellip;]<\/p>\n","protected":false},"author":9,"featured_media":0,"parent":0,"menu_order":0,"comment_status":"closed","ping_status":"closed","template":"","meta":{"footnotes":""},"_links":{"self":[{"href":"https:\/\/face.unt.edu.ar\/web\/posgrados\/wp-json\/wp\/v2\/pages\/3180"}],"collection":[{"href":"https:\/\/face.unt.edu.ar\/web\/posgrados\/wp-json\/wp\/v2\/pages"}],"about":[{"href":"https:\/\/face.unt.edu.ar\/web\/posgrados\/wp-json\/wp\/v2\/types\/page"}],"author":[{"embeddable":true,"href":"https:\/\/face.unt.edu.ar\/web\/posgrados\/wp-json\/wp\/v2\/users\/9"}],"replies":[{"embeddable":true,"href":"https:\/\/face.unt.edu.ar\/web\/posgrados\/wp-json\/wp\/v2\/comments?post=3180"}],"version-history":[{"count":11,"href":"https:\/\/face.unt.edu.ar\/web\/posgrados\/wp-json\/wp\/v2\/pages\/3180\/revisions"}],"predecessor-version":[{"id":3625,"href":"https:\/\/face.unt.edu.ar\/web\/posgrados\/wp-json\/wp\/v2\/pages\/3180\/revisions\/3625"}],"wp:attachment":[{"href":"https:\/\/face.unt.edu.ar\/web\/posgrados\/wp-json\/wp\/v2\/media?parent=3180"}],"curies":[{"name":"wp","href":"https:\/\/api.w.org\/{rel}","templated":true}]}}