{"id":33,"date":"2014-09-05T12:59:38","date_gmt":"2014-09-05T12:59:38","guid":{"rendered":"http:\/\/face.unt.edu.ar\/web\/posgrados\/?page_id=33"},"modified":"2019-07-25T14:52:36","modified_gmt":"2019-07-25T14:52:36","slug":"mision","status":"publish","type":"page","link":"https:\/\/face.unt.edu.ar\/web\/posgrados\/institucional\/mision\/","title":{"rendered":"Misi\u00f3n"},"content":{"rendered":"<p><strong>Misi\u00f3n<\/strong><\/p>\n<p>Contribuir al desarrollo de la investigaci\u00f3n en nuestra Facultad a trav\u00e9s de la ejecuci\u00f3n de planes, programas y proyectos tendientes al fortalecimiento de la producci\u00f3n y transferencia del conocimiento cient\u00edfico.<\/p>\n<p>Generar las condiciones adecuadas para el fortalecimiento y desarrollo de nuestra oferta acad\u00e9mica de Posgrado, respondiendo a la creciente demanda de nuestra sociedad por m\u00e1s y mejor conocimiento.<\/p>\n<p>&nbsp;<\/p>\n<p><strong>Funciones<\/strong><\/p>\n<ol>\n<li>Representar a la Facultad en el Consejo de Posgrado de la UNT, transmitiendo en el mismo las propuestas de las autoridades y de los Directores y estructura acad\u00e9mica de las carreras de Posgrado de la Facultad.<\/li>\n<li>Apoyar y asistir a las estructuras acad\u00e9mico-administrativas de las carreras de Posgrado para el adecuado desarrollo de sus actividades en el marco de las normas y reglamentos de la UNT.<\/li>\n<li>Proponer y coordinar la formulaci\u00f3n e implementaci\u00f3n de creaci\u00f3n de nuevas carreras de posgrado.<\/li>\n<li>Asistir y apoyar a los Directores y a las estructuras acad\u00e9micas de las carreras de Posgrado en los procesos de acreditaci\u00f3n ante la CONEAU y la correspondiente obtenci\u00f3n de la Resoluci\u00f3n Ministerial de validez nacional del t\u00edtulo.<\/li>\n<li>Promover y articular junto a la Secretar\u00eda Acad\u00e9mica la participaci\u00f3n de los docentes en las distintas carreras de Posgrado que se dictan en la Facultad.<\/li>\n<li>Promover y gestionar el acceso a becas y otros mecanismos que faciliten la formaci\u00f3n de posgrado a docentes de la Facultad.<\/li>\n<li>Promover la difusi\u00f3n de las actividades vinculadas a las carreras de posgrado.<\/li>\n<li>Promover la vinculaci\u00f3n con Universidades extranjeras a trav\u00e9s de convenios para la realizaci\u00f3n conjunta de diversas actividades.<\/li>\n<li>Representar a la Facultad en el Consejo de Investigaciones de la UNT , transmitiendo en el mismo las propuestas de las autoridades y de los docentes-investigadores de la Facultad.<\/li>\n<li>Promover la participaci\u00f3n de los docentes-investigadores en las convocatorias para la presentaci\u00f3n de Proyectos de Investigaci\u00f3n de los distintos organismos nacionales e internacionales.<\/li>\n<li>Difundir las convocatorias para la presentaci\u00f3n de Proyectos de Investigaci\u00f3n de los distintos organismos nacionales e internacionales.<\/li>\n<li>Comunicar a los docentes-investigadores las resoluciones que se adoptan en el seno del Consejo de Investigaciones de la UNT.<\/li>\n<li>Promover el an\u00e1lisis y la definici\u00f3n de \u00e1reas prioritarias y estrat\u00e9gicas para el desarrollo de la investigaci\u00f3n.<\/li>\n<li>Coordinar y dise\u00f1ar la difusi\u00f3n de los resultados alcanzados por los grupos de investigaci\u00f3n.<\/li>\n<li>Promover la categorizaci\u00f3n de los docentes-investigadores en el Sistema Nacional.<\/li>\n<li>Apoyar y facilitar los medios para que los docentes-investigadores incrementen su nivel de categorizaci\u00f3n.<\/li>\n<li>Coordinar la formulaci\u00f3n de proyectos de desarrollo de infraestructura y\/o compra de equipamiento de uso compartido con fines prioritarios para la investigaci\u00f3n.<\/li>\n<li>Promover en forma coordinada con la Secretar\u00eda de Extensi\u00f3n y Relaciones Institucionales la vinculaci\u00f3n entre las actividades de investigaci\u00f3n y sus aplicaciones en el medio productivo y social.<\/li>\n<\/ol>\n<p><strong>\u00a0<\/strong><\/p>\n<p><strong>Pol\u00edticas<\/strong><\/p>\n<ol>\n<li>Procurar la formaci\u00f3n de graduados universitarios de manera sistem\u00e1tica y permanente, al m\u00e1s alto nivel acad\u00e9mico, mediante la instrumentaci\u00f3n de carreras, programas, cursos y actividades de estudios disciplinarios y\/o interdisciplinarios que tiendan a:\n<ol>\n<li>La formaci\u00f3n de recursos humanos para la docencia universitaria y la investigaci\u00f3n cient\u00edfica.<\/li>\n<li>La especializaci\u00f3n y el mejoramiento de la pr\u00e1ctica profesional.<\/li>\n<li>La actualizaci\u00f3n de conocimientos en los distintos campos disciplinares.<\/li>\n<\/ol>\n<\/li>\n<li>Promover las relaciones acad\u00e9micas y cient\u00edficas entre las dependencias acad\u00e9micas de la Facultad, y de \u00e9sta con otros centros con actividad de posgrado de universidades argentinas y extranjeras.<\/li>\n<li>Promocionar y jerarquizar la investigaci\u00f3n cient\u00edfica y tecnol\u00f3gica de la Facultad a trav\u00e9s de programas y proyectos de investigaci\u00f3n.<\/li>\n<li>Desarrollar programas de acciones para la formaci\u00f3n de recursos humanos en investigaci\u00f3n.<\/li>\n<li>Gestionar l\u00edneas de financiamiento de diversas instituciones de \u00e1mbitos nacionales e internacionales para las actividades y proyectos de investigaci\u00f3n.<\/li>\n<li>Articular mecanismos para una mayor relaci\u00f3n entre las tareas de investigaci\u00f3n y docencia.<\/li>\n<li>Dise\u00f1ar y coordinar mecanismos para facilitar la difusi\u00f3n de los resultados alcanzados por los grupos de investigaci\u00f3n.<\/li>\n<li>Promover las publicaciones de los resultados de investigaci\u00f3n en revistas nacionales e internacionales.<\/li>\n<li>Promover la definici\u00f3n de \u00e1reas estrat\u00e9gicas a desarrollar a nivel de investigaci\u00f3n en la Facultad.<\/li>\n<li>Promover y gestionar el acceso a becas y otros mecanismos que faciliten la formaci\u00f3n de docentes e investigadores de la Facultad.<\/li>\n<\/ol>\n","protected":false},"excerpt":{"rendered":"<p>Misi\u00f3n Contribuir al desarrollo de la investigaci\u00f3n en nuestra Facultad a trav\u00e9s de la ejecuci\u00f3n de planes, programas y proyectos tendientes al fortalecimiento de la producci\u00f3n y transferencia del conocimiento cient\u00edfico. Generar las condiciones adecuadas para el fortalecimiento y desarrollo de nuestra oferta acad\u00e9mica de Posgrado, respondiendo a la creciente demanda de nuestra sociedad por [&hellip;]<\/p>\n","protected":false},"author":1,"featured_media":0,"parent":31,"menu_order":0,"comment_status":"open","ping_status":"open","template":"","meta":{"footnotes":""},"_links":{"self":[{"href":"https:\/\/face.unt.edu.ar\/web\/posgrados\/wp-json\/wp\/v2\/pages\/33"}],"collection":[{"href":"https:\/\/face.unt.edu.ar\/web\/posgrados\/wp-json\/wp\/v2\/pages"}],"about":[{"href":"https:\/\/face.unt.edu.ar\/web\/posgrados\/wp-json\/wp\/v2\/types\/page"}],"author":[{"embeddable":true,"href":"https:\/\/face.unt.edu.ar\/web\/posgrados\/wp-json\/wp\/v2\/users\/1"}],"replies":[{"embeddable":true,"href":"https:\/\/face.unt.edu.ar\/web\/posgrados\/wp-json\/wp\/v2\/comments?post=33"}],"version-history":[{"count":5,"href":"https:\/\/face.unt.edu.ar\/web\/posgrados\/wp-json\/wp\/v2\/pages\/33\/revisions"}],"predecessor-version":[{"id":888,"href":"https:\/\/face.unt.edu.ar\/web\/posgrados\/wp-json\/wp\/v2\/pages\/33\/revisions\/888"}],"up":[{"embeddable":true,"href":"https:\/\/face.unt.edu.ar\/web\/posgrados\/wp-json\/wp\/v2\/pages\/31"}],"wp:attachment":[{"href":"https:\/\/face.unt.edu.ar\/web\/posgrados\/wp-json\/wp\/v2\/media?parent=33"}],"curies":[{"name":"wp","href":"https:\/\/api.w.org\/{rel}","templated":true}]}}