{"id":36,"date":"2014-09-05T13:02:45","date_gmt":"2014-09-05T13:02:45","guid":{"rendered":"http:\/\/face.unt.edu.ar\/web\/posgrados\/?page_id=36"},"modified":"2014-09-07T17:39:42","modified_gmt":"2014-09-07T17:39:42","slug":"objetivos","status":"publish","type":"page","link":"https:\/\/face.unt.edu.ar\/web\/posgrados\/institucional\/objetivos\/","title":{"rendered":"Objetivos de Posgrado"},"content":{"rendered":"<ul>\n<li style=\"text-align: justify;\">Procurar la formaci\u00f3n de graduados universitarios de manera sistem\u00e1tica y permanente, al m\u00e1s alto nivel acad\u00e9mico, mediante la instrumentaci\u00f3n de carreras, programas, cursos y actividades de estudios disciplinarios y\/o interdisciplinarios que tiendan a:\n<ul>\n<li>La formaci\u00f3n de recursos humanos para la docencia universitaria y la investigaci\u00f3n cient\u00edfica.<\/li>\n<li>La especializaci\u00f3n y el mejoramiento de la pr\u00e1ctica profesional.<\/li>\n<li>La actualizaci\u00f3n de conocimientos en los distintos campos disciplinares.<\/li>\n<\/ul>\n<\/li>\n<\/ul>\n<ul>\n<li style=\"text-align: justify;\">Promover las relaciones acad\u00e9micas y cient\u00edficas entre las dependencias acad\u00e9micas de la Facultad, y de \u00e9sta con otros centros con actividad de posgrado de universidades argentinas y extranjeras.<\/li>\n<\/ul>\n","protected":false},"excerpt":{"rendered":"<p>Procurar la formaci\u00f3n de graduados universitarios de manera sistem\u00e1tica y permanente, al m\u00e1s alto nivel acad\u00e9mico, mediante la instrumentaci\u00f3n de carreras, programas, cursos y actividades de estudios disciplinarios y\/o interdisciplinarios que tiendan a: La formaci\u00f3n de recursos humanos para la docencia universitaria y la investigaci\u00f3n cient\u00edfica. La especializaci\u00f3n y el mejoramiento de la pr\u00e1ctica profesional. [&hellip;]<\/p>\n","protected":false},"author":1,"featured_media":0,"parent":31,"menu_order":0,"comment_status":"open","ping_status":"open","template":"","meta":{"footnotes":""},"_links":{"self":[{"href":"https:\/\/face.unt.edu.ar\/web\/posgrados\/wp-json\/wp\/v2\/pages\/36"}],"collection":[{"href":"https:\/\/face.unt.edu.ar\/web\/posgrados\/wp-json\/wp\/v2\/pages"}],"about":[{"href":"https:\/\/face.unt.edu.ar\/web\/posgrados\/wp-json\/wp\/v2\/types\/page"}],"author":[{"embeddable":true,"href":"https:\/\/face.unt.edu.ar\/web\/posgrados\/wp-json\/wp\/v2\/users\/1"}],"replies":[{"embeddable":true,"href":"https:\/\/face.unt.edu.ar\/web\/posgrados\/wp-json\/wp\/v2\/comments?post=36"}],"version-history":[{"count":11,"href":"https:\/\/face.unt.edu.ar\/web\/posgrados\/wp-json\/wp\/v2\/pages\/36\/revisions"}],"predecessor-version":[{"id":142,"href":"https:\/\/face.unt.edu.ar\/web\/posgrados\/wp-json\/wp\/v2\/pages\/36\/revisions\/142"}],"up":[{"embeddable":true,"href":"https:\/\/face.unt.edu.ar\/web\/posgrados\/wp-json\/wp\/v2\/pages\/31"}],"wp:attachment":[{"href":"https:\/\/face.unt.edu.ar\/web\/posgrados\/wp-json\/wp\/v2\/media?parent=36"}],"curies":[{"name":"wp","href":"https:\/\/api.w.org\/{rel}","templated":true}]}}