{"id":42,"date":"2014-09-05T13:06:14","date_gmt":"2014-09-05T13:06:14","guid":{"rendered":"http:\/\/face.unt.edu.ar\/web\/posgrados\/?page_id=42"},"modified":"2014-09-07T17:40:01","modified_gmt":"2014-09-07T17:40:01","slug":"objetivos-de-investigacion","status":"publish","type":"page","link":"https:\/\/face.unt.edu.ar\/web\/posgrados\/institucional\/objetivos-de-investigacion\/","title":{"rendered":"Objetivos de Investigaci\u00f3n"},"content":{"rendered":"<ul>\n<li style=\"text-align: justify;\">Promocionar y jerarquizar la investigaci\u00f3n cient\u00edfica y tecnol\u00f3gica de la Facultad a trav\u00e9s de programas y proyectos de investigaci\u00f3n.<\/li>\n<li style=\"text-align: justify;\">Desarrollar programas de acciones para la formaci\u00f3n de recursos humanos en investigaci\u00f3n.<\/li>\n<li style=\"text-align: justify;\">Dise\u00f1ar y coordinar mecanismos para facilitar la difusi\u00f3n de los resultados alcanzados por los grupos de investigaci\u00f3n.<\/li>\n<li style=\"text-align: justify;\">Promover la definici\u00f3n de \u00e1reas estrat\u00e9gicas a desarrollar a nivel de investigaci\u00f3n en la Facultad.<\/li>\n<li style=\"text-align: justify;\">Promover y gestionar el acceso a becas y otros mecanismos que faciliten la formaci\u00f3n de docentes e investigadores de la Facultad.<\/li>\n<\/ul>\n","protected":false},"excerpt":{"rendered":"<p>Promocionar y jerarquizar la investigaci\u00f3n cient\u00edfica y tecnol\u00f3gica de la Facultad a trav\u00e9s de programas y proyectos de investigaci\u00f3n. Desarrollar programas de acciones para la formaci\u00f3n de recursos humanos en investigaci\u00f3n. Dise\u00f1ar y coordinar mecanismos para facilitar la difusi\u00f3n de los resultados alcanzados por los grupos de investigaci\u00f3n. Promover la definici\u00f3n de \u00e1reas estrat\u00e9gicas a [&hellip;]<\/p>\n","protected":false},"author":1,"featured_media":0,"parent":31,"menu_order":0,"comment_status":"open","ping_status":"open","template":"","meta":{"footnotes":""},"_links":{"self":[{"href":"https:\/\/face.unt.edu.ar\/web\/posgrados\/wp-json\/wp\/v2\/pages\/42"}],"collection":[{"href":"https:\/\/face.unt.edu.ar\/web\/posgrados\/wp-json\/wp\/v2\/pages"}],"about":[{"href":"https:\/\/face.unt.edu.ar\/web\/posgrados\/wp-json\/wp\/v2\/types\/page"}],"author":[{"embeddable":true,"href":"https:\/\/face.unt.edu.ar\/web\/posgrados\/wp-json\/wp\/v2\/users\/1"}],"replies":[{"embeddable":true,"href":"https:\/\/face.unt.edu.ar\/web\/posgrados\/wp-json\/wp\/v2\/comments?post=42"}],"version-history":[{"count":5,"href":"https:\/\/face.unt.edu.ar\/web\/posgrados\/wp-json\/wp\/v2\/pages\/42\/revisions"}],"predecessor-version":[{"id":143,"href":"https:\/\/face.unt.edu.ar\/web\/posgrados\/wp-json\/wp\/v2\/pages\/42\/revisions\/143"}],"up":[{"embeddable":true,"href":"https:\/\/face.unt.edu.ar\/web\/posgrados\/wp-json\/wp\/v2\/pages\/31"}],"wp:attachment":[{"href":"https:\/\/face.unt.edu.ar\/web\/posgrados\/wp-json\/wp\/v2\/media?parent=42"}],"curies":[{"name":"wp","href":"https:\/\/api.w.org\/{rel}","templated":true}]}}