{"id":466,"date":"2016-11-07T19:54:10","date_gmt":"2016-11-07T19:54:10","guid":{"rendered":"http:\/\/face.unt.edu.ar\/web\/posgrados\/?page_id=466"},"modified":"2025-11-13T13:53:26","modified_gmt":"2025-11-13T13:53:26","slug":"especializacion-en-finanzas","status":"publish","type":"page","link":"https:\/\/face.unt.edu.ar\/web\/posgrados\/especializacion-en-finanzas\/","title":{"rendered":"Especializaci\u00f3n en Finanzas"},"content":{"rendered":"<p><a href=\"http:\/\/face.unt.edu.ar\/web\/posgrados\/wp-content\/uploads\/sites\/3\/2018\/03\/banner-finanzas.png\"><img decoding=\"async\" loading=\"lazy\" class=\"aligncenter wp-image-767 size-full\" src=\"http:\/\/face.unt.edu.ar\/web\/posgrados\/wp-content\/uploads\/sites\/3\/2018\/03\/banner-finanzas.png\" alt=\"\" width=\"650\" height=\"355\" srcset=\"https:\/\/face.unt.edu.ar\/web\/posgrados\/wp-content\/uploads\/sites\/3\/2018\/03\/banner-finanzas.png 650w, https:\/\/face.unt.edu.ar\/web\/posgrados\/wp-content\/uploads\/sites\/3\/2018\/03\/banner-finanzas-300x164.png 300w\" sizes=\"(max-width: 650px) 100vw, 650px\" \/><\/a><\/p>\n<p style=\"text-align: center\"><strong>ESPECIALIZACI\u00d3N EN FINANZAS<\/strong><\/p>\n<p style=\"text-align: center\"><strong>Acreditada por Coneau con Res. <a href=\"https:\/\/face.unt.edu.ar\/web\/posgrados\/wp-content\/uploads\/sites\/3\/2025\/11\/Resolucion-de-acreditacion-Finanzas-2023.pdf\">312\/2025<\/a><br \/>\n<a href=\"http:\/\/face.unt.edu.ar\/web\/posgrados\/wp-content\/uploads\/sites\/3\/2018\/08\/RES-1894-18-ESP-EN-FINANZAS.pdf\">Resoluci\u00f3n Ministerial: Resol. &#8211; 2018-1894&#8211;APN-ME. <\/a>Nueva Resoluci\u00f3n en tramite\u00a0<\/strong><\/p>\n<p><strong>Director: Dr. \u00a0Gabriel Rub\u00e9n Feldman<\/strong><br \/>\n<strong>Co-Director: Mg. Adolfo Jorge Rospide<\/strong><\/p>\n<p><strong>I<\/strong><b>nformes e inscripciones<\/b><br \/>\nFacultad de Ciencias Econ\u00f3micas- Avda. Independencia 1900.<br \/>\nOficina 90 \u2013 lunes a viernes de 9:00 a 13:00 horas<br \/>\n<strong>Tel\u00e9fono:<\/strong>\u00a0 0381- 154954428<br \/>\n<strong>Email:<\/strong> espfinanzas@face.unt.edu.ar<\/p>\n<p><strong><a href=\"https:\/\/face.unt.edu.ar\/web\/posgrados\/wp-content\/uploads\/sites\/3\/2021\/11\/Solicitud-Individual-de-Admision-Finanzas.pdf\">Solicitud de Admisi\u00f3n<\/a><\/strong><br \/>\n<strong><a href=\"https:\/\/face.unt.edu.ar\/web\/posgrados\/wp-content\/uploads\/sites\/3\/2021\/11\/Carta-de-Recomendacion-Especializacion-en-Finanzas.pdf\">Carta de Recomendaci\u00f3n<\/a><\/strong><\/p>\n<p style=\"text-align: justify\"><strong>Objetivos:<br \/>\n<\/strong>Formar l\u00edderes empresariales y profesionales con una s\u00f3lida formaci\u00f3n, que puedan tomar decisiones y resolver problemas con los m\u00e1s sofisticados instrumentos matem\u00e1ticos, estad\u00edsticos, de ingenier\u00eda financiera y competencias anal\u00edticas; conducentes a la creaci\u00f3n de valor para las empresas. Desarrollar la reflexi\u00f3n cr\u00edtica y el\u00a0 logro de un pensamiento creativo en torno a los temas que ata\u00f1en la gesti\u00f3n financiera en la Pyme y de empresas de mayor tama\u00f1o. Desarrollar habilidades para la de toma de decisiones sobre inversi\u00f3n, financiaci\u00f3n, cobertura y reparto de utilidades para asumir, de manera cr\u00edtica y \u00e9tica, la soluci\u00f3n de problemas relacionados con las finanzas de la empresa, que permitan no s\u00f3lo su permanencia y crecimiento, sino tambi\u00e9n el dise\u00f1o de estrategias para anticiparse a los cambios del entorno y a medir el impacto en la situaci\u00f3n financiera corporativa. Formar un profesional especializado, competente, con un elevado sentido humano y \u00e9tico-social, capaz de comprender y aplicar los conceptos y las herramientas que permiten el desarrollo de procesos gerenciales de orden financiero, y la sustentaci\u00f3n de procesos decisorios exitosos, sobre la base de una interpretaci\u00f3n confiable de los fen\u00f3menos econ\u00f3mico-financieros que afectan la marcha de la organizaci\u00f3n y sus finanzas. Los egresados de la Especializaci\u00f3n\u00a0 estar\u00e1n capacitados para liderar exitosamente los procesos financieros de las organizaciones, con fundamento en las teor\u00edas modernas, las t\u00e9cnicas y procedimientos m\u00e1s actuales y pertinentes, con una s\u00f3lida formaci\u00f3n.<\/p>\n<p style=\"text-align: justify\"><strong>T\u00edtulo que otorga<\/strong>: ESPECIALISTA EN FINANZAS<\/p>\n<p><strong>Descripci\u00f3n General:<br \/>\n<\/strong>El plan de estudios de la carrera de posgrado Especializaci\u00f3n en Finanzas est\u00e1 basado en los est\u00e1ndares internacionales en posgrados. Las exigencias del programa se han ajustado a las normas establecidas por la Resoluci\u00f3n N\u00ba 1168\/97 del Ministerio de Cultura y Educaci\u00f3n de la Naci\u00f3n y por el Reglamento General de Estudios de Posgrado de la Universidad Nacional de Tucum\u00e1n.<\/p>\n<p style=\"text-align: justify\">El dictado de los cursos y la realizaci\u00f3n de las pr\u00e1cticas se han estructurado en dos (2) d\u00edas a la semana para permitir un mayor aprovechamiento del tiempo por parte de los alumnos.<\/p>\n<p style=\"text-align: justify\">Esta carrera de posgrado requiere que sus participantes posean al ingresar, o adquieran conocimientos b\u00e1sicos en Matem\u00e1tica Financiera, Contabilidad y Estad\u00edstica. Habr\u00e1 cursos de nivelaci\u00f3n de veinte (20) horas de duraci\u00f3n cada uno.<\/p>\n<p style=\"text-align: justify\"><strong>Requisitos de admisi\u00f3n:<br \/>\n<\/strong>. T\u00edtulo universitario de cualquier disciplina, con duraci\u00f3n m\u00ednima de cuatro a\u00f1os.<br \/>\n. Aprobar el proceso de admisi\u00f3n que tendr\u00e1 en cuenta antecedentes acad\u00e9micos y laborales y contemplar\u00e1 entrevistas y pruebas ad-hoc. A estos efectos se constituir\u00e1 una Comisi\u00f3n de Admisi\u00f3n, que estar\u00e1 integrada por el Director y el Comit\u00e9 Acad\u00e9mico de la Especializaci\u00f3n.<\/p>\n<p style=\"text-align: justify\"><strong>Objetivos:<\/strong><\/p>\n<p style=\"text-align: justify\"><strong>Cupo:<br \/>\n<\/strong>Se establece un cupo de cuarenta (40) alumnos por a\u00f1o, en raz\u00f3n de la capacidad de atenci\u00f3n y el grado de interacci\u00f3n con los alumnos que se considera necesario en estudios de esta naturaleza. El programa se activar\u00e1 cuando se haya admitido al menos veinte (20) alumnos.<\/p>\n<p style=\"text-align: justify\"><strong>Costo:<br \/>\n<\/strong>Los participantes pagar\u00e1n aranceles. Se estima que el programa se autofinancia por lo que los aranceles se fijan en funci\u00f3n de los costos necesarios para su implementaci\u00f3n. El Reglamento Interno establecer\u00e1 los aranceles adecuados a la premisa de autofinanciaci\u00f3n.<\/p>\n<p style=\"text-align: justify\"><strong>Becas:<br \/>\n<\/strong>La Facultad de Ciencias Econ\u00f3micas ha previsto otorgar becas parciales, a sus Docentes y Graduados, en el programa de Especializaci\u00f3n en Finanzas con un criterio restrictivo que no impida la autofinanciaci\u00f3n del programa.<\/p>\n<p style=\"text-align: justify\"><strong>Dise\u00f1o Curricular:<br \/>\n<\/strong>El Plan de Estudios de la Especializaci\u00f3n en Finanzas, de una duraci\u00f3n de cuatro (4) trimestres, tiene la siguiente estructura:<\/p>\n<p style=\"text-align: justify\"><strong><em>Nivelaci\u00f3n:<br \/>\n<\/em><\/strong><\/p>\n<p>Se ofrecer\u00e1 cursos de nivelaci\u00f3n de 20 (veinte) horas de duraci\u00f3n cada uno destinado a egresados de carreras que no provengan de las Ciencias Econ\u00f3micas, y que abarcar\u00e1 aspectos de matem\u00e1tica financiera, contabilidad y estad\u00edstica. La nivelaci\u00f3n deber\u00e1 estar aprobada al comenzar el cursado del programa.<\/p>\n<p style=\"text-align: justify\"><strong><em>Cursos:<br \/>\n<\/em><\/strong>Cuatro (4) trimestres con doce (12) cursos de treinta (30) horas de duraci\u00f3n cada uno; ofreci\u00e9ndose simult\u00e1neamente lo te\u00f3rico y lo pr\u00e1ctico en forma interrelacionada.<\/p>\n<p style=\"text-align: justify\"><strong><em>Examen integral final:<br \/>\n<\/em><\/strong>Despu\u00e9s de concluidas las exigencias curriculares de los cuatro trimestres, los alumnos deben rendir un examen integral final, que consiste en la presentaci\u00f3n del trabajo final.<\/p>\n<p style=\"text-align: justify\"><strong><em>Carga horaria:<\/em><\/strong><\/p>\n<p>El programa totaliza cuatrocientas (400) horas. No se incluye las sesenta (60) horas de los cursos de nivelaci\u00f3n.<\/p>\n<p style=\"text-align: justify\"><strong><em>\u00a0<\/em><\/strong><strong>Listado de Actividades Curriculares \u2013 Descripci\u00f3n de los Cursos<\/strong><\/p>\n<p style=\"text-align: justify\"><strong><em>Nivelaci\u00f3n<br \/>\n<\/em><\/strong><br \/>\n. Contabilidad<br \/>\n. Matem\u00e1tica Financiera<br \/>\n. Estad\u00edstica<\/p>\n<p style=\"text-align: justify\"><strong><em>Primer Trimestre<\/em><\/strong><\/p>\n<p style=\"text-align: justify\"><strong>Finanzas Corporativas<\/strong>: Introducci\u00f3n. Empresa, accionistas y acreedores financieros. El papel del director financiero. Inversi\u00f3n. M\u00e9todos de evaluaci\u00f3n y criterios de aceptaci\u00f3n. Relaci\u00f3n riesgo rendimiento. Tasas de rendimiento requerido. Decisiones de financiamiento en mercados competitivos. Costos de insolvencia financiera. Pol\u00edtica de dividendos y retenci\u00f3n de utilidades. Interrelaciones entre las decisiones financieras b\u00e1sicas. Fusiones y Adquisiciones.<\/p>\n<p style=\"text-align: justify\"><strong>Econometr\u00eda Financiera<\/strong>: T\u00e9cnicas de car\u00e1cter cuantitativo y su aplicaci\u00f3n a las finanzas. Elementos de estad\u00edstica descriptiva. Aplicaci\u00f3n del an\u00e1lisis de series de secuencias a casos de finanzas. An\u00e1lisis de series cronol\u00f3gicas, correlaci\u00f3n y regresi\u00f3n. C\u00e1lculo de probabilidades. An\u00e1lisis de variables aleatorias aplicadas al estudio del riesgo financiero. Arboles de decisi\u00f3n. An\u00e1lisis de sensibilidad. Simulaci\u00f3n de Monte Carlo. Evaluaci\u00f3n de escenarios.<\/p>\n<p style=\"text-align: justify\"><strong>Mercados Financieros<\/strong>: Organizaci\u00f3n, regulaci\u00f3n y operaci\u00f3n del Mercado de\u00a0Capitales. Sistema financiero. Instituciones. R\u00e9gimen de Oferta P\u00fablica.\u00a0Requisitos. Descripci\u00f3n de los diversos t\u00edtulos-valores con Oferta P\u00fablica.\u00a0Pasos para el acceso al Mercado de Capitales. Dise\u00f1o de instrumentos financieros vigentes. Mercado primario y secundario. Inversores. En una s\u00edntesis de la organizaci\u00f3n de los mercados bancario y mercado de capitales en argentina, las instituciones, la forma de operatoria, el sistema regulatorio, los instrumentos disponibles.<\/p>\n<p style=\"text-align: justify\"><strong><em>Segundo Trimestre: <\/em><\/strong><\/p>\n<p style=\"text-align: justify\"><strong>Diagn\u00f3stico Financiero<\/strong>: Liquidez: distintos enfoques. Apalancamiento financiero. Rentabilidad de la inversi\u00f3n. El riesgo en la decisi\u00f3n financiera.\u00a0Rentabilidad de la operaci\u00f3n. Las ventas como base de an\u00e1lisis. Equilibrio y apalancamiento operativo. An\u00e1lisis de los ciclos de actividad y capital de trabajo. An\u00e1lisis especiales. Indicadores de an\u00e1lisis propios del sistema financiero. El financiamiento y la decisi\u00f3n de cr\u00e9dito. El proceso de an\u00e1lisis en las Entidades Financieras. M\u00e9todo Du Pont Ratios de Mercado.<\/p>\n<p style=\"text-align: justify\"><strong>Seminario de Banca y Seguros<\/strong>: El rol de las entidades financieras en la gesti\u00f3n del mecanismo de pagos y la financiaci\u00f3n de la inversi\u00f3n y el consumo. Entidades financieras bancarias y no bancarias. El problema de la separaci\u00f3n banca-empresa. Modalidades de asistencia de los bancos a las empresas. El rol de los bancos en el mercado de capitales. Tipos de coberturas en el mercado asegurador y su impacto en la mitigaci\u00f3n de riesgos de negocios. Impacto de la actividad aseguradora en el mercado de capitales.<\/p>\n<p style=\"text-align: justify\"><strong>T\u00edtulos Renta Variable y Fija<\/strong>: acciones del mercado argentino, \u00cdndices Merval, \u00cdndices internacionales. Panel L\u00edder. Pol\u00edtica de dividendos. Modelos de valuaci\u00f3n. T\u00edtulos P\u00fablicos: condiciones de emisi\u00f3n, valuaci\u00f3n, TIR, Duraci\u00f3n, Convexidad. Fondos Comunes de Inversi\u00f3n. Fideicomisos Financieros.<\/p>\n<p style=\"text-align: justify\"><strong><em>Tercer Trimestre<\/em><\/strong><\/p>\n<p style=\"text-align: justify\"><strong>Planificaci\u00f3n Financiera<\/strong>: Plan financiero: construcci\u00f3n del flujo de fondos del proyecto. Proyecciones de ingresos y egresos. Resultado operativo y flujo de caja como medidas de desempe\u00f1o. An\u00e1lisis de sensibilidad. Financiamiento del plan de negocios. Plan de contingencias. Sistemas de Costeo. Costeo Variable. Coste ABC. Otros Sistemas.<\/p>\n<p style=\"text-align: justify\"><strong>Taller de Modelos Financieros con Excel: <\/strong>El valor del dinero. Tiempo y riesgo. Inter\u00e9s simple e inter\u00e9s compuesto. Funciones VAN, VA, VF, TIR. Anualidades fijas, variables, perpetuidad y crecimiento. Funci\u00f3n PAGO, NPER, TASA. Sistemas de Amortizaci\u00f3n, cuotas, intereses. Funci\u00f3n PAGOINT, PAGOPRIN, PAGO. Introducci\u00f3n al presupuesto de capital. Evaluaci\u00f3n de proyectos de inversi\u00f3n con y sin impuestos. Costo de Capital. Proyecci\u00f3n de Estados Contables y valuaci\u00f3n de empresas. An\u00e1lisis de riesgo y rendimiento en activos financieros. Portafolios con m\u00faltiples activos.<\/p>\n<p style=\"text-align: justify\"><strong>Mercado de Derivados<\/strong>: Administraci\u00f3n del Riesgo Instrumentos Financieros\u00a0Derivados: los futuros, los fowards y las opciones. Valuaci\u00f3n de contratos a futuro y fowards. Modelo de valuaci\u00f3n de opciones. El modelo de l3lack &amp;\u00a0Scholes. Estimaci\u00f3n de la volatilidad. Riesgo, precio y tasas de inter\u00e9s. Dise\u00f1o\u00a0de Estrategias de cobertura, hedging. Gesti\u00f3n din\u00e1mica de la deuda: los swaps.<\/p>\n<p style=\"text-align: justify\"><strong><em>Cuarto Trimestre<\/em><\/strong><\/p>\n<p style=\"text-align: justify\"><strong>Administraci\u00f3n Financiera de Corto Plazo<\/strong>: Herramientas de administraci\u00f3n del capital de trabajo, Cuentas por Cobrar, Cuentas por Pagar, Tesorer\u00eda, Inventario. Necesidades Operativas de Fondos. Fuentes de Financiamiento de Corto Plazo.<\/p>\n<p style=\"text-align: justify\"><strong>Administraci\u00f3n de Carteras<\/strong>: Administraci\u00f3n de carteras, enfoques Activo y\u00a0Pasivo. Distintas filosof\u00edas de inversi\u00f3n. Perfil de riesgo del inversor. Teor\u00eda de portfolios, Criterio de Media-Varianza para la optimizaci\u00f3n de Carteras. An\u00e1lisis T\u00e9cnico burs\u00e1til. Tendencia de los precios. Patrones o Figuras. Soportes y Resistencias. Indicadores Matem\u00e1ticos u osciladores. (MACD, RSI, Stochastic). Indicadores de \u00abMarket \u00a0Feeling\u00bb. Software de aplicaci\u00f3n para la gesti\u00f3n de \u00a0carteras y an\u00e1lisis t\u00e9cnico.<\/p>\n<p style=\"text-align: justify\"><strong>Aspectos Legales en Finanzas<\/strong>: Aspectos normativos del mercado de capitales argentino. Legislaci\u00f3n comparada. R\u00e9gimen de la oferta p\u00fablica de valores. Comisi\u00f3n Nacional de Valores, Bolsas y Mercados, Caja de Valores. Valores negociables: contratos vinculados a su emisi\u00f3n, garant\u00eda y colocaci\u00f3n. Regulaci\u00f3n de la transparencia e informaci\u00f3n en el mercado de capitales. La importancia del Due Diligence. BCRA. Regulaciones.<\/p>\n<p style=\"text-align: justify\"><strong>Examen integral final<\/strong>:\u00a0Consiste en la presentaci\u00f3n del Trabajo Final<\/p>\n<p style=\"text-align: justify\"><strong>Comit\u00e9 Acad\u00e9mico:<\/strong><\/p>\n<ul style=\"text-align: justify\">\n<li>Dr. Julio Marcelo Soria<\/li>\n<li>Mag. Mercedes Ortiz<\/li>\n<li>Dr. Gustavo Tapia<\/li>\n<\/ul>\n<p style=\"text-align: justify\"><strong>Cuerpo Docente:<\/strong><\/p>\n<p style=\"text-align: justify\"><strong>Mag. Mercedes Ortiz<\/strong>. M\u00e1ster en Finanzas. Universidad del CEMA. (1999) &#8211;\u00a0Contadora P\u00fablica Nacional. Universidad Nacional de Tucum\u00e1n. (1998).<\/p>\n<p><strong>Mag. Delfina Protto<\/strong>. Master en administraci\u00f3n de Negocios \u2013 UCASAL<\/p>\n<p><strong>Dr. Gabriel Feldman<\/strong>. Doctor en Ciencias Econ\u00f3micas (UBA) en sub-\u00e1rea Finanzas (2021). Mag\u00edster en Disciplinas Bancarias 1997. Convenio Universidad Nacional de La Plata (Argentina) &#8211; Universidad de Siena (Italia) &#8211; Contador P\u00fablico Nacional \u00a0Universidad Nacional de Tucum\u00e1n, 1993.<\/p>\n<p><strong>Mag. Luis Trajtenberg<\/strong><strong>. <\/strong>Master en econom\u00eda. Universidad de San Andr\u00e9s<\/p>\n<p style=\"text-align: justify\"><strong>Dr. Gustavo Tapia<\/strong>. Doctor UBA (\u00e1rea Administraci\u00f3n) Facultad de Ciencias Econ\u00f3micas Universidad de Buenos Aires 2014 &#8211;\u00a0 Mag\u00edster en Estrategia y Geopol\u00edtica Escuela Superior de Guerra 2009 &#8211; MBA Mag\u00edster en Administraci\u00f3n FCE UBA 2006 &#8211; Posgrado de Especializaci\u00f3n en Administraci\u00f3n Financiera FCE UBA. 2002 &#8211; Contador P\u00fablico FCE UBA. 1987.<\/p>\n<p><strong>Dr. Adri\u00e1n Cosentino<\/strong>: economista de la Universidad de Buenos Aires, tiene una Maestr\u00eda en Econom\u00eda y Financiaci\u00f3n de Proyectos (IDES-Argentina) y un programa de posgrado en Desarrollo Econ\u00f3mico de la Universidad de Taipei. Tambi\u00e9n complet\u00f3 estudios de posgrado en Finanzas Corporativas y Bancos en el Centro Bancario de la Universidad de Frankfurt. Estuvo a cargo de la Subsecretar\u00eda de Financiamiento del Ministerio de Econom\u00eda y Finanzas P\u00fablicas de la Rep\u00fablica Argentina.<\/p>\n<p><strong>Dr. Sergio Olivo.<\/strong> Dr. En Finanzas Universidad de CEMA 2015 &#8211; \u00a0Posgrado de Especializaci\u00f3n en Finanzas (Universidad de San Andr\u00e9s) \u00a0&#8211; Futures &amp; Options Risk Management Program (Chicago Board ofTrade) &#8211; Contador P\u00fablico (U.B.A.).<\/p>\n<p style=\"text-align: justify\"><strong>Mag. Jorge Rospide<\/strong>. Magister en Finanzas t\u00edtulo otorgado por la Universidad de Chile &#8211; Licenciado en Administraci\u00f3n de Empresas, t\u00edtulo otorgado por la UNT 1996.<\/p>\n<p><strong>Mag. Gustavo Neffa<\/strong><strong>. <\/strong>Master en direcci\u00f3n bancaria &#8211; CEMA<\/p>\n<p><strong>Mg. Juan Carlos Issi<\/strong>. Magister en Direcci\u00f3n Bancaria: &#8211; Universidad Carlos III de Madrid<\/p>\n<p><strong>Esp Fernanda Inza<\/strong><strong>. <\/strong>Especialista en tributaci\u00f3n &#8211; UBA<\/p>\n<p><strong>Mag. Mario Perossa<\/strong><strong>. <\/strong>Master en finanzas, UNR Rofex<\/p>\n<p><strong>Mag. V\u00edctor Eduardo Juliano<\/strong><strong>. <\/strong>Magister en sociolog\u00eda aplicada, UNT<\/p>\n<p><strong>Mag. Romero Jos\u00e9 Luis<\/strong>. Master Ejecutivo en Direcci\u00f2n de Empresas, Universidad Catolica de Valparaiso Fundaci\u00f3n de Tucuman. Contador Publico Nacional. Universidad Nacional de Tucum\u00e1n (1989). Especializaci\u00f3n en An\u00e1lisis de Inversi\u00f3n y Financiamiento (2005) &#8211; Especializaci\u00f3n en Managemet Financiero\u00a0 (2008) Universidad de Belgrano.<\/p>\n<p><strong>Mag. Alberto Sfer<\/strong>. Master en direcci\u00f3n de empresas, Instituto Di Tella<\/p>\n<p><b>V\u00eddeos<\/b><strong>\u00a0de\u00a0<\/strong><b>Inter\u00e9s<\/b><\/p>\n<p><a href=\"https:\/\/drive.google.com\/file\/d\/1xYEIdzTDJGZdG1KjtnuDmDG_SzqATwi0\/view?usp=sharing\">Director Carrera\u00a0<\/a><br \/>\n<a href=\"https:\/\/drive.google.com\/file\/d\/1-J2ZUR0Niz0Pg6LV5vzYpMpAJ_fY-O3T\/view?usp=sharing\">Docente\u00a0<\/a><br \/>\n<strong>Alumnos<\/strong><br \/>\n<a href=\"https:\/\/drive.google.com\/file\/d\/1P0m6qH_hsZi2EF4YNnnRW1CcE3YqNT31\/view?usp=sharing\">Dian<\/a><br \/>\n<a href=\"https:\/\/drive.google.com\/file\/d\/1jG7wxIdXUHRHA8ZyNMN6wSRP2zdFkvZR\/view?usp=sharing\">Franco<\/a><br \/>\n<a href=\"https:\/\/drive.google.com\/file\/d\/1nV3RMt2bk_hakpfozLMbl3pj021rjpd1\/view?usp=sharing\">Nu\u00f1ez<\/a><br \/>\n<a href=\"https:\/\/drive.google.com\/file\/d\/1LZi7pglKDfcB_ehHy36Nm_nLTp61G64V\/view?usp=sharing\">Leibovich<\/a><br \/>\n<a href=\"https:\/\/drive.google.com\/file\/d\/1UdBvsaKjW02XwBdaeWLw32La6abONJih\/view?usp=sharing\">Marchiaro<\/a><\/p>\n<p style=\"text-align: justify\">\n","protected":false},"excerpt":{"rendered":"<p>ESPECIALIZACI\u00d3N EN FINANZAS Acreditada por Coneau con Res. 312\/2025 Resoluci\u00f3n Ministerial: Resol. &#8211; 2018-1894&#8211;APN-ME. Nueva Resoluci\u00f3n en tramite\u00a0 Director: Dr. \u00a0Gabriel Rub\u00e9n Feldman Co-Director: Mg. Adolfo Jorge Rospide Informes e inscripciones Facultad de Ciencias Econ\u00f3micas- Avda. Independencia 1900. Oficina 90 \u2013 lunes a viernes de 9:00 a 13:00 horas Tel\u00e9fono:\u00a0 0381- 154954428 Email: espfinanzas@face.unt.edu.ar Solicitud [&hellip;]<\/p>\n","protected":false},"author":9,"featured_media":0,"parent":0,"menu_order":0,"comment_status":"open","ping_status":"open","template":"","meta":{"footnotes":""},"_links":{"self":[{"href":"https:\/\/face.unt.edu.ar\/web\/posgrados\/wp-json\/wp\/v2\/pages\/466"}],"collection":[{"href":"https:\/\/face.unt.edu.ar\/web\/posgrados\/wp-json\/wp\/v2\/pages"}],"about":[{"href":"https:\/\/face.unt.edu.ar\/web\/posgrados\/wp-json\/wp\/v2\/types\/page"}],"author":[{"embeddable":true,"href":"https:\/\/face.unt.edu.ar\/web\/posgrados\/wp-json\/wp\/v2\/users\/9"}],"replies":[{"embeddable":true,"href":"https:\/\/face.unt.edu.ar\/web\/posgrados\/wp-json\/wp\/v2\/comments?post=466"}],"version-history":[{"count":99,"href":"https:\/\/face.unt.edu.ar\/web\/posgrados\/wp-json\/wp\/v2\/pages\/466\/revisions"}],"predecessor-version":[{"id":3687,"href":"https:\/\/face.unt.edu.ar\/web\/posgrados\/wp-json\/wp\/v2\/pages\/466\/revisions\/3687"}],"wp:attachment":[{"href":"https:\/\/face.unt.edu.ar\/web\/posgrados\/wp-json\/wp\/v2\/media?parent=466"}],"curies":[{"name":"wp","href":"https:\/\/api.w.org\/{rel}","templated":true}]}}