{"id":74,"date":"2014-09-07T00:29:47","date_gmt":"2014-09-07T00:29:47","guid":{"rendered":"http:\/\/face.unt.edu.ar\/web\/posgrados\/?page_id=74"},"modified":"2025-11-13T13:35:57","modified_gmt":"2025-11-13T13:35:57","slug":"maestria-en-estadistica-aplicada","status":"publish","type":"page","link":"https:\/\/face.unt.edu.ar\/web\/posgrados\/posgrados\/maestria-en-estadistica-aplicada\/","title":{"rendered":"Maestr\u00eda en Estad\u00edstica Aplicada"},"content":{"rendered":"<p style=\"text-align: center\"><strong><a href=\"http:\/\/face.unt.edu.ar\/web\/posgrados\/wp-content\/uploads\/sites\/3\/2014\/09\/maestria-estadistica.jpg\"><img decoding=\"async\" loading=\"lazy\" class=\"aligncenter wp-image-534 \" src=\"https:\/\/face.unt.edu.ar\/web\/posgrados\/wp-content\/uploads\/sites\/3\/2014\/09\/maestria-estadistica-e1603933753353-300x150.jpg\" alt=\"\" width=\"436\" height=\"218\" srcset=\"https:\/\/face.unt.edu.ar\/web\/posgrados\/wp-content\/uploads\/sites\/3\/2014\/09\/maestria-estadistica-e1603933753353-300x150.jpg 300w, https:\/\/face.unt.edu.ar\/web\/posgrados\/wp-content\/uploads\/sites\/3\/2014\/09\/maestria-estadistica-e1603933753353.jpg 399w\" sizes=\"(max-width: 436px) 100vw, 436px\" \/><\/a><\/strong><\/p>\n<h4 style=\"text-align: center\">Acreditada por la CONEAU (<a href=\"https:\/\/face.unt.edu.ar\/web\/posgrados\/wp-content\/uploads\/sites\/3\/2025\/11\/128-2022-Coneau-Maestria-en-Estadistica-Aplicadea.pdf\">Res. 128\/22<\/a>)<br \/>\nValidez Nacional (<a href=\"https:\/\/face.unt.edu.ar\/web\/posgrados\/wp-content\/uploads\/sites\/3\/2025\/06\/Maestria-en-Estadistica-Rectificativa-1-2.pdf\">Res. Ministerial 547\/25<\/a>&#8211; <a href=\"https:\/\/face.unt.edu.ar\/web\/posgrados\/wp-content\/uploads\/sites\/3\/2025\/06\/Maestria-en-Estadistica-Rectificativa-1-2.pdf\">1\u00ba parte<\/a> &#8211;<a href=\"https:\/\/face.unt.edu.ar\/web\/posgrados\/wp-content\/uploads\/sites\/3\/2025\/06\/Maestria-en-Estadistica-Rectificativa-3-5.pdf\"> 2\u00ba parte<\/a>)<\/h4>\n<p><strong>Directora: Dra. Adriana F\u00e1tima Panico<\/strong><br \/>\n<strong>Co-Directora: Dra. Viviana Beatriz Lencina<\/strong><\/p>\n<p><strong>Comit\u00e9 Acad\u00e9mico:<\/strong><\/p>\n<p>Dr. Juan Carlos Abril<br \/>\nDra. Ana Mar\u00eda Sfer<br \/>\nMag. Osvaldo Ernesto Arce<br \/>\nMag. Marcela Adriana D\u00b4Urso Villar<\/p>\n<p style=\"text-align: left\"><strong>Informe e Inscripciones<br \/>\n<\/strong>Facultad de Ciencias Econ\u00f3micas de la UNT<br \/>\nInstituto de Investigaciones Estad\u00edsticas.<br \/>\ne-mail:<span style=\"color: #000000\"> posgrado@face.unt.edu.ar<\/span><\/p>\n<p>&nbsp;<\/p>\n<p><a href=\"https:\/\/face.unt.edu.ar\/web\/posgrados\/wp-content\/uploads\/sites\/3\/2022\/11\/Solicitud-Individual-de-Admision-MEstadistica.pdf\"><strong>SOLICITUD DE ADMISI\u00d3N &#8211; Clic aqu\u00ed para descargar<\/strong><\/a><\/p>\n<p><a href=\"https:\/\/face.unt.edu.ar\/web\/posgrados\/wp-content\/uploads\/sites\/3\/2022\/11\/Carta-de-Recomendacion-MAE.pdf\"><strong>MODELO DE CARTA DE RECOMENDACI\u00d3N &#8211; Clic aqu\u00ed para descargar<\/strong><\/a><\/p>\n<p>&nbsp;<\/p>\n<p><strong>A cerca de la Maestr\u00eda<\/strong><\/p>\n<p>La estad\u00edstica es la clave para transformar el futuro profesional en el mundo acad\u00e9mico; en los sectores p\u00fablicos y empresariales. Este posgrado en estad\u00edstica proporciona las habilidades necesarias para aplicar esta poderosa herramienta en diferentes \u00e1reas como contabilidad, finanzas, marketing, salud, educaci\u00f3n, agricultura y m\u00e1s. En un entorno donde los datos son el nuevo oro, ser capaz de analizarlos e interpretarlos permite tomar decisiones estrat\u00e9gicas que optimicen la eficiencia y la competitividad de las organizaciones.<\/p>\n<p>La Maestr\u00eda en Estad\u00edstica Aplicada brinda la formaci\u00f3n para atender las necesidades del medio en lo referente a consultor\u00eda o asesoramiento estad\u00edstico en las diversas etapas de cualquier tipo de investigaci\u00f3n cuantitativa. Tambi\u00e9n, puede participar en la ense\u00f1anza de grado y posgrado, adem\u00e1s de desarrollar en el profesional las competencias necesarias para participar como consultor estad\u00edstico en equipos de investigaci\u00f3n multidisciplinario.<\/p>\n<p><strong>Objetivos<br \/>\n<\/strong>La Maestr\u00eda en Estad\u00edstica Aplicada ofrece a graduados universitarios de distintas disciplinas, un programa intensivo de cursos, pr\u00e1cticas, trabajos e investigaciones que los capacita en el uso sistem\u00e1tico de m\u00e9todos estad\u00edsticos aplicados. Los profesionales que adquieran la formaci\u00f3n prevista podr\u00e1n incorporarse a grupos de trabajo de distintas \u00e1reas y tomar a su cargo el dise\u00f1o y la ejecuci\u00f3n de los aspectos estad\u00edsticos.<\/p>\n<p><strong>\u00a0<\/strong><strong>Plan de estudios<\/strong><\/p>\n<p>El Plan de Estudios de la Maestr\u00eda en Estad\u00edstica Aplicada tiene 13 cursos obligatorios + 2 optativos.Entre los cursos obligatorios se distinguen 10 materias y 3 talleres. Adem\u00e1s, se cuenta con 7 materias optativas, entre las que los alumnos eligen 2 para cursar. La carga horaria es de 565 horas.<\/p>\n<p>El plan cuenta con materias de nivelaci\u00f3n que ser\u00e1n dictadas para aquellos postulantes que no alcancen a demostrar una base s\u00f3lida cuantitativa para el cursado de la Maestr\u00eda.<\/p>\n<p>El programa de cursos de la maestr\u00eda est\u00e1 organizado en dos ciclos anuales e inicia su dictado en los a\u00f1os impares. Para obtener el grado de Mag\u00edster en Estad\u00edstica Aplicada el postulante deber\u00e1 cursar en el primer ciclo, 5 materias obligatorias, 3 talleres y 1 optativa; y en el segundo ciclo, deber\u00e1 cursar 5 materias obligatorias y 1 optativa.<strong><br \/>\n<\/strong><\/p>\n<p>&nbsp;<\/p>\n<p><strong>Primer A\u00f1o:<\/strong><\/p>\n<p><a href=\"https:\/\/face.unt.edu.ar\/web\/posgrados\/wp-content\/uploads\/sites\/3\/2025\/03\/estadistica-1-ano.png\"><img decoding=\"async\" loading=\"lazy\" class=\"wp-image-3203 aligncenter\" src=\"https:\/\/face.unt.edu.ar\/web\/posgrados\/wp-content\/uploads\/sites\/3\/2025\/03\/estadistica-1-ano-300x199.png\" alt=\"\" width=\"651\" height=\"432\" srcset=\"https:\/\/face.unt.edu.ar\/web\/posgrados\/wp-content\/uploads\/sites\/3\/2025\/03\/estadistica-1-ano-300x199.png 300w, https:\/\/face.unt.edu.ar\/web\/posgrados\/wp-content\/uploads\/sites\/3\/2025\/03\/estadistica-1-ano.png 604w\" sizes=\"(max-width: 651px) 100vw, 651px\" \/><\/a><\/p>\n<p><strong>Segundo A\u00f1o:<\/strong><\/p>\n<p><a href=\"https:\/\/face.unt.edu.ar\/web\/posgrados\/wp-content\/uploads\/sites\/3\/2025\/03\/estadistica-2-ano.png\">\u00a0 <img decoding=\"async\" loading=\"lazy\" class=\"wp-image-3204 aligncenter\" src=\"https:\/\/face.unt.edu.ar\/web\/posgrados\/wp-content\/uploads\/sites\/3\/2025\/03\/estadistica-2-ano-300x141.png\" alt=\"\" width=\"658\" height=\"309\" srcset=\"https:\/\/face.unt.edu.ar\/web\/posgrados\/wp-content\/uploads\/sites\/3\/2025\/03\/estadistica-2-ano-300x141.png 300w, https:\/\/face.unt.edu.ar\/web\/posgrados\/wp-content\/uploads\/sites\/3\/2025\/03\/estadistica-2-ano.png 603w\" sizes=\"(max-width: 658px) 100vw, 658px\" \/><\/a><\/p>\n<p>&nbsp;<\/p>\n<p><strong>N\u00f3mina de cursos optativos:<\/strong><\/p>\n<p>&nbsp;<\/p>\n<p><a href=\"https:\/\/face.unt.edu.ar\/web\/posgrados\/wp-content\/uploads\/sites\/3\/2025\/03\/nomina-de-los-cursos-optativos.png\"><img decoding=\"async\" loading=\"lazy\" class=\"wp-image-3205 aligncenter\" src=\"https:\/\/face.unt.edu.ar\/web\/posgrados\/wp-content\/uploads\/sites\/3\/2025\/03\/nomina-de-los-cursos-optativos-300x169.png\" alt=\"\" width=\"637\" height=\"359\" srcset=\"https:\/\/face.unt.edu.ar\/web\/posgrados\/wp-content\/uploads\/sites\/3\/2025\/03\/nomina-de-los-cursos-optativos-300x169.png 300w, https:\/\/face.unt.edu.ar\/web\/posgrados\/wp-content\/uploads\/sites\/3\/2025\/03\/nomina-de-los-cursos-optativos.png 602w\" sizes=\"(max-width: 637px) 100vw, 637px\" \/><\/a><\/p>\n<p><strong>Cursos de nivelaci\u00f3n:<\/strong><\/p>\n<ul>\n<li>\u201cC\u00e1lculo con aplicaciones en estad\u00edstica\u201d, se dicta un mes antes de comenzar las clases de los dos primeros cursos del programa de la maestr\u00eda (para los postulantes cuyas carreras de grado no tienen formaci\u00f3n en matem\u00e1tica)<\/li>\n<li>\u00c1lgebra lineal con aplicaciones en estad\u00edstica (para todos los posgraduandos).<\/li>\n<\/ul>\n<p>&nbsp;<\/p>\n<p><strong>Profesores Estables pertenecientes a la UNT<\/strong><\/p>\n<ul>\n<li>Abril, Juan Carlos. Doctor en Estad\u00edstica, Master y Diplomado en Estad\u00edstica (London School of Economics), Contador P\u00fablico Nacional (UNT).<\/li>\n<li>Abril, Mar\u00eda de las Mercedes. Doctora en Estad\u00edstica, Mag\u00edster en Estad\u00edstica Aplicada Licenciada en Econom\u00eda (UNT).<\/li>\n<li>Alderete, Mariela del Carmen. Doctora en Ciencias Biol\u00f3gicas, Licenciada en biolog\u00eda con orientaci\u00f3n en zoolog\u00eda (UNT)<\/li>\n<li>Arce, Osvaldo Ernesto Antonio. Magister en Estad\u00edstica Aplicada e Ingeniero Agr\u00f3nomo (UNT).<\/li>\n<li>Giannini, Mar\u00eda Isabel. Master en Estad\u00edstica (Carnegie Mellon University), Licenciada en Matem\u00e1tica (UNT).<\/li>\n<li>Isgro, Christine Adriane. Magister en Estad\u00edstica Aplicada (UNT), Profesora de Matem\u00e1tica, F\u00edsica y Cosmografia (UMAZA).<\/li>\n<li>Lazarte, V\u00edctor Fabio. Doctor en Estad\u00edstica, Magister en Estad\u00edstica Aplicada y Licenciado en Matem\u00e1tica (UNT).<\/li>\n<li>Lencina, Viviana Beatriz. Doctora en Estad\u00edstica (Universidade de Sao Paulo), Magister en Estad\u00edstica Aplicada y Licenciada en Matem\u00e1tica (UNT).<\/li>\n<li>Naidicz, Paula Lorena. Magister en Estad\u00edstica Aplicada y Licenciada en Matem\u00e1tica (UNT).<\/li>\n<li>Panico, Adriana F\u00e1tima. Doctora en Estad\u00edstica, Mag\u00edster en Estad\u00edstica Aplicada e Ingen\u00edera Electricista (UNT).<\/li>\n<li>P\u00e9rez, Mar\u00eda Ang\u00e9lica. Magister en Estad\u00edstica Aplicada y Licenciada en Matem\u00e1tica (UNT).<\/li>\n<li>P\u00e9rez Renfiges, Adriana. Magister en Estad\u00edstica Aplicada y Licenciada en Administraci\u00f3n de Empresas (UNT).<\/li>\n<li>Sfer, Ana Mar\u00eda. Doctora en Estad\u00edstica, Magister en Estad\u00edstica Aplicada y Licenciada en Matem\u00e1tica (UNT).<\/li>\n<li>Talassino, Mauricio Rodrigo. Magister en Estad\u00edstica y Licenciado en Econom\u00eda (UNT).<\/li>\n<li>Vosahlo, Guillermina Emilia. Magister en Estad\u00edstica Aplicada y Licenciada en Matem\u00e1tica (UNT).<\/li>\n<\/ul>\n<p>&nbsp;<\/p>\n<p><strong>Profesores invitados:<\/strong><\/p>\n<ul>\n<li>Bartolucci, Cristiano Doctor en Econom\u00eda y Master en Econom\u00eda (CEMFI) y Licenciado en Econom\u00eda (UNT).<\/li>\n<li>Bramardi, Sergio Jorge. Doctor en Estad\u00edstica (Universidad Polit\u00e9cnica de Valencia),Magister en Biometr\u00eda (UBA), Ingeniero Agr\u00f3nomo (UNco). Profesor de la UNco.<\/li>\n<li>Villarreal, Fernanda Soledad. Doctora en Econom\u00eda y Licenciada en Econom\u00eda (UNS).<\/li>\n<\/ul>\n<p>&nbsp;<\/p>\n","protected":false},"excerpt":{"rendered":"<p>Acreditada por la CONEAU (Res. 128\/22) Validez Nacional (Res. Ministerial 547\/25&#8211; 1\u00ba parte &#8211; 2\u00ba parte) Directora: Dra. Adriana F\u00e1tima Panico Co-Directora: Dra. Viviana Beatriz Lencina Comit\u00e9 Acad\u00e9mico: Dr. Juan Carlos Abril Dra. Ana Mar\u00eda Sfer Mag. Osvaldo Ernesto Arce Mag. Marcela Adriana D\u00b4Urso Villar Informe e Inscripciones Facultad de Ciencias Econ\u00f3micas de la UNT [&hellip;]<\/p>\n","protected":false},"author":5,"featured_media":534,"parent":12,"menu_order":0,"comment_status":"open","ping_status":"open","template":"","meta":{"footnotes":""},"_links":{"self":[{"href":"https:\/\/face.unt.edu.ar\/web\/posgrados\/wp-json\/wp\/v2\/pages\/74"}],"collection":[{"href":"https:\/\/face.unt.edu.ar\/web\/posgrados\/wp-json\/wp\/v2\/pages"}],"about":[{"href":"https:\/\/face.unt.edu.ar\/web\/posgrados\/wp-json\/wp\/v2\/types\/page"}],"author":[{"embeddable":true,"href":"https:\/\/face.unt.edu.ar\/web\/posgrados\/wp-json\/wp\/v2\/users\/5"}],"replies":[{"embeddable":true,"href":"https:\/\/face.unt.edu.ar\/web\/posgrados\/wp-json\/wp\/v2\/comments?post=74"}],"version-history":[{"count":82,"href":"https:\/\/face.unt.edu.ar\/web\/posgrados\/wp-json\/wp\/v2\/pages\/74\/revisions"}],"predecessor-version":[{"id":3677,"href":"https:\/\/face.unt.edu.ar\/web\/posgrados\/wp-json\/wp\/v2\/pages\/74\/revisions\/3677"}],"up":[{"embeddable":true,"href":"https:\/\/face.unt.edu.ar\/web\/posgrados\/wp-json\/wp\/v2\/pages\/12"}],"wp:featuredmedia":[{"embeddable":true,"href":"https:\/\/face.unt.edu.ar\/web\/posgrados\/wp-json\/wp\/v2\/media\/534"}],"wp:attachment":[{"href":"https:\/\/face.unt.edu.ar\/web\/posgrados\/wp-json\/wp\/v2\/media?parent=74"}],"curies":[{"name":"wp","href":"https:\/\/api.w.org\/{rel}","templated":true}]}}