{"id":20,"date":"2019-04-01T12:25:37","date_gmt":"2019-04-01T12:25:37","guid":{"rendered":"http:\/\/face.unt.edu.ar\/web\/rrhh\/?page_id=20"},"modified":"2019-04-04T22:54:10","modified_gmt":"2019-04-04T22:54:10","slug":"direccion-y-cuerpo-academico","status":"publish","type":"page","link":"https:\/\/face.unt.edu.ar\/web\/rrhh\/direccion-y-cuerpo-academico\/","title":{"rendered":"Direcci\u00f3n y Cuerpo Acad\u00e9mico"},"content":{"rendered":"<h2><\/h2>\n<p>&nbsp;<\/p>\n<h2><strong><a href=\"http:\/\/face.unt.edu.ar\/web\/rrhh\/wp-content\/uploads\/sites\/9\/2019\/04\/humberto-darterio.jpg\"><img decoding=\"async\" loading=\"lazy\" class=\"size-full wp-image-94 aligncenter\" src=\"http:\/\/face.unt.edu.ar\/web\/rrhh\/wp-content\/uploads\/sites\/9\/2019\/04\/humberto-darterio.jpg\" alt=\"\" width=\"170\" height=\"192\" \/><\/a><\/strong><\/h2>\n<h2 style=\"text-align: center\"><strong>Prof. Mg. Jos\u00e9 Humberto D\u2019Arterio<\/strong><\/h2>\n<h2 style=\"text-align: center\"><span style=\"color: #000080\"><strong>Director<\/strong><\/span><\/h2>\n<h2><span style=\"color: #000080\"><strong>Cuerpo Docente<\/strong><\/span><\/h2>\n<p><strong><u>Marina Altschul.<\/u><\/strong>\u00a0Se gradu\u00f3 en la Facultad de Agronom\u00eda, UBA. Complet\u00f3 el curso superior en Recursos Humanos de IDEA. Dise\u00f1a y facilita actividades de formaci\u00f3n en temas de Negociaci\u00f3n Estrat\u00e9gica, Manejo del Conflicto y Desarrollo Gerencial. Es mediadora, trabaja en temas de Administraci\u00f3n del Conflicto y es Coach en temas de desarrollo de Carrera. Es docente en Gesti\u00f3n de Conflictos y Negociaci\u00f3n en posgrados de la UBA y de la Universidad Nacional de Rosario. Escribi\u00f3 art\u00edculos sobre temas de su especialidad y es coautora del libro \u201cConstruir tratos\u201d.<\/p>\n<p><strong><u>Jos\u00e9 Luis Ca\u00f1ote Rios.<\/u><\/strong>\u00a0Soci\u00f3logo de la Pontificia Universidad Cat\u00f3lica de Per\u00fa y Master of Arts in Theological Studies de la State University of New York EE.UU. Es profesor de grado y posgrado en la Universidad del Norte Santo Tomas de Aquino de Tucum\u00e1n. Experto en programas y proyectos de desarrollo econ\u00f3mico, social y organizacional. Ha publicado art\u00edculos.<\/p>\n<p><strong><u>Susana Berta Chauvet.<\/u><\/strong>\u00a0Ingeniero Qu\u00edmico (UNT), Especializaci\u00f3n para Ingenieros en Higiene y Seguridad en el Trabajo, (UTN), Especializaci\u00f3n de Postgrado en Estad\u00edstica Aplicada (UNT), Especializaci\u00f3n de Postgrado: Ciclo Superior de Estad\u00edstica Aplicada (UNT), Especializaci\u00f3n de Postgrado: Ingenieria Ambiental (UTN), Certificaci\u00f3n: QUALITY ENGINEER American Society for Quality Control, EEUU, Magister en Administraci\u00f3n, (UNT), Magister en ingenier\u00eda Ambiental (UTN). Profesor de Facultad de Ciencias Exactas y Tecnolog\u00eda de la UNT. Directora y Co-Directora de proyectos de investigaci\u00f3n. Directora de becarios. Tutora de tesinas de grado. Integrante de Comit\u00e9 Acad\u00e9micos. Evaluadora de la CONEAU. Conferencista y Autora de art\u00edculos publicados.<\/p>\n<p><strong><u>Jos\u00e9 Humberto D\u00b4Arterio.<\/u><\/strong>\u00a0Contador P\u00fablico Nacional (U.N.T.); Especialista \u00a0y Magister en Direcci\u00f3n de Recursos Humanos (Universidad Polit\u00e9cnica de Madrid, Espa\u00f1a). Profesor en el grado y posgrado (Magister en Administraci\u00f3n) de la Fac. de Cs. Es. de la U.N.T. en cursos de Administraci\u00f3n General y Gesti\u00f3n de Recursos Humanos. Gerente de Recursos Humanos del Banco Empresario de Tucum\u00e1n. Conferencista en temas de su especialidad.<\/p>\n<p><strong><u>Elio Rafael De Zuani.<\/u><\/strong>\u00a0Doctor en Ciencias de la Direcci\u00f3n y Master en Gesti\u00f3n de Empresas de la Direcci\u00f3n de la Universidad de Alcal\u00e1 \u2013 Espa\u00f1a. Contador P\u00fablico Nacional de la Universidad Nacional de Salta. Profesor Titular de la Facultad de Ciencias Econ\u00f3micas de la Universidad Nacional de Salta. Profesor en posgrados de universidades del pa\u00eds y del exterior. Autor y coautor de varios libros y art\u00edculos.<\/p>\n<p><strong><u>Graciela In\u00e9s Garone.<\/u><\/strong>\u00a0Licenciada en Psicolog\u00eda, universidad de3 Belgrano. Especializada en Recursos Humanos en la Universidad de Cornell, Nueva York. Profesora de la Maestr\u00eda en Direcci\u00f3n de Recursos Humanos de la UBA y en el MBA y Programas Ejecutivos de la Universidad de Palermo. Consultora en Recursos Humanos. Su especialidad es la Capacitaci\u00f3n y el Desarrollo del Talento.<\/p>\n<p><strong><u>Carlos Alberto Gil Ravelo.<\/u><\/strong>\u00a0Licenciado en Psicolog\u00eda (UBA), Posgrado en Administraci\u00f3n de Empresas (UCA). Profesor en la Especializaci\u00f3n en Direcci\u00f3n Estrat\u00e9gica de\u00a0 Recursos Humanos de la U.B.A. Consultor en temas de recursos humanos, compensaciones e inform\u00e1tica aplicada, fundamentalmente.<\/p>\n<p><u><strong>Edmundo C\u00e9sar Guitart.<\/strong><\/u>\u00a0Psic\u00f3logo Cl\u00ednico (U.N.T.) Profesor en el grado y posgrado (Magister en Administraci\u00f3n) de la Fac. de Cs. Es. de la U.N.T. en el \u00e1rea de Comportamiento Organizacional y Administraci\u00f3n de Recursos Humanos. Ex Gerente de Relaciones Institucionales de Scania Argentina S.A. y de ENCOTESA &#8211; Correo Argentino \u2013 UEN NOA. Consultor de empresas.<\/p>\n<p><strong><u>Hugo Daniel Ojeda.<\/u><\/strong>\u00a0Licenciado en Sociolog\u00eda (Universidad del Salvador), Master en Sociolog\u00eda (FLACSO). Profesor de posgrado de las Fac. Psicolog\u00eda y Ciencias Econ\u00f3micas de la Universidad de Bs. As. Conferencista y consultor en temas de recursos humanos, especialmente en mediciones de clima y cultura organizacional, y construcci\u00f3n de tableros de comando.<\/p>\n<p><strong><u>Eugenio Antonio Quaia.<\/u><\/strong>\u00a0Ing. Qu\u00edmico, Ing. Laboral, Magister en Ingenier\u00eda Ambiental. Profesor en posgrados (UNT, UTN, UNSTA). Docente de grado en Lic. Higene y Seguridad y en Lic. Gesti\u00f3n Ambiental en la UNSTA.<\/p>\n<p><strong><u>Julio Marcelo Soria.<\/u><\/strong>\u00a0Doctor en Ciencias Empresariales, Universidad Aut\u00f3noma de Madrid (UAM)- Espa\u00f1a y Master en Econom\u00eda y Direcci\u00f3n de Empresas IESE Universidad de Navarra, Barcelona \u2013 Espa\u00f1a. Contador P\u00fablico Nacional de la Universidad Nacional de Tucum\u00e1n. Profesor de grado y posgrado de la Facultad de Ciencias Econ\u00f3micas de la UNT. Autor del libro \u201cInnovando la organizaci\u00f3n\u201d. Consultor de empresas.<\/p>\n<p><strong><u>Mar\u00eda Margarita del Valle Tomas.<\/u><\/strong>\u00a0Licenciada en Psicolog\u00eda de la UNSTA y M\u00e1ster en Formaci\u00f3n y Desarrollo de Recursos Humanos de la Universidad Internacional de Andalucia (Huelva, Espa\u00f1a). M\u00e1ster en Psicolog\u00eda del Trabajo, de las Organizaciones y de Recursos Humanos de la Universidad Jaume I (de Castell\u00f3n de la Plana, Espa\u00f1a). Docente y Directora de un Proyecto de Investigaci\u00f3n en la Facultad de Psicolog\u00eda de la U.N.T. Consultora en RR.HH.<\/p>\n<p><strong><u>Silvia Elena Teresita Usandivaras.<\/u><\/strong>\u00a0Contador P\u00fablico Nacional, Magister en Docencia Superior Universitaria y Especialista en Direcci\u00f3n de RRHH, Universidad Nacional de Tucum\u00e1n. Docente de la Facultad de Cs. Econ\u00f3micas de la UNT. Investigadora categorizada.Autora de libros y art\u00edculos sobre preparaci\u00f3n de tesis y metodolog\u00eda de la investigaci\u00f3n.<\/p>\n<p><u><strong>Silvina Uviz D\u2019Agostino.<\/strong><\/u>\u00a0Licenciada en Piscolog\u00eda y Especialista en Direcci\u00f3n Estrat\u00e9gica de Recursos Humanos de la UBA. Ha realizado el Programa de Formaci\u00f3n Ejecutiva en RRHH en la Universidad Torcuato Di Tella, y contin\u00faa con su MBA en la Universidad de San Andr\u00e9s. Es docente de la Maestr\u00eda en Recursos Humanos de la Facultad de Ciencias Econ\u00f3micas de la UBA. Actualmente es Gerente Regional de RR.HH. en la empresa Dell para Latinoam\u00e9rica, y ha trabajado en \u00e1reas regionales de RR.HH. en la multinacional HP y EDS.<\/p>\n<p>&nbsp;<\/p>\n<p>&nbsp;<\/p>\n<p>&nbsp;<\/p>\n","protected":false},"excerpt":{"rendered":"<p>&nbsp; Prof. Mg. Jos\u00e9 Humberto D\u2019Arterio Director Cuerpo Docente Marina Altschul.\u00a0Se gradu\u00f3 en la Facultad de Agronom\u00eda, UBA. Complet\u00f3 el curso superior en Recursos Humanos de IDEA. Dise\u00f1a y facilita actividades de formaci\u00f3n en temas de Negociaci\u00f3n Estrat\u00e9gica, Manejo del Conflicto y Desarrollo Gerencial. Es mediadora, trabaja en temas de Administraci\u00f3n del Conflicto y es [&hellip;]<\/p>\n","protected":false},"author":1,"featured_media":0,"parent":0,"menu_order":0,"comment_status":"open","ping_status":"open","template":"","meta":{"footnotes":""},"_links":{"self":[{"href":"https:\/\/face.unt.edu.ar\/web\/rrhh\/wp-json\/wp\/v2\/pages\/20"}],"collection":[{"href":"https:\/\/face.unt.edu.ar\/web\/rrhh\/wp-json\/wp\/v2\/pages"}],"about":[{"href":"https:\/\/face.unt.edu.ar\/web\/rrhh\/wp-json\/wp\/v2\/types\/page"}],"author":[{"embeddable":true,"href":"https:\/\/face.unt.edu.ar\/web\/rrhh\/wp-json\/wp\/v2\/users\/1"}],"replies":[{"embeddable":true,"href":"https:\/\/face.unt.edu.ar\/web\/rrhh\/wp-json\/wp\/v2\/comments?post=20"}],"version-history":[{"count":17,"href":"https:\/\/face.unt.edu.ar\/web\/rrhh\/wp-json\/wp\/v2\/pages\/20\/revisions"}],"predecessor-version":[{"id":107,"href":"https:\/\/face.unt.edu.ar\/web\/rrhh\/wp-json\/wp\/v2\/pages\/20\/revisions\/107"}],"wp:attachment":[{"href":"https:\/\/face.unt.edu.ar\/web\/rrhh\/wp-json\/wp\/v2\/media?parent=20"}],"curies":[{"name":"wp","href":"https:\/\/api.w.org\/{rel}","templated":true}]}}