{"id":9,"date":"2014-09-17T12:15:09","date_gmt":"2014-09-17T12:15:09","guid":{"rendered":"http:\/\/face.unt.edu.ar\/web\/rrhh\/?page_id=9"},"modified":"2019-04-04T22:03:22","modified_gmt":"2019-04-04T22:03:22","slug":"requisitos-de-admision","status":"publish","type":"page","link":"https:\/\/face.unt.edu.ar\/web\/rrhh\/requisitos-de-admision\/","title":{"rendered":"Requisitos de Admisi\u00f3n"},"content":{"rendered":"<div>\n<h3>Requisitos de admisi\u00f3n<\/h3>\n<ul>\n<li>T\u00edtulo universitario de cualquier disciplina, con una duraci\u00f3n m\u00ednima de cuatro a\u00f1os.<\/li>\n<li>Aprobar el proceso de admisi\u00f3n que tendr\u00e1 en cuenta antecedentes acad\u00e9micos y laborales y contemplar\u00e1 entrevistas y pruebas ad-hoc.<\/li>\n<li>Certificado de lecto-comprensi\u00f3n del idioma ingl\u00e9s otorgado por una universidad nacional . Se ofrecer\u00e1n cursos para los que as\u00ed lo requieran.<\/li>\n<\/ul>\n<h3>Documentaci\u00f3n a presentar<\/h3>\n<\/div>\n<ul>\n<li>CV breve (m\u00e1ximo 3 carillas)<\/li>\n<li>Solicitud de Admisi\u00f3n * <a href=\"https:\/\/drive.google.com\/file\/d\/1VfqlbXBtMKT-_m3D0Dyoh2QQ4NFoT5JJ\/view?usp=sharing\"><span style=\"color: #339966\">Descargar<\/span><\/a><\/li>\n<li>2 Cartas de Recomendaci\u00f3n * <a href=\"https:\/\/drive.google.com\/file\/d\/1J8cJHQ-9nB5vzwq7yeHy-2eux_-3_15-\/view?usp=sharing\"><span style=\"color: #339966\">Descargar<\/span><\/a><\/li>\n<li>Fotocopia del T\u00edtulo de Grado<\/li>\n<li>Fotocopia del Certificado Anal\u00edtico de Grado<\/li>\n<li>Fotocopia de DNI<\/li>\n<\/ul>\n","protected":false},"excerpt":{"rendered":"<p>Requisitos de admisi\u00f3n T\u00edtulo universitario de cualquier disciplina, con una duraci\u00f3n m\u00ednima de cuatro a\u00f1os. Aprobar el proceso de admisi\u00f3n que tendr\u00e1 en cuenta antecedentes acad\u00e9micos y laborales y contemplar\u00e1 entrevistas y pruebas ad-hoc. Certificado de lecto-comprensi\u00f3n del idioma ingl\u00e9s otorgado por una universidad nacional . Se ofrecer\u00e1n cursos para los que as\u00ed lo requieran. [&hellip;]<\/p>\n","protected":false},"author":1,"featured_media":0,"parent":0,"menu_order":3,"comment_status":"open","ping_status":"open","template":"","meta":{"footnotes":""},"_links":{"self":[{"href":"https:\/\/face.unt.edu.ar\/web\/rrhh\/wp-json\/wp\/v2\/pages\/9"}],"collection":[{"href":"https:\/\/face.unt.edu.ar\/web\/rrhh\/wp-json\/wp\/v2\/pages"}],"about":[{"href":"https:\/\/face.unt.edu.ar\/web\/rrhh\/wp-json\/wp\/v2\/types\/page"}],"author":[{"embeddable":true,"href":"https:\/\/face.unt.edu.ar\/web\/rrhh\/wp-json\/wp\/v2\/users\/1"}],"replies":[{"embeddable":true,"href":"https:\/\/face.unt.edu.ar\/web\/rrhh\/wp-json\/wp\/v2\/comments?post=9"}],"version-history":[{"count":5,"href":"https:\/\/face.unt.edu.ar\/web\/rrhh\/wp-json\/wp\/v2\/pages\/9\/revisions"}],"predecessor-version":[{"id":104,"href":"https:\/\/face.unt.edu.ar\/web\/rrhh\/wp-json\/wp\/v2\/pages\/9\/revisions\/104"}],"wp:attachment":[{"href":"https:\/\/face.unt.edu.ar\/web\/rrhh\/wp-json\/wp\/v2\/media?parent=9"}],"curies":[{"name":"wp","href":"https:\/\/api.w.org\/{rel}","templated":true}]}}