{"id":16,"date":"2014-09-07T21:50:43","date_gmt":"2014-09-07T21:50:43","guid":{"rendered":"http:\/\/face.unt.edu.ar\/web\/sbs\/?page_id=16"},"modified":"2022-07-25T13:04:27","modified_gmt":"2022-07-25T13:04:27","slug":"mision","status":"publish","type":"page","link":"https:\/\/face.unt.edu.ar\/web\/sbe\/institucional\/mision\/","title":{"rendered":"Misi\u00f3n"},"content":{"rendered":"<p style=\"text-align: justify\">La Secretar\u00eda de Gesti\u00f3n y Bienestar Universitario es un \u00e1rea funcional que depende directamente del Decanato.<\/p>\n<p><strong>Misi\u00f3n<\/strong><\/p>\n<p>Gestionar el v\u00ednculo entre la Facultad y su principal grupo de inter\u00e9s, los estudiantes, atendiendo los impactos organizativos, educativos y sociales de este v\u00ednculo. Esta misi\u00f3n se desarrolla basada en los valores de Solidaridad, Inclusi\u00f3n y Compromiso P\u00fablico explicitados en la Reforma Universitaria de 1918. La labor de la Secretar\u00eda de Bienestar Estudiantil se enmarca en el concepto de Responsabilidad Social Universitaria que pretende atravesar transversalmente a toda la Instituci\u00f3n, buscando verter el conocimiento generado en los claustros no solo en los estudiantes, sino en el \u00e1mbito social en el cual la Facultad se encuentra inserta, colaborando al desarrollo sostenible de la comunidad.<\/p>\n<p>&nbsp;<\/p>\n<p><strong>Funciones<\/strong><\/p>\n<ol>\n<li>Acompa\u00f1ar y contener a los estudiantes durante su paso por la Facultad.<\/li>\n<li>Promover la activa participaci\u00f3n de los estudiantes en la vida acad\u00e9mica e institucional de la Facultad.<\/li>\n<li>Propiciar el ejercicio responsable de derechos y obligaciones propios de los estudiantes universitarios.<\/li>\n<li>Gestionar programas de becas para estudiantes.<\/li>\n<li>Desarrollar cursos y seminarios de capacitaci\u00f3n y formaci\u00f3n integral de los estudiantes de la Facultad.<\/li>\n<li>Coordinar el Sistema de Tutor\u00edas de la Facultad.<\/li>\n<li>Coordinar actividades relacionadas con la orientaci\u00f3n vocacional de los alumnos.<\/li>\n<li>Convocar y seleccionar estudiantes para el Sistema de Pasant\u00edas<\/li>\n<li>Difusi\u00f3n sistem\u00e1tica y regular de las actividades curriculares de grado, las actividades extracurriculares y los actos de gobierno.<\/li>\n<\/ol>\n<p><strong>Pol\u00edticas<\/strong><\/p>\n<ol>\n<li>Organizar actividades de formaci\u00f3n e integraci\u00f3n acad\u00e9mica, cultural y de esparcimiento de los estudiantes de la Facultad, que promuevan la participaci\u00f3n activa de los mismos.<\/li>\n<li>Brindar atenci\u00f3n a los problemas de los estudiantes en su conjunto, con el prop\u00f3sito de desarrollar acciones y plantear alternativas de soluci\u00f3n.<\/li>\n<li>Fortalecer los programas que permitan la orientaci\u00f3n vocacional de los estudiantes de la Facultad.<\/li>\n<li>Fortalecer procesos de capacitaci\u00f3n y perfeccionamiento de los estudiantes, en funci\u00f3n de intereses, necesidades y expectativas personales e institucionales.<\/li>\n<li>Incorporar nuevas tecnolog\u00edas en los procesos relacionados a la gesti\u00f3n estudiantil.<\/li>\n<li>Detectar y promover programas de becas para estudiantes, a fin de mejorar el rendimiento acad\u00e9mico de los alumnos y reducir la deserci\u00f3n.<\/li>\n<li>Divulgar ofertas de pasant\u00edas entre los estudiantes de la Facultad, a fin de que estos puedan insertarse en el \u00e1mbito laboral.<\/li>\n<li>Mantener un v\u00ednculo con el Sistema de Tutor\u00edas de la Facultad a fin de desarrollar actividades en conjunto.<\/li>\n<li>Fortalecer las acciones del Gabinete Psicol\u00f3gico de la Facultad.<\/li>\n<\/ol>\n<p>&nbsp;<\/p>\n<p>&nbsp;<\/p>\n","protected":false},"excerpt":{"rendered":"<p>La Secretar\u00eda de Gesti\u00f3n y Bienestar Universitario es un \u00e1rea funcional que depende directamente del Decanato. Misi\u00f3n Gestionar el v\u00ednculo entre la Facultad y su principal grupo de inter\u00e9s, los estudiantes, atendiendo los impactos organizativos, educativos y sociales de este v\u00ednculo. Esta misi\u00f3n se desarrolla basada en los valores de Solidaridad, Inclusi\u00f3n y Compromiso P\u00fablico [&hellip;]<\/p>\n","protected":false},"author":1,"featured_media":0,"parent":14,"menu_order":0,"comment_status":"open","ping_status":"open","template":"","meta":{"footnotes":""},"_links":{"self":[{"href":"https:\/\/face.unt.edu.ar\/web\/sbe\/wp-json\/wp\/v2\/pages\/16"}],"collection":[{"href":"https:\/\/face.unt.edu.ar\/web\/sbe\/wp-json\/wp\/v2\/pages"}],"about":[{"href":"https:\/\/face.unt.edu.ar\/web\/sbe\/wp-json\/wp\/v2\/types\/page"}],"author":[{"embeddable":true,"href":"https:\/\/face.unt.edu.ar\/web\/sbe\/wp-json\/wp\/v2\/users\/1"}],"replies":[{"embeddable":true,"href":"https:\/\/face.unt.edu.ar\/web\/sbe\/wp-json\/wp\/v2\/comments?post=16"}],"version-history":[{"count":6,"href":"https:\/\/face.unt.edu.ar\/web\/sbe\/wp-json\/wp\/v2\/pages\/16\/revisions"}],"predecessor-version":[{"id":329,"href":"https:\/\/face.unt.edu.ar\/web\/sbe\/wp-json\/wp\/v2\/pages\/16\/revisions\/329"}],"up":[{"embeddable":true,"href":"https:\/\/face.unt.edu.ar\/web\/sbe\/wp-json\/wp\/v2\/pages\/14"}],"wp:attachment":[{"href":"https:\/\/face.unt.edu.ar\/web\/sbe\/wp-json\/wp\/v2\/media?parent=16"}],"curies":[{"name":"wp","href":"https:\/\/api.w.org\/{rel}","templated":true}]}}