{"id":18,"date":"2014-09-07T21:51:55","date_gmt":"2014-09-07T21:51:55","guid":{"rendered":"http:\/\/face.unt.edu.ar\/web\/sbs\/?page_id=18"},"modified":"2014-09-07T23:03:32","modified_gmt":"2014-09-07T23:03:32","slug":"objetivos","status":"publish","type":"page","link":"https:\/\/face.unt.edu.ar\/web\/sbe\/institucional\/objetivos\/","title":{"rendered":"Objetivos"},"content":{"rendered":"<ul>\n<li style=\"text-align: justify;\">Acompa\u00f1ar y contener a los estudiantes durante su paso por la Facultad.<\/li>\n<li style=\"text-align: justify;\">Promover la activa participaci\u00f3n de los estudiantes en la vida acad\u00e9mica e institucional de la Facultad.<\/li>\n<li style=\"text-align: justify;\">Propiciar el ejercicio responsable de derechos y obligaciones propios de los estudiantes universitarios.<\/li>\n<li style=\"text-align: justify;\">Generar el \u00e1mbito y promover acciones tendientes a transferir el conocimiento hacia la comunidad.<\/li>\n<li style=\"text-align: justify;\">Atender las inquietudes de los alumnos en su conjunto y desarrollar acciones a fin de solucionar las diferentes problem\u00e1ticas acad\u00e9micas e institucionales.<\/li>\n<li style=\"text-align: justify;\">Generar actividades y acciones tendientes a posibilitar la inserci\u00f3n de los alumnos y egresados en el \u00e1mbito laboral.<\/li>\n<li style=\"text-align: justify;\">Organizar y difundir la informaci\u00f3n que sea de inter\u00e9s estudiantil.<\/li>\n<\/ul>\n","protected":false},"excerpt":{"rendered":"<p>Acompa\u00f1ar y contener a los estudiantes durante su paso por la Facultad. Promover la activa participaci\u00f3n de los estudiantes en la vida acad\u00e9mica e institucional de la Facultad. Propiciar el ejercicio responsable de derechos y obligaciones propios de los estudiantes universitarios. Generar el \u00e1mbito y promover acciones tendientes a transferir el conocimiento hacia la comunidad. [&hellip;]<\/p>\n","protected":false},"author":1,"featured_media":0,"parent":14,"menu_order":0,"comment_status":"open","ping_status":"open","template":"","meta":{"footnotes":""},"_links":{"self":[{"href":"https:\/\/face.unt.edu.ar\/web\/sbe\/wp-json\/wp\/v2\/pages\/18"}],"collection":[{"href":"https:\/\/face.unt.edu.ar\/web\/sbe\/wp-json\/wp\/v2\/pages"}],"about":[{"href":"https:\/\/face.unt.edu.ar\/web\/sbe\/wp-json\/wp\/v2\/types\/page"}],"author":[{"embeddable":true,"href":"https:\/\/face.unt.edu.ar\/web\/sbe\/wp-json\/wp\/v2\/users\/1"}],"replies":[{"embeddable":true,"href":"https:\/\/face.unt.edu.ar\/web\/sbe\/wp-json\/wp\/v2\/comments?post=18"}],"version-history":[{"count":2,"href":"https:\/\/face.unt.edu.ar\/web\/sbe\/wp-json\/wp\/v2\/pages\/18\/revisions"}],"predecessor-version":[{"id":40,"href":"https:\/\/face.unt.edu.ar\/web\/sbe\/wp-json\/wp\/v2\/pages\/18\/revisions\/40"}],"up":[{"embeddable":true,"href":"https:\/\/face.unt.edu.ar\/web\/sbe\/wp-json\/wp\/v2\/pages\/14"}],"wp:attachment":[{"href":"https:\/\/face.unt.edu.ar\/web\/sbe\/wp-json\/wp\/v2\/media?parent=18"}],"curies":[{"name":"wp","href":"https:\/\/api.w.org\/{rel}","templated":true}]}}