{"id":2,"date":"2014-09-05T11:29:45","date_gmt":"2014-09-05T11:29:45","guid":{"rendered":"http:\/\/face.unt.edu.ar\/web\/sbs\/?page_id=2"},"modified":"2022-08-27T18:25:23","modified_gmt":"2022-08-27T18:25:23","slug":"pagina-ejemplo","status":"publish","type":"page","link":"https:\/\/face.unt.edu.ar\/web\/sbe\/","title":{"rendered":"PAGINA PRINCIPAL"},"content":{"rendered":"<p>[vc_row][vc_column width=\u00bb2\/3&#8243;][vc_column_text]<img decoding=\"async\" loading=\"lazy\" class=\"aligncenter wp-image-326\" src=\"https:\/\/face.unt.edu.ar\/web\/sbe\/wp-content\/uploads\/sites\/7\/2022\/06\/sgbu-logo-01_Mesa-de-trabajo-1-300x126.png\" alt=\"\" width=\"535\" height=\"225\" srcset=\"https:\/\/face.unt.edu.ar\/web\/sbe\/wp-content\/uploads\/sites\/7\/2022\/06\/sgbu-logo-01_Mesa-de-trabajo-1-300x126.png 300w, https:\/\/face.unt.edu.ar\/web\/sbe\/wp-content\/uploads\/sites\/7\/2022\/06\/sgbu-logo-01_Mesa-de-trabajo-1-1024x431.png 1024w, https:\/\/face.unt.edu.ar\/web\/sbe\/wp-content\/uploads\/sites\/7\/2022\/06\/sgbu-logo-01_Mesa-de-trabajo-1-768x323.png 768w, https:\/\/face.unt.edu.ar\/web\/sbe\/wp-content\/uploads\/sites\/7\/2022\/06\/sgbu-logo-01_Mesa-de-trabajo-1-1536x647.png 1536w, https:\/\/face.unt.edu.ar\/web\/sbe\/wp-content\/uploads\/sites\/7\/2022\/06\/sgbu-logo-01_Mesa-de-trabajo-1-2048x862.png 2048w, https:\/\/face.unt.edu.ar\/web\/sbe\/wp-content\/uploads\/sites\/7\/2022\/06\/sgbu-logo-01_Mesa-de-trabajo-1-696x293.png 696w, https:\/\/face.unt.edu.ar\/web\/sbe\/wp-content\/uploads\/sites\/7\/2022\/06\/sgbu-logo-01_Mesa-de-trabajo-1-1068x450.png 1068w, https:\/\/face.unt.edu.ar\/web\/sbe\/wp-content\/uploads\/sites\/7\/2022\/06\/sgbu-logo-01_Mesa-de-trabajo-1-997x420.png 997w, https:\/\/face.unt.edu.ar\/web\/sbe\/wp-content\/uploads\/sites\/7\/2022\/06\/sgbu-logo-01_Mesa-de-trabajo-1-1920x808.png 1920w\" sizes=\"(max-width: 535px) 100vw, 535px\" \/>[\/vc_column_text][vc_column_text]<a href=\"https:\/\/bit.ly\/BolsaDeTrabajoFACE-UNT\" target=\"_blank\" rel=\"noopener\"><img decoding=\"async\" src=\"https:\/\/face.unt.edu.ar\/web\/sbe\/wp-content\/uploads\/sites\/7\/2022\/07\/bolsa-de-trabajo-face-unt.jpg\" alt=\"\" width=\"100%\" \/><\/a>[\/vc_column_text]<div class=\"td_block_wrap td_block_6 td_uid_1_69d459c66fe88_rand td-pb-border-top td_block_template_1 td-column-1 td_block_padding td_block_bot_line\"  data-td-block-uid=\"td_uid_1_69d459c66fe88\" ><script>var block_td_uid_1_69d459c66fe88 = new tdBlock();\nblock_td_uid_1_69d459c66fe88.id = \"td_uid_1_69d459c66fe88\";\nblock_td_uid_1_69d459c66fe88.atts = '{\"custom_title\":\"Noticias\",\"category_id\":\"1\",\"limit\":\"6\",\"tdc_css\":\"\",\"separator\":\"\",\"custom_url\":\"\",\"block_template_id\":\"\",\"m5_tl\":\"\",\"m5_el\":\"\",\"post_ids\":\"\",\"category_ids\":\"\",\"tag_slug\":\"\",\"autors_id\":\"\",\"installed_post_types\":\"\",\"sort\":\"\",\"offset\":\"\",\"el_class\":\"\",\"td_ajax_filter_type\":\"\",\"td_ajax_filter_ids\":\"\",\"td_filter_default_txt\":\"All\",\"td_ajax_preloading\":\"\",\"f_header_font_header\":\"\",\"f_header_font_title\":\"Block header\",\"f_header_font_settings\":\"\",\"f_header_font_family\":\"\",\"f_header_font_size\":\"\",\"f_header_font_line_height\":\"\",\"f_header_font_style\":\"\",\"f_header_font_weight\":\"\",\"f_header_font_transform\":\"\",\"f_header_font_spacing\":\"\",\"f_header_\":\"\",\"f_ajax_font_title\":\"Ajax categories\",\"f_ajax_font_settings\":\"\",\"f_ajax_font_family\":\"\",\"f_ajax_font_size\":\"\",\"f_ajax_font_line_height\":\"\",\"f_ajax_font_style\":\"\",\"f_ajax_font_weight\":\"\",\"f_ajax_font_transform\":\"\",\"f_ajax_font_spacing\":\"\",\"f_ajax_\":\"\",\"f_more_font_title\":\"Load more button\",\"f_more_font_settings\":\"\",\"f_more_font_family\":\"\",\"f_more_font_size\":\"\",\"f_more_font_line_height\":\"\",\"f_more_font_style\":\"\",\"f_more_font_weight\":\"\",\"f_more_font_transform\":\"\",\"f_more_font_spacing\":\"\",\"f_more_\":\"\",\"m5f_title_font_header\":\"\",\"m5f_title_font_title\":\"Article title\",\"m5f_title_font_settings\":\"\",\"m5f_title_font_family\":\"\",\"m5f_title_font_size\":\"\",\"m5f_title_font_line_height\":\"\",\"m5f_title_font_style\":\"\",\"m5f_title_font_weight\":\"\",\"m5f_title_font_transform\":\"\",\"m5f_title_font_spacing\":\"\",\"m5f_title_\":\"\",\"m5f_cat_font_title\":\"Article category tag\",\"m5f_cat_font_settings\":\"\",\"m5f_cat_font_family\":\"\",\"m5f_cat_font_size\":\"\",\"m5f_cat_font_line_height\":\"\",\"m5f_cat_font_style\":\"\",\"m5f_cat_font_weight\":\"\",\"m5f_cat_font_transform\":\"\",\"m5f_cat_font_spacing\":\"\",\"m5f_cat_\":\"\",\"m5f_meta_font_title\":\"Article meta info\",\"m5f_meta_font_settings\":\"\",\"m5f_meta_font_family\":\"\",\"m5f_meta_font_size\":\"\",\"m5f_meta_font_line_height\":\"\",\"m5f_meta_font_style\":\"\",\"m5f_meta_font_weight\":\"\",\"m5f_meta_font_transform\":\"\",\"m5f_meta_font_spacing\":\"\",\"m5f_meta_\":\"\",\"m5f_ex_font_title\":\"Article excerpt\",\"m5f_ex_font_settings\":\"\",\"m5f_ex_font_family\":\"\",\"m5f_ex_font_size\":\"\",\"m5f_ex_font_line_height\":\"\",\"m5f_ex_font_style\":\"\",\"m5f_ex_font_weight\":\"\",\"m5f_ex_font_transform\":\"\",\"m5f_ex_font_spacing\":\"\",\"m5f_ex_\":\"\",\"ajax_pagination\":\"\",\"ajax_pagination_infinite_stop\":\"\",\"css\":\"\",\"td_column_number\":1,\"header_color\":\"\",\"color_preset\":\"\",\"border_top\":\"\",\"class\":\"td_uid_1_69d459c66fe88_rand\",\"tdc_css_class\":\"td_uid_1_69d459c66fe88_rand\",\"tdc_css_class_style\":\"td_uid_1_69d459c66fe88_rand_style\"}';\nblock_td_uid_1_69d459c66fe88.td_column_number = \"1\";\nblock_td_uid_1_69d459c66fe88.block_type = \"td_block_6\";\nblock_td_uid_1_69d459c66fe88.post_count = \"6\";\nblock_td_uid_1_69d459c66fe88.found_posts = \"58\";\nblock_td_uid_1_69d459c66fe88.header_color = \"\";\nblock_td_uid_1_69d459c66fe88.ajax_pagination_infinite_stop = \"\";\nblock_td_uid_1_69d459c66fe88.max_num_pages = \"10\";\ntdBlocksArray.push(block_td_uid_1_69d459c66fe88);\n<\/script><div class=\"td-block-title-wrap\"><h4 class=\"block-title td-block-title\"><span class=\"td-pulldown-size\">Noticias<\/span><\/h4><\/div><div id=td_uid_1_69d459c66fe88 class=\"td_block_inner\">\n\n\t<div class=\"td-block-span12\">\n\r\n        <div class=\"td_module_5 td_module_wrap td-animation-stack\">\r\n\r\n            <h3 class=\"entry-title td-module-title\"><a href=\"https:\/\/face.unt.edu.ar\/web\/sbe\/presentamos-nuestra-oferta-academica-en-lules\/\" rel=\"bookmark\" title=\"Presentamos nuestra oferta acad\u00e9mica en Lules\">Presentamos nuestra oferta acad\u00e9mica en Lules<\/a><\/h3>\r\n            <div class=\"td-module-meta-info\">\r\n                                <span class=\"td-post-date\"><time class=\"entry-date updated td-module-date\" datetime=\"2025-08-18T13:15:43+00:00\" >18 agosto, 2025<\/time><\/span>                            <\/div>\r\n\r\n            <div class=\"td-module-image\">\r\n                <div class=\"td-module-thumb\"><a href=\"https:\/\/face.unt.edu.ar\/web\/sbe\/presentamos-nuestra-oferta-academica-en-lules\/\" rel=\"bookmark\" class=\"td-image-wrap\" title=\"Presentamos nuestra oferta acad\u00e9mica en Lules\"><img width=\"324\" height=\"235\" class=\"entry-thumb\" src=\"https:\/\/face.unt.edu.ar\/web\/sbe\/wp-content\/uploads\/sites\/7\/2025\/08\/WhatsApp-Image-2025-08-14-at-10.52-324x235.jpg\" alt=\"\" title=\"Presentamos nuestra oferta acad\u00e9mica en Lules\"\/><\/a><\/div>                            <\/div>\r\n\r\n            <div class=\"td-excerpt\">\r\n                Con el objetivo de acercar a los j\u00f3venes la oferta acad\u00e9mica de nuestra Facultad de Ciencias Econ\u00f3micas de la UNT, participamos de la Expo...            <\/div>\r\n\r\n            \r\n        <\/div>\r\n\r\n        \n\t<\/div> <!-- .\/td-block-span12 -->\n\n\t<div class=\"td-block-span12\">\n\r\n        <div class=\"td_module_5 td_module_wrap td-animation-stack\">\r\n\r\n            <h3 class=\"entry-title td-module-title\"><a href=\"https:\/\/face.unt.edu.ar\/web\/sbe\/estudiantes-de-establecimientos-secundarios-visitan-nuestra-facultad\/\" rel=\"bookmark\" title=\"Estudiantes de establecimientos secundarios visitan nuestra Facultad\">Estudiantes de establecimientos secundarios visitan nuestra Facultad<\/a><\/h3>\r\n            <div class=\"td-module-meta-info\">\r\n                                <span class=\"td-post-date\"><time class=\"entry-date updated td-module-date\" datetime=\"2025-05-12T15:34:30+00:00\" >12 mayo, 2025<\/time><\/span>                            <\/div>\r\n\r\n            <div class=\"td-module-image\">\r\n                <div class=\"td-module-thumb\"><a href=\"https:\/\/face.unt.edu.ar\/web\/sbe\/estudiantes-de-establecimientos-secundarios-visitan-nuestra-facultad\/\" rel=\"bookmark\" class=\"td-image-wrap\" title=\"Estudiantes de establecimientos secundarios visitan nuestra Facultad\"><img width=\"324\" height=\"235\" class=\"entry-thumb\" src=\"https:\/\/face.unt.edu.ar\/web\/sbe\/wp-content\/uploads\/sites\/7\/2025\/05\/497650673_1270181218445623_7269457977099952544_n-324x235.jpg\" alt=\"\" title=\"Estudiantes de establecimientos secundarios visitan nuestra Facultad\"\/><\/a><\/div>                            <\/div>\r\n\r\n            <div class=\"td-excerpt\">\r\n                En la ma\u00f1ana de hoy, \u00a0recibimos la visita de estudiantes del nivel secundario de dos colegios del interior que vinieron a conocer nuestra\u00a0Facultad de...            <\/div>\r\n\r\n            \r\n        <\/div>\r\n\r\n        \n\t<\/div> <!-- .\/td-block-span12 -->\n\n\t<div class=\"td-block-span12\">\n\r\n        <div class=\"td_module_5 td_module_wrap td-animation-stack\">\r\n\r\n            <h3 class=\"entry-title td-module-title\"><a href=\"https:\/\/face.unt.edu.ar\/web\/sbe\/jovenes-de-famailla-visitaron-nuestra-facultad\/\" rel=\"bookmark\" title=\"J\u00f3venes de Famaill\u00e1 visitaron nuestra Facultad\">J\u00f3venes de Famaill\u00e1 visitaron nuestra Facultad<\/a><\/h3>\r\n            <div class=\"td-module-meta-info\">\r\n                                <span class=\"td-post-date\"><time class=\"entry-date updated td-module-date\" datetime=\"2025-05-12T15:33:01+00:00\" >12 mayo, 2025<\/time><\/span>                            <\/div>\r\n\r\n            <div class=\"td-module-image\">\r\n                <div class=\"td-module-thumb\"><a href=\"https:\/\/face.unt.edu.ar\/web\/sbe\/jovenes-de-famailla-visitaron-nuestra-facultad\/\" rel=\"bookmark\" class=\"td-image-wrap\" title=\"J\u00f3venes de Famaill\u00e1 visitaron nuestra Facultad\"><img width=\"324\" height=\"235\" class=\"entry-thumb\" src=\"https:\/\/face.unt.edu.ar\/web\/sbe\/wp-content\/uploads\/sites\/7\/2025\/05\/1P1690638-324x235.jpg\" alt=\"\" title=\"J\u00f3venes de Famaill\u00e1 visitaron nuestra Facultad\"\/><\/a><\/div>                            <\/div>\r\n\r\n            <div class=\"td-excerpt\">\r\n                Recibimos en nuestra\u00a0Facultad de Ciencias Econ\u00f3micas de la UNT\u00a0a estudiantes de la\u00a0Escuela de Comercio \u201cOctavio Luna\u201d, de Famaill\u00e1, pertenecientes a 5to y 6to a\u00f1o...            <\/div>\r\n\r\n            \r\n        <\/div>\r\n\r\n        \n\t<\/div> <!-- .\/td-block-span12 -->\n\n\t<div class=\"td-block-span12\">\n\r\n        <div class=\"td_module_5 td_module_wrap td-animation-stack\">\r\n\r\n            <h3 class=\"entry-title td-module-title\"><a href=\"https:\/\/face.unt.edu.ar\/web\/sbe\/presentamos-nuestra-oferta-academica-de-grado-en-aguilares\/\" rel=\"bookmark\" title=\"Presentamos nuestra oferta acad\u00e9mica de grado en Aguilares\">Presentamos nuestra oferta acad\u00e9mica de grado en Aguilares<\/a><\/h3>\r\n            <div class=\"td-module-meta-info\">\r\n                                <span class=\"td-post-date\"><time class=\"entry-date updated td-module-date\" datetime=\"2025-04-29T16:27:06+00:00\" >29 abril, 2025<\/time><\/span>                            <\/div>\r\n\r\n            <div class=\"td-module-image\">\r\n                <div class=\"td-module-thumb\"><a href=\"https:\/\/face.unt.edu.ar\/web\/sbe\/presentamos-nuestra-oferta-academica-de-grado-en-aguilares\/\" rel=\"bookmark\" class=\"td-image-wrap\" title=\"Presentamos nuestra oferta acad\u00e9mica de grado en Aguilares\"><img width=\"324\" height=\"235\" class=\"entry-thumb\" src=\"https:\/\/face.unt.edu.ar\/web\/sbe\/wp-content\/uploads\/sites\/7\/2025\/04\/IMG-20250425-WA0028-324x235.jpg\" alt=\"\" title=\"Presentamos nuestra oferta acad\u00e9mica de grado en Aguilares\"\/><\/a><\/div>                            <\/div>\r\n\r\n            <div class=\"td-excerpt\">\r\n                Nuestra\u00a0Facultad de Ciencias Econ\u00f3micas de la Universidad Nacional de Tucum\u00e1n\u00a0particip\u00f3 de la\u00a0Expo UNT Territorial\u00a0que se realiz\u00f3 en Aguilares.\r\nLa muestra ofrece stands con las carreras...            <\/div>\r\n\r\n            \r\n        <\/div>\r\n\r\n        \n\t<\/div> <!-- .\/td-block-span12 -->\n\n\t<div class=\"td-block-span12\">\n\r\n        <div class=\"td_module_5 td_module_wrap td-animation-stack\">\r\n\r\n            <h3 class=\"entry-title td-module-title\"><a href=\"https:\/\/face.unt.edu.ar\/web\/sbe\/participamos-en-la-expo-unt-con-nuestras-carreras-de-grado\/\" rel=\"bookmark\" title=\"Participamos en la EXPO UNT con nuestras carreras de grado\">Participamos en la EXPO UNT con nuestras carreras de grado<\/a><\/h3>\r\n            <div class=\"td-module-meta-info\">\r\n                                <span class=\"td-post-date\"><time class=\"entry-date updated td-module-date\" datetime=\"2024-08-15T15:43:20+00:00\" >15 agosto, 2024<\/time><\/span>                            <\/div>\r\n\r\n            <div class=\"td-module-image\">\r\n                <div class=\"td-module-thumb\"><a href=\"https:\/\/face.unt.edu.ar\/web\/sbe\/participamos-en-la-expo-unt-con-nuestras-carreras-de-grado\/\" rel=\"bookmark\" class=\"td-image-wrap\" title=\"Participamos en la EXPO UNT con nuestras carreras de grado\"><img width=\"324\" height=\"235\" class=\"entry-thumb\" src=\"https:\/\/face.unt.edu.ar\/web\/sbe\/wp-content\/uploads\/sites\/7\/2024\/08\/455670735_1043559137774500_5924964813963914493_n-324x235.jpg\" alt=\"\" title=\"Participamos en la EXPO UNT con nuestras carreras de grado\"\/><\/a><\/div>                            <\/div>\r\n\r\n            <div class=\"td-excerpt\">\r\n                Nuestra Facultad de Ciencias Econ\u00f3micas particip\u00f3 de la EXPO UNT 2024 que se realiz\u00f3 el pasado mi\u00e9rcoles en el Centro Universitario Prebisch.\r\n\r\nEn nuestro stand...            <\/div>\r\n\r\n            \r\n        <\/div>\r\n\r\n        \n\t<\/div> <!-- .\/td-block-span12 -->\n\n\t<div class=\"td-block-span12\">\n\r\n        <div class=\"td_module_5 td_module_wrap td-animation-stack\">\r\n\r\n            <h3 class=\"entry-title td-module-title\"><a href=\"https:\/\/face.unt.edu.ar\/web\/sbe\/presentamos-nuestra-oferta-de-carreras-de-grado-en-lules\/\" rel=\"bookmark\" title=\"Presentamos nuestra oferta de carreras de grado en Lules\">Presentamos nuestra oferta de carreras de grado en Lules<\/a><\/h3>\r\n            <div class=\"td-module-meta-info\">\r\n                                <span class=\"td-post-date\"><time class=\"entry-date updated td-module-date\" datetime=\"2024-07-02T13:53:12+00:00\" >2 julio, 2024<\/time><\/span>                            <\/div>\r\n\r\n            <div class=\"td-module-image\">\r\n                <div class=\"td-module-thumb\"><a href=\"https:\/\/face.unt.edu.ar\/web\/sbe\/presentamos-nuestra-oferta-de-carreras-de-grado-en-lules\/\" rel=\"bookmark\" class=\"td-image-wrap\" title=\"Presentamos nuestra oferta de carreras de grado en Lules\"><img width=\"324\" height=\"235\" class=\"entry-thumb\" src=\"https:\/\/face.unt.edu.ar\/web\/sbe\/wp-content\/uploads\/sites\/7\/2024\/07\/IMG-20240628-WA0037-324x235.jpg\" alt=\"\" title=\"Presentamos nuestra oferta de carreras de grado en Lules\"\/><\/a><\/div>                            <\/div>\r\n\r\n            <div class=\"td-excerpt\">\r\n                La ciudad de\u00a0San Isidro de Lules\u00a0fue sede de una nueva edici\u00f3n de la\u00a0EXPO UNT\u00a0y nuestra\u00a0Facultad de Ciencias Econ\u00f3micas\u00a0estuvo presente.\r\n\r\nLa muestra es organizada por la\u00a0Secretar\u00eda...            <\/div>\r\n\r\n            \r\n        <\/div>\r\n\r\n        \n\t<\/div> <!-- .\/td-block-span12 --><\/div><\/div> <!-- .\/block -->[\/vc_column][vc_column width=\u00bb1\/3&#8243;][vc_widget_sidebar sidebar_id=\u00bbtd-default\u00bb][\/vc_column][\/vc_row]<\/p>\n","protected":false},"excerpt":{"rendered":"<p>[vc_row][vc_column width=\u00bb2\/3&#8243;][vc_column_text][\/vc_column_text][vc_column_text][\/vc_column_text][\/vc_column][vc_column width=\u00bb1\/3&#8243;][vc_widget_sidebar sidebar_id=\u00bbtd-default\u00bb][\/vc_column][\/vc_row]<\/p>\n","protected":false},"author":1,"featured_media":0,"parent":0,"menu_order":0,"comment_status":"open","ping_status":"open","template":"","meta":{"footnotes":""},"_links":{"self":[{"href":"https:\/\/face.unt.edu.ar\/web\/sbe\/wp-json\/wp\/v2\/pages\/2"}],"collection":[{"href":"https:\/\/face.unt.edu.ar\/web\/sbe\/wp-json\/wp\/v2\/pages"}],"about":[{"href":"https:\/\/face.unt.edu.ar\/web\/sbe\/wp-json\/wp\/v2\/types\/page"}],"author":[{"embeddable":true,"href":"https:\/\/face.unt.edu.ar\/web\/sbe\/wp-json\/wp\/v2\/users\/1"}],"replies":[{"embeddable":true,"href":"https:\/\/face.unt.edu.ar\/web\/sbe\/wp-json\/wp\/v2\/comments?post=2"}],"version-history":[{"count":17,"href":"https:\/\/face.unt.edu.ar\/web\/sbe\/wp-json\/wp\/v2\/pages\/2\/revisions"}],"predecessor-version":[{"id":386,"href":"https:\/\/face.unt.edu.ar\/web\/sbe\/wp-json\/wp\/v2\/pages\/2\/revisions\/386"}],"wp:attachment":[{"href":"https:\/\/face.unt.edu.ar\/web\/sbe\/wp-json\/wp\/v2\/media?parent=2"}],"curies":[{"name":"wp","href":"https:\/\/api.w.org\/{rel}","templated":true}]}}