{"id":11984,"date":"2021-07-26T14:30:33","date_gmt":"2021-07-26T14:30:33","guid":{"rendered":"https:\/\/face.unt.edu.ar\/web\/?page_id=11984"},"modified":"2025-08-14T15:53:04","modified_gmt":"2025-08-14T15:53:04","slug":"diplomatura-en-formacion-pedagogica","status":"publish","type":"page","link":"https:\/\/face.unt.edu.ar\/web\/diplomatura-en-formacion-pedagogica\/","title":{"rendered":"Diplomatura de Posgrado en Formaci\u00f3n Pedag\u00f3gica para Docentes Universitarios"},"content":{"rendered":"<p style=\"text-align: center\"><a href=\"https:\/\/face.unt.edu.ar\/web\/wp-content\/uploads\/2025\/08\/cursos-2025-1.png\"><img decoding=\"async\" loading=\"lazy\" class=\"wp-image-20986 aligncenter\" src=\"https:\/\/face.unt.edu.ar\/web\/wp-content\/uploads\/2025\/08\/cursos-2025-1-300x300.png\" alt=\"\" width=\"587\" height=\"587\" srcset=\"https:\/\/face.unt.edu.ar\/web\/wp-content\/uploads\/2025\/08\/cursos-2025-1-300x300.png 300w, https:\/\/face.unt.edu.ar\/web\/wp-content\/uploads\/2025\/08\/cursos-2025-1-1024x1024.png 1024w, https:\/\/face.unt.edu.ar\/web\/wp-content\/uploads\/2025\/08\/cursos-2025-1-150x150.png 150w, https:\/\/face.unt.edu.ar\/web\/wp-content\/uploads\/2025\/08\/cursos-2025-1-768x768.png 768w, https:\/\/face.unt.edu.ar\/web\/wp-content\/uploads\/2025\/08\/cursos-2025-1-696x696.png 696w, https:\/\/face.unt.edu.ar\/web\/wp-content\/uploads\/2025\/08\/cursos-2025-1-1068x1068.png 1068w, https:\/\/face.unt.edu.ar\/web\/wp-content\/uploads\/2025\/08\/cursos-2025-1-420x420.png 420w, https:\/\/face.unt.edu.ar\/web\/wp-content\/uploads\/2025\/08\/cursos-2025-1-840x840.png 840w, https:\/\/face.unt.edu.ar\/web\/wp-content\/uploads\/2025\/08\/cursos-2025-1.png 1080w\" sizes=\"(max-width: 587px) 100vw, 587px\" \/><\/a><\/p>\n<p>&nbsp;<\/p>\n<p style=\"text-align: center\">Organizada en forma conjunta por la\u00a0 <strong>Secretar\u00eda de Ciencia, T\u00e9cnica y Posgrado<\/strong> y\u00a0 el <strong>Instituto de Investigaciones Contables<\/strong> de la <strong>Facultad de Ciencias Econ\u00f3micas<\/strong> de la <strong>Universidad Nacional de Tucum\u00e1n<\/strong>.<\/p>\n<p>&nbsp;<\/p>\n<h2 style=\"text-align: center\"><span style=\"background-color: #d90000\"><strong>\u00a0<span style=\"color: #ffffff\">Fecha de inicio: 26 de Septiembre 2025\u00a0<\/span><br \/>\n<\/strong><\/span><\/h2>\n<p>&nbsp;<\/p>\n<p><strong>Comit\u00e9 organizador\/Comit\u00e9 acad\u00e9mico:<br \/>\n<\/strong>CPN Eduardo Escandar<br \/>\nProf. Esp. Ana Clara Torres (Docente a cargo del dictado).<br \/>\n<a href=\"https:\/\/forms.gle\/W94qd8wuzW94guNDA\"><strong><br \/>\n<\/strong><\/a><strong>Inscripciones: <\/strong>\u00a0<strong><a href=\"https:\/\/forms.gle\/MgPvC6L1vVJZqtLm8\" target=\"_blank\" rel=\"noopener\"> https:\/\/forms.gle\/MgPvC6L1vVJZqtLm8<\/a><\/strong><br \/>\n<strong>Informes<\/strong>:\u00a0<strong>atorres@face.unt.edu.ar<\/strong><\/p>\n<p>&nbsp;<\/p>\n<h5><span style=\"background-color: #d90000;color: #ffffff\"><strong>\u00a0Costo:\u00a0<\/strong><\/span><\/h5>\n<p><a href=\"https:\/\/asociacioncooperadoraface.mitiendanube.com\/productos\/diplomatura-en-formacion-pedagogica-2025\/\" target=\"_blank\" rel=\"noopener\">https:\/\/asociacioncooperadoraface.mitiendanube.com\/productos\/diplomatura-en-formacion-pedagogica-2025\/<\/a><\/p>\n<h5><span style=\"background-color: #d90000;color: #ffffff\"><strong>\u00a0Duraci\u00f3n total<br \/>\n<\/strong><\/span><\/h5>\n<p>120 horas.<br \/>\nCursado: Septiembre 2025 a Marzo 2026.<br \/>\nPresentaci\u00f3n Trabajo Final Integrador: Abril 2026.<\/p>\n<h5><span style=\"background-color: #d90000;color: #ffffff\"><strong>\u00a0Destinatarios<br \/>\n<\/strong><\/span><\/h5>\n<p>Profesionales universitarios\/as que se desempe\u00f1en como docentes o<br \/>\naspiren a serlo.<\/p>\n<h5><span style=\"background-color: #d90000;color: #ffffff\"><strong>\u00a0Cupo M\u00e1ximo<br \/>\n<\/strong><\/span><\/h5>\n<p>100 personas.<br \/>\nCupo m\u00ednimo para comenzar el dictado:20 personas.<\/p>\n<h5><span style=\"background-color: #d90000;color: #ffffff\"><strong>\u00a0Modalidad del cursado: <span style=\"color: #000000;background-color: #ffffff\">\u00a0 <\/span><\/strong><\/span><\/h5>\n<h5><span style=\"background-color: #d90000;color: #ffffff\"><span style=\"background-color: #ffffff\"><span style=\"color: #000000\">Semipresencial.<\/span><\/span><strong><br \/>\n<\/strong><\/span><\/h5>\n<h5><span style=\"background-color: #d90000;color: #ffffff\"><strong>\u00a0Perfil: <span style=\"color: #000000;background-color: #ffffff\">\u00a0<\/span><\/strong><\/span><\/h5>\n<p>Te\u00f3rico-Pr\u00e1ctico.<\/p>\n<p>Te\u00f3rico-Pr\u00e1ctico.<\/p>\n<p>Luego de 4 a\u00f1os de experiencia, con 4 cohortes finalizadas de la Diplomatura en Formaci\u00f3n Pedag\u00f3gica para Docentes Universitarios\/as y Graduados\/as en Ciencias Econ\u00f3micas y de la REDFACE NOA, la Facultad de Ciencias Econ\u00f3micas de la Unieversidad Nacional de Tucum\u00e1n lanz\u00f3 este a\u00f1o una nueva <strong>propuesta de perfeccionamiento que se ampl\u00eda para recibir a docentes de las diferentes Casas de Estudios de diversas \u00e1reas y disciplinas de todas las Facultades y Universidades interesadas<\/strong>.<\/p>\n<p>La\u00a0<strong>\u201cDiplomatura de Posgrado en Formaci\u00f3n Pedag\u00f3gica Universitaria\u201d<\/strong> busca constituirse como un espacio para aprender y reflexionar sobre la ense\u00f1anza y el aprendizaje en las carreras en una \u00e9poca y un entorno tan desafiantes.<\/p>\n<p><strong>El cursado iniciar\u00e1 el 26 de septiembre de 2025\u00a0<\/strong>y tendr\u00e1 una<strong>\u00a0duraci\u00f3n de 6 meses (septiembre a diciembre 2025 y febrero y marzo 2026 -debido al receso de enero-)<\/strong>, con la presentaci\u00f3n del TFI pautada para finalizar el cursado pudiendo aprobar y certificar. Se realizar\u00e1 con\u00a0<strong>modalidad semi-presencial<\/strong>\u00a0y con una\u00a0<strong>carga horaria de 120 horas.<\/strong><\/p>\n<p>Se desarrollar\u00e1 1 encuentro presencial\/h\u00edbrido al mes en la FACE UNT, en el horario de\u00a0<strong>17 a 20 horas<\/strong>, lo que se complementar\u00e1 con\u00a0<strong>actividades en el Campus Virtual.<\/strong><\/p>\n<p>El cronograma presencial pautado es el siguiente:<\/p>\n<p>&nbsp;<\/p>\n<table style=\"height: 462px\" width=\"577\">\n<tbody>\n<tr>\n<td width=\"225\">\n<p style=\"text-align: center\"><strong>\u00a0<\/strong><strong>ACTIVIDAD:<br \/>\n<\/strong><strong>Encuentros presenciales<\/strong><\/p>\n<\/td>\n<td width=\"145\">\n<p style=\"text-align: center\"><strong><br \/>\n<\/strong><strong>FECHA<\/strong><\/p>\n<\/td>\n<td style=\"text-align: center\" width=\"103\"><strong>\u00a0<\/strong><strong>HORARIO<\/strong><\/td>\n<td style=\"text-align: center\" width=\"109\"><strong>\u00a0<\/strong><strong>LUGAR<\/strong><\/td>\n<\/tr>\n<tr>\n<td width=\"225\"><strong>1ero<\/strong><\/td>\n<td width=\"145\">\n<p style=\"text-align: center\"><strong>26 de septiembre<\/strong><\/p>\n<\/td>\n<td style=\"text-align: center\" rowspan=\"6\" width=\"103\"><strong>\u00a0<\/strong><\/p>\n<p><strong>\u00a0<\/strong><\/p>\n<p><strong>17 a 20 hs.<br \/>\n<\/strong><em>(con break)<\/em><\/p>\n<p><em>\u00a0<\/em><\/td>\n<td style=\"text-align: center\" rowspan=\"6\" width=\"109\"><strong>\u00a0<\/strong><\/p>\n<p><strong>Aula H\u00edbrida<\/strong><\/p>\n<p><strong>FACE UNT<\/strong><\/p>\n<p><strong>y Zoom institucional<\/strong><\/td>\n<\/tr>\n<tr>\n<td width=\"225\"><strong>2do<\/strong><\/td>\n<td width=\"145\"><strong>31 de octubre<\/strong><\/td>\n<\/tr>\n<tr>\n<td width=\"225\"><strong>3ro<\/strong><\/td>\n<td width=\"145\"><strong>28 de noviembre<\/strong><\/td>\n<\/tr>\n<tr>\n<td width=\"225\"><strong>4to<\/strong><\/td>\n<td width=\"145\"><strong>19 de diciembre<\/strong><\/td>\n<\/tr>\n<tr>\n<td width=\"225\"><strong>5to<\/strong><\/td>\n<td width=\"145\"><strong>27 de febrero<\/strong><\/td>\n<\/tr>\n<tr>\n<td width=\"225\"><strong>6to<\/strong><\/td>\n<td width=\"145\"><strong>27 de marzo<\/strong><\/td>\n<\/tr>\n<\/tbody>\n<\/table>\n<h5 style=\"text-align: center\"><span style=\"background-color: #d90000;color: #ffffff\"><strong>\u00a0<\/strong><\/span><\/h5>\n<p>Las actividades virtuales son asincr\u00f3nicas, a su propio ritmo y tiempo, y para el TFI se desarrollar\u00e1n acompa\u00f1amientos sincr\u00f3nicos en d\u00edas y horarios a acordar de manera personalizada.<\/p>\n<p>Se exige un 75% de asistencia a los encuentros, un 100% de presentaci\u00f3n de las actividades virtuales y la evaluaci\u00f3n ser\u00e1 con un Trabajo Final Integrador con tutor\u00eda.<\/p>\n<p>La entrega del TFI est\u00e1 pautada para la fecha: 24 de abril de 2026.<\/p>\n<h5><span style=\"background-color: #d90000;color: #ffffff\"><strong><br \/>\nContenido: <span style=\"color: #000000;background-color: #ffffff\">\u00a0<\/span><\/strong><\/span><\/h5>\n<p>Curso I: Contextualizaci\u00f3n de la docencia universitaria actual. (35 hs.)<\/p>\n<p>Curso II: Conceptualizaciones pedag\u00f3gicas claves. (35 hs.)<\/p>\n<p>Curso III: Innovaciones necesarias y posibles. (50 hs.)<\/p>\n<p>&nbsp;<\/p>\n<h5 style=\"text-align: center\"><\/h5>\n","protected":false},"excerpt":{"rendered":"<p>&nbsp; Organizada en forma conjunta por la\u00a0 Secretar\u00eda de Ciencia, T\u00e9cnica y Posgrado y\u00a0 el Instituto de Investigaciones Contables de la Facultad de Ciencias Econ\u00f3micas de la Universidad Nacional de Tucum\u00e1n. &nbsp; \u00a0Fecha de inicio: 26 de Septiembre 2025\u00a0 &nbsp; Comit\u00e9 organizador\/Comit\u00e9 acad\u00e9mico: CPN Eduardo Escandar Prof. Esp. Ana Clara Torres (Docente a cargo del [&hellip;]<\/p>\n","protected":false},"author":1,"featured_media":20576,"parent":0,"menu_order":0,"comment_status":"closed","ping_status":"closed","template":"","meta":{"_et_pb_use_builder":"","_et_pb_old_content":"","_et_gb_content_width":"","footnotes":""},"_links":{"self":[{"href":"https:\/\/face.unt.edu.ar\/web\/wp-json\/wp\/v2\/pages\/11984"}],"collection":[{"href":"https:\/\/face.unt.edu.ar\/web\/wp-json\/wp\/v2\/pages"}],"about":[{"href":"https:\/\/face.unt.edu.ar\/web\/wp-json\/wp\/v2\/types\/page"}],"author":[{"embeddable":true,"href":"https:\/\/face.unt.edu.ar\/web\/wp-json\/wp\/v2\/users\/1"}],"replies":[{"embeddable":true,"href":"https:\/\/face.unt.edu.ar\/web\/wp-json\/wp\/v2\/comments?post=11984"}],"version-history":[{"count":46,"href":"https:\/\/face.unt.edu.ar\/web\/wp-json\/wp\/v2\/pages\/11984\/revisions"}],"predecessor-version":[{"id":20988,"href":"https:\/\/face.unt.edu.ar\/web\/wp-json\/wp\/v2\/pages\/11984\/revisions\/20988"}],"wp:featuredmedia":[{"embeddable":true,"href":"https:\/\/face.unt.edu.ar\/web\/wp-json\/wp\/v2\/media\/20576"}],"wp:attachment":[{"href":"https:\/\/face.unt.edu.ar\/web\/wp-json\/wp\/v2\/media?parent=11984"}],"curies":[{"name":"wp","href":"https:\/\/api.w.org\/{rel}","templated":true}]}}